{"id":1203,"date":"2025-10-06T08:13:10","date_gmt":"2025-10-06T08:13:10","guid":{"rendered":"https:\/\/wheeltyre.com\/full-service\/"},"modified":"2026-01-30T12:37:15","modified_gmt":"2026-01-30T12:37:15","slug":"full-service","status":"publish","type":"page","link":"https:\/\/wheeltyre.com\/sv\/full-service\/","title":{"rendered":"Full service"},"content":{"rendered":"<p>[et_pb_section fb_built=&#8221;1&#8243; _builder_version=&#8221;4.27.5&#8243; _module_preset=&#8221;default&#8221; background_image=&#8221;https:\/\/wheeltyre.com\/wp-content\/uploads\/2026\/01\/wheeltyre-full-service-sv.jpg&#8221; background_position=&#8221;bottom_center&#8221; da_disable_devices=&#8221;off|off|off&#8221; global_colors_info=&#8221;{}&#8221; da_is_popup=&#8221;off&#8221; da_exit_intent=&#8221;off&#8221; da_has_close=&#8221;on&#8221; da_alt_close=&#8221;off&#8221; da_dark_close=&#8221;off&#8221; da_not_modal=&#8221;on&#8221; da_is_singular=&#8221;off&#8221; da_with_loader=&#8221;off&#8221; da_has_shadow=&#8221;on&#8221;][et_pb_row _builder_version=&#8221;4.27.4&#8243; _module_preset=&#8221;default&#8221; global_colors_info=&#8221;{}&#8221;][et_pb_column type=&#8221;4_4&#8243; _builder_version=&#8221;4.27.4&#8243; _module_preset=&#8221;default&#8221; global_colors_info=&#8221;{}&#8221;][et_pb_divider show_divider=&#8221;off&#8221; _builder_version=&#8221;4.27.4&#8243; _module_preset=&#8221;default&#8221; height=&#8221;194px&#8221; height_tablet=&#8221;194px&#8221; height_phone=&#8221;50px&#8221; height_last_edited=&#8221;on|phone&#8221; global_colors_info=&#8221;{}&#8221;][\/et_pb_divider][\/et_pb_column][\/et_pb_row][\/et_pb_section][et_pb_section fb_built=&#8221;1&#8243; _builder_version=&#8221;4.27.4&#8243; _module_preset=&#8221;default&#8221; da_disable_devices=&#8221;off|off|off&#8221; global_colors_info=&#8221;{}&#8221; da_is_popup=&#8221;off&#8221; da_exit_intent=&#8221;off&#8221; da_has_close=&#8221;on&#8221; da_alt_close=&#8221;off&#8221; da_dark_close=&#8221;off&#8221; da_not_modal=&#8221;on&#8221; da_is_singular=&#8221;off&#8221; da_with_loader=&#8221;off&#8221; da_has_shadow=&#8221;on&#8221;][et_pb_row _builder_version=&#8221;4.27.4&#8243; _module_preset=&#8221;default&#8221; global_colors_info=&#8221;{}&#8221;][et_pb_column type=&#8221;4_4&#8243; _builder_version=&#8221;4.27.4&#8243; _module_preset=&#8221;default&#8221; global_colors_info=&#8221;{}&#8221;][et_pb_text _builder_version=&#8221;4.27.5&#8243; _module_preset=&#8221;default&#8221; text_line_height=&#8221;2em&#8221; header_2_text_color=&#8221;#08447e&#8221; header_2_font_size=&#8221;19px&#8221; header_3_text_color=&#8221;#08447e&#8221; header_3_font_size=&#8221;30px&#8221; global_colors_info=&#8221;{}&#8221;]<\/p>\n<h3>V\u00e5r helhetssyn p\u00e5 service<\/h3>\n<p>WheelTyre hj\u00e4lper fordonstillverkare och import\u00f6rer med kompletta l\u00f6sningar f\u00f6r d\u00e4ck, hjul och f\u00e4rdigmonterade hjul- och d\u00e4ckkombinationer. Fr\u00e5n premiumd\u00e4ck och kvalitetshjul till f\u00e4rdigmonterade upps\u00e4ttningar levererar vi produkter som uppfyller h\u00f6ga krav p\u00e5 s\u00e4kerhet, prestanda och utseende.<\/p>\n<p>Vi erbjuder ocks\u00e5 ytterligare tj\u00e4nster som lagerh\u00e5llning och \u00e5terk\u00f6p av \u00f6verlager. Detta g\u00f6r det m\u00f6jligt f\u00f6r oss att minska arbetet f\u00f6r v\u00e5ra partners och uppr\u00e4tth\u00e5lla tydlighet och kontroll \u00f6ver hela processen.<\/p>\n<p>[\/et_pb_text][\/et_pb_column][\/et_pb_row][et_pb_row column_structure=&#8221;1_2,1_2&#8243; make_equal=&#8221;on&#8221; _builder_version=&#8221;4.27.4&#8243; _module_preset=&#8221;default&#8221; global_colors_info=&#8221;{}&#8221;][et_pb_column type=&#8221;1_2&#8243; _builder_version=&#8221;4.27.4&#8243; _module_preset=&#8221;default&#8221; global_colors_info=&#8221;{}&#8221;][et_pb_image src=&#8221;https:\/\/wheeltyre.com\/wp-content\/uploads\/2026\/01\/wheeltyre-kompletta-set-sv.jpg&#8221; alt=&#8221;Montering av kompletta satser hos WheelTyre&#8221; title_text=&#8221;Montering av kompletta satser hos WheelTyre&#8221; _builder_version=&#8221;4.27.5&#8243; _module_preset=&#8221;default&#8221; border_radii=&#8221;on|20px|20px|20px|20px&#8221; global_colors_info=&#8221;{}&#8221;][\/et_pb_image][\/et_pb_column][et_pb_column type=&#8221;1_2&#8243; _builder_version=&#8221;4.27.4&#8243; _module_preset=&#8221;default&#8221; global_colors_info=&#8221;{}&#8221;][et_pb_text _builder_version=&#8221;4.27.5&#8243; _module_preset=&#8221;default&#8221; text_line_height=&#8221;2em&#8221; header_3_text_color=&#8221;#08447e&#8221; custom_css_free_form=&#8221;.et_pb_module table, ||.et_pb_module table td, ||.et_pb_module table th {||  border: none !important;||}||&#8221; global_colors_info=&#8221;{}&#8221;]<\/p>\n<h3>Montering av kompletta upps\u00e4ttningar<\/h3>\n<p>WheelTyre monterar kompletta hjul- och d\u00e4ckkombinationer som vinterupps\u00e4ttningar, sommarupps\u00e4ttningar och \u00e5ret runt-upps\u00e4ttningar som \u00e4r redo f\u00f6r direkt montering p\u00e5 fordonet. Med v\u00e5r Automatic Fitting Line (AFL, automatisk monteringslinje) erbjuder vi omfattande kapacitet och arbetar efter definierade kvalitetsstandarder.<\/p>\n<p>Monteringsriktlinjer avtalas med v\u00e5ra kunder och \u00f6verf\u00f6rs digitalt till AFL, vilket s\u00e4kerst\u00e4ller att varje upps\u00e4ttning monteras exakt enligt de \u00f6verenskomna specifikationerna. Denna linje \u00e4r central f\u00f6r v\u00e5ra tj\u00e4nster och m\u00f6jligg\u00f6r leverans i r\u00e4tt tid f\u00f6r fordonstillverkare och import\u00f6rer i hela Europa. V\u00e5rt logistikn\u00e4tverk t\u00e4cker mer \u00e4n 23 l\u00e4nder, inklusive exportmarknader, och hanteras av v\u00e5rt interna transportplaneringsteam.<\/p>\n<p>[\/et_pb_text][\/et_pb_column][\/et_pb_row][\/et_pb_section][et_pb_section fb_built=&#8221;1&#8243; _builder_version=&#8221;4.27.4&#8243; _module_preset=&#8221;default&#8221; background_color=&#8221;#f7f7f7&#8243; custom_margin=&#8221;||||false|false&#8221; da_disable_devices=&#8221;off|off|off&#8221; global_colors_info=&#8221;{}&#8221; da_is_popup=&#8221;off&#8221; da_exit_intent=&#8221;off&#8221; da_has_close=&#8221;on&#8221; da_alt_close=&#8221;off&#8221; da_dark_close=&#8221;off&#8221; da_not_modal=&#8221;on&#8221; da_is_singular=&#8221;off&#8221; da_with_loader=&#8221;off&#8221; da_has_shadow=&#8221;on&#8221;][et_pb_row column_structure=&#8221;1_2,1_2&#8243; make_equal=&#8221;on&#8221; _builder_version=&#8221;4.27.4&#8243; _module_preset=&#8221;default&#8221; global_colors_info=&#8221;{}&#8221;][et_pb_column type=&#8221;1_2&#8243; _builder_version=&#8221;4.27.4&#8243; _module_preset=&#8221;default&#8221; global_colors_info=&#8221;{}&#8221;][et_pb_text _builder_version=&#8221;4.27.5&#8243; _module_preset=&#8221;default&#8221; text_line_height=&#8221;2em&#8221; header_3_text_color=&#8221;#08447e&#8221; custom_css_free_form=&#8221;.et_pb_module table, ||.et_pb_module table td, ||.et_pb_module table th {||  border: none !important;||}||&#8221; global_colors_info=&#8221;{}&#8221;]<\/p>\n<h3>Distribution av enskilda d\u00e4ck<\/h3>\n<p>Vi hanterar ink\u00f6p, lagring och distribution av d\u00e4ck f\u00f6r ledande europeiska bilm\u00e4rken. Fr\u00e5n sommar- och vinterd\u00e4ck till \u00e5ret runt-alternativ ser vi till att r\u00e4tt d\u00e4ck \u00e4r tillg\u00e4ngligt vid r\u00e4tt tidpunkt och p\u00e5 r\u00e4tt plats.<\/p>\n<p>WheelTyre har flera varum\u00e4rken och levererar alla d\u00e4ckm\u00e4rken genom ett enda avtalsf\u00f6rh\u00e5llande och ett faktureringsfl\u00f6de. V\u00e5ra tj\u00e4nster \u00e4r anpassade till v\u00e5ra kunders processer och integrerade i deras leveranskedja.<\/p>\n<p>[\/et_pb_text][\/et_pb_column][et_pb_column type=&#8221;1_2&#8243; _builder_version=&#8221;4.27.4&#8243; _module_preset=&#8221;default&#8221; global_colors_info=&#8221;{}&#8221;][et_pb_image src=&#8221;https:\/\/wheeltyre.com\/wp-content\/uploads\/2026\/01\/wheeltyre-dackdistribution-sv.jpg&#8221; alt=&#8221;Distribution&#8221; title_text=&#8221;Distribution&#8221; _builder_version=&#8221;4.27.5&#8243; _module_preset=&#8221;default&#8221; border_radii=&#8221;on|20px|20px|20px|20px&#8221; global_colors_info=&#8221;{}&#8221;][\/et_pb_image][\/et_pb_column][\/et_pb_row][\/et_pb_section][et_pb_section fb_built=&#8221;1&#8243; _builder_version=&#8221;4.27.4&#8243; _module_preset=&#8221;default&#8221; da_disable_devices=&#8221;off|off|off&#8221; global_colors_info=&#8221;{}&#8221; da_is_popup=&#8221;off&#8221; da_exit_intent=&#8221;off&#8221; da_has_close=&#8221;on&#8221; da_alt_close=&#8221;off&#8221; da_dark_close=&#8221;off&#8221; da_not_modal=&#8221;on&#8221; da_is_singular=&#8221;off&#8221; da_with_loader=&#8221;off&#8221; da_has_shadow=&#8221;on&#8221;][et_pb_row column_structure=&#8221;1_2,1_2&#8243; make_equal=&#8221;on&#8221; _builder_version=&#8221;4.27.4&#8243; _module_preset=&#8221;default&#8221; global_colors_info=&#8221;{}&#8221;][et_pb_column type=&#8221;1_2&#8243; _builder_version=&#8221;4.27.4&#8243; _module_preset=&#8221;default&#8221; global_colors_info=&#8221;{}&#8221;][et_pb_image src=&#8221;https:\/\/wheeltyre.com\/wp-content\/uploads\/2026\/01\/wheeltyre-lager-sv.jpg&#8221; alt=&#8221;Lager WheelTyre&#8221; title_text=&#8221;Lager WheelTyre&#8221; _builder_version=&#8221;4.27.5&#8243; _module_preset=&#8221;default&#8221; border_radii=&#8221;on|20px|20px|20px|20px&#8221; global_colors_info=&#8221;{}&#8221;][\/et_pb_image][\/et_pb_column][et_pb_column type=&#8221;1_2&#8243; _builder_version=&#8221;4.27.4&#8243; _module_preset=&#8221;default&#8221; global_colors_info=&#8221;{}&#8221;][et_pb_text _builder_version=&#8221;4.27.5&#8243; _module_preset=&#8221;default&#8221; text_line_height=&#8221;2em&#8221; header_3_text_color=&#8221;#08447e&#8221; custom_css_free_form=&#8221;.et_pb_module table, ||.et_pb_module table td, ||.et_pb_module table th {||  border: none !important;||}||&#8221; global_colors_info=&#8221;{}&#8221;]<\/p>\n<h3>Lagerverksamhet<\/h3>\n<p>WheelTyre erbjuder fordonstillverkare och import\u00f6rer en p\u00e5litlig l\u00f6sning f\u00f6r lagring av d\u00e4ck, hjul, kompletta hjulupps\u00e4ttningar och andra komponenter. Alla artiklar lagras i v\u00e5ra lager p\u00e5 ett strukturerat s\u00e4tt och i linje med definierade kvalitetsriktlinjer.<\/p>\n<p>Vi st\u00f6der hela processen, fr\u00e5n inkommande hantering och kvalitetskontroller till lagring och utg\u00e5ende. Tydliga processer och IT-st\u00f6d g\u00f6r lagerh\u00e5llning och logistik l\u00e4tt att hantera och transparent.<\/p>\n<p>[\/et_pb_text][\/et_pb_column][\/et_pb_row][\/et_pb_section][et_pb_section fb_built=&#8221;1&#8243; _builder_version=&#8221;4.27.4&#8243; _module_preset=&#8221;default&#8221; background_color=&#8221;#f7f7f7&#8243; custom_margin=&#8221;||||false|false&#8221; da_disable_devices=&#8221;off|off|off&#8221; global_colors_info=&#8221;{}&#8221; da_is_popup=&#8221;off&#8221; da_exit_intent=&#8221;off&#8221; da_has_close=&#8221;on&#8221; da_alt_close=&#8221;off&#8221; da_dark_close=&#8221;off&#8221; da_not_modal=&#8221;on&#8221; da_is_singular=&#8221;off&#8221; da_with_loader=&#8221;off&#8221; da_has_shadow=&#8221;on&#8221;][et_pb_row column_structure=&#8221;1_2,1_2&#8243; make_equal=&#8221;on&#8221; _builder_version=&#8221;4.27.4&#8243; _module_preset=&#8221;default&#8221; global_colors_info=&#8221;{}&#8221;][et_pb_column type=&#8221;1_2&#8243; _builder_version=&#8221;4.27.4&#8243; _module_preset=&#8221;default&#8221; global_colors_info=&#8221;{}&#8221;][et_pb_text _builder_version=&#8221;4.27.5&#8243; _module_preset=&#8221;default&#8221; text_line_height=&#8221;2em&#8221; header_3_text_color=&#8221;#08447e&#8221; custom_css_free_form=&#8221;.et_pb_module table, ||.et_pb_module table td, ||.et_pb_module table th {||  border: none !important;||}||&#8221; global_colors_info=&#8221;{}&#8221;]<\/p>\n<h3>\u00c5terk\u00f6p<\/h3>\n<p>WheelTyre ger partners en praktisk l\u00f6sning f\u00f6r \u00f6verlager och d\u00f6dlager. Vi k\u00f6per dessa lager direkt och distribuerar dem via v\u00e5rt internationella n\u00e4tverk. Detta hj\u00e4lper produkter att s\u00e4ljas snabbare, minskar lagerkostnaderna och tar bort lager fr\u00e5n v\u00e5ra partners balansr\u00e4kningar.<\/p>\n<p>[\/et_pb_text][\/et_pb_column][et_pb_column type=&#8221;1_2&#8243; _builder_version=&#8221;4.27.4&#8243; _module_preset=&#8221;default&#8221; global_colors_info=&#8221;{}&#8221;][et_pb_image src=&#8221;https:\/\/wheeltyre.com\/wp-content\/uploads\/2026\/01\/wheeltyre-aterkop-sv.jpg&#8221; alt=&#8221;WheelTyre \u00c5terk\u00f6p&#8221; title_text=&#8221;WheelTyre \u00c5terk\u00f6p&#8221; _builder_version=&#8221;4.27.5&#8243; _module_preset=&#8221;default&#8221; hover_enabled=&#8221;0&#8243; border_radii=&#8221;on|20px|20px|20px|20px&#8221; global_colors_info=&#8221;{}&#8221; sticky_enabled=&#8221;0&#8243;][\/et_pb_image][\/et_pb_column][\/et_pb_row][\/et_pb_section][et_pb_section fb_built=&#8221;1&#8243; _builder_version=&#8221;4.27.4&#8243; _module_preset=&#8221;default&#8221; da_disable_devices=&#8221;off|off|off&#8221; global_colors_info=&#8221;{}&#8221; da_is_popup=&#8221;off&#8221; da_exit_intent=&#8221;off&#8221; da_has_close=&#8221;on&#8221; da_alt_close=&#8221;off&#8221; da_dark_close=&#8221;off&#8221; da_not_modal=&#8221;on&#8221; da_is_singular=&#8221;off&#8221; da_with_loader=&#8221;off&#8221; da_has_shadow=&#8221;on&#8221;][et_pb_row column_structure=&#8221;1_2,1_2&#8243; make_equal=&#8221;on&#8221; _builder_version=&#8221;4.27.4&#8243; _module_preset=&#8221;default&#8221; global_colors_info=&#8221;{}&#8221;][et_pb_column type=&#8221;1_2&#8243; _builder_version=&#8221;4.27.4&#8243; _module_preset=&#8221;default&#8221; global_colors_info=&#8221;{}&#8221;][et_pb_image src=&#8221;https:\/\/wheeltyre.com\/wp-content\/uploads\/2026\/01\/wheeltyre-extra-tjanster-sv.jpg&#8221; alt=&#8221;Extra tj\u00e4nster&#8221; title_text=&#8221;Extra tj\u00e4nster&#8221; _builder_version=&#8221;4.27.5&#8243; _module_preset=&#8221;default&#8221; border_radii=&#8221;on|20px|20px|20px|20px&#8221; global_colors_info=&#8221;{}&#8221;][\/et_pb_image][\/et_pb_column][et_pb_column type=&#8221;1_2&#8243; _builder_version=&#8221;4.27.4&#8243; _module_preset=&#8221;default&#8221; global_colors_info=&#8221;{}&#8221;][et_pb_text _builder_version=&#8221;4.27.5&#8243; _module_preset=&#8221;default&#8221; text_line_height=&#8221;2em&#8221; header_3_text_color=&#8221;#08447e&#8221; global_colors_info=&#8221;{}&#8221;]<\/p>\n<h3>Ytterligare tj\u00e4nster<\/h3>\n<p>V\u00e5ra tj\u00e4nster str\u00e4cker sig bortom montering, distribution och lagring. Genom WEBDIS, v\u00e5rt eget onlinebest\u00e4llningssystem, har \u00e5terf\u00f6rs\u00e4ljare realtidssynlighet \u00f6ver tillg\u00e4ngligt lager och kan placera best\u00e4llningar direkt. Vi erbjuder ocks\u00e5 ytterligare tj\u00e4nster som f\u00f6renklar den dagliga verksamheten, inklusive tj\u00e4nster f\u00f6r d\u00e4cktrycks\u00f6vervakningssystem (TPMS), m\u00e4rkning, anpassade f\u00f6rpackningar och lagerhantering.<\/p>\n<p>WheelTyre arbetar med ISO-certifierade processer och ger tillg\u00e5ng till alla st\u00f6rre d\u00e4ckm\u00e4rken i Europa. Detta g\u00f6r samarbetet tydligt, enkelt och p\u00e5litligt.<\/p>\n<p>[\/et_pb_text][\/et_pb_column][\/et_pb_row][\/et_pb_section]<\/p>\n","protected":false},"excerpt":{"rendered":"<p>V\u00e5r helhetssyn p\u00e5 service WheelTyre hj\u00e4lper fordonstillverkare och import\u00f6rer med kompletta l\u00f6sningar f\u00f6r d\u00e4ck, hjul och f\u00e4rdigmonterade hjul- och d\u00e4ckkombinationer. Fr\u00e5n premiumd\u00e4ck och kvalitetshjul till f\u00e4rdigmonterade upps\u00e4ttningar levererar vi produkter som uppfyller h\u00f6ga krav p\u00e5 s\u00e4kerhet, prestanda och utseende. Vi erbjuder ocks\u00e5 ytterligare tj\u00e4nster som lagerh\u00e5llning och \u00e5terk\u00f6p av \u00f6verlager. Detta g\u00f6r det m\u00f6jligt f\u00f6r [&hellip;]<\/p>\n","protected":false},"author":1,"featured_media":0,"parent":0,"menu_order":0,"comment_status":"closed","ping_status":"closed","template":"","meta":{"_et_pb_use_builder":"on","_et_pb_old_content":"<!-- wp:divi\/placeholder \/-->","_et_gb_content_width":"1080","footnotes":""},"dipi_cpt_category":[],"class_list":["post-1203","page","type-page","status-publish","hentry"],"yoast_head":"<!-- This site is optimized with the Yoast SEO plugin v27.1.1 - https:\/\/yoast.com\/product\/yoast-seo-wordpress\/ -->\n<title>Full service - WheelTyre<\/title>\n<meta name=\"description\" content=\"WheelTyre st\u00f6djer biltillverkare och import\u00f6rer med kompletta l\u00f6sningar f\u00f6r d\u00e4ck, f\u00e4lgar och kompletta hjul- och d\u00e4ckkombinationer.\" \/>\n<meta name=\"robots\" content=\"index, follow, max-snippet:-1, max-image-preview:large, max-video-preview:-1\" \/>\n<link rel=\"canonical\" href=\"https:\/\/wheeltyre.com\/sv\/full-service\/\" \/>\n<meta property=\"og:locale\" content=\"sv_SE\" \/>\n<meta property=\"og:type\" content=\"article\" \/>\n<meta property=\"og:title\" content=\"Full service - WheelTyre\" \/>\n<meta property=\"og:description\" content=\"WheelTyre st\u00f6djer biltillverkare och import\u00f6rer med kompletta l\u00f6sningar f\u00f6r d\u00e4ck, f\u00e4lgar och kompletta hjul- och d\u00e4ckkombinationer.\" \/>\n<meta property=\"og:url\" content=\"https:\/\/wheeltyre.com\/sv\/full-service\/\" \/>\n<meta property=\"og:site_name\" content=\"WheelTyre\" \/>\n<meta property=\"article:modified_time\" content=\"2026-01-30T12:37:15+00:00\" \/>\n<meta name=\"twitter:card\" content=\"summary_large_image\" \/>\n<meta name=\"twitter:label1\" content=\"Ber\u00e4knad l\u00e4stid\" \/>\n\t<meta name=\"twitter:data1\" content=\"3 minuter\" \/>\n<script type=\"application\/ld+json\" class=\"yoast-schema-graph\">{\"@context\":\"https:\/\/schema.org\",\"@graph\":[{\"@type\":\"WebPage\",\"@id\":\"https:\/\/wheeltyre.com\/sv\/full-service\/\",\"url\":\"https:\/\/wheeltyre.com\/sv\/full-service\/\",\"name\":\"Full service - WheelTyre\",\"isPartOf\":{\"@id\":\"https:\/\/wheeltyre.com\/sv\/#website\"},\"datePublished\":\"2025-10-06T08:13:10+00:00\",\"dateModified\":\"2026-01-30T12:37:15+00:00\",\"description\":\"WheelTyre st\u00f6djer biltillverkare och import\u00f6rer med kompletta l\u00f6sningar f\u00f6r d\u00e4ck, f\u00e4lgar och kompletta hjul- och d\u00e4ckkombinationer.\",\"breadcrumb\":{\"@id\":\"https:\/\/wheeltyre.com\/sv\/full-service\/#breadcrumb\"},\"inLanguage\":\"sv-SE\",\"potentialAction\":[{\"@type\":\"ReadAction\",\"target\":[\"https:\/\/wheeltyre.com\/sv\/full-service\/\"]}]},{\"@type\":\"BreadcrumbList\",\"@id\":\"https:\/\/wheeltyre.com\/sv\/full-service\/#breadcrumb\",\"itemListElement\":[{\"@type\":\"ListItem\",\"position\":1,\"name\":\"Home\",\"item\":\"https:\/\/wheeltyre.com\/sv\/\"},{\"@type\":\"ListItem\",\"position\":2,\"name\":\"Full service\"}]},{\"@type\":\"WebSite\",\"@id\":\"https:\/\/wheeltyre.com\/sv\/#website\",\"url\":\"https:\/\/wheeltyre.com\/sv\/\",\"name\":\"WheelTyre\",\"description\":\"One partner. Full service.\",\"potentialAction\":[{\"@type\":\"SearchAction\",\"target\":{\"@type\":\"EntryPoint\",\"urlTemplate\":\"https:\/\/wheeltyre.com\/sv\/?s={search_term_string}\"},\"query-input\":{\"@type\":\"PropertyValueSpecification\",\"valueRequired\":true,\"valueName\":\"search_term_string\"}}],\"inLanguage\":\"sv-SE\"}]}<\/script>\n<!-- \/ Yoast SEO plugin. -->","yoast_head_json":{"title":"Full service - WheelTyre","description":"WheelTyre st\u00f6djer biltillverkare och import\u00f6rer med kompletta l\u00f6sningar f\u00f6r d\u00e4ck, f\u00e4lgar och kompletta hjul- och d\u00e4ckkombinationer.","robots":{"index":"index","follow":"follow","max-snippet":"max-snippet:-1","max-image-preview":"max-image-preview:large","max-video-preview":"max-video-preview:-1"},"canonical":"https:\/\/wheeltyre.com\/sv\/full-service\/","og_locale":"sv_SE","og_type":"article","og_title":"Full service - WheelTyre","og_description":"WheelTyre st\u00f6djer biltillverkare och import\u00f6rer med kompletta l\u00f6sningar f\u00f6r d\u00e4ck, f\u00e4lgar och kompletta hjul- och d\u00e4ckkombinationer.","og_url":"https:\/\/wheeltyre.com\/sv\/full-service\/","og_site_name":"WheelTyre","article_modified_time":"2026-01-30T12:37:15+00:00","twitter_card":"summary_large_image","twitter_misc":{"Ber\u00e4knad l\u00e4stid":"3 minuter"},"schema":{"@context":"https:\/\/schema.org","@graph":[{"@type":"WebPage","@id":"https:\/\/wheeltyre.com\/sv\/full-service\/","url":"https:\/\/wheeltyre.com\/sv\/full-service\/","name":"Full service - WheelTyre","isPartOf":{"@id":"https:\/\/wheeltyre.com\/sv\/#website"},"datePublished":"2025-10-06T08:13:10+00:00","dateModified":"2026-01-30T12:37:15+00:00","description":"WheelTyre st\u00f6djer biltillverkare och import\u00f6rer med kompletta l\u00f6sningar f\u00f6r d\u00e4ck, f\u00e4lgar och kompletta hjul- och d\u00e4ckkombinationer.","breadcrumb":{"@id":"https:\/\/wheeltyre.com\/sv\/full-service\/#breadcrumb"},"inLanguage":"sv-SE","potentialAction":[{"@type":"ReadAction","target":["https:\/\/wheeltyre.com\/sv\/full-service\/"]}]},{"@type":"BreadcrumbList","@id":"https:\/\/wheeltyre.com\/sv\/full-service\/#breadcrumb","itemListElement":[{"@type":"ListItem","position":1,"name":"Home","item":"https:\/\/wheeltyre.com\/sv\/"},{"@type":"ListItem","position":2,"name":"Full service"}]},{"@type":"WebSite","@id":"https:\/\/wheeltyre.com\/sv\/#website","url":"https:\/\/wheeltyre.com\/sv\/","name":"WheelTyre","description":"One partner. Full service.","potentialAction":[{"@type":"SearchAction","target":{"@type":"EntryPoint","urlTemplate":"https:\/\/wheeltyre.com\/sv\/?s={search_term_string}"},"query-input":{"@type":"PropertyValueSpecification","valueRequired":true,"valueName":"search_term_string"}}],"inLanguage":"sv-SE"}]}},"_links":{"self":[{"href":"https:\/\/wheeltyre.com\/sv\/wp-json\/wp\/v2\/pages\/1203","targetHints":{"allow":["GET"]}}],"collection":[{"href":"https:\/\/wheeltyre.com\/sv\/wp-json\/wp\/v2\/pages"}],"about":[{"href":"https:\/\/wheeltyre.com\/sv\/wp-json\/wp\/v2\/types\/page"}],"author":[{"embeddable":true,"href":"https:\/\/wheeltyre.com\/sv\/wp-json\/wp\/v2\/users\/1"}],"replies":[{"embeddable":true,"href":"https:\/\/wheeltyre.com\/sv\/wp-json\/wp\/v2\/comments?post=1203"}],"version-history":[{"count":8,"href":"https:\/\/wheeltyre.com\/sv\/wp-json\/wp\/v2\/pages\/1203\/revisions"}],"predecessor-version":[{"id":2291,"href":"https:\/\/wheeltyre.com\/sv\/wp-json\/wp\/v2\/pages\/1203\/revisions\/2291"}],"wp:attachment":[{"href":"https:\/\/wheeltyre.com\/sv\/wp-json\/wp\/v2\/media?parent=1203"}],"wp:term":[{"taxonomy":"dipi_cpt_category","embeddable":true,"href":"https:\/\/wheeltyre.com\/sv\/wp-json\/wp\/v2\/dipi_cpt_category?post=1203"}],"curies":[{"name":"wp","href":"https:\/\/api.w.org\/{rel}","templated":true}]}}