{"id":1202,"date":"2025-10-06T08:11:37","date_gmt":"2025-10-06T08:11:37","guid":{"rendered":"https:\/\/wheeltyre.com\/over-wheeltyre\/"},"modified":"2026-01-30T12:53:13","modified_gmt":"2026-01-30T12:53:13","slug":"om-wheeltyre","status":"publish","type":"page","link":"https:\/\/wheeltyre.com\/sv\/om-wheeltyre\/","title":{"rendered":"Om WheelTyre"},"content":{"rendered":"<p>[et_pb_section fb_built=&#8221;1&#8243; admin_label=&#8221;Section&#8221; _builder_version=&#8221;4.27.5&#8243; _module_preset=&#8221;default&#8221; background_image=&#8221;https:\/\/wheeltyre.com\/wp-content\/uploads\/2026\/01\/om-wheeltyre-sv.jpg&#8221; background_position=&#8221;top_center&#8221; background_vertical_offset=&#8221;19%&#8221; da_disable_devices=&#8221;off|off|off&#8221; global_colors_info=&#8221;{}&#8221; da_is_popup=&#8221;off&#8221; da_exit_intent=&#8221;off&#8221; da_has_close=&#8221;on&#8221; da_alt_close=&#8221;off&#8221; da_dark_close=&#8221;off&#8221; da_not_modal=&#8221;on&#8221; da_is_singular=&#8221;off&#8221; da_with_loader=&#8221;off&#8221; da_has_shadow=&#8221;on&#8221;][et_pb_row _builder_version=&#8221;4.27.4&#8243; _module_preset=&#8221;default&#8221; global_colors_info=&#8221;{}&#8221;][et_pb_column type=&#8221;4_4&#8243; _builder_version=&#8221;4.27.4&#8243; _module_preset=&#8221;default&#8221; global_colors_info=&#8221;{}&#8221;][et_pb_divider show_divider=&#8221;off&#8221; _builder_version=&#8221;4.27.4&#8243; _module_preset=&#8221;default&#8221; height=&#8221;194px&#8221; height_tablet=&#8221;194px&#8221; height_phone=&#8221;50px&#8221; height_last_edited=&#8221;on|phone&#8221; global_colors_info=&#8221;{}&#8221;][\/et_pb_divider][\/et_pb_column][\/et_pb_row][\/et_pb_section][et_pb_section fb_built=&#8221;1&#8243; admin_label=&#8221;Section&#8221; _builder_version=&#8221;4.27.4&#8243; _module_preset=&#8221;default&#8221; da_disable_devices=&#8221;off|off|off&#8221; global_colors_info=&#8221;{}&#8221; da_is_popup=&#8221;off&#8221; da_exit_intent=&#8221;off&#8221; da_has_close=&#8221;on&#8221; da_alt_close=&#8221;off&#8221; da_dark_close=&#8221;off&#8221; da_not_modal=&#8221;on&#8221; da_is_singular=&#8221;off&#8221; da_with_loader=&#8221;off&#8221; da_has_shadow=&#8221;on&#8221;][et_pb_row _builder_version=&#8221;4.27.4&#8243; _module_preset=&#8221;default&#8221; global_colors_info=&#8221;{}&#8221;][et_pb_column type=&#8221;4_4&#8243; _builder_version=&#8221;4.27.4&#8243; _module_preset=&#8221;default&#8221; global_colors_info=&#8221;{}&#8221;][et_pb_text _builder_version=&#8221;4.27.5&#8243; _module_preset=&#8221;default&#8221; text_line_height=&#8221;2em&#8221; header_2_text_color=&#8221;#08447e&#8221; header_2_font_size=&#8221;19px&#8221; header_3_text_color=&#8221;#08447e&#8221; header_3_font_size=&#8221;30px&#8221; header_5_font_size=&#8221;20px&#8221; header_5_line_height=&#8221;2.5em&#8221; global_colors_info=&#8221;{}&#8221;]<\/p>\n<h3>Om WheelTyre<\/h3>\n<p>WheelTyre hj\u00e4lper fordonstillverkare och import\u00f6rer \u00f6ver hela Europa genom att hantera hela den operativa processen f\u00f6r d\u00e4ck, hjul och kompletta upps\u00e4ttningar, fr\u00e5n ink\u00f6p till leverans. Med integrerad IT och rapportering arbetar vi med delade dataset och ger partners r\u00e4tt insikter vid r\u00e4tt tidpunkt. Flexibla tj\u00e4nster och ett tydligt faktureringsfl\u00f6de g\u00f6r samarbetet enkelt.<\/p>\n<p>Med v\u00e5rt tillv\u00e4gag\u00e5ngss\u00e4tt med full service, hantverk och personlig service kan partners lita p\u00e5 en p\u00e5litlig leverant\u00f6r f\u00f6r alla d\u00e4ck, kompletta upps\u00e4ttningar, hjul och relaterade tj\u00e4nster. Detta g\u00f6r det m\u00f6jligt f\u00f6r fordonstillverkare, import\u00f6rer och \u00e5terf\u00f6rs\u00e4ljare att fokusera p\u00e5 sin k\u00e4rnverksamhet, medan vi tar hand om resten.<\/p>\n<h5><b style=\"color: #08447e;\">ONE PARTNER. FULL SERVICE.<\/b><\/h5>\n<p>[\/et_pb_text][\/et_pb_column][\/et_pb_row][\/et_pb_section][et_pb_section fb_built=&#8221;1&#8243; admin_label=&#8221;Section&#8221; _builder_version=&#8221;4.27.4&#8243; _module_preset=&#8221;default&#8221; background_color=&#8221;#f7f7f7&#8243; custom_margin=&#8221;-30px||||false|false&#8221; da_disable_devices=&#8221;off|off|off&#8221; global_colors_info=&#8221;{}&#8221; da_is_popup=&#8221;off&#8221; da_exit_intent=&#8221;off&#8221; da_has_close=&#8221;on&#8221; da_alt_close=&#8221;off&#8221; da_dark_close=&#8221;off&#8221; da_not_modal=&#8221;on&#8221; da_is_singular=&#8221;off&#8221; da_with_loader=&#8221;off&#8221; da_has_shadow=&#8221;on&#8221;][et_pb_row _builder_version=&#8221;4.27.4&#8243; _module_preset=&#8221;default&#8221; global_colors_info=&#8221;{}&#8221;][et_pb_column type=&#8221;4_4&#8243; _builder_version=&#8221;4.27.4&#8243; _module_preset=&#8221;default&#8221; global_colors_info=&#8221;{}&#8221;][et_pb_text content_tablet=&#8221;<\/p>\n<h5>Benieuwd naar wat we doen?<\/h5>\n<p>&#8221; content_phone=&#8221;<\/p>\n<h5>Benieuwd naar<\/h5>\n<h5>wat we doen?<\/h5>\n<p>&#8221; content_last_edited=&#8221;on|phone&#8221; _builder_version=&#8221;4.27.5&#8243; _module_preset=&#8221;default&#8221; text_line_height=&#8221;2.2em&#8221; header_2_text_color=&#8221;#08447e&#8221; header_2_font_size=&#8221;19px&#8221; header_3_text_color=&#8221;#08447e&#8221; header_3_font_size=&#8221;30px&#8221; header_5_text_color=&#8221;#08447e&#8221; header_5_font_size=&#8221;30px&#8221; text_orientation=&#8221;center&#8221; custom_margin=&#8221;||15px||false|false&#8221; header_5_font_size_tablet=&#8221;30px&#8221; header_5_font_size_phone=&#8221;25px&#8221; header_5_font_size_last_edited=&#8221;on|phone&#8221; header_5_line_height_tablet=&#8221;&#8221; header_5_line_height_phone=&#8221;0.7em&#8221; header_5_line_height_last_edited=&#8221;on|phone&#8221; global_colors_info=&#8221;{}&#8221;]<\/p>\n<h5>Nyfiken p\u00e5 hur vi arbetar?<\/h5>\n<p>Uppt\u00e4ck v\u00e5rt tillv\u00e4gag\u00e5ngss\u00e4tt med full service.<\/p>\n<p><em> <\/em><\/p>\n<p><em><\/em><\/p>\n<p>[\/et_pb_text][et_pb_button button_url=&#8221;#video-WHT&#8221; button_text=&#8221;Titta p\u00e5 v\u00e5r video&#8221; button_alignment=&#8221;center&#8221; _builder_version=&#8221;4.27.5&#8243; _module_preset=&#8221;default&#8221; custom_button=&#8221;on&#8221; button_text_size=&#8221;17px&#8221; button_text_color=&#8221;#FFFFFF&#8221; button_bg_color=&#8221;#f9af15&#8243; button_border_width=&#8221;0px&#8221; button_border_radius=&#8221;7px&#8221; button_icon=&#8221;&#x49;||divi||400&#8243; button_icon_placement=&#8221;left&#8221; button_on_hover=&#8221;off&#8221; custom_padding=&#8221;|60px||60px|false|true&#8221; global_colors_info=&#8221;{}&#8221; button_bg_color__hover_enabled=&#8221;on|hover&#8221; button_bg_color__hover=&#8221;#f49f19&#8243; button_bg_enable_color__hover=&#8221;on&#8221;][\/et_pb_button][\/et_pb_column][\/et_pb_row][\/et_pb_section][et_pb_section fb_built=&#8221;1&#8243; admin_label=&#8221;Popup &#8211; #video-WHT&#8221; module_id=&#8221;video-WHT&#8221; module_class=&#8221;popup&#8221; _builder_version=&#8221;4.27.4&#8243; _module_preset=&#8221;default&#8221; background_color=&#8221;#08447e&#8221; use_background_color_gradient=&#8221;on&#8221; background_color_gradient_stops=&#8221;rgba(8,68,126,0.9) 0%|rgba(8,68,126,0.9) 100%&#8221; background_enable_image=&#8221;off&#8221; width=&#8221;69%&#8221; custom_margin=&#8221;||||false|false&#8221; custom_padding=&#8221;30px||10px||false|false&#8221; da_is_popup=&#8221;on&#8221; da_popup_slug=&#8221;video-WHT&#8221; da_disable_devices=&#8221;off|off|off&#8221; border_radii=&#8221;on|20px|20px|20px|20px&#8221; global_colors_info=&#8221;{}&#8221; da_exit_intent=&#8221;off&#8221; da_has_close=&#8221;on&#8221; da_alt_close=&#8221;off&#8221; da_dark_close=&#8221;off&#8221; da_not_modal=&#8221;on&#8221; da_is_singular=&#8221;off&#8221; da_with_loader=&#8221;off&#8221; da_has_shadow=&#8221;on&#8221;][et_pb_row _builder_version=&#8221;4.27.4&#8243; _module_preset=&#8221;default&#8221; global_colors_info=&#8221;{}&#8221;][et_pb_column type=&#8221;4_4&#8243; _builder_version=&#8221;4.27.4&#8243; _module_preset=&#8221;default&#8221; global_colors_info=&#8221;{}&#8221;][et_pb_video src=&#8221;https:\/\/www.youtube.com\/watch?v=D5vawPI9-Is&#8221; _builder_version=&#8221;4.27.4&#8243; _module_preset=&#8221;default&#8221; global_colors_info=&#8221;{}&#8221;][\/et_pb_video][et_pb_text _builder_version=&#8221;4.27.5&#8243; _module_preset=&#8221;default&#8221; text_font=&#8221;|600|||||||&#8221; text_text_color=&#8221;#FFFFFF&#8221; text_orientation=&#8221;center&#8221; custom_margin=&#8221;||||false|false&#8221; custom_padding=&#8221;||||false|false&#8221; global_colors_info=&#8221;{}&#8221;]<\/p>\n<p>WheelTyre | F\u00f6retagsvideo<\/p>\n<p>[\/et_pb_text][\/et_pb_column][\/et_pb_row][\/et_pb_section][et_pb_section fb_built=&#8221;1&#8243; admin_label=&#8221;Section&#8221; _builder_version=&#8221;4.27.5&#8243; _module_preset=&#8221;default&#8221; background_image=&#8221;https:\/\/wheeltyre.com\/wp-content\/uploads\/2026\/01\/EU-mapp-sv.png&#8221; background_size=&#8221;custom&#8221; background_image_height=&#8221;100%&#8221; background_position=&#8221;bottom_right&#8221; height=&#8221;725px&#8221; height_tablet=&#8221;725px&#8221; height_phone=&#8221;auto&#8221; height_last_edited=&#8221;on|phone&#8221; custom_margin=&#8221;0px||||false|false&#8221; custom_padding=&#8221;0px||||false|false&#8221; background_last_edited=&#8221;on|phone&#8221; background_enable_image_phone=&#8221;off&#8221; da_disable_devices=&#8221;off|off|off&#8221; global_colors_info=&#8221;{}&#8221; da_is_popup=&#8221;off&#8221; da_exit_intent=&#8221;off&#8221; da_has_close=&#8221;on&#8221; da_alt_close=&#8221;off&#8221; da_dark_close=&#8221;off&#8221; da_not_modal=&#8221;on&#8221; da_is_singular=&#8221;off&#8221; da_with_loader=&#8221;off&#8221; da_has_shadow=&#8221;on&#8221;][et_pb_row column_structure=&#8221;1_2,1_2&#8243; custom_padding_last_edited=&#8221;on|phone&#8221; _builder_version=&#8221;4.27.4&#8243; _module_preset=&#8221;default&#8221; min_height_tablet=&#8221;&#8221; min_height_phone=&#8221;&#8221; min_height_last_edited=&#8221;on|phone&#8221; custom_margin_tablet=&#8221;&#8221; custom_margin_phone=&#8221;||||false|false&#8221; custom_margin_last_edited=&#8221;on|desktop&#8221; custom_padding_tablet=&#8221;&#8221; custom_padding_phone=&#8221;||0px||false|false&#8221; global_colors_info=&#8221;{}&#8221;][et_pb_column type=&#8221;1_2&#8243; _builder_version=&#8221;4.27.4&#8243; _module_preset=&#8221;default&#8221; global_colors_info=&#8221;{}&#8221;][et_pb_text _builder_version=&#8221;4.27.5&#8243; _module_preset=&#8221;default&#8221; text_line_height=&#8221;2em&#8221; header_2_text_color=&#8221;#08447e&#8221; header_2_font_size=&#8221;19px&#8221; header_3_text_color=&#8221;#08447e&#8221; header_3_font_size=&#8221;30px&#8221; custom_margin=&#8221;60px||||false|false&#8221; hover_enabled=&#8221;0&#8243; header_3_font_size_tablet=&#8221;30px&#8221; header_3_font_size_phone=&#8221;25px&#8221; header_3_font_size_last_edited=&#8221;on|phone&#8221; custom_css_free_form=&#8221;.et_pb_module table, ||.et_pb_module table td, ||.et_pb_module table th {||  border: none !important;||}||.dot {||  display: inline-block;||  width: 18px;||  height: 18px;||  border-radius: 50%;||}||.dot.orange {||  background-color: orange;||}||.dot.green {||  background-color: LimeGreen;||}&#8221; global_colors_info=&#8221;{}&#8221; content_last_edited=&#8221;on|phone&#8221; sticky_enabled=&#8221;0&#8243; content_phone=&#8221;<\/p>\n<h3>Europeiskt n\u00e4tverk<\/h3>\n<p>WheelTyre \u00e4r baserat i Nederl\u00e4nderna och betj\u00e4nar stolt kunder \u00f6ver hela Europa. Genom ett starkt logistikn\u00e4tverk, lokal expertis och flerspr\u00e5kig support s\u00e4kerst\u00e4ller vi att varje leverans n\u00e5r sin destination snabbt och tillf\u00f6rlitligt.<\/p>\n<p>&nbsp;<\/p>\n<table style=%22border-collapse: collapse; width: 100%;%22>\n<tbody>\n<tr>\n<td style=%22width: 10%; border: none; vertical-align: top; padding: 5px;%22><i style=%22color: #f9af15;%22 class=%22fa-solid fa-check%22><\/i><\/td>\n<td style=%22width: 90%; border: none; padding: 5px;%22>Europeiskt n\u00e4tverk av lager och monteringslinjer<\/td>\n<\/tr>\n<tr>\n<td style=%22width: 10%; border: none; vertical-align: top; padding: 5px;%22><i style=%22color: #f9af15;%22 class=%22fa-solid fa-check%22><\/i><\/td>\n<td style=%22width: 90%; border: none; padding: 5px;%22>En partner f\u00f6r d\u00e4ck, hjul, kompletta upps\u00e4ttningar och relaterade tj\u00e4nster<\/td>\n<\/tr>\n<tr>\n<td style=%22width: 10%; border: none; vertical-align: top; padding: 5px;%22><i style=%22color: #f9af15;%22 class=%22fa-solid fa-check%22><\/i><\/td>\n<td style=%22width: 90%; border: none; padding: 5px;%22>Snabb leverans inom EU<\/td>\n<\/tr>\n<tr>\n<td style=%22width: 10%; border: none; vertical-align: top; padding: 5px;%22><i style=%22color: #f9af15;%22 class=%22fa-solid fa-check%22><\/i><\/td>\n<td style=%22width: 90%; border: none; padding: 5px;%22>Flerspr\u00e5kig kundtj\u00e4nst och s\u00e4ljsupport<\/td>\n<\/tr>\n<tr>\n<td style=%22width: 10%; border: none; vertical-align: top; padding: 5px;%22><i style=%22color: #f9af15;%22 class=%22fa-solid fa-check%22><\/i><\/td>\n<td style=%22width: 90%; border: none; padding: 5px;%22>Distributionsn\u00e4t i 26 l\u00e4nder, inklusive exportmarknader<\/td>\n<\/tr>\n<tr>\n<td style=%22width: 10%; border: none; vertical-align: top; padding: 5px;%22><\/td>\n<td style=%22width: 90%; border: none; padding: 5px;%22><\/td>\n<\/tr>\n<\/tbody>\n<\/table>\n<p>&#8221; content_tablet=&#8221;<\/p>\n<h3>Europeiskt n\u00e4tverk<\/h3>\n<p>WheelTyre \u00e4r baserat i Nederl\u00e4nderna och betj\u00e4nar stolt kunder \u00f6ver hela Europa. Genom ett starkt logistikn\u00e4tverk, lokal expertis och flerspr\u00e5kig support s\u00e4kerst\u00e4ller vi att varje leverans n\u00e5r sin destination snabbt och tillf\u00f6rlitligt.<\/p>\n<p>&nbsp;<\/p>\n<table style=%22border-collapse: collapse; width: 100%;%22>\n<tbody>\n<tr>\n<td style=%22width: 10%; border: none; vertical-align: top; padding: 5px;%22><i style=%22color: #f9af15;%22 class=%22fa-solid fa-check%22><\/i><\/td>\n<td style=%22width: 90%; border: none; padding: 5px;%22>Europeiskt n\u00e4tverk av lager och monteringslinjer<\/td>\n<\/tr>\n<tr>\n<td style=%22width: 10%; border: none; vertical-align: top; padding: 5px;%22><i style=%22color: #f9af15;%22 class=%22fa-solid fa-check%22><\/i><\/td>\n<td style=%22width: 90%; border: none; padding: 5px;%22>En partner f\u00f6r d\u00e4ck, hjul, kompletta upps\u00e4ttningar och relaterade tj\u00e4nster<\/td>\n<\/tr>\n<tr>\n<td style=%22width: 10%; border: none; vertical-align: top; padding: 5px;%22><i style=%22color: #f9af15;%22 class=%22fa-solid fa-check%22><\/i><\/td>\n<td style=%22width: 90%; border: none; padding: 5px;%22>Snabb leverans inom EU<\/td>\n<\/tr>\n<tr>\n<td style=%22width: 10%; border: none; vertical-align: top; padding: 5px;%22><i style=%22color: #f9af15;%22 class=%22fa-solid fa-check%22><\/i><\/td>\n<td style=%22width: 90%; border: none; padding: 5px;%22>Flerspr\u00e5kig kundtj\u00e4nst och s\u00e4ljsupport<\/td>\n<\/tr>\n<tr>\n<td style=%22width: 10%; border: none; vertical-align: top; padding: 5px;%22><i style=%22color: #f9af15;%22 class=%22fa-solid fa-check%22><\/i><\/td>\n<td style=%22width: 90%; border: none; padding: 5px;%22>Distributionsn\u00e4t i 26 l\u00e4nder, inklusive exportmarknader<\/td>\n<\/tr>\n<tr>\n<td style=%22width: 10%; border: none; vertical-align: top; padding: 5px;%22><\/td>\n<td style=%22width: 90%; border: none; padding: 5px;%22><\/td>\n<\/tr>\n<\/tbody>\n<\/table>\n<table style=%22border-collapse: collapse; width: 100%;%22>\n<tbody>\n<tr>\n<td style=%22width: 1%; border: none; padding: 5px; vertical-align: middle;%22><span class=%22dot orange%22><\/span><\/td>\n<td style=%22width: 20%; border: none; padding: 5px; vertical-align: middle; color: orange;%22>Lager<\/td>\n<td style=%22width: 1%; border: none; padding: 5px; vertical-align: middle;%22><span class=%22dot green%22><\/span><\/td>\n<td style=%22width: 25%; border: none; padding: 5px; vertical-align: middle; color: limegreen;%22>Monteringslinje<\/td>\n<\/tr>\n<\/tbody>\n<\/table>\n<p>&#8221;]<\/p>\n<h3>Europeiskt n\u00e4tverk<\/h3>\n<p>WheelTyre \u00e4r baserat i Nederl\u00e4nderna och betj\u00e4nar stolt kunder \u00f6ver hela Europa. Genom ett starkt logistikn\u00e4tverk, lokal expertis och flerspr\u00e5kig support s\u00e4kerst\u00e4ller vi att varje leverans n\u00e5r sin destination snabbt och tillf\u00f6rlitligt.<\/p>\n<p>&nbsp;<\/p>\n<table style=\"border-collapse: collapse; width: 100%;\">\n<tbody>\n<tr>\n<td style=\"width: 10%; border: none; vertical-align: top; padding: 5px;\"><i style=\"color: #f9af15;\" class=\"fa-solid fa-check\"><\/i><\/td>\n<td style=\"width: 90%; border: none; padding: 5px;\">Europeiskt n\u00e4tverk av lager och monteringslinjer<\/td>\n<\/tr>\n<tr>\n<td style=\"width: 10%; border: none; vertical-align: top; padding: 5px;\"><i style=\"color: #f9af15;\" class=\"fa-solid fa-check\"><\/i><\/td>\n<td style=\"width: 90%; border: none; padding: 5px;\">En partner f\u00f6r d\u00e4ck, hjul, kompletta upps\u00e4ttningar och relaterade tj\u00e4nster<\/td>\n<\/tr>\n<tr>\n<td style=\"width: 10%; border: none; vertical-align: top; padding: 5px;\"><i style=\"color: #f9af15;\" class=\"fa-solid fa-check\"><\/i><\/td>\n<td style=\"width: 90%; border: none; padding: 5px;\">Snabb leverans inom EU<\/td>\n<\/tr>\n<tr>\n<td style=\"width: 10%; border: none; vertical-align: top; padding: 5px;\"><i style=\"color: #f9af15;\" class=\"fa-solid fa-check\"><\/i><\/td>\n<td style=\"width: 90%; border: none; padding: 5px;\">Flerspr\u00e5kig kundtj\u00e4nst och s\u00e4ljsupport<\/td>\n<\/tr>\n<tr>\n<td style=\"width: 10%; border: none; vertical-align: top; padding: 5px;\"><i style=\"color: #f9af15;\" class=\"fa-solid fa-check\"><\/i><\/td>\n<td style=\"width: 90%; border: none; padding: 5px;\">Distributionsn\u00e4t i 26 l\u00e4nder, inklusive exportmarknader<\/td>\n<\/tr>\n<tr>\n<td style=\"width: 10%; border: none; vertical-align: top; padding: 5px;\"><\/td>\n<td style=\"width: 90%; border: none; padding: 5px;\"><\/td>\n<\/tr>\n<\/tbody>\n<\/table>\n<table style=\"border-collapse: collapse; width: 100%;\">\n<tbody>\n<tr>\n<td style=\"width: 1%; border: none; padding: 5px; vertical-align: middle;\"><span class=\"dot orange\"><\/span><\/td>\n<td style=\"width: 20%; border: none; padding: 5px; vertical-align: middle; color: orange;\">Lager<\/td>\n<td style=\"width: 1%; border: none; padding: 5px; vertical-align: middle;\"><span class=\"dot green\"><\/span><\/td>\n<td style=\"width: 25%; border: none; padding: 5px; vertical-align: middle; color: limegreen;\">Monteringslinje<\/td>\n<\/tr>\n<\/tbody>\n<\/table>\n<p>[\/et_pb_text][\/et_pb_column][et_pb_column type=&#8221;1_2&#8243; _builder_version=&#8221;4.27.4&#8243; _module_preset=&#8221;default&#8221; global_colors_info=&#8221;{}&#8221;][\/et_pb_column][\/et_pb_row][\/et_pb_section]<\/p>\n","protected":false},"excerpt":{"rendered":"<p>Om WheelTyre WheelTyre hj\u00e4lper fordonstillverkare och import\u00f6rer \u00f6ver hela Europa genom att hantera hela den operativa processen f\u00f6r d\u00e4ck, hjul och kompletta upps\u00e4ttningar, fr\u00e5n ink\u00f6p till leverans. Med integrerad IT och rapportering arbetar vi med delade dataset och ger partners r\u00e4tt insikter vid r\u00e4tt tidpunkt. Flexibla tj\u00e4nster och ett tydligt faktureringsfl\u00f6de g\u00f6r samarbetet enkelt. Med [&hellip;]<\/p>\n","protected":false},"author":1,"featured_media":0,"parent":0,"menu_order":0,"comment_status":"closed","ping_status":"closed","template":"","meta":{"_et_pb_use_builder":"on","_et_pb_old_content":"","_et_gb_content_width":"","footnotes":""},"dipi_cpt_category":[],"class_list":["post-1202","page","type-page","status-publish","hentry"],"yoast_head":"<!-- This site is optimized with the Yoast SEO plugin v27.1.1 - https:\/\/yoast.com\/product\/yoast-seo-wordpress\/ -->\n<title>Om WheelTyre - WheelTyre<\/title>\n<meta name=\"description\" content=\"Vi g\u00f6r skillnad f\u00f6r biltillverkare och import\u00f6rer genom att helt och h\u00e5llet hantera processen kring d\u00e4ck, hjul och kompletta satser.\" \/>\n<meta name=\"robots\" content=\"index, follow, max-snippet:-1, max-image-preview:large, max-video-preview:-1\" \/>\n<link rel=\"canonical\" href=\"https:\/\/wheeltyre.com\/sv\/om-wheeltyre\/\" \/>\n<meta property=\"og:locale\" content=\"sv_SE\" \/>\n<meta property=\"og:type\" content=\"article\" \/>\n<meta property=\"og:title\" content=\"Om WheelTyre - WheelTyre\" \/>\n<meta property=\"og:description\" content=\"Vi g\u00f6r skillnad f\u00f6r biltillverkare och import\u00f6rer genom att helt och h\u00e5llet hantera processen kring d\u00e4ck, hjul och kompletta satser.\" \/>\n<meta property=\"og:url\" content=\"https:\/\/wheeltyre.com\/sv\/om-wheeltyre\/\" \/>\n<meta property=\"og:site_name\" content=\"WheelTyre\" \/>\n<meta property=\"article:modified_time\" content=\"2026-01-30T12:53:13+00:00\" \/>\n<meta name=\"twitter:card\" content=\"summary_large_image\" \/>\n<meta name=\"twitter:label1\" content=\"Ber\u00e4knad l\u00e4stid\" \/>\n\t<meta name=\"twitter:data1\" content=\"2 minuter\" \/>\n<script type=\"application\/ld+json\" class=\"yoast-schema-graph\">{\"@context\":\"https:\/\/schema.org\",\"@graph\":[{\"@type\":\"WebPage\",\"@id\":\"https:\/\/wheeltyre.com\/sv\/om-wheeltyre\/\",\"url\":\"https:\/\/wheeltyre.com\/sv\/om-wheeltyre\/\",\"name\":\"Om WheelTyre - WheelTyre\",\"isPartOf\":{\"@id\":\"https:\/\/wheeltyre.com\/sv\/#website\"},\"datePublished\":\"2025-10-06T08:11:37+00:00\",\"dateModified\":\"2026-01-30T12:53:13+00:00\",\"description\":\"Vi g\u00f6r skillnad f\u00f6r biltillverkare och import\u00f6rer genom att helt och h\u00e5llet hantera processen kring d\u00e4ck, hjul och kompletta satser.\",\"breadcrumb\":{\"@id\":\"https:\/\/wheeltyre.com\/sv\/om-wheeltyre\/#breadcrumb\"},\"inLanguage\":\"sv-SE\",\"potentialAction\":[{\"@type\":\"ReadAction\",\"target\":[\"https:\/\/wheeltyre.com\/sv\/om-wheeltyre\/\"]}]},{\"@type\":\"BreadcrumbList\",\"@id\":\"https:\/\/wheeltyre.com\/sv\/om-wheeltyre\/#breadcrumb\",\"itemListElement\":[{\"@type\":\"ListItem\",\"position\":1,\"name\":\"Home\",\"item\":\"https:\/\/wheeltyre.com\/sv\/\"},{\"@type\":\"ListItem\",\"position\":2,\"name\":\"Om WheelTyre\"}]},{\"@type\":\"WebSite\",\"@id\":\"https:\/\/wheeltyre.com\/sv\/#website\",\"url\":\"https:\/\/wheeltyre.com\/sv\/\",\"name\":\"WheelTyre\",\"description\":\"One partner. Full service.\",\"potentialAction\":[{\"@type\":\"SearchAction\",\"target\":{\"@type\":\"EntryPoint\",\"urlTemplate\":\"https:\/\/wheeltyre.com\/sv\/?s={search_term_string}\"},\"query-input\":{\"@type\":\"PropertyValueSpecification\",\"valueRequired\":true,\"valueName\":\"search_term_string\"}}],\"inLanguage\":\"sv-SE\"}]}<\/script>\n<!-- \/ Yoast SEO plugin. -->","yoast_head_json":{"title":"Om WheelTyre - WheelTyre","description":"Vi g\u00f6r skillnad f\u00f6r biltillverkare och import\u00f6rer genom att helt och h\u00e5llet hantera processen kring d\u00e4ck, hjul och kompletta satser.","robots":{"index":"index","follow":"follow","max-snippet":"max-snippet:-1","max-image-preview":"max-image-preview:large","max-video-preview":"max-video-preview:-1"},"canonical":"https:\/\/wheeltyre.com\/sv\/om-wheeltyre\/","og_locale":"sv_SE","og_type":"article","og_title":"Om WheelTyre - WheelTyre","og_description":"Vi g\u00f6r skillnad f\u00f6r biltillverkare och import\u00f6rer genom att helt och h\u00e5llet hantera processen kring d\u00e4ck, hjul och kompletta satser.","og_url":"https:\/\/wheeltyre.com\/sv\/om-wheeltyre\/","og_site_name":"WheelTyre","article_modified_time":"2026-01-30T12:53:13+00:00","twitter_card":"summary_large_image","twitter_misc":{"Ber\u00e4knad l\u00e4stid":"2 minuter"},"schema":{"@context":"https:\/\/schema.org","@graph":[{"@type":"WebPage","@id":"https:\/\/wheeltyre.com\/sv\/om-wheeltyre\/","url":"https:\/\/wheeltyre.com\/sv\/om-wheeltyre\/","name":"Om WheelTyre - WheelTyre","isPartOf":{"@id":"https:\/\/wheeltyre.com\/sv\/#website"},"datePublished":"2025-10-06T08:11:37+00:00","dateModified":"2026-01-30T12:53:13+00:00","description":"Vi g\u00f6r skillnad f\u00f6r biltillverkare och import\u00f6rer genom att helt och h\u00e5llet hantera processen kring d\u00e4ck, hjul och kompletta satser.","breadcrumb":{"@id":"https:\/\/wheeltyre.com\/sv\/om-wheeltyre\/#breadcrumb"},"inLanguage":"sv-SE","potentialAction":[{"@type":"ReadAction","target":["https:\/\/wheeltyre.com\/sv\/om-wheeltyre\/"]}]},{"@type":"BreadcrumbList","@id":"https:\/\/wheeltyre.com\/sv\/om-wheeltyre\/#breadcrumb","itemListElement":[{"@type":"ListItem","position":1,"name":"Home","item":"https:\/\/wheeltyre.com\/sv\/"},{"@type":"ListItem","position":2,"name":"Om WheelTyre"}]},{"@type":"WebSite","@id":"https:\/\/wheeltyre.com\/sv\/#website","url":"https:\/\/wheeltyre.com\/sv\/","name":"WheelTyre","description":"One partner. Full service.","potentialAction":[{"@type":"SearchAction","target":{"@type":"EntryPoint","urlTemplate":"https:\/\/wheeltyre.com\/sv\/?s={search_term_string}"},"query-input":{"@type":"PropertyValueSpecification","valueRequired":true,"valueName":"search_term_string"}}],"inLanguage":"sv-SE"}]}},"_links":{"self":[{"href":"https:\/\/wheeltyre.com\/sv\/wp-json\/wp\/v2\/pages\/1202","targetHints":{"allow":["GET"]}}],"collection":[{"href":"https:\/\/wheeltyre.com\/sv\/wp-json\/wp\/v2\/pages"}],"about":[{"href":"https:\/\/wheeltyre.com\/sv\/wp-json\/wp\/v2\/types\/page"}],"author":[{"embeddable":true,"href":"https:\/\/wheeltyre.com\/sv\/wp-json\/wp\/v2\/users\/1"}],"replies":[{"embeddable":true,"href":"https:\/\/wheeltyre.com\/sv\/wp-json\/wp\/v2\/comments?post=1202"}],"version-history":[{"count":10,"href":"https:\/\/wheeltyre.com\/sv\/wp-json\/wp\/v2\/pages\/1202\/revisions"}],"predecessor-version":[{"id":2303,"href":"https:\/\/wheeltyre.com\/sv\/wp-json\/wp\/v2\/pages\/1202\/revisions\/2303"}],"wp:attachment":[{"href":"https:\/\/wheeltyre.com\/sv\/wp-json\/wp\/v2\/media?parent=1202"}],"wp:term":[{"taxonomy":"dipi_cpt_category","embeddable":true,"href":"https:\/\/wheeltyre.com\/sv\/wp-json\/wp\/v2\/dipi_cpt_category?post=1202"}],"curies":[{"name":"wp","href":"https:\/\/api.w.org\/{rel}","templated":true}]}}