{"id":1135,"date":"2025-10-08T09:36:51","date_gmt":"2025-10-08T09:36:51","guid":{"rendered":"https:\/\/wheeltyre.com\/disclaimer\/"},"modified":"2026-01-29T08:24:21","modified_gmt":"2026-01-29T08:24:21","slug":"ansvarsfriskrivning","status":"publish","type":"page","link":"https:\/\/wheeltyre.com\/sv\/ansvarsfriskrivning\/","title":{"rendered":"Ansvarsfriskrivning"},"content":{"rendered":"<p>[et_pb_section fb_built=&#8221;1&#8243; _builder_version=&#8221;4.27.4&#8243; _module_preset=&#8221;default&#8221; da_disable_devices=&#8221;off|off|off&#8221; global_colors_info=&#8221;{}&#8221; da_is_popup=&#8221;off&#8221; da_exit_intent=&#8221;off&#8221; da_has_close=&#8221;on&#8221; da_alt_close=&#8221;off&#8221; da_dark_close=&#8221;off&#8221; da_not_modal=&#8221;on&#8221; da_is_singular=&#8221;off&#8221; da_with_loader=&#8221;off&#8221; da_has_shadow=&#8221;on&#8221;][et_pb_row _builder_version=&#8221;4.27.4&#8243; _module_preset=&#8221;default&#8221; global_colors_info=&#8221;{}&#8221;][et_pb_column type=&#8221;4_4&#8243; _builder_version=&#8221;4.27.4&#8243; _module_preset=&#8221;default&#8221; global_colors_info=&#8221;{}&#8221;][et_pb_text _builder_version=&#8221;4.27.5&#8243; _module_preset=&#8221;default&#8221; header_5_text_color=&#8221;#08447e&#8221; header_5_font_size=&#8221;30px&#8221; header_6_text_color=&#8221;#08447e&#8221; header_6_font_size=&#8221;20px&#8221; hover_enabled=&#8221;0&#8243; custom_css_free_form=&#8221;a{color:#F9AF15;}&#8221; global_colors_info=&#8221;{}&#8221; sticky_enabled=&#8221;0&#8243;]<\/p>\n<h5>Ansvarsfriskrivning<\/h5>\n<p>\u00c4ven om denna webbplats har sammanst\u00e4llts med st\u00f6rsta omsorg kan WheelTyre B.V. och dess dotterbolag inte garantera att den information som tillhandah\u00e5lls \u00e4r fullst\u00e4ndig, korrekt eller aktuell. Inga r\u00e4ttigheter kan h\u00e4rledas fr\u00e5n inneh\u00e5llet p\u00e5 denna webbplats.<\/p>\n<p>WheelTyre B.V. tar inget ansvar f\u00f6r n\u00e5gon direkt eller indirekt skada som uppst\u00e5r till f\u00f6ljd av anv\u00e4ndningen av den information som g\u00f6rs tillg\u00e4nglig p\u00e5 denna webbplats. Anv\u00e4ndning av denna webbplats och den information den inneh\u00e5ller sker helt p\u00e5 anv\u00e4ndarens egen risk.<\/p>\n<p>Bilder, logotyper, produktnamn och varum\u00e4rken \u00e4r och f\u00f6rblir tillverkarnas och\/eller leverant\u00f6rernas egendom. Deras anv\u00e4ndning \u00e4r endast avsedd att f\u00f6rtydliga produktbeskrivningar och informera potentiella k\u00f6pare p\u00e5 ett l\u00e4mpligt s\u00e4tt.<\/p>\n<p>WheelTyre B.V. f\u00f6rbeh\u00e5ller sig r\u00e4tten att \u00e4ndra inneh\u00e5llet p\u00e5 denna webbplats n\u00e4r som helst och utan f\u00f6reg\u00e5ende meddelande. Fel, typografiska eller formateringsmisstag och \u00e4ndringar av specifikationer f\u00f6rbeh\u00e5lles.<\/p>\n<p>[\/et_pb_text][\/et_pb_column][\/et_pb_row][\/et_pb_section]<\/p>\n","protected":false},"excerpt":{"rendered":"<p>Ansvarsfriskrivning \u00c4ven om denna webbplats har sammanst\u00e4llts med st\u00f6rsta omsorg kan WheelTyre B.V. och dess dotterbolag inte garantera att den information som tillhandah\u00e5lls \u00e4r fullst\u00e4ndig, korrekt eller aktuell. Inga r\u00e4ttigheter kan h\u00e4rledas fr\u00e5n inneh\u00e5llet p\u00e5 denna webbplats. WheelTyre B.V. tar inget ansvar f\u00f6r n\u00e5gon direkt eller indirekt skada som uppst\u00e5r till f\u00f6ljd av anv\u00e4ndningen av [&hellip;]<\/p>\n","protected":false},"author":1,"featured_media":0,"parent":0,"menu_order":0,"comment_status":"closed","ping_status":"closed","template":"","meta":{"_et_pb_use_builder":"on","_et_pb_old_content":"","_et_gb_content_width":"","footnotes":""},"dipi_cpt_category":[],"class_list":["post-1135","page","type-page","status-publish","hentry"],"yoast_head":"<!-- This site is optimized with the Yoast SEO plugin v27.1.1 - https:\/\/yoast.com\/product\/yoast-seo-wordpress\/ -->\n<title>Ansvarsfriskrivning - WheelTyre<\/title>\n<meta name=\"robots\" content=\"noindex, follow\" \/>\n<meta property=\"og:locale\" content=\"sv_SE\" \/>\n<meta property=\"og:type\" content=\"article\" \/>\n<meta property=\"og:title\" content=\"Ansvarsfriskrivning - WheelTyre\" \/>\n<meta property=\"og:description\" content=\"Ansvarsfriskrivning \u00c4ven om denna webbplats har sammanst\u00e4llts med st\u00f6rsta omsorg kan WheelTyre B.V. och dess dotterbolag inte garantera att den information som tillhandah\u00e5lls \u00e4r fullst\u00e4ndig, korrekt eller aktuell. Inga r\u00e4ttigheter kan h\u00e4rledas fr\u00e5n inneh\u00e5llet p\u00e5 denna webbplats. WheelTyre B.V. tar inget ansvar f\u00f6r n\u00e5gon direkt eller indirekt skada som uppst\u00e5r till f\u00f6ljd av anv\u00e4ndningen av [&hellip;]\" \/>\n<meta property=\"og:url\" content=\"https:\/\/wheeltyre.com\/sv\/ansvarsfriskrivning\/\" \/>\n<meta property=\"og:site_name\" content=\"WheelTyre\" \/>\n<meta property=\"article:modified_time\" content=\"2026-01-29T08:24:21+00:00\" \/>\n<meta name=\"twitter:card\" content=\"summary_large_image\" \/>\n<meta name=\"twitter:label1\" content=\"Ber\u00e4knad l\u00e4stid\" \/>\n\t<meta name=\"twitter:data1\" content=\"1 minut\" \/>\n<script type=\"application\/ld+json\" class=\"yoast-schema-graph\">{\"@context\":\"https:\/\/schema.org\",\"@graph\":[{\"@type\":\"WebPage\",\"@id\":\"https:\/\/wheeltyre.com\/sv\/ansvarsfriskrivning\/\",\"url\":\"https:\/\/wheeltyre.com\/sv\/ansvarsfriskrivning\/\",\"name\":\"Ansvarsfriskrivning - WheelTyre\",\"isPartOf\":{\"@id\":\"https:\/\/wheeltyre.com\/sv\/#website\"},\"datePublished\":\"2025-10-08T09:36:51+00:00\",\"dateModified\":\"2026-01-29T08:24:21+00:00\",\"breadcrumb\":{\"@id\":\"https:\/\/wheeltyre.com\/sv\/ansvarsfriskrivning\/#breadcrumb\"},\"inLanguage\":\"sv-SE\",\"potentialAction\":[{\"@type\":\"ReadAction\",\"target\":[\"https:\/\/wheeltyre.com\/sv\/ansvarsfriskrivning\/\"]}]},{\"@type\":\"BreadcrumbList\",\"@id\":\"https:\/\/wheeltyre.com\/sv\/ansvarsfriskrivning\/#breadcrumb\",\"itemListElement\":[{\"@type\":\"ListItem\",\"position\":1,\"name\":\"Home\",\"item\":\"https:\/\/wheeltyre.com\/sv\/\"},{\"@type\":\"ListItem\",\"position\":2,\"name\":\"Ansvarsfriskrivning\"}]},{\"@type\":\"WebSite\",\"@id\":\"https:\/\/wheeltyre.com\/sv\/#website\",\"url\":\"https:\/\/wheeltyre.com\/sv\/\",\"name\":\"WheelTyre\",\"description\":\"One partner. Full service.\",\"potentialAction\":[{\"@type\":\"SearchAction\",\"target\":{\"@type\":\"EntryPoint\",\"urlTemplate\":\"https:\/\/wheeltyre.com\/sv\/?s={search_term_string}\"},\"query-input\":{\"@type\":\"PropertyValueSpecification\",\"valueRequired\":true,\"valueName\":\"search_term_string\"}}],\"inLanguage\":\"sv-SE\"}]}<\/script>\n<!-- \/ Yoast SEO plugin. -->","yoast_head_json":{"title":"Ansvarsfriskrivning - WheelTyre","robots":{"index":"noindex","follow":"follow"},"og_locale":"sv_SE","og_type":"article","og_title":"Ansvarsfriskrivning - WheelTyre","og_description":"Ansvarsfriskrivning \u00c4ven om denna webbplats har sammanst\u00e4llts med st\u00f6rsta omsorg kan WheelTyre B.V. och dess dotterbolag inte garantera att den information som tillhandah\u00e5lls \u00e4r fullst\u00e4ndig, korrekt eller aktuell. Inga r\u00e4ttigheter kan h\u00e4rledas fr\u00e5n inneh\u00e5llet p\u00e5 denna webbplats. WheelTyre B.V. tar inget ansvar f\u00f6r n\u00e5gon direkt eller indirekt skada som uppst\u00e5r till f\u00f6ljd av anv\u00e4ndningen av [&hellip;]","og_url":"https:\/\/wheeltyre.com\/sv\/ansvarsfriskrivning\/","og_site_name":"WheelTyre","article_modified_time":"2026-01-29T08:24:21+00:00","twitter_card":"summary_large_image","twitter_misc":{"Ber\u00e4knad l\u00e4stid":"1 minut"},"schema":{"@context":"https:\/\/schema.org","@graph":[{"@type":"WebPage","@id":"https:\/\/wheeltyre.com\/sv\/ansvarsfriskrivning\/","url":"https:\/\/wheeltyre.com\/sv\/ansvarsfriskrivning\/","name":"Ansvarsfriskrivning - WheelTyre","isPartOf":{"@id":"https:\/\/wheeltyre.com\/sv\/#website"},"datePublished":"2025-10-08T09:36:51+00:00","dateModified":"2026-01-29T08:24:21+00:00","breadcrumb":{"@id":"https:\/\/wheeltyre.com\/sv\/ansvarsfriskrivning\/#breadcrumb"},"inLanguage":"sv-SE","potentialAction":[{"@type":"ReadAction","target":["https:\/\/wheeltyre.com\/sv\/ansvarsfriskrivning\/"]}]},{"@type":"BreadcrumbList","@id":"https:\/\/wheeltyre.com\/sv\/ansvarsfriskrivning\/#breadcrumb","itemListElement":[{"@type":"ListItem","position":1,"name":"Home","item":"https:\/\/wheeltyre.com\/sv\/"},{"@type":"ListItem","position":2,"name":"Ansvarsfriskrivning"}]},{"@type":"WebSite","@id":"https:\/\/wheeltyre.com\/sv\/#website","url":"https:\/\/wheeltyre.com\/sv\/","name":"WheelTyre","description":"One partner. Full service.","potentialAction":[{"@type":"SearchAction","target":{"@type":"EntryPoint","urlTemplate":"https:\/\/wheeltyre.com\/sv\/?s={search_term_string}"},"query-input":{"@type":"PropertyValueSpecification","valueRequired":true,"valueName":"search_term_string"}}],"inLanguage":"sv-SE"}]}},"_links":{"self":[{"href":"https:\/\/wheeltyre.com\/sv\/wp-json\/wp\/v2\/pages\/1135","targetHints":{"allow":["GET"]}}],"collection":[{"href":"https:\/\/wheeltyre.com\/sv\/wp-json\/wp\/v2\/pages"}],"about":[{"href":"https:\/\/wheeltyre.com\/sv\/wp-json\/wp\/v2\/types\/page"}],"author":[{"embeddable":true,"href":"https:\/\/wheeltyre.com\/sv\/wp-json\/wp\/v2\/users\/1"}],"replies":[{"embeddable":true,"href":"https:\/\/wheeltyre.com\/sv\/wp-json\/wp\/v2\/comments?post=1135"}],"version-history":[{"count":4,"href":"https:\/\/wheeltyre.com\/sv\/wp-json\/wp\/v2\/pages\/1135\/revisions"}],"predecessor-version":[{"id":1283,"href":"https:\/\/wheeltyre.com\/sv\/wp-json\/wp\/v2\/pages\/1135\/revisions\/1283"}],"wp:attachment":[{"href":"https:\/\/wheeltyre.com\/sv\/wp-json\/wp\/v2\/media?parent=1135"}],"wp:term":[{"taxonomy":"dipi_cpt_category","embeddable":true,"href":"https:\/\/wheeltyre.com\/sv\/wp-json\/wp\/v2\/dipi_cpt_category?post=1135"}],"curies":[{"name":"wp","href":"https:\/\/api.w.org\/{rel}","templated":true}]}}