{"id":2031,"date":"2025-10-06T08:11:37","date_gmt":"2025-10-06T08:11:37","guid":{"rendered":"https:\/\/wheeltyre.com\/over-wheeltyre\/"},"modified":"2026-01-30T12:52:30","modified_gmt":"2026-01-30T12:52:30","slug":"sobre-a-wheeltyre","status":"publish","type":"page","link":"https:\/\/wheeltyre.com\/pt-pt\/sobre-a-wheeltyre\/","title":{"rendered":"Sobre a WheelTyre"},"content":{"rendered":"<p>[et_pb_section fb_built=&#8221;1&#8243; admin_label=&#8221;Section&#8221; _builder_version=&#8221;4.27.5&#8243; _module_preset=&#8221;default&#8221; background_image=&#8221;https:\/\/wheeltyre.com\/wp-content\/uploads\/2026\/01\/wheeltyre-sobre-nos-pt.jpg&#8221; background_position=&#8221;top_center&#8221; background_vertical_offset=&#8221;19%&#8221; da_disable_devices=&#8221;off|off|off&#8221; global_colors_info=&#8221;{}&#8221; da_is_popup=&#8221;off&#8221; da_exit_intent=&#8221;off&#8221; da_has_close=&#8221;on&#8221; da_alt_close=&#8221;off&#8221; da_dark_close=&#8221;off&#8221; da_not_modal=&#8221;on&#8221; da_is_singular=&#8221;off&#8221; da_with_loader=&#8221;off&#8221; da_has_shadow=&#8221;on&#8221;][et_pb_row _builder_version=&#8221;4.27.4&#8243; _module_preset=&#8221;default&#8221; global_colors_info=&#8221;{}&#8221;][et_pb_column type=&#8221;4_4&#8243; _builder_version=&#8221;4.27.4&#8243; _module_preset=&#8221;default&#8221; global_colors_info=&#8221;{}&#8221;][et_pb_divider show_divider=&#8221;off&#8221; _builder_version=&#8221;4.27.4&#8243; _module_preset=&#8221;default&#8221; height=&#8221;194px&#8221; height_tablet=&#8221;194px&#8221; height_phone=&#8221;50px&#8221; height_last_edited=&#8221;on|phone&#8221; global_colors_info=&#8221;{}&#8221;][\/et_pb_divider][\/et_pb_column][\/et_pb_row][\/et_pb_section][et_pb_section fb_built=&#8221;1&#8243; admin_label=&#8221;Section&#8221; _builder_version=&#8221;4.27.4&#8243; _module_preset=&#8221;default&#8221; da_disable_devices=&#8221;off|off|off&#8221; global_colors_info=&#8221;{}&#8221; da_is_popup=&#8221;off&#8221; da_exit_intent=&#8221;off&#8221; da_has_close=&#8221;on&#8221; da_alt_close=&#8221;off&#8221; da_dark_close=&#8221;off&#8221; da_not_modal=&#8221;on&#8221; da_is_singular=&#8221;off&#8221; da_with_loader=&#8221;off&#8221; da_has_shadow=&#8221;on&#8221;][et_pb_row _builder_version=&#8221;4.27.4&#8243; _module_preset=&#8221;default&#8221; global_colors_info=&#8221;{}&#8221;][et_pb_column type=&#8221;4_4&#8243; _builder_version=&#8221;4.27.4&#8243; _module_preset=&#8221;default&#8221; global_colors_info=&#8221;{}&#8221;][et_pb_text _builder_version=&#8221;4.27.5&#8243; _module_preset=&#8221;default&#8221; text_line_height=&#8221;2em&#8221; header_2_text_color=&#8221;#08447e&#8221; header_2_font_size=&#8221;19px&#8221; header_3_text_color=&#8221;#08447e&#8221; header_3_font_size=&#8221;30px&#8221; header_5_font_size=&#8221;20px&#8221; header_5_line_height=&#8221;2.5em&#8221; global_colors_info=&#8221;{}&#8221;]<\/p>\n<h3>Sobre a WheelTyre<\/h3>\n<p>A WheelTyre apoia fabricantes e importadores de ve\u00edculos em toda a Europa, gerindo todo o processo operacional de pneus, jantes e conjuntos completos, desde o abastecimento at\u00e9 \u00e0 entrega. Com TI e relat\u00f3rios integrados, trabalhamos com conjuntos de dados partilhados e fornecemos aos parceiros as informa\u00e7\u00f5es certas no momento certo. Servi\u00e7os flex\u00edveis e um fluxo de fatura\u00e7\u00e3o claro tornam a colabora\u00e7\u00e3o simples.<\/p>\n<p>Com a nossa abordagem de servi\u00e7o completo, habilidade e atendimento personalizado, os parceiros podem contar com um fornecedor de confian\u00e7a para todos os pneus, conjuntos completos, jantes e servi\u00e7os relacionados. Isto permite que fabricantes, importadores e revendedores de ve\u00edculos se concentrem nas suas atividades principais, enquanto n\u00f3s cuidamos do resto.<\/p>\n<h5><b style=\"color: #08447e;\">ONE PARTNER. FULL SERVICE.<\/b><\/h5>\n<p>[\/et_pb_text][\/et_pb_column][\/et_pb_row][\/et_pb_section][et_pb_section fb_built=&#8221;1&#8243; admin_label=&#8221;Section&#8221; _builder_version=&#8221;4.27.4&#8243; _module_preset=&#8221;default&#8221; background_color=&#8221;#f7f7f7&#8243; custom_margin=&#8221;-30px||||false|false&#8221; da_disable_devices=&#8221;off|off|off&#8221; global_colors_info=&#8221;{}&#8221; da_is_popup=&#8221;off&#8221; da_exit_intent=&#8221;off&#8221; da_has_close=&#8221;on&#8221; da_alt_close=&#8221;off&#8221; da_dark_close=&#8221;off&#8221; da_not_modal=&#8221;on&#8221; da_is_singular=&#8221;off&#8221; da_with_loader=&#8221;off&#8221; da_has_shadow=&#8221;on&#8221;][et_pb_row _builder_version=&#8221;4.27.4&#8243; _module_preset=&#8221;default&#8221; global_colors_info=&#8221;{}&#8221;][et_pb_column type=&#8221;4_4&#8243; _builder_version=&#8221;4.27.4&#8243; _module_preset=&#8221;default&#8221; global_colors_info=&#8221;{}&#8221;][et_pb_text content_tablet=&#8221;<\/p>\n<h5>Benieuwd naar wat we doen?<\/h5>\n<p>&#8221; content_phone=&#8221;<\/p>\n<h5>Benieuwd naar<\/h5>\n<h5>wat we doen?<\/h5>\n<p>&#8221; content_last_edited=&#8221;on|phone&#8221; _builder_version=&#8221;4.27.5&#8243; _module_preset=&#8221;default&#8221; text_line_height=&#8221;2.2em&#8221; header_2_text_color=&#8221;#08447e&#8221; header_2_font_size=&#8221;19px&#8221; header_3_text_color=&#8221;#08447e&#8221; header_3_font_size=&#8221;30px&#8221; header_5_text_color=&#8221;#08447e&#8221; header_5_font_size=&#8221;30px&#8221; text_orientation=&#8221;center&#8221; custom_margin=&#8221;||15px||false|false&#8221; header_5_font_size_tablet=&#8221;30px&#8221; header_5_font_size_phone=&#8221;25px&#8221; header_5_font_size_last_edited=&#8221;on|phone&#8221; header_5_line_height_tablet=&#8221;&#8221; header_5_line_height_phone=&#8221;0.7em&#8221; header_5_line_height_last_edited=&#8221;on|phone&#8221; global_colors_info=&#8221;{}&#8221;]<\/p>\n<h5>Est\u00e1 curioso sobre como trabalhamos?<\/h5>\n<p><em>Descubra a nossa abordagem de servi\u00e7o completo.<\/em><\/p>\n<p><em> <\/em><\/p>\n<p><em><\/em><\/p>\n<p>[\/et_pb_text][et_pb_button button_url=&#8221;#video-WHT&#8221; button_text=&#8221;Veja o nosso v\u00eddeo&#8221; button_alignment=&#8221;center&#8221; _builder_version=&#8221;4.27.5&#8243; _module_preset=&#8221;default&#8221; custom_button=&#8221;on&#8221; button_text_size=&#8221;17px&#8221; button_text_color=&#8221;#FFFFFF&#8221; button_bg_color=&#8221;#f9af15&#8243; button_border_width=&#8221;0px&#8221; button_border_radius=&#8221;7px&#8221; button_icon=&#8221;&#x49;||divi||400&#8243; button_icon_placement=&#8221;left&#8221; button_on_hover=&#8221;off&#8221; custom_padding=&#8221;|60px||60px|false|true&#8221; global_colors_info=&#8221;{}&#8221; button_bg_color__hover_enabled=&#8221;on|hover&#8221; button_bg_color__hover=&#8221;#f49f19&#8243; button_bg_enable_color__hover=&#8221;on&#8221;][\/et_pb_button][\/et_pb_column][\/et_pb_row][\/et_pb_section][et_pb_section fb_built=&#8221;1&#8243; admin_label=&#8221;Popup &#8211; #video-WHT&#8221; module_id=&#8221;video-WHT&#8221; module_class=&#8221;popup&#8221; _builder_version=&#8221;4.27.4&#8243; _module_preset=&#8221;default&#8221; background_color=&#8221;#08447e&#8221; use_background_color_gradient=&#8221;on&#8221; background_color_gradient_stops=&#8221;rgba(8,68,126,0.9) 0%|rgba(8,68,126,0.9) 100%&#8221; background_enable_image=&#8221;off&#8221; width=&#8221;69%&#8221; custom_margin=&#8221;||||false|false&#8221; custom_padding=&#8221;30px||10px||false|false&#8221; da_is_popup=&#8221;on&#8221; da_popup_slug=&#8221;video-WHT&#8221; da_disable_devices=&#8221;off|off|off&#8221; border_radii=&#8221;on|20px|20px|20px|20px&#8221; global_colors_info=&#8221;{}&#8221; da_exit_intent=&#8221;off&#8221; da_has_close=&#8221;on&#8221; da_alt_close=&#8221;off&#8221; da_dark_close=&#8221;off&#8221; da_not_modal=&#8221;on&#8221; da_is_singular=&#8221;off&#8221; da_with_loader=&#8221;off&#8221; da_has_shadow=&#8221;on&#8221;][et_pb_row _builder_version=&#8221;4.27.4&#8243; _module_preset=&#8221;default&#8221; global_colors_info=&#8221;{}&#8221;][et_pb_column type=&#8221;4_4&#8243; _builder_version=&#8221;4.27.4&#8243; _module_preset=&#8221;default&#8221; global_colors_info=&#8221;{}&#8221;][et_pb_video src=&#8221;https:\/\/www.youtube.com\/watch?v=D5vawPI9-Is&#8221; _builder_version=&#8221;4.27.4&#8243; _module_preset=&#8221;default&#8221; global_colors_info=&#8221;{}&#8221;][\/et_pb_video][et_pb_text _builder_version=&#8221;4.27.5&#8243; _module_preset=&#8221;default&#8221; text_font=&#8221;|600|||||||&#8221; text_text_color=&#8221;#FFFFFF&#8221; text_orientation=&#8221;center&#8221; custom_margin=&#8221;||||false|false&#8221; custom_padding=&#8221;||||false|false&#8221; global_colors_info=&#8221;{}&#8221;]<\/p>\n<p>WheelTyre | V\u00eddeo corporativo<\/p>\n<p>[\/et_pb_text][\/et_pb_column][\/et_pb_row][\/et_pb_section][et_pb_section fb_built=&#8221;1&#8243; admin_label=&#8221;Section&#8221; _builder_version=&#8221;4.27.5&#8243; _module_preset=&#8221;default&#8221; background_image=&#8221;https:\/\/wheeltyre.com\/wp-content\/uploads\/2026\/01\/EU-cartao-pt.png&#8221; background_size=&#8221;custom&#8221; background_image_height=&#8221;100%&#8221; background_position=&#8221;bottom_right&#8221; height=&#8221;725px&#8221; height_tablet=&#8221;725px&#8221; height_phone=&#8221;auto&#8221; height_last_edited=&#8221;on|phone&#8221; custom_margin=&#8221;0px||||false|false&#8221; custom_padding=&#8221;0px||||false|false&#8221; background_last_edited=&#8221;on|phone&#8221; background_enable_image_phone=&#8221;off&#8221; da_disable_devices=&#8221;off|off|off&#8221; global_colors_info=&#8221;{}&#8221; da_is_popup=&#8221;off&#8221; da_exit_intent=&#8221;off&#8221; da_has_close=&#8221;on&#8221; da_alt_close=&#8221;off&#8221; da_dark_close=&#8221;off&#8221; da_not_modal=&#8221;on&#8221; da_is_singular=&#8221;off&#8221; da_with_loader=&#8221;off&#8221; da_has_shadow=&#8221;on&#8221;][et_pb_row column_structure=&#8221;1_2,1_2&#8243; custom_padding_last_edited=&#8221;on|phone&#8221; _builder_version=&#8221;4.27.4&#8243; _module_preset=&#8221;default&#8221; min_height_tablet=&#8221;&#8221; min_height_phone=&#8221;&#8221; min_height_last_edited=&#8221;on|phone&#8221; custom_margin_tablet=&#8221;&#8221; custom_margin_phone=&#8221;||||false|false&#8221; custom_margin_last_edited=&#8221;on|desktop&#8221; custom_padding_tablet=&#8221;&#8221; custom_padding_phone=&#8221;||0px||false|false&#8221; global_colors_info=&#8221;{}&#8221;][et_pb_column type=&#8221;1_2&#8243; _builder_version=&#8221;4.27.4&#8243; _module_preset=&#8221;default&#8221; global_colors_info=&#8221;{}&#8221;][et_pb_text _builder_version=&#8221;4.27.5&#8243; _module_preset=&#8221;default&#8221; text_line_height=&#8221;2em&#8221; header_2_text_color=&#8221;#08447e&#8221; header_2_font_size=&#8221;19px&#8221; header_3_text_color=&#8221;#08447e&#8221; header_3_font_size=&#8221;30px&#8221; custom_margin=&#8221;60px||||false|false&#8221; hover_enabled=&#8221;0&#8243; header_3_font_size_tablet=&#8221;30px&#8221; header_3_font_size_phone=&#8221;25px&#8221; header_3_font_size_last_edited=&#8221;on|phone&#8221; custom_css_free_form=&#8221;.et_pb_module table, ||.et_pb_module table td, ||.et_pb_module table th {||  border: none !important;||}||.dot {||  display: inline-block;||  width: 18px;||  height: 18px;||  border-radius: 50%;||}||.dot.orange {||  background-color: orange;||}||.dot.green {||  background-color: LimeGreen;||}&#8221; global_colors_info=&#8221;{}&#8221; content_last_edited=&#8221;on|phone&#8221; sticky_enabled=&#8221;0&#8243; content_phone=&#8221;<\/p>\n<h3>Rede europeia<\/h3>\n<p>Com sede nos Pa\u00edses Baixos, a WheelTyre orgulha-se de servir clientes em toda a Europa. Atrav\u00e9s de uma forte rede log\u00edstica, experi\u00eancia local e suporte multilingue, garantimos que todas as entregas chegam ao seu destino de forma r\u00e1pida e fi\u00e1vel.<\/p>\n<p>&nbsp;<\/p>\n<table style=%22border-collapse: collapse; width: 100%;%22>\n<tbody>\n<tr>\n<td style=%22width: 10%; border: none; vertical-align: top; padding: 5px;%22><i style=%22color: #f9af15;%22 class=%22fa-solid fa-check%22><\/i><\/td>\n<td style=%22width: 90%; border: none; padding: 5px;%22>Rede europeia de armaz\u00e9ns e linhas de montagem<\/td>\n<\/tr>\n<tr>\n<td style=%22width: 10%; border: none; vertical-align: top; padding: 5px;%22><i style=%22color: #f9af15;%22 class=%22fa-solid fa-check%22><\/i><\/td>\n<td style=%22width: 90%; border: none; padding: 5px;%22>Um parceiro para pneus, jantes, conjuntos completos e servi\u00e7os relacionados<\/td>\n<\/tr>\n<tr>\n<td style=%22width: 10%; border: none; vertical-align: top; padding: 5px;%22><i style=%22color: #f9af15;%22 class=%22fa-solid fa-check%22><\/i><\/td>\n<td style=%22width: 90%; border: none; padding: 5px;%22>Entrega r\u00e1pida na UE<\/td>\n<\/tr>\n<tr>\n<td style=%22width: 10%; border: none; vertical-align: top; padding: 5px;%22><i style=%22color: #f9af15;%22 class=%22fa-solid fa-check%22><\/i><\/td>\n<td style=%22width: 90%; border: none; padding: 5px;%22>Apoio ao cliente e suporte de vendas multilingue<\/td>\n<\/tr>\n<tr>\n<td style=%22width: 10%; border: none; vertical-align: top; padding: 5px;%22><i style=%22color: #f9af15;%22 class=%22fa-solid fa-check%22><\/i><\/td>\n<td style=%22width: 90%; border: none; padding: 5px;%22>Rede de distribui\u00e7\u00e3o em 26 pa\u00edses, incluindo mercados de exporta\u00e7\u00e3o<\/td>\n<\/tr>\n<tr>\n<td style=%22width: 10%; border: none; vertical-align: top; padding: 5px;%22><\/td>\n<td style=%22width: 90%; border: none; padding: 5px;%22><\/td>\n<\/tr>\n<\/tbody>\n<\/table>\n<p>&#8221; content_tablet=&#8221;<\/p>\n<h3>Rede europeia<\/h3>\n<p>Com sede nos Pa\u00edses Baixos, a WheelTyre orgulha-se de servir clientes em toda a Europa. Atrav\u00e9s de uma forte rede log\u00edstica, experi\u00eancia local e suporte multilingue, garantimos que todas as entregas chegam ao seu destino de forma r\u00e1pida e fi\u00e1vel.<\/p>\n<p>&nbsp;<\/p>\n<table style=%22border-collapse: collapse; width: 100%;%22>\n<tbody>\n<tr>\n<td style=%22width: 10%; border: none; vertical-align: top; padding: 5px;%22><i style=%22color: #f9af15;%22 class=%22fa-solid fa-check%22><\/i><\/td>\n<td style=%22width: 90%; border: none; padding: 5px;%22>Rede europeia de armaz\u00e9ns e linhas de montagem<\/td>\n<\/tr>\n<tr>\n<td style=%22width: 10%; border: none; vertical-align: top; padding: 5px;%22><i style=%22color: #f9af15;%22 class=%22fa-solid fa-check%22><\/i><\/td>\n<td style=%22width: 90%; border: none; padding: 5px;%22>Um parceiro para pneus, jantes, conjuntos completos e servi\u00e7os relacionados<\/td>\n<\/tr>\n<tr>\n<td style=%22width: 10%; border: none; vertical-align: top; padding: 5px;%22><i style=%22color: #f9af15;%22 class=%22fa-solid fa-check%22><\/i><\/td>\n<td style=%22width: 90%; border: none; padding: 5px;%22>Entrega r\u00e1pida na UE<\/td>\n<\/tr>\n<tr>\n<td style=%22width: 10%; border: none; vertical-align: top; padding: 5px;%22><i style=%22color: #f9af15;%22 class=%22fa-solid fa-check%22><\/i><\/td>\n<td style=%22width: 90%; border: none; padding: 5px;%22>Apoio ao cliente e suporte de vendas multilingue<\/td>\n<\/tr>\n<tr>\n<td style=%22width: 10%; border: none; vertical-align: top; padding: 5px;%22><i style=%22color: #f9af15;%22 class=%22fa-solid fa-check%22><\/i><\/td>\n<td style=%22width: 90%; border: none; padding: 5px;%22>Rede de distribui\u00e7\u00e3o em 26 pa\u00edses, incluindo mercados de exporta\u00e7\u00e3o<\/td>\n<\/tr>\n<tr>\n<td style=%22width: 10%; border: none; vertical-align: top; padding: 5px;%22><\/td>\n<td style=%22width: 90%; border: none; padding: 5px;%22><\/td>\n<\/tr>\n<\/tbody>\n<\/table>\n<table style=%22border-collapse: collapse; width: 100%;%22>\n<tbody>\n<tr>\n<td style=%22width: 1%; border: none; padding: 5px; vertical-align: middle;%22><span class=%22dot orange%22><\/span><\/td>\n<td style=%22width: 20%; border: none; padding: 5px; vertical-align: middle; color: orange;%22>Armaz\u00e9m<\/td>\n<td style=%22width: 1%; border: none; padding: 5px; vertical-align: middle;%22><span class=%22dot green%22><\/span><\/td>\n<td style=%22width: 25%; border: none; padding: 5px; vertical-align: middle; color: limegreen;%22>Linha de montagem<\/td>\n<\/tr>\n<\/tbody>\n<\/table>\n<p>&#8220;]<\/p>\n<h3>Rede europeia<\/h3>\n<p>Com sede nos Pa\u00edses Baixos, a WheelTyre orgulha-se de servir clientes em toda a Europa. Atrav\u00e9s de uma forte rede log\u00edstica, experi\u00eancia local e suporte multilingue, garantimos que todas as entregas chegam ao seu destino de forma r\u00e1pida e fi\u00e1vel.<\/p>\n<p>&nbsp;<\/p>\n<table style=\"border-collapse: collapse; width: 100%;\">\n<tbody>\n<tr>\n<td style=\"width: 10%; border: none; vertical-align: top; padding: 5px;\"><i style=\"color: #f9af15;\" class=\"fa-solid fa-check\"><\/i><\/td>\n<td style=\"width: 90%; border: none; padding: 5px;\">Rede europeia de armaz\u00e9ns e linhas de montagem<\/td>\n<\/tr>\n<tr>\n<td style=\"width: 10%; border: none; vertical-align: top; padding: 5px;\"><i style=\"color: #f9af15;\" class=\"fa-solid fa-check\"><\/i><\/td>\n<td style=\"width: 90%; border: none; padding: 5px;\">Um parceiro para pneus, jantes, conjuntos completos e servi\u00e7os relacionados<\/td>\n<\/tr>\n<tr>\n<td style=\"width: 10%; border: none; vertical-align: top; padding: 5px;\"><i style=\"color: #f9af15;\" class=\"fa-solid fa-check\"><\/i><\/td>\n<td style=\"width: 90%; border: none; padding: 5px;\">Entrega r\u00e1pida na UE<\/td>\n<\/tr>\n<tr>\n<td style=\"width: 10%; border: none; vertical-align: top; padding: 5px;\"><i style=\"color: #f9af15;\" class=\"fa-solid fa-check\"><\/i><\/td>\n<td style=\"width: 90%; border: none; padding: 5px;\">Apoio ao cliente e suporte de vendas multilingue<\/td>\n<\/tr>\n<tr>\n<td style=\"width: 10%; border: none; vertical-align: top; padding: 5px;\"><i style=\"color: #f9af15;\" class=\"fa-solid fa-check\"><\/i><\/td>\n<td style=\"width: 90%; border: none; padding: 5px;\">Rede de distribui\u00e7\u00e3o em 26 pa\u00edses, incluindo mercados de exporta\u00e7\u00e3o<\/td>\n<\/tr>\n<tr>\n<td style=\"width: 10%; border: none; vertical-align: top; padding: 5px;\"><\/td>\n<td style=\"width: 90%; border: none; padding: 5px;\"><\/td>\n<\/tr>\n<\/tbody>\n<\/table>\n<table style=\"border-collapse: collapse; width: 100%;\">\n<tbody>\n<tr>\n<td style=\"width: 1%; border: none; padding: 5px; vertical-align: middle;\"><span class=\"dot orange\"><\/span><\/td>\n<td style=\"width: 20%; border: none; padding: 5px; vertical-align: middle; color: orange;\">Armaz\u00e9m<\/td>\n<td style=\"width: 1%; border: none; padding: 5px; vertical-align: middle;\"><span class=\"dot green\"><\/span><\/td>\n<td style=\"width: 25%; border: none; padding: 5px; vertical-align: middle; color: limegreen;\">Linha de montagem<\/td>\n<\/tr>\n<\/tbody>\n<\/table>\n<p>[\/et_pb_text][\/et_pb_column][et_pb_column type=&#8221;1_2&#8243; _builder_version=&#8221;4.27.4&#8243; _module_preset=&#8221;default&#8221; global_colors_info=&#8221;{}&#8221;][\/et_pb_column][\/et_pb_row][\/et_pb_section]<\/p>\n","protected":false},"excerpt":{"rendered":"<p>Sobre a WheelTyre A WheelTyre apoia fabricantes e importadores de ve\u00edculos em toda a Europa, gerindo todo o processo operacional de pneus, jantes e conjuntos completos, desde o abastecimento at\u00e9 \u00e0 entrega. Com TI e relat\u00f3rios integrados, trabalhamos com conjuntos de dados partilhados e fornecemos aos parceiros as informa\u00e7\u00f5es certas no momento certo. Servi\u00e7os flex\u00edveis [&hellip;]<\/p>\n","protected":false},"author":1,"featured_media":0,"parent":0,"menu_order":0,"comment_status":"closed","ping_status":"closed","template":"","meta":{"_et_pb_use_builder":"on","_et_pb_old_content":"","_et_gb_content_width":"","footnotes":""},"dipi_cpt_category":[],"class_list":["post-2031","page","type-page","status-publish","hentry"],"yoast_head":"<!-- This site is optimized with the Yoast SEO plugin v27.1.1 - https:\/\/yoast.com\/product\/yoast-seo-wordpress\/ -->\n<title>Sobre a WheelTyre - WheelTyre<\/title>\n<meta name=\"description\" content=\"Fazemos a diferen\u00e7a para fabricantes e importadores de autom\u00f3veis, gerindo integralmente o processo relacionado com pneus, jantes e conjuntos completos.\" \/>\n<meta name=\"robots\" content=\"index, follow, max-snippet:-1, max-image-preview:large, max-video-preview:-1\" \/>\n<link rel=\"canonical\" href=\"https:\/\/wheeltyre.com\/pt-pt\/sobre-a-wheeltyre\/\" \/>\n<meta property=\"og:locale\" content=\"pt_PT\" \/>\n<meta property=\"og:type\" content=\"article\" \/>\n<meta property=\"og:title\" content=\"Sobre a WheelTyre - WheelTyre\" \/>\n<meta property=\"og:description\" content=\"Fazemos a diferen\u00e7a para fabricantes e importadores de autom\u00f3veis, gerindo integralmente o processo relacionado com pneus, jantes e conjuntos completos.\" \/>\n<meta property=\"og:url\" content=\"https:\/\/wheeltyre.com\/pt-pt\/sobre-a-wheeltyre\/\" \/>\n<meta property=\"og:site_name\" content=\"WheelTyre\" \/>\n<meta property=\"article:modified_time\" content=\"2026-01-30T12:52:30+00:00\" \/>\n<meta name=\"twitter:card\" content=\"summary_large_image\" \/>\n<meta name=\"twitter:label1\" content=\"Tempo estimado de leitura\" \/>\n\t<meta name=\"twitter:data1\" content=\"2 minutos\" \/>\n<script type=\"application\/ld+json\" class=\"yoast-schema-graph\">{\"@context\":\"https:\/\/schema.org\",\"@graph\":[{\"@type\":\"WebPage\",\"@id\":\"https:\/\/wheeltyre.com\/pt-pt\/sobre-a-wheeltyre\/\",\"url\":\"https:\/\/wheeltyre.com\/pt-pt\/sobre-a-wheeltyre\/\",\"name\":\"Sobre a WheelTyre - WheelTyre\",\"isPartOf\":{\"@id\":\"https:\/\/wheeltyre.com\/pt-pt\/#website\"},\"datePublished\":\"2025-10-06T08:11:37+00:00\",\"dateModified\":\"2026-01-30T12:52:30+00:00\",\"description\":\"Fazemos a diferen\u00e7a para fabricantes e importadores de autom\u00f3veis, gerindo integralmente o processo relacionado com pneus, jantes e conjuntos completos.\",\"breadcrumb\":{\"@id\":\"https:\/\/wheeltyre.com\/pt-pt\/sobre-a-wheeltyre\/#breadcrumb\"},\"inLanguage\":\"pt-PT\",\"potentialAction\":[{\"@type\":\"ReadAction\",\"target\":[\"https:\/\/wheeltyre.com\/pt-pt\/sobre-a-wheeltyre\/\"]}]},{\"@type\":\"BreadcrumbList\",\"@id\":\"https:\/\/wheeltyre.com\/pt-pt\/sobre-a-wheeltyre\/#breadcrumb\",\"itemListElement\":[{\"@type\":\"ListItem\",\"position\":1,\"name\":\"Home\",\"item\":\"https:\/\/wheeltyre.com\/pt-pt\/\"},{\"@type\":\"ListItem\",\"position\":2,\"name\":\"Sobre a WheelTyre\"}]},{\"@type\":\"WebSite\",\"@id\":\"https:\/\/wheeltyre.com\/pt-pt\/#website\",\"url\":\"https:\/\/wheeltyre.com\/pt-pt\/\",\"name\":\"WheelTyre\",\"description\":\"One partner. Full service.\",\"potentialAction\":[{\"@type\":\"SearchAction\",\"target\":{\"@type\":\"EntryPoint\",\"urlTemplate\":\"https:\/\/wheeltyre.com\/pt-pt\/?s={search_term_string}\"},\"query-input\":{\"@type\":\"PropertyValueSpecification\",\"valueRequired\":true,\"valueName\":\"search_term_string\"}}],\"inLanguage\":\"pt-PT\"}]}<\/script>\n<!-- \/ Yoast SEO plugin. -->","yoast_head_json":{"title":"Sobre a WheelTyre - WheelTyre","description":"Fazemos a diferen\u00e7a para fabricantes e importadores de autom\u00f3veis, gerindo integralmente o processo relacionado com pneus, jantes e conjuntos completos.","robots":{"index":"index","follow":"follow","max-snippet":"max-snippet:-1","max-image-preview":"max-image-preview:large","max-video-preview":"max-video-preview:-1"},"canonical":"https:\/\/wheeltyre.com\/pt-pt\/sobre-a-wheeltyre\/","og_locale":"pt_PT","og_type":"article","og_title":"Sobre a WheelTyre - WheelTyre","og_description":"Fazemos a diferen\u00e7a para fabricantes e importadores de autom\u00f3veis, gerindo integralmente o processo relacionado com pneus, jantes e conjuntos completos.","og_url":"https:\/\/wheeltyre.com\/pt-pt\/sobre-a-wheeltyre\/","og_site_name":"WheelTyre","article_modified_time":"2026-01-30T12:52:30+00:00","twitter_card":"summary_large_image","twitter_misc":{"Tempo estimado de leitura":"2 minutos"},"schema":{"@context":"https:\/\/schema.org","@graph":[{"@type":"WebPage","@id":"https:\/\/wheeltyre.com\/pt-pt\/sobre-a-wheeltyre\/","url":"https:\/\/wheeltyre.com\/pt-pt\/sobre-a-wheeltyre\/","name":"Sobre a WheelTyre - WheelTyre","isPartOf":{"@id":"https:\/\/wheeltyre.com\/pt-pt\/#website"},"datePublished":"2025-10-06T08:11:37+00:00","dateModified":"2026-01-30T12:52:30+00:00","description":"Fazemos a diferen\u00e7a para fabricantes e importadores de autom\u00f3veis, gerindo integralmente o processo relacionado com pneus, jantes e conjuntos completos.","breadcrumb":{"@id":"https:\/\/wheeltyre.com\/pt-pt\/sobre-a-wheeltyre\/#breadcrumb"},"inLanguage":"pt-PT","potentialAction":[{"@type":"ReadAction","target":["https:\/\/wheeltyre.com\/pt-pt\/sobre-a-wheeltyre\/"]}]},{"@type":"BreadcrumbList","@id":"https:\/\/wheeltyre.com\/pt-pt\/sobre-a-wheeltyre\/#breadcrumb","itemListElement":[{"@type":"ListItem","position":1,"name":"Home","item":"https:\/\/wheeltyre.com\/pt-pt\/"},{"@type":"ListItem","position":2,"name":"Sobre a WheelTyre"}]},{"@type":"WebSite","@id":"https:\/\/wheeltyre.com\/pt-pt\/#website","url":"https:\/\/wheeltyre.com\/pt-pt\/","name":"WheelTyre","description":"One partner. Full service.","potentialAction":[{"@type":"SearchAction","target":{"@type":"EntryPoint","urlTemplate":"https:\/\/wheeltyre.com\/pt-pt\/?s={search_term_string}"},"query-input":{"@type":"PropertyValueSpecification","valueRequired":true,"valueName":"search_term_string"}}],"inLanguage":"pt-PT"}]}},"_links":{"self":[{"href":"https:\/\/wheeltyre.com\/pt-pt\/wp-json\/wp\/v2\/pages\/2031","targetHints":{"allow":["GET"]}}],"collection":[{"href":"https:\/\/wheeltyre.com\/pt-pt\/wp-json\/wp\/v2\/pages"}],"about":[{"href":"https:\/\/wheeltyre.com\/pt-pt\/wp-json\/wp\/v2\/types\/page"}],"author":[{"embeddable":true,"href":"https:\/\/wheeltyre.com\/pt-pt\/wp-json\/wp\/v2\/users\/1"}],"replies":[{"embeddable":true,"href":"https:\/\/wheeltyre.com\/pt-pt\/wp-json\/wp\/v2\/comments?post=2031"}],"version-history":[{"count":5,"href":"https:\/\/wheeltyre.com\/pt-pt\/wp-json\/wp\/v2\/pages\/2031\/revisions"}],"predecessor-version":[{"id":2301,"href":"https:\/\/wheeltyre.com\/pt-pt\/wp-json\/wp\/v2\/pages\/2031\/revisions\/2301"}],"wp:attachment":[{"href":"https:\/\/wheeltyre.com\/pt-pt\/wp-json\/wp\/v2\/media?parent=2031"}],"wp:term":[{"taxonomy":"dipi_cpt_category","embeddable":true,"href":"https:\/\/wheeltyre.com\/pt-pt\/wp-json\/wp\/v2\/dipi_cpt_category?post=2031"}],"curies":[{"name":"wp","href":"https:\/\/api.w.org\/{rel}","templated":true}]}}