{"id":2027,"date":"2025-10-06T08:13:10","date_gmt":"2025-10-06T08:13:10","guid":{"rendered":"https:\/\/wheeltyre.com\/full-service\/"},"modified":"2026-01-30T12:34:36","modified_gmt":"2026-01-30T12:34:36","slug":"servico-completo","status":"publish","type":"page","link":"https:\/\/wheeltyre.com\/pt-pt\/servico-completo\/","title":{"rendered":"Servi\u00e7o completo"},"content":{"rendered":"<p>[et_pb_section fb_built=&#8221;1&#8243; _builder_version=&#8221;4.27.5&#8243; _module_preset=&#8221;default&#8221; background_image=&#8221;https:\/\/wheeltyre.com\/wp-content\/uploads\/2026\/01\/wheeltyre-servico-completo-pt.jpg&#8221; background_position=&#8221;bottom_center&#8221; da_disable_devices=&#8221;off|off|off&#8221; global_colors_info=&#8221;{}&#8221; da_is_popup=&#8221;off&#8221; da_exit_intent=&#8221;off&#8221; da_has_close=&#8221;on&#8221; da_alt_close=&#8221;off&#8221; da_dark_close=&#8221;off&#8221; da_not_modal=&#8221;on&#8221; da_is_singular=&#8221;off&#8221; da_with_loader=&#8221;off&#8221; da_has_shadow=&#8221;on&#8221;][et_pb_row _builder_version=&#8221;4.27.4&#8243; _module_preset=&#8221;default&#8221; global_colors_info=&#8221;{}&#8221;][et_pb_column type=&#8221;4_4&#8243; _builder_version=&#8221;4.27.4&#8243; _module_preset=&#8221;default&#8221; global_colors_info=&#8221;{}&#8221;][et_pb_divider show_divider=&#8221;off&#8221; _builder_version=&#8221;4.27.4&#8243; _module_preset=&#8221;default&#8221; height=&#8221;194px&#8221; height_tablet=&#8221;194px&#8221; height_phone=&#8221;50px&#8221; height_last_edited=&#8221;on|phone&#8221; global_colors_info=&#8221;{}&#8221;][\/et_pb_divider][\/et_pb_column][\/et_pb_row][\/et_pb_section][et_pb_section fb_built=&#8221;1&#8243; _builder_version=&#8221;4.27.4&#8243; _module_preset=&#8221;default&#8221; da_disable_devices=&#8221;off|off|off&#8221; global_colors_info=&#8221;{}&#8221; da_is_popup=&#8221;off&#8221; da_exit_intent=&#8221;off&#8221; da_has_close=&#8221;on&#8221; da_alt_close=&#8221;off&#8221; da_dark_close=&#8221;off&#8221; da_not_modal=&#8221;on&#8221; da_is_singular=&#8221;off&#8221; da_with_loader=&#8221;off&#8221; da_has_shadow=&#8221;on&#8221;][et_pb_row _builder_version=&#8221;4.27.4&#8243; _module_preset=&#8221;default&#8221; global_colors_info=&#8221;{}&#8221;][et_pb_column type=&#8221;4_4&#8243; _builder_version=&#8221;4.27.4&#8243; _module_preset=&#8221;default&#8221; global_colors_info=&#8221;{}&#8221;][et_pb_text _builder_version=&#8221;4.27.5&#8243; _module_preset=&#8221;default&#8221; text_line_height=&#8221;2em&#8221; header_2_text_color=&#8221;#08447e&#8221; header_2_font_size=&#8221;19px&#8221; header_3_text_color=&#8221;#08447e&#8221; header_3_font_size=&#8221;30px&#8221; global_colors_info=&#8221;{}&#8221;]<\/p>\n<h3>A nossa abordagem de servi\u00e7o completo<\/h3>\n<p>A WheelTyre apoia fabricantes e importadores de ve\u00edculos com solu\u00e7\u00f5es completas para pneus, jantes e combina\u00e7\u00f5es de jantes e pneus totalmente montadas. Desde pneus premium e jantes de qualidade a conjuntos totalmente montados, fornecemos produtos que cumprem elevados padr\u00f5es de seguran\u00e7a, desempenho e apar\u00eancia.<\/p>\n<p>Tamb\u00e9m prestamos servi\u00e7os adicionais, tais como armazenamento e recompra de excedentes. Isto permite-nos aliviar o trabalho dos nossos parceiros e manter a clareza e o controlo ao longo de todo o processo.<\/p>\n<p>[\/et_pb_text][\/et_pb_column][\/et_pb_row][et_pb_row column_structure=&#8221;1_2,1_2&#8243; make_equal=&#8221;on&#8221; _builder_version=&#8221;4.27.4&#8243; _module_preset=&#8221;default&#8221; global_colors_info=&#8221;{}&#8221;][et_pb_column type=&#8221;1_2&#8243; _builder_version=&#8221;4.27.4&#8243; _module_preset=&#8221;default&#8221; global_colors_info=&#8221;{}&#8221;][et_pb_image src=&#8221;https:\/\/wheeltyre.com\/wp-content\/uploads\/2026\/01\/wheeltyre-conjuntos-completos-pt.jpg&#8221; alt=&#8221;Montagem de conjuntos completos na WheelTyre&#8221; title_text=&#8221;Montagem de conjuntos completos na WheelTyre&#8221; _builder_version=&#8221;4.27.5&#8243; _module_preset=&#8221;default&#8221; border_radii=&#8221;on|20px|20px|20px|20px&#8221; global_colors_info=&#8221;{}&#8221;][\/et_pb_image][\/et_pb_column][et_pb_column type=&#8221;1_2&#8243; _builder_version=&#8221;4.27.4&#8243; _module_preset=&#8221;default&#8221; global_colors_info=&#8221;{}&#8221;][et_pb_text _builder_version=&#8221;4.27.5&#8243; _module_preset=&#8221;default&#8221; text_line_height=&#8221;2em&#8221; header_3_text_color=&#8221;#08447e&#8221; custom_css_free_form=&#8221;.et_pb_module table, ||.et_pb_module table td, ||.et_pb_module table th {||  border: none !important;||}||&#8221; global_colors_info=&#8221;{}&#8221;]<\/p>\n<h3>Montagem de conjuntos completos<\/h3>\n<p>A WheelTyre monta combina\u00e7\u00f5es completas de jantes e pneus, tais como conjuntos de inverno, conjuntos de ver\u00e3o e conjuntos para todas as esta\u00e7\u00f5es, que est\u00e3o prontos para serem montados diretamente no ve\u00edculo. Com a nossa Linha de Montagem Autom\u00e1tica (LMA), oferecemos ampla capacidade e trabalhamos de acordo com padr\u00f5es de qualidade definidos.<\/p>\n<p>As orienta\u00e7\u00f5es de montagem s\u00e3o acordadas com os nossos clientes e transferidas digitalmente para a LMA, garantindo que cada conjunto seja montado exatamente de acordo com as especifica\u00e7\u00f5es acordadas. Esta linha \u00e9 fundamental para os nossos servi\u00e7os e permite a entrega atempada para fabricantes e importadores de ve\u00edculos em toda a Europa. A nossa rede log\u00edstica abrange mais de 23 pa\u00edses, incluindo mercados de exporta\u00e7\u00e3o, e \u00e9 gerida pela nossa equipa interna de planeamento de transportes.<\/p>\n<p>[\/et_pb_text][\/et_pb_column][\/et_pb_row][\/et_pb_section][et_pb_section fb_built=&#8221;1&#8243; _builder_version=&#8221;4.27.4&#8243; _module_preset=&#8221;default&#8221; background_color=&#8221;#f7f7f7&#8243; custom_margin=&#8221;||||false|false&#8221; da_disable_devices=&#8221;off|off|off&#8221; global_colors_info=&#8221;{}&#8221; da_is_popup=&#8221;off&#8221; da_exit_intent=&#8221;off&#8221; da_has_close=&#8221;on&#8221; da_alt_close=&#8221;off&#8221; da_dark_close=&#8221;off&#8221; da_not_modal=&#8221;on&#8221; da_is_singular=&#8221;off&#8221; da_with_loader=&#8221;off&#8221; da_has_shadow=&#8221;on&#8221;][et_pb_row column_structure=&#8221;1_2,1_2&#8243; make_equal=&#8221;on&#8221; _builder_version=&#8221;4.27.4&#8243; _module_preset=&#8221;default&#8221; global_colors_info=&#8221;{}&#8221;][et_pb_column type=&#8221;1_2&#8243; _builder_version=&#8221;4.27.4&#8243; _module_preset=&#8221;default&#8221; global_colors_info=&#8221;{}&#8221;][et_pb_text _builder_version=&#8221;4.27.5&#8243; _module_preset=&#8221;default&#8221; text_line_height=&#8221;2em&#8221; header_3_text_color=&#8221;#08447e&#8221; custom_css_free_form=&#8221;.et_pb_module table, ||.et_pb_module table td, ||.et_pb_module table th {||  border: none !important;||}||&#8221; global_colors_info=&#8221;{}&#8221;]<\/p>\n<h3>Distribui\u00e7\u00e3o de pneus individuais<\/h3>\n<p>Gerimos o abastecimento, armazenamento e distribui\u00e7\u00e3o de pneus para as principais marcas autom\u00f3veis europeias. Desde pneus de ver\u00e3o e inverno a op\u00e7\u00f5es para todas as esta\u00e7\u00f5es, garantimos que o pneu certo est\u00e1 dispon\u00edvel no momento certo e no local certo.<\/p>\n<p>A WheelTyre \u00e9 multimarcas e fornece todas as marcas de pneus atrav\u00e9s de uma \u00fanica rela\u00e7\u00e3o contratual e um \u00fanico fluxo de fatura\u00e7\u00e3o. Os nossos servi\u00e7os est\u00e3o alinhados com os processos dos nossos clientes e integrados na sua cadeia de abastecimento.<\/p>\n<p>[\/et_pb_text][\/et_pb_column][et_pb_column type=&#8221;1_2&#8243; _builder_version=&#8221;4.27.4&#8243; _module_preset=&#8221;default&#8221; global_colors_info=&#8221;{}&#8221;][et_pb_image src=&#8221;https:\/\/wheeltyre.com\/wp-content\/uploads\/2026\/01\/wheeltyre-pneus-distribuicao-pt.jpg&#8221; alt=&#8221;Distribui\u00e7\u00e3o&#8221; title_text=&#8221;Distribui\u00e7\u00e3o&#8221; _builder_version=&#8221;4.27.5&#8243; _module_preset=&#8221;default&#8221; border_radii=&#8221;on|20px|20px|20px|20px&#8221; global_colors_info=&#8221;{}&#8221;][\/et_pb_image][\/et_pb_column][\/et_pb_row][\/et_pb_section][et_pb_section fb_built=&#8221;1&#8243; _builder_version=&#8221;4.27.4&#8243; _module_preset=&#8221;default&#8221; da_disable_devices=&#8221;off|off|off&#8221; global_colors_info=&#8221;{}&#8221; da_is_popup=&#8221;off&#8221; da_exit_intent=&#8221;off&#8221; da_has_close=&#8221;on&#8221; da_alt_close=&#8221;off&#8221; da_dark_close=&#8221;off&#8221; da_not_modal=&#8221;on&#8221; da_is_singular=&#8221;off&#8221; da_with_loader=&#8221;off&#8221; da_has_shadow=&#8221;on&#8221;][et_pb_row column_structure=&#8221;1_2,1_2&#8243; make_equal=&#8221;on&#8221; _builder_version=&#8221;4.27.4&#8243; _module_preset=&#8221;default&#8221; global_colors_info=&#8221;{}&#8221;][et_pb_column type=&#8221;1_2&#8243; _builder_version=&#8221;4.27.4&#8243; _module_preset=&#8221;default&#8221; global_colors_info=&#8221;{}&#8221;][et_pb_image src=&#8221;https:\/\/wheeltyre.com\/wp-content\/uploads\/2026\/01\/armazem-de-armazenamento-de-pneus-pt.jpg&#8221; alt=&#8221;Armaz\u00e9m WheelTyre&#8221; title_text=&#8221;Armaz\u00e9m WheelTyre&#8221; _builder_version=&#8221;4.27.5&#8243; _module_preset=&#8221;default&#8221; border_radii=&#8221;on|20px|20px|20px|20px&#8221; global_colors_info=&#8221;{}&#8221;][\/et_pb_image][\/et_pb_column][et_pb_column type=&#8221;1_2&#8243; _builder_version=&#8221;4.27.4&#8243; _module_preset=&#8221;default&#8221; global_colors_info=&#8221;{}&#8221;][et_pb_text _builder_version=&#8221;4.27.5&#8243; _module_preset=&#8221;default&#8221; text_line_height=&#8221;2em&#8221; header_3_text_color=&#8221;#08447e&#8221; custom_css_free_form=&#8221;.et_pb_module table, ||.et_pb_module table td, ||.et_pb_module table th {||  border: none !important;||}||&#8221; global_colors_info=&#8221;{}&#8221;]<\/p>\n<h3>Armazenamento<\/h3>\n<p>A WheelTyre oferece aos fabricantes e importadores de ve\u00edculos uma solu\u00e7\u00e3o fi\u00e1vel para o armazenamento de pneus, jantes, conjuntos completos de jantes e outros componentes. Todos os artigos s\u00e3o armazenados nos nossos armaz\u00e9ns de forma estruturada e de acordo com orienta\u00e7\u00f5es de qualidade definidas.<\/p>\n<p>Apoiamos todo o processo, desde o manuseamento de entrada e controlos de qualidade at\u00e9 ao armazenamento e sa\u00edda. Processos claros e suporte de TI tornam o armazenamento e a log\u00edstica f\u00e1ceis de gerir e transparentes.<\/p>\n<p>[\/et_pb_text][\/et_pb_column][\/et_pb_row][\/et_pb_section][et_pb_section fb_built=&#8221;1&#8243; _builder_version=&#8221;4.27.4&#8243; _module_preset=&#8221;default&#8221; background_color=&#8221;#f7f7f7&#8243; custom_margin=&#8221;||||false|false&#8221; da_disable_devices=&#8221;off|off|off&#8221; global_colors_info=&#8221;{}&#8221; da_is_popup=&#8221;off&#8221; da_exit_intent=&#8221;off&#8221; da_has_close=&#8221;on&#8221; da_alt_close=&#8221;off&#8221; da_dark_close=&#8221;off&#8221; da_not_modal=&#8221;on&#8221; da_is_singular=&#8221;off&#8221; da_with_loader=&#8221;off&#8221; da_has_shadow=&#8221;on&#8221;][et_pb_row column_structure=&#8221;1_2,1_2&#8243; make_equal=&#8221;on&#8221; _builder_version=&#8221;4.27.4&#8243; _module_preset=&#8221;default&#8221; global_colors_info=&#8221;{}&#8221;][et_pb_column type=&#8221;1_2&#8243; _builder_version=&#8221;4.27.4&#8243; _module_preset=&#8221;default&#8221; global_colors_info=&#8221;{}&#8221;][et_pb_text _builder_version=&#8221;4.27.5&#8243; _module_preset=&#8221;default&#8221; text_line_height=&#8221;2em&#8221; header_3_text_color=&#8221;#08447e&#8221; custom_css_free_form=&#8221;.et_pb_module table, ||.et_pb_module table td, ||.et_pb_module table th {||  border: none !important;||}||&#8221; global_colors_info=&#8221;{}&#8221;]<\/p>\n<h3>Recompra<\/h3>\n<p>A WheelTyre oferece aos parceiros uma solu\u00e7\u00e3o pr\u00e1tica para excesso de stock e stock morto. Adquirimos esses invent\u00e1rios diretamente e distribu\u00edmo-los atrav\u00e9s da nossa rede internacional. Isto ajuda a vender os produtos mais rapidamente, reduz os custos de armazenamento e remove o stock dos balan\u00e7os dos nossos parceiros.<\/p>\n<p>[\/et_pb_text][\/et_pb_column][et_pb_column type=&#8221;1_2&#8243; _builder_version=&#8221;4.27.4&#8243; _module_preset=&#8221;default&#8221; global_colors_info=&#8221;{}&#8221;][et_pb_image src=&#8221;https:\/\/wheeltyre.com\/wp-content\/uploads\/2026\/01\/wheeltyre-recompra-pt.jpg&#8221; alt=&#8221;WheelTyre Recompra&#8221; title_text=&#8221;WheelTyre Recompra&#8221; _builder_version=&#8221;4.27.5&#8243; _module_preset=&#8221;default&#8221; hover_enabled=&#8221;0&#8243; border_radii=&#8221;on|20px|20px|20px|20px&#8221; global_colors_info=&#8221;{}&#8221; sticky_enabled=&#8221;0&#8243;][\/et_pb_image][\/et_pb_column][\/et_pb_row][\/et_pb_section][et_pb_section fb_built=&#8221;1&#8243; _builder_version=&#8221;4.27.4&#8243; _module_preset=&#8221;default&#8221; da_disable_devices=&#8221;off|off|off&#8221; global_colors_info=&#8221;{}&#8221; da_is_popup=&#8221;off&#8221; da_exit_intent=&#8221;off&#8221; da_has_close=&#8221;on&#8221; da_alt_close=&#8221;off&#8221; da_dark_close=&#8221;off&#8221; da_not_modal=&#8221;on&#8221; da_is_singular=&#8221;off&#8221; da_with_loader=&#8221;off&#8221; da_has_shadow=&#8221;on&#8221;][et_pb_row column_structure=&#8221;1_2,1_2&#8243; make_equal=&#8221;on&#8221; _builder_version=&#8221;4.27.4&#8243; _module_preset=&#8221;default&#8221; global_colors_info=&#8221;{}&#8221;][et_pb_column type=&#8221;1_2&#8243; _builder_version=&#8221;4.27.4&#8243; _module_preset=&#8221;default&#8221; global_colors_info=&#8221;{}&#8221;][et_pb_image src=&#8221;https:\/\/wheeltyre.com\/wp-content\/uploads\/2026\/01\/servicos-de-pneus-pt.jpg&#8221; alt=&#8221;Servi\u00e7os adicionais&#8221; title_text=&#8221;Servi\u00e7os adicionais&#8221; _builder_version=&#8221;4.27.5&#8243; _module_preset=&#8221;default&#8221; border_radii=&#8221;on|20px|20px|20px|20px&#8221; global_colors_info=&#8221;{}&#8221;][\/et_pb_image][\/et_pb_column][et_pb_column type=&#8221;1_2&#8243; _builder_version=&#8221;4.27.4&#8243; _module_preset=&#8221;default&#8221; global_colors_info=&#8221;{}&#8221;][et_pb_text _builder_version=&#8221;4.27.5&#8243; _module_preset=&#8221;default&#8221; text_line_height=&#8221;2em&#8221; header_3_text_color=&#8221;#08447e&#8221; global_colors_info=&#8221;{}&#8221;]<\/p>\n<h3>Servi\u00e7os adicionais<\/h3>\n<p>Os nossos servi\u00e7os v\u00e3o al\u00e9m da montagem, distribui\u00e7\u00e3o e armazenamento. Atrav\u00e9s do WEBDIS, o nosso pr\u00f3prio sistema de encomendas online, os revendedores t\u00eam visibilidade em tempo real do stock dispon\u00edvel e podem fazer encomendas diretamente. Tamb\u00e9m oferecemos servi\u00e7os adicionais que simplificam as opera\u00e7\u00f5es di\u00e1rias, incluindo servi\u00e7os de sistema de monitoriza\u00e7\u00e3o da press\u00e3o dos pneus (SMPP), etiquetagem, embalagem personalizada e gest\u00e3o de invent\u00e1rio.<\/p>\n<p>A WheelTyre opera com processos certificados ISO e fornece acesso a todas as principais marcas de pneus na Europa. Isto torna o trabalho em conjunto claro, direto e fi\u00e1vel.<\/p>\n<p>[\/et_pb_text][\/et_pb_column][\/et_pb_row][\/et_pb_section]<\/p>\n","protected":false},"excerpt":{"rendered":"<p>A nossa abordagem de servi\u00e7o completo A WheelTyre apoia fabricantes e importadores de ve\u00edculos com solu\u00e7\u00f5es completas para pneus, jantes e combina\u00e7\u00f5es de jantes e pneus totalmente montadas. Desde pneus premium e jantes de qualidade a conjuntos totalmente montados, fornecemos produtos que cumprem elevados padr\u00f5es de seguran\u00e7a, desempenho e apar\u00eancia. Tamb\u00e9m prestamos servi\u00e7os adicionais, tais [&hellip;]<\/p>\n","protected":false},"author":1,"featured_media":0,"parent":0,"menu_order":0,"comment_status":"closed","ping_status":"closed","template":"","meta":{"_et_pb_use_builder":"on","_et_pb_old_content":"<!-- wp:divi\/placeholder \/-->","_et_gb_content_width":"1080","footnotes":""},"dipi_cpt_category":[],"class_list":["post-2027","page","type-page","status-publish","hentry"],"yoast_head":"<!-- This site is optimized with the Yoast SEO plugin v27.1.1 - https:\/\/yoast.com\/product\/yoast-seo-wordpress\/ -->\n<title>Servi\u00e7o completo - WheelTyre<\/title>\n<meta name=\"description\" content=\"A WheelTyre apoia fabricantes e importadores de autom\u00f3veis com solu\u00e7\u00f5es completas para pneus, jantes e combina\u00e7\u00f5es completas de rodas e pneus.\" \/>\n<meta name=\"robots\" content=\"index, follow, max-snippet:-1, max-image-preview:large, max-video-preview:-1\" \/>\n<link rel=\"canonical\" href=\"https:\/\/wheeltyre.com\/pt-pt\/servico-completo\/\" \/>\n<meta property=\"og:locale\" content=\"pt_PT\" \/>\n<meta property=\"og:type\" content=\"article\" \/>\n<meta property=\"og:title\" content=\"Servi\u00e7o completo - WheelTyre\" \/>\n<meta property=\"og:description\" content=\"A WheelTyre apoia fabricantes e importadores de autom\u00f3veis com solu\u00e7\u00f5es completas para pneus, jantes e combina\u00e7\u00f5es completas de rodas e pneus.\" \/>\n<meta property=\"og:url\" content=\"https:\/\/wheeltyre.com\/pt-pt\/servico-completo\/\" \/>\n<meta property=\"og:site_name\" content=\"WheelTyre\" \/>\n<meta property=\"article:modified_time\" content=\"2026-01-30T12:34:36+00:00\" \/>\n<meta name=\"twitter:card\" content=\"summary_large_image\" \/>\n<meta name=\"twitter:label1\" content=\"Tempo estimado de leitura\" \/>\n\t<meta name=\"twitter:data1\" content=\"4 minutos\" \/>\n<script type=\"application\/ld+json\" class=\"yoast-schema-graph\">{\"@context\":\"https:\/\/schema.org\",\"@graph\":[{\"@type\":\"WebPage\",\"@id\":\"https:\/\/wheeltyre.com\/pt-pt\/servico-completo\/\",\"url\":\"https:\/\/wheeltyre.com\/pt-pt\/servico-completo\/\",\"name\":\"Servi\u00e7o completo - WheelTyre\",\"isPartOf\":{\"@id\":\"https:\/\/wheeltyre.com\/pt-pt\/#website\"},\"datePublished\":\"2025-10-06T08:13:10+00:00\",\"dateModified\":\"2026-01-30T12:34:36+00:00\",\"description\":\"A WheelTyre apoia fabricantes e importadores de autom\u00f3veis com solu\u00e7\u00f5es completas para pneus, jantes e combina\u00e7\u00f5es completas de rodas e pneus.\",\"breadcrumb\":{\"@id\":\"https:\/\/wheeltyre.com\/pt-pt\/servico-completo\/#breadcrumb\"},\"inLanguage\":\"pt-PT\",\"potentialAction\":[{\"@type\":\"ReadAction\",\"target\":[\"https:\/\/wheeltyre.com\/pt-pt\/servico-completo\/\"]}]},{\"@type\":\"BreadcrumbList\",\"@id\":\"https:\/\/wheeltyre.com\/pt-pt\/servico-completo\/#breadcrumb\",\"itemListElement\":[{\"@type\":\"ListItem\",\"position\":1,\"name\":\"Home\",\"item\":\"https:\/\/wheeltyre.com\/pt-pt\/\"},{\"@type\":\"ListItem\",\"position\":2,\"name\":\"Servi\u00e7o completo\"}]},{\"@type\":\"WebSite\",\"@id\":\"https:\/\/wheeltyre.com\/pt-pt\/#website\",\"url\":\"https:\/\/wheeltyre.com\/pt-pt\/\",\"name\":\"WheelTyre\",\"description\":\"One partner. Full service.\",\"potentialAction\":[{\"@type\":\"SearchAction\",\"target\":{\"@type\":\"EntryPoint\",\"urlTemplate\":\"https:\/\/wheeltyre.com\/pt-pt\/?s={search_term_string}\"},\"query-input\":{\"@type\":\"PropertyValueSpecification\",\"valueRequired\":true,\"valueName\":\"search_term_string\"}}],\"inLanguage\":\"pt-PT\"}]}<\/script>\n<!-- \/ Yoast SEO plugin. -->","yoast_head_json":{"title":"Servi\u00e7o completo - WheelTyre","description":"A WheelTyre apoia fabricantes e importadores de autom\u00f3veis com solu\u00e7\u00f5es completas para pneus, jantes e combina\u00e7\u00f5es completas de rodas e pneus.","robots":{"index":"index","follow":"follow","max-snippet":"max-snippet:-1","max-image-preview":"max-image-preview:large","max-video-preview":"max-video-preview:-1"},"canonical":"https:\/\/wheeltyre.com\/pt-pt\/servico-completo\/","og_locale":"pt_PT","og_type":"article","og_title":"Servi\u00e7o completo - WheelTyre","og_description":"A WheelTyre apoia fabricantes e importadores de autom\u00f3veis com solu\u00e7\u00f5es completas para pneus, jantes e combina\u00e7\u00f5es completas de rodas e pneus.","og_url":"https:\/\/wheeltyre.com\/pt-pt\/servico-completo\/","og_site_name":"WheelTyre","article_modified_time":"2026-01-30T12:34:36+00:00","twitter_card":"summary_large_image","twitter_misc":{"Tempo estimado de leitura":"4 minutos"},"schema":{"@context":"https:\/\/schema.org","@graph":[{"@type":"WebPage","@id":"https:\/\/wheeltyre.com\/pt-pt\/servico-completo\/","url":"https:\/\/wheeltyre.com\/pt-pt\/servico-completo\/","name":"Servi\u00e7o completo - WheelTyre","isPartOf":{"@id":"https:\/\/wheeltyre.com\/pt-pt\/#website"},"datePublished":"2025-10-06T08:13:10+00:00","dateModified":"2026-01-30T12:34:36+00:00","description":"A WheelTyre apoia fabricantes e importadores de autom\u00f3veis com solu\u00e7\u00f5es completas para pneus, jantes e combina\u00e7\u00f5es completas de rodas e pneus.","breadcrumb":{"@id":"https:\/\/wheeltyre.com\/pt-pt\/servico-completo\/#breadcrumb"},"inLanguage":"pt-PT","potentialAction":[{"@type":"ReadAction","target":["https:\/\/wheeltyre.com\/pt-pt\/servico-completo\/"]}]},{"@type":"BreadcrumbList","@id":"https:\/\/wheeltyre.com\/pt-pt\/servico-completo\/#breadcrumb","itemListElement":[{"@type":"ListItem","position":1,"name":"Home","item":"https:\/\/wheeltyre.com\/pt-pt\/"},{"@type":"ListItem","position":2,"name":"Servi\u00e7o completo"}]},{"@type":"WebSite","@id":"https:\/\/wheeltyre.com\/pt-pt\/#website","url":"https:\/\/wheeltyre.com\/pt-pt\/","name":"WheelTyre","description":"One partner. Full service.","potentialAction":[{"@type":"SearchAction","target":{"@type":"EntryPoint","urlTemplate":"https:\/\/wheeltyre.com\/pt-pt\/?s={search_term_string}"},"query-input":{"@type":"PropertyValueSpecification","valueRequired":true,"valueName":"search_term_string"}}],"inLanguage":"pt-PT"}]}},"_links":{"self":[{"href":"https:\/\/wheeltyre.com\/pt-pt\/wp-json\/wp\/v2\/pages\/2027","targetHints":{"allow":["GET"]}}],"collection":[{"href":"https:\/\/wheeltyre.com\/pt-pt\/wp-json\/wp\/v2\/pages"}],"about":[{"href":"https:\/\/wheeltyre.com\/pt-pt\/wp-json\/wp\/v2\/types\/page"}],"author":[{"embeddable":true,"href":"https:\/\/wheeltyre.com\/pt-pt\/wp-json\/wp\/v2\/users\/1"}],"replies":[{"embeddable":true,"href":"https:\/\/wheeltyre.com\/pt-pt\/wp-json\/wp\/v2\/comments?post=2027"}],"version-history":[{"count":6,"href":"https:\/\/wheeltyre.com\/pt-pt\/wp-json\/wp\/v2\/pages\/2027\/revisions"}],"predecessor-version":[{"id":2287,"href":"https:\/\/wheeltyre.com\/pt-pt\/wp-json\/wp\/v2\/pages\/2027\/revisions\/2287"}],"wp:attachment":[{"href":"https:\/\/wheeltyre.com\/pt-pt\/wp-json\/wp\/v2\/media?parent=2027"}],"wp:term":[{"taxonomy":"dipi_cpt_category","embeddable":true,"href":"https:\/\/wheeltyre.com\/pt-pt\/wp-json\/wp\/v2\/dipi_cpt_category?post=2027"}],"curies":[{"name":"wp","href":"https:\/\/api.w.org\/{rel}","templated":true}]}}