{"id":2026,"date":"2025-10-08T09:36:51","date_gmt":"2025-10-08T09:36:51","guid":{"rendered":"https:\/\/wheeltyre.com\/disclaimer\/"},"modified":"2026-01-30T08:47:04","modified_gmt":"2026-01-30T08:47:04","slug":"isencao-de-responsabilidade","status":"publish","type":"page","link":"https:\/\/wheeltyre.com\/pt-pt\/isencao-de-responsabilidade\/","title":{"rendered":"Isen\u00e7\u00e3o de responsabilidade"},"content":{"rendered":"<p>[et_pb_section fb_built=&#8221;1&#8243; _builder_version=&#8221;4.27.4&#8243; _module_preset=&#8221;default&#8221; da_disable_devices=&#8221;off|off|off&#8221; global_colors_info=&#8221;{}&#8221; da_is_popup=&#8221;off&#8221; da_exit_intent=&#8221;off&#8221; da_has_close=&#8221;on&#8221; da_alt_close=&#8221;off&#8221; da_dark_close=&#8221;off&#8221; da_not_modal=&#8221;on&#8221; da_is_singular=&#8221;off&#8221; da_with_loader=&#8221;off&#8221; da_has_shadow=&#8221;on&#8221;][et_pb_row _builder_version=&#8221;4.27.4&#8243; _module_preset=&#8221;default&#8221; global_colors_info=&#8221;{}&#8221;][et_pb_column type=&#8221;4_4&#8243; _builder_version=&#8221;4.27.4&#8243; _module_preset=&#8221;default&#8221; global_colors_info=&#8221;{}&#8221;][et_pb_text _builder_version=&#8221;4.27.5&#8243; _module_preset=&#8221;default&#8221; header_5_text_color=&#8221;#08447e&#8221; header_5_font_size=&#8221;30px&#8221; header_6_text_color=&#8221;#08447e&#8221; header_6_font_size=&#8221;20px&#8221; hover_enabled=&#8221;0&#8243; custom_css_free_form=&#8221;a{color:#F9AF15;}&#8221; global_colors_info=&#8221;{}&#8221; sticky_enabled=&#8221;0&#8243;]<\/p>\n<h5>Isen\u00e7\u00e3o de responsabilidade<\/h5>\n<p>Embora este website tenha sido compilado com o maior cuidado, a WheelTyre B.V. e as suas empresas afiliadas n\u00e3o podem garantir que as informa\u00e7\u00f5es fornecidas estejam completas, precisas ou atualizadas. Nenhum direito pode ser derivado do conte\u00fado deste website.<\/p>\n<p>A WheelTyre B.V. n\u00e3o se responsabiliza por quaisquer danos diretos ou indiretos decorrentes da utiliza\u00e7\u00e3o das informa\u00e7\u00f5es disponibilizadas neste website. A utiliza\u00e7\u00e3o deste website e das informa\u00e7\u00f5es nele contidas \u00e9 inteiramente por conta e risco do utilizador.<\/p>\n<p>As imagens, log\u00f3tipos, nomes de produtos e marcas s\u00e3o e permanecem propriedade dos fabricantes e\/ou fornecedores. A sua utiliza\u00e7\u00e3o destina-se exclusivamente a esclarecer as descri\u00e7\u00f5es dos produtos e a informar os potenciais compradores de forma adequada.<\/p>\n<p>A WheelTyre B.V. reserva-se o direito de alterar o conte\u00fado deste website a qualquer momento e sem aviso pr\u00e9vio. Erros, erros tipogr\u00e1ficos ou de formata\u00e7\u00e3o e altera\u00e7\u00f5es nas especifica\u00e7\u00f5es s\u00e3o reservados.<\/p>\n<p>[\/et_pb_text][\/et_pb_column][\/et_pb_row][\/et_pb_section]<\/p>\n","protected":false},"excerpt":{"rendered":"<p>Isen\u00e7\u00e3o de responsabilidade Embora este website tenha sido compilado com o maior cuidado, a WheelTyre B.V. e as suas empresas afiliadas n\u00e3o podem garantir que as informa\u00e7\u00f5es fornecidas estejam completas, precisas ou atualizadas. Nenhum direito pode ser derivado do conte\u00fado deste website. A WheelTyre B.V. n\u00e3o se responsabiliza por quaisquer danos diretos ou indiretos decorrentes [&hellip;]<\/p>\n","protected":false},"author":1,"featured_media":0,"parent":0,"menu_order":0,"comment_status":"closed","ping_status":"closed","template":"","meta":{"_et_pb_use_builder":"on","_et_pb_old_content":"","_et_gb_content_width":"","footnotes":""},"dipi_cpt_category":[],"class_list":["post-2026","page","type-page","status-publish","hentry"],"yoast_head":"<!-- This site is optimized with the Yoast SEO plugin v27.1.1 - https:\/\/yoast.com\/product\/yoast-seo-wordpress\/ -->\n<title>Isen\u00e7\u00e3o de responsabilidade - WheelTyre<\/title>\n<meta name=\"robots\" content=\"noindex, follow\" \/>\n<meta property=\"og:locale\" content=\"pt_PT\" \/>\n<meta property=\"og:type\" content=\"article\" \/>\n<meta property=\"og:title\" content=\"Isen\u00e7\u00e3o de responsabilidade - WheelTyre\" \/>\n<meta property=\"og:description\" content=\"Isen\u00e7\u00e3o de responsabilidade Embora este website tenha sido compilado com o maior cuidado, a WheelTyre B.V. e as suas empresas afiliadas n\u00e3o podem garantir que as informa\u00e7\u00f5es fornecidas estejam completas, precisas ou atualizadas. Nenhum direito pode ser derivado do conte\u00fado deste website. A WheelTyre B.V. n\u00e3o se responsabiliza por quaisquer danos diretos ou indiretos decorrentes [&hellip;]\" \/>\n<meta property=\"og:url\" content=\"https:\/\/wheeltyre.com\/pt-pt\/isencao-de-responsabilidade\/\" \/>\n<meta property=\"og:site_name\" content=\"WheelTyre\" \/>\n<meta property=\"article:modified_time\" content=\"2026-01-30T08:47:04+00:00\" \/>\n<meta name=\"twitter:card\" content=\"summary_large_image\" \/>\n<meta name=\"twitter:label1\" content=\"Tempo estimado de leitura\" \/>\n\t<meta name=\"twitter:data1\" content=\"1 minuto\" \/>\n<script type=\"application\/ld+json\" class=\"yoast-schema-graph\">{\"@context\":\"https:\/\/schema.org\",\"@graph\":[{\"@type\":\"WebPage\",\"@id\":\"https:\/\/wheeltyre.com\/pt-pt\/isencao-de-responsabilidade\/\",\"url\":\"https:\/\/wheeltyre.com\/pt-pt\/isencao-de-responsabilidade\/\",\"name\":\"Isen\u00e7\u00e3o de responsabilidade - WheelTyre\",\"isPartOf\":{\"@id\":\"https:\/\/wheeltyre.com\/pt-pt\/#website\"},\"datePublished\":\"2025-10-08T09:36:51+00:00\",\"dateModified\":\"2026-01-30T08:47:04+00:00\",\"breadcrumb\":{\"@id\":\"https:\/\/wheeltyre.com\/pt-pt\/isencao-de-responsabilidade\/#breadcrumb\"},\"inLanguage\":\"pt-PT\",\"potentialAction\":[{\"@type\":\"ReadAction\",\"target\":[\"https:\/\/wheeltyre.com\/pt-pt\/isencao-de-responsabilidade\/\"]}]},{\"@type\":\"BreadcrumbList\",\"@id\":\"https:\/\/wheeltyre.com\/pt-pt\/isencao-de-responsabilidade\/#breadcrumb\",\"itemListElement\":[{\"@type\":\"ListItem\",\"position\":1,\"name\":\"Home\",\"item\":\"https:\/\/wheeltyre.com\/pt-pt\/\"},{\"@type\":\"ListItem\",\"position\":2,\"name\":\"Isen\u00e7\u00e3o de responsabilidade\"}]},{\"@type\":\"WebSite\",\"@id\":\"https:\/\/wheeltyre.com\/pt-pt\/#website\",\"url\":\"https:\/\/wheeltyre.com\/pt-pt\/\",\"name\":\"WheelTyre\",\"description\":\"One partner. Full service.\",\"potentialAction\":[{\"@type\":\"SearchAction\",\"target\":{\"@type\":\"EntryPoint\",\"urlTemplate\":\"https:\/\/wheeltyre.com\/pt-pt\/?s={search_term_string}\"},\"query-input\":{\"@type\":\"PropertyValueSpecification\",\"valueRequired\":true,\"valueName\":\"search_term_string\"}}],\"inLanguage\":\"pt-PT\"}]}<\/script>\n<!-- \/ Yoast SEO plugin. -->","yoast_head_json":{"title":"Isen\u00e7\u00e3o de responsabilidade - WheelTyre","robots":{"index":"noindex","follow":"follow"},"og_locale":"pt_PT","og_type":"article","og_title":"Isen\u00e7\u00e3o de responsabilidade - WheelTyre","og_description":"Isen\u00e7\u00e3o de responsabilidade Embora este website tenha sido compilado com o maior cuidado, a WheelTyre B.V. e as suas empresas afiliadas n\u00e3o podem garantir que as informa\u00e7\u00f5es fornecidas estejam completas, precisas ou atualizadas. Nenhum direito pode ser derivado do conte\u00fado deste website. A WheelTyre B.V. n\u00e3o se responsabiliza por quaisquer danos diretos ou indiretos decorrentes [&hellip;]","og_url":"https:\/\/wheeltyre.com\/pt-pt\/isencao-de-responsabilidade\/","og_site_name":"WheelTyre","article_modified_time":"2026-01-30T08:47:04+00:00","twitter_card":"summary_large_image","twitter_misc":{"Tempo estimado de leitura":"1 minuto"},"schema":{"@context":"https:\/\/schema.org","@graph":[{"@type":"WebPage","@id":"https:\/\/wheeltyre.com\/pt-pt\/isencao-de-responsabilidade\/","url":"https:\/\/wheeltyre.com\/pt-pt\/isencao-de-responsabilidade\/","name":"Isen\u00e7\u00e3o de responsabilidade - WheelTyre","isPartOf":{"@id":"https:\/\/wheeltyre.com\/pt-pt\/#website"},"datePublished":"2025-10-08T09:36:51+00:00","dateModified":"2026-01-30T08:47:04+00:00","breadcrumb":{"@id":"https:\/\/wheeltyre.com\/pt-pt\/isencao-de-responsabilidade\/#breadcrumb"},"inLanguage":"pt-PT","potentialAction":[{"@type":"ReadAction","target":["https:\/\/wheeltyre.com\/pt-pt\/isencao-de-responsabilidade\/"]}]},{"@type":"BreadcrumbList","@id":"https:\/\/wheeltyre.com\/pt-pt\/isencao-de-responsabilidade\/#breadcrumb","itemListElement":[{"@type":"ListItem","position":1,"name":"Home","item":"https:\/\/wheeltyre.com\/pt-pt\/"},{"@type":"ListItem","position":2,"name":"Isen\u00e7\u00e3o de responsabilidade"}]},{"@type":"WebSite","@id":"https:\/\/wheeltyre.com\/pt-pt\/#website","url":"https:\/\/wheeltyre.com\/pt-pt\/","name":"WheelTyre","description":"One partner. Full service.","potentialAction":[{"@type":"SearchAction","target":{"@type":"EntryPoint","urlTemplate":"https:\/\/wheeltyre.com\/pt-pt\/?s={search_term_string}"},"query-input":{"@type":"PropertyValueSpecification","valueRequired":true,"valueName":"search_term_string"}}],"inLanguage":"pt-PT"}]}},"_links":{"self":[{"href":"https:\/\/wheeltyre.com\/pt-pt\/wp-json\/wp\/v2\/pages\/2026","targetHints":{"allow":["GET"]}}],"collection":[{"href":"https:\/\/wheeltyre.com\/pt-pt\/wp-json\/wp\/v2\/pages"}],"about":[{"href":"https:\/\/wheeltyre.com\/pt-pt\/wp-json\/wp\/v2\/types\/page"}],"author":[{"embeddable":true,"href":"https:\/\/wheeltyre.com\/pt-pt\/wp-json\/wp\/v2\/users\/1"}],"replies":[{"embeddable":true,"href":"https:\/\/wheeltyre.com\/pt-pt\/wp-json\/wp\/v2\/comments?post=2026"}],"version-history":[{"count":4,"href":"https:\/\/wheeltyre.com\/pt-pt\/wp-json\/wp\/v2\/pages\/2026\/revisions"}],"predecessor-version":[{"id":2104,"href":"https:\/\/wheeltyre.com\/pt-pt\/wp-json\/wp\/v2\/pages\/2026\/revisions\/2104"}],"wp:attachment":[{"href":"https:\/\/wheeltyre.com\/pt-pt\/wp-json\/wp\/v2\/media?parent=2026"}],"wp:term":[{"taxonomy":"dipi_cpt_category","embeddable":true,"href":"https:\/\/wheeltyre.com\/pt-pt\/wp-json\/wp\/v2\/dipi_cpt_category?post=2026"}],"curies":[{"name":"wp","href":"https:\/\/api.w.org\/{rel}","templated":true}]}}