{"id":1826,"date":"2025-10-06T08:13:10","date_gmt":"2025-10-06T08:13:10","guid":{"rendered":"https:\/\/wheeltyre.com\/full-service\/"},"modified":"2026-01-30T12:38:30","modified_gmt":"2026-01-30T12:38:30","slug":"pilna-servisa-pakalpojumi","status":"publish","type":"page","link":"https:\/\/wheeltyre.com\/lv\/pilna-servisa-pakalpojumi\/","title":{"rendered":"Pilna servisa pakalpojumi"},"content":{"rendered":"<p>[et_pb_section fb_built=&#8221;1&#8243; _builder_version=&#8221;4.27.5&#8243; _module_preset=&#8221;default&#8221; background_image=&#8221;https:\/\/wheeltyre.com\/wp-content\/uploads\/2026\/01\/wheeltyre-pilna-servisa-pakalpojumi-lv.jpg&#8221; background_position=&#8221;bottom_center&#8221; da_disable_devices=&#8221;off|off|off&#8221; global_colors_info=&#8221;{}&#8221; da_is_popup=&#8221;off&#8221; da_exit_intent=&#8221;off&#8221; da_has_close=&#8221;on&#8221; da_alt_close=&#8221;off&#8221; da_dark_close=&#8221;off&#8221; da_not_modal=&#8221;on&#8221; da_is_singular=&#8221;off&#8221; da_with_loader=&#8221;off&#8221; da_has_shadow=&#8221;on&#8221;][et_pb_row _builder_version=&#8221;4.27.4&#8243; _module_preset=&#8221;default&#8221; global_colors_info=&#8221;{}&#8221;][et_pb_column type=&#8221;4_4&#8243; _builder_version=&#8221;4.27.4&#8243; _module_preset=&#8221;default&#8221; global_colors_info=&#8221;{}&#8221;][et_pb_divider show_divider=&#8221;off&#8221; _builder_version=&#8221;4.27.4&#8243; _module_preset=&#8221;default&#8221; height=&#8221;194px&#8221; height_tablet=&#8221;194px&#8221; height_phone=&#8221;50px&#8221; height_last_edited=&#8221;on|phone&#8221; global_colors_info=&#8221;{}&#8221;][\/et_pb_divider][\/et_pb_column][\/et_pb_row][\/et_pb_section][et_pb_section fb_built=&#8221;1&#8243; _builder_version=&#8221;4.27.4&#8243; _module_preset=&#8221;default&#8221; da_disable_devices=&#8221;off|off|off&#8221; global_colors_info=&#8221;{}&#8221; da_is_popup=&#8221;off&#8221; da_exit_intent=&#8221;off&#8221; da_has_close=&#8221;on&#8221; da_alt_close=&#8221;off&#8221; da_dark_close=&#8221;off&#8221; da_not_modal=&#8221;on&#8221; da_is_singular=&#8221;off&#8221; da_with_loader=&#8221;off&#8221; da_has_shadow=&#8221;on&#8221;][et_pb_row _builder_version=&#8221;4.27.4&#8243; _module_preset=&#8221;default&#8221; global_colors_info=&#8221;{}&#8221;][et_pb_column type=&#8221;4_4&#8243; _builder_version=&#8221;4.27.4&#8243; _module_preset=&#8221;default&#8221; global_colors_info=&#8221;{}&#8221;][et_pb_text _builder_version=&#8221;4.27.5&#8243; _module_preset=&#8221;default&#8221; text_line_height=&#8221;2em&#8221; header_2_text_color=&#8221;#08447e&#8221; header_2_font_size=&#8221;19px&#8221; header_3_text_color=&#8221;#08447e&#8221; header_3_font_size=&#8221;30px&#8221; global_colors_info=&#8221;{}&#8221;]<\/p>\n<h3>Pilna servisa pieeja<\/h3>\n<p>WheelTyre sniedz atbalstu transportl\u012bdzek\u013cu ra\u017eot\u0101jiem un import\u0113t\u0101jiem, pied\u0101v\u0101jot piln\u012bgus risin\u0101jumus riep\u0101m, diskiem un piln\u012bb\u0101 samont\u0113tiem riepu un disku komplektiem No premium klases riep\u0101m un stil\u012bgiem diskiem l\u012bdz piln\u012bb\u0101 samont\u0113tiem komplektiem\u00a0\u2013 m\u0113s pieg\u0101d\u0101jam produktus, kas atbilst augstiem dro\u0161\u012bbas, veiktsp\u0113jas un vizu\u0101l\u0101 izskata standartiem.<\/p>\n<p>M\u0113s sniedza ar\u012b t\u0101dus papildpakalpojumus k\u0101, piem\u0113ram, noliktavu pakalpojumi un p\u0101rpalikumu atpirk\u0161ana. Tas \u013cauj mums atslogot partneru darbu un saglab\u0101t p\u0101rskat\u0101m\u012bbu un kontroli vis\u0101 proces\u0101.<\/p>\n<p>[\/et_pb_text][\/et_pb_column][\/et_pb_row][et_pb_row column_structure=&#8221;1_2,1_2&#8243; make_equal=&#8221;on&#8221; _builder_version=&#8221;4.27.4&#8243; _module_preset=&#8221;default&#8221; global_colors_info=&#8221;{}&#8221;][et_pb_column type=&#8221;1_2&#8243; _builder_version=&#8221;4.27.4&#8243; _module_preset=&#8221;default&#8221; global_colors_info=&#8221;{}&#8221;][et_pb_image src=&#8221;https:\/\/wheeltyre.com\/wp-content\/uploads\/2026\/01\/wheeltyre-pilni-komplekti-lv.jpg&#8221; alt=&#8221;Komplektu mont\u0101\u017ea pie WheelTyre&#8221; title_text=&#8221;Komplektu mont\u0101\u017ea pie WheelTyre&#8221; _builder_version=&#8221;4.27.5&#8243; _module_preset=&#8221;default&#8221; border_radii=&#8221;on|20px|20px|20px|20px&#8221; global_colors_info=&#8221;{}&#8221;][\/et_pb_image][\/et_pb_column][et_pb_column type=&#8221;1_2&#8243; _builder_version=&#8221;4.27.4&#8243; _module_preset=&#8221;default&#8221; global_colors_info=&#8221;{}&#8221;][et_pb_text _builder_version=&#8221;4.27.5&#8243; _module_preset=&#8221;default&#8221; text_line_height=&#8221;2em&#8221; header_3_text_color=&#8221;#08447e&#8221; custom_css_free_form=&#8221;.et_pb_module table, ||.et_pb_module table td, ||.et_pb_module table th {||  border: none !important;||}||&#8221; global_colors_info=&#8221;{}&#8221;]<\/p>\n<h3>Pilnu komplektu mont\u0101\u017ea<\/h3>\n<p>WheelTyre samont\u0113 pilnus riepu un disku komplektus, piem\u0113ram, ziemas, vasaras un vissezonas komplektus, kuri uzreiz ir gatavi uzst\u0101d\u012b\u0161anai. Pateicoties autom\u0101tiskajai mont\u0101\u017eas l\u012bnijai, m\u0113s nodro\u0161in\u0101m pietiekamu kapacit\u0101ti un str\u0101d\u0101jam atbilsto\u0161i noteiktajiem kvalit\u0101tes standartiem.<\/p>\n<p>Mont\u0101\u017eas vadl\u012bnijas tiek saska\u0146otas ar klientiem un digit\u0101li p\u0101rs\u016bt\u012btas autom\u0101tiskajai mont\u0101\u017eas l\u012bnijai, lai katrs komplekts tiktu salikts atbilsto\u0161i attiec\u012bgaj\u0101m specifik\u0101cij\u0101m. \u0160\u012b l\u012bnija ir m\u016bsu pakalpojumu centr\u0101 un \u013cauj veikt savlaic\u012bgu pieg\u0101di transportl\u012bdzek\u013cu ra\u017eot\u0101jiem un import\u0113t\u0101jiem vis\u0101 Eirop\u0101. M\u016bsu lo\u0123istikas t\u012bkls aptver vair\u0101k nek\u0101 23\u00a0valstis, tostarp eksporta tirgus, un to p\u0101rvalda m\u016bsu iek\u0161\u0113j\u0101 transporta pl\u0101no\u0161anas komanda.<\/p>\n<p>[\/et_pb_text][\/et_pb_column][\/et_pb_row][\/et_pb_section][et_pb_section fb_built=&#8221;1&#8243; _builder_version=&#8221;4.27.4&#8243; _module_preset=&#8221;default&#8221; background_color=&#8221;#f7f7f7&#8243; custom_margin=&#8221;||||false|false&#8221; da_disable_devices=&#8221;off|off|off&#8221; global_colors_info=&#8221;{}&#8221; da_is_popup=&#8221;off&#8221; da_exit_intent=&#8221;off&#8221; da_has_close=&#8221;on&#8221; da_alt_close=&#8221;off&#8221; da_dark_close=&#8221;off&#8221; da_not_modal=&#8221;on&#8221; da_is_singular=&#8221;off&#8221; da_with_loader=&#8221;off&#8221; da_has_shadow=&#8221;on&#8221;][et_pb_row column_structure=&#8221;1_2,1_2&#8243; make_equal=&#8221;on&#8221; _builder_version=&#8221;4.27.4&#8243; _module_preset=&#8221;default&#8221; global_colors_info=&#8221;{}&#8221;][et_pb_column type=&#8221;1_2&#8243; _builder_version=&#8221;4.27.4&#8243; _module_preset=&#8221;default&#8221; global_colors_info=&#8221;{}&#8221;][et_pb_text _builder_version=&#8221;4.27.5&#8243; _module_preset=&#8221;default&#8221; text_line_height=&#8221;2em&#8221; header_3_text_color=&#8221;#08447e&#8221; custom_css_free_form=&#8221;.et_pb_module table, ||.et_pb_module table td, ||.et_pb_module table th {||  border: none !important;||}||&#8221; global_colors_info=&#8221;{}&#8221;]<\/p>\n<h3>Individu\u0101lu riepu izplat\u012b\u0161ana<\/h3>\n<p>M\u0113s nodro\u0161in\u0101m riepu ieg\u0101di, glab\u0101\u0161anu un izplat\u012b\u0161anu vado\u0161ajiem Eiropas automobi\u013cu z\u012bmoliem. No vasaras un ziemas riep\u0101m l\u012bdz vissezonas risin\u0101jumiem\u00a0\u2013 m\u0113s r\u016bp\u0113jamies par to, lai pareiz\u0101 riepa b\u016btu pieejama \u012bstaj\u0101 laik\u0101 un \u012bstaj\u0101 viet\u0101.<\/p>\n<p>WheelTyre sadarbojas ar daudziem z\u012bmoliem un pieg\u0101d\u0101 visu z\u012bmolu riepas, balstoties uz vien\u0101m l\u012bgumattiec\u012bb\u0101m un vienu r\u0113\u0137inu izrakst\u012b\u0161anas pl\u016bsmu. M\u016bsu pakalpojumi ir saska\u0146oti ar klientu procesiem un integr\u0113ti vi\u0146u pieg\u0101des \u0137\u0113d\u0113.<\/p>\n<p>[\/et_pb_text][\/et_pb_column][et_pb_column type=&#8221;1_2&#8243; _builder_version=&#8221;4.27.4&#8243; _module_preset=&#8221;default&#8221; global_colors_info=&#8221;{}&#8221;][et_pb_image src=&#8221;https:\/\/wheeltyre.com\/wp-content\/uploads\/2026\/01\/wheeltyre-riepas-izplatisana-lv.jpg&#8221; alt=&#8221;Izplat\u012b\u0161ana&#8221; title_text=&#8221;Izplat\u012b\u0161ana&#8221; _builder_version=&#8221;4.27.5&#8243; _module_preset=&#8221;default&#8221; border_radii=&#8221;on|20px|20px|20px|20px&#8221; global_colors_info=&#8221;{}&#8221;][\/et_pb_image][\/et_pb_column][\/et_pb_row][\/et_pb_section][et_pb_section fb_built=&#8221;1&#8243; _builder_version=&#8221;4.27.4&#8243; _module_preset=&#8221;default&#8221; da_disable_devices=&#8221;off|off|off&#8221; global_colors_info=&#8221;{}&#8221; da_is_popup=&#8221;off&#8221; da_exit_intent=&#8221;off&#8221; da_has_close=&#8221;on&#8221; da_alt_close=&#8221;off&#8221; da_dark_close=&#8221;off&#8221; da_not_modal=&#8221;on&#8221; da_is_singular=&#8221;off&#8221; da_with_loader=&#8221;off&#8221; da_has_shadow=&#8221;on&#8221;][et_pb_row column_structure=&#8221;1_2,1_2&#8243; make_equal=&#8221;on&#8221; _builder_version=&#8221;4.27.4&#8243; _module_preset=&#8221;default&#8221; global_colors_info=&#8221;{}&#8221;][et_pb_column type=&#8221;1_2&#8243; _builder_version=&#8221;4.27.4&#8243; _module_preset=&#8221;default&#8221; global_colors_info=&#8221;{}&#8221;][et_pb_image src=&#8221;https:\/\/wheeltyre.com\/wp-content\/uploads\/2026\/01\/wheeltyre-noliktava-lv.jpg&#8221; alt=&#8221;Noliktava WheelTyre&#8221; title_text=&#8221;Noliktava WheelTyre&#8221; _builder_version=&#8221;4.27.5&#8243; _module_preset=&#8221;default&#8221; border_radii=&#8221;on|20px|20px|20px|20px&#8221; global_colors_info=&#8221;{}&#8221;][\/et_pb_image][\/et_pb_column][et_pb_column type=&#8221;1_2&#8243; _builder_version=&#8221;4.27.4&#8243; _module_preset=&#8221;default&#8221; global_colors_info=&#8221;{}&#8221;][et_pb_text _builder_version=&#8221;4.27.5&#8243; _module_preset=&#8221;default&#8221; text_line_height=&#8221;2em&#8221; header_3_text_color=&#8221;#08447e&#8221; custom_css_free_form=&#8221;.et_pb_module table, ||.et_pb_module table td, ||.et_pb_module table th {||  border: none !important;||}||&#8221; global_colors_info=&#8221;{}&#8221;]<\/p>\n<h3>Noliktavu pakalpojumi<\/h3>\n<p>WheelTyre pied\u0101v\u0101 transportl\u012bdzek\u013cu ra\u017eot\u0101jiem un import\u0113t\u0101jiem uzticamu risin\u0101jumu riepu, disku, pilnu riepu un disku komplektu, k\u0101 ar\u012b citu komponentu glab\u0101\u0161anai. Visi priek\u0161meti tiek glab\u0101ti m\u016bsu noliktav\u0101s struktur\u0113t\u0101 veid\u0101 un atbilsto\u0161i noteiktaj\u0101m kvalit\u0101tes vadl\u012bnij\u0101m.<\/p>\n<p>M\u0113s esam kl\u0101t vis\u0101 procesa gait\u0101, s\u0101kot no ien\u0101ko\u0161o kravu apstr\u0101des un kvalit\u0101tes p\u0101rbaud\u0113m un beidzot ar glab\u0101\u0161anu un izs\u016bt\u012b\u0161anu. Pateicoties skaidriem procesiem un IT atbalstam, noliktavu un lo\u0123istikas pakalpojumi ir viegli p\u0101rvald\u0101mi un p\u0101rskat\u0101mi.<\/p>\n<p>[\/et_pb_text][\/et_pb_column][\/et_pb_row][\/et_pb_section][et_pb_section fb_built=&#8221;1&#8243; _builder_version=&#8221;4.27.4&#8243; _module_preset=&#8221;default&#8221; background_color=&#8221;#f7f7f7&#8243; custom_margin=&#8221;||||false|false&#8221; da_disable_devices=&#8221;off|off|off&#8221; global_colors_info=&#8221;{}&#8221; da_is_popup=&#8221;off&#8221; da_exit_intent=&#8221;off&#8221; da_has_close=&#8221;on&#8221; da_alt_close=&#8221;off&#8221; da_dark_close=&#8221;off&#8221; da_not_modal=&#8221;on&#8221; da_is_singular=&#8221;off&#8221; da_with_loader=&#8221;off&#8221; da_has_shadow=&#8221;on&#8221;][et_pb_row column_structure=&#8221;1_2,1_2&#8243; make_equal=&#8221;on&#8221; _builder_version=&#8221;4.27.4&#8243; _module_preset=&#8221;default&#8221; global_colors_info=&#8221;{}&#8221;][et_pb_column type=&#8221;1_2&#8243; _builder_version=&#8221;4.27.4&#8243; _module_preset=&#8221;default&#8221; global_colors_info=&#8221;{}&#8221;][et_pb_text _builder_version=&#8221;4.27.5&#8243; _module_preset=&#8221;default&#8221; text_line_height=&#8221;2em&#8221; header_3_text_color=&#8221;#08447e&#8221; custom_css_free_form=&#8221;.et_pb_module table, ||.et_pb_module table td, ||.et_pb_module table th {||  border: none !important;||}||&#8221; global_colors_info=&#8221;{}&#8221;]<\/p>\n<h3>Atpirk\u0161ana<\/h3>\n<p>WheelTyre pied\u0101v\u0101 partneriem praktisku risin\u0101jumu p\u0101rpalikumu un neizmantotu kr\u0101jumu gad\u012bjum\u0101. M\u0113s p\u0113rkam \u0161os kr\u0101jumus tie\u0161i un izplat\u0101m sav\u0101 starptautiskaj\u0101 t\u012bkl\u0101. Tas pal\u012bdz produktus \u0101tr\u0101k p\u0101rdot, samazina glab\u0101\u0161anas izmaksas un no\u0146em kr\u0101jumus no partneru bilances.<\/p>\n<p>[\/et_pb_text][\/et_pb_column][et_pb_column type=&#8221;1_2&#8243; _builder_version=&#8221;4.27.4&#8243; _module_preset=&#8221;default&#8221; global_colors_info=&#8221;{}&#8221;][et_pb_image src=&#8221;https:\/\/wheeltyre.com\/wp-content\/uploads\/2026\/01\/wheeltyre-atpirksana-lv.jpg&#8221; alt=&#8221;WheelTyre Atpirk\u0161ana&#8221; title_text=&#8221;WheelTyre Atpirk\u0161ana&#8221; _builder_version=&#8221;4.27.5&#8243; _module_preset=&#8221;default&#8221; hover_enabled=&#8221;0&#8243; border_radii=&#8221;on|20px|20px|20px|20px&#8221; global_colors_info=&#8221;{}&#8221; sticky_enabled=&#8221;0&#8243;][\/et_pb_image][\/et_pb_column][\/et_pb_row][\/et_pb_section][et_pb_section fb_built=&#8221;1&#8243; _builder_version=&#8221;4.27.4&#8243; _module_preset=&#8221;default&#8221; da_disable_devices=&#8221;off|off|off&#8221; global_colors_info=&#8221;{}&#8221; da_is_popup=&#8221;off&#8221; da_exit_intent=&#8221;off&#8221; da_has_close=&#8221;on&#8221; da_alt_close=&#8221;off&#8221; da_dark_close=&#8221;off&#8221; da_not_modal=&#8221;on&#8221; da_is_singular=&#8221;off&#8221; da_with_loader=&#8221;off&#8221; da_has_shadow=&#8221;on&#8221;][et_pb_row column_structure=&#8221;1_2,1_2&#8243; make_equal=&#8221;on&#8221; _builder_version=&#8221;4.27.4&#8243; _module_preset=&#8221;default&#8221; global_colors_info=&#8221;{}&#8221;][et_pb_column type=&#8221;1_2&#8243; _builder_version=&#8221;4.27.4&#8243; _module_preset=&#8221;default&#8221; global_colors_info=&#8221;{}&#8221;][et_pb_image src=&#8221;https:\/\/wheeltyre.com\/wp-content\/uploads\/2026\/01\/wheeltyre-pakalpojumi-lv.jpg&#8221; alt=&#8221;Papildpakalpojumi&#8221; title_text=&#8221;Papildpakalpojumi&#8221; _builder_version=&#8221;4.27.5&#8243; _module_preset=&#8221;default&#8221; border_radii=&#8221;on|20px|20px|20px|20px&#8221; global_colors_info=&#8221;{}&#8221;][\/et_pb_image][\/et_pb_column][et_pb_column type=&#8221;1_2&#8243; _builder_version=&#8221;4.27.4&#8243; _module_preset=&#8221;default&#8221; global_colors_info=&#8221;{}&#8221;][et_pb_text _builder_version=&#8221;4.27.5&#8243; _module_preset=&#8221;default&#8221; text_line_height=&#8221;2em&#8221; header_3_text_color=&#8221;#08447e&#8221; global_colors_info=&#8221;{}&#8221;]<\/p>\n<h3>Papildpakalpojumi<\/h3>\n<p>M\u016bsu pakalpojumi sniedzas t\u0101l\u0101k par mont\u0101\u017eu, izplat\u012b\u0161anu un glab\u0101\u0161anu. Izmantojot WEBDIS, kas ir m\u016bsu pa\u0161u tie\u0161saistes pas\u016bt\u012b\u0161anas sist\u0113ma, tirgot\u0101jiem ir re\u0101llaika p\u0101rskat\u0101m\u012bba par pieejamajiem kr\u0101jumiem, un vi\u0146i var veikt pas\u016bt\u012bjumus tie\u0161i. M\u0113s pied\u0101v\u0101jam ar\u012b papildpakalpojumus, kas atvieglo ikdienas darbu, tostarp riepu spiediena uzraudz\u012bbas sist\u0113mas (TPMS) pakalpojumus, mar\u0137\u0113\u0161anu, piel\u0101gotu iepakojumu un kr\u0101jumu p\u0101rvald\u012bbu.<\/p>\n<p>WheelTyre darbojas saska\u0146\u0101 ar ISO sertific\u0113tiem procesiem un nodro\u0161ina piek\u013cuvi visiem liel\u0101kajiem riepu z\u012bmoliem Eirop\u0101. T\u0101p\u0113c sadarboties ar mums ir vienk\u0101r\u0161i, saprotami un uzticami.<\/p>\n<p>[\/et_pb_text][\/et_pb_column][\/et_pb_row][\/et_pb_section]<\/p>\n","protected":false},"excerpt":{"rendered":"<p>Pilna servisa pieeja WheelTyre sniedz atbalstu transportl\u012bdzek\u013cu ra\u017eot\u0101jiem un import\u0113t\u0101jiem, pied\u0101v\u0101jot piln\u012bgus risin\u0101jumus riep\u0101m, diskiem un piln\u012bb\u0101 samont\u0113tiem riepu un disku komplektiem No premium klases riep\u0101m un stil\u012bgiem diskiem l\u012bdz piln\u012bb\u0101 samont\u0113tiem komplektiem\u00a0\u2013 m\u0113s pieg\u0101d\u0101jam produktus, kas atbilst augstiem dro\u0161\u012bbas, veiktsp\u0113jas un vizu\u0101l\u0101 izskata standartiem. M\u0113s sniedza ar\u012b t\u0101dus papildpakalpojumus k\u0101, piem\u0113ram, noliktavu pakalpojumi un [&hellip;]<\/p>\n","protected":false},"author":1,"featured_media":0,"parent":0,"menu_order":0,"comment_status":"closed","ping_status":"closed","template":"","meta":{"_et_pb_use_builder":"on","_et_pb_old_content":"<!-- wp:divi\/placeholder \/-->","_et_gb_content_width":"1080","footnotes":""},"dipi_cpt_category":[],"class_list":["post-1826","page","type-page","status-publish","hentry"],"yoast_head":"<!-- This site is optimized with the Yoast SEO plugin v27.1.1 - https:\/\/yoast.com\/product\/yoast-seo-wordpress\/ -->\n<title>Pilna servisa pakalpojumi - WheelTyre<\/title>\n<meta name=\"description\" content=\"WheelTyre ondersteunt autofabrikanten en importeurs met complete oplossingen voor banden, velgen en complete wielbandcombinaties.\" \/>\n<meta name=\"robots\" content=\"index, follow, max-snippet:-1, max-image-preview:large, max-video-preview:-1\" \/>\n<link rel=\"canonical\" href=\"https:\/\/wheeltyre.com\/lv\/pilna-servisa-pakalpojumi\/\" \/>\n<meta property=\"og:locale\" content=\"lv_LV\" \/>\n<meta property=\"og:type\" content=\"article\" \/>\n<meta property=\"og:title\" content=\"Pilna servisa pakalpojumi - WheelTyre\" \/>\n<meta property=\"og:description\" content=\"WheelTyre ondersteunt autofabrikanten en importeurs met complete oplossingen voor banden, velgen en complete wielbandcombinaties.\" \/>\n<meta property=\"og:url\" content=\"https:\/\/wheeltyre.com\/lv\/pilna-servisa-pakalpojumi\/\" \/>\n<meta property=\"og:site_name\" content=\"WheelTyre\" \/>\n<meta property=\"article:modified_time\" content=\"2026-01-30T12:38:30+00:00\" \/>\n<meta name=\"twitter:card\" content=\"summary_large_image\" \/>\n<meta name=\"twitter:label1\" content=\"Est. reading time\" \/>\n\t<meta name=\"twitter:data1\" content=\"4 min\u016btes\" \/>\n<script type=\"application\/ld+json\" class=\"yoast-schema-graph\">{\"@context\":\"https:\/\/schema.org\",\"@graph\":[{\"@type\":\"WebPage\",\"@id\":\"https:\/\/wheeltyre.com\/lv\/pilna-servisa-pakalpojumi\/\",\"url\":\"https:\/\/wheeltyre.com\/lv\/pilna-servisa-pakalpojumi\/\",\"name\":\"Pilna servisa pakalpojumi - WheelTyre\",\"isPartOf\":{\"@id\":\"https:\/\/wheeltyre.com\/lv\/#website\"},\"datePublished\":\"2025-10-06T08:13:10+00:00\",\"dateModified\":\"2026-01-30T12:38:30+00:00\",\"description\":\"WheelTyre ondersteunt autofabrikanten en importeurs met complete oplossingen voor banden, velgen en complete wielbandcombinaties.\",\"breadcrumb\":{\"@id\":\"https:\/\/wheeltyre.com\/lv\/pilna-servisa-pakalpojumi\/#breadcrumb\"},\"inLanguage\":\"lv-LV\",\"potentialAction\":[{\"@type\":\"ReadAction\",\"target\":[\"https:\/\/wheeltyre.com\/lv\/pilna-servisa-pakalpojumi\/\"]}]},{\"@type\":\"BreadcrumbList\",\"@id\":\"https:\/\/wheeltyre.com\/lv\/pilna-servisa-pakalpojumi\/#breadcrumb\",\"itemListElement\":[{\"@type\":\"ListItem\",\"position\":1,\"name\":\"Home\",\"item\":\"https:\/\/wheeltyre.com\/lv\/\"},{\"@type\":\"ListItem\",\"position\":2,\"name\":\"Pilna servisa pakalpojumi\"}]},{\"@type\":\"WebSite\",\"@id\":\"https:\/\/wheeltyre.com\/lv\/#website\",\"url\":\"https:\/\/wheeltyre.com\/lv\/\",\"name\":\"WheelTyre\",\"description\":\"One partner. Full service.\",\"potentialAction\":[{\"@type\":\"SearchAction\",\"target\":{\"@type\":\"EntryPoint\",\"urlTemplate\":\"https:\/\/wheeltyre.com\/lv\/?s={search_term_string}\"},\"query-input\":{\"@type\":\"PropertyValueSpecification\",\"valueRequired\":true,\"valueName\":\"search_term_string\"}}],\"inLanguage\":\"lv-LV\"}]}<\/script>\n<!-- \/ Yoast SEO plugin. -->","yoast_head_json":{"title":"Pilna servisa pakalpojumi - WheelTyre","description":"WheelTyre ondersteunt autofabrikanten en importeurs met complete oplossingen voor banden, velgen en complete wielbandcombinaties.","robots":{"index":"index","follow":"follow","max-snippet":"max-snippet:-1","max-image-preview":"max-image-preview:large","max-video-preview":"max-video-preview:-1"},"canonical":"https:\/\/wheeltyre.com\/lv\/pilna-servisa-pakalpojumi\/","og_locale":"lv_LV","og_type":"article","og_title":"Pilna servisa pakalpojumi - WheelTyre","og_description":"WheelTyre ondersteunt autofabrikanten en importeurs met complete oplossingen voor banden, velgen en complete wielbandcombinaties.","og_url":"https:\/\/wheeltyre.com\/lv\/pilna-servisa-pakalpojumi\/","og_site_name":"WheelTyre","article_modified_time":"2026-01-30T12:38:30+00:00","twitter_card":"summary_large_image","twitter_misc":{"Est. reading time":"4 min\u016btes"},"schema":{"@context":"https:\/\/schema.org","@graph":[{"@type":"WebPage","@id":"https:\/\/wheeltyre.com\/lv\/pilna-servisa-pakalpojumi\/","url":"https:\/\/wheeltyre.com\/lv\/pilna-servisa-pakalpojumi\/","name":"Pilna servisa pakalpojumi - WheelTyre","isPartOf":{"@id":"https:\/\/wheeltyre.com\/lv\/#website"},"datePublished":"2025-10-06T08:13:10+00:00","dateModified":"2026-01-30T12:38:30+00:00","description":"WheelTyre ondersteunt autofabrikanten en importeurs met complete oplossingen voor banden, velgen en complete wielbandcombinaties.","breadcrumb":{"@id":"https:\/\/wheeltyre.com\/lv\/pilna-servisa-pakalpojumi\/#breadcrumb"},"inLanguage":"lv-LV","potentialAction":[{"@type":"ReadAction","target":["https:\/\/wheeltyre.com\/lv\/pilna-servisa-pakalpojumi\/"]}]},{"@type":"BreadcrumbList","@id":"https:\/\/wheeltyre.com\/lv\/pilna-servisa-pakalpojumi\/#breadcrumb","itemListElement":[{"@type":"ListItem","position":1,"name":"Home","item":"https:\/\/wheeltyre.com\/lv\/"},{"@type":"ListItem","position":2,"name":"Pilna servisa pakalpojumi"}]},{"@type":"WebSite","@id":"https:\/\/wheeltyre.com\/lv\/#website","url":"https:\/\/wheeltyre.com\/lv\/","name":"WheelTyre","description":"One partner. Full service.","potentialAction":[{"@type":"SearchAction","target":{"@type":"EntryPoint","urlTemplate":"https:\/\/wheeltyre.com\/lv\/?s={search_term_string}"},"query-input":{"@type":"PropertyValueSpecification","valueRequired":true,"valueName":"search_term_string"}}],"inLanguage":"lv-LV"}]}},"_links":{"self":[{"href":"https:\/\/wheeltyre.com\/lv\/wp-json\/wp\/v2\/pages\/1826","targetHints":{"allow":["GET"]}}],"collection":[{"href":"https:\/\/wheeltyre.com\/lv\/wp-json\/wp\/v2\/pages"}],"about":[{"href":"https:\/\/wheeltyre.com\/lv\/wp-json\/wp\/v2\/types\/page"}],"author":[{"embeddable":true,"href":"https:\/\/wheeltyre.com\/lv\/wp-json\/wp\/v2\/users\/1"}],"replies":[{"embeddable":true,"href":"https:\/\/wheeltyre.com\/lv\/wp-json\/wp\/v2\/comments?post=1826"}],"version-history":[{"count":9,"href":"https:\/\/wheeltyre.com\/lv\/wp-json\/wp\/v2\/pages\/1826\/revisions"}],"predecessor-version":[{"id":2293,"href":"https:\/\/wheeltyre.com\/lv\/wp-json\/wp\/v2\/pages\/1826\/revisions\/2293"}],"wp:attachment":[{"href":"https:\/\/wheeltyre.com\/lv\/wp-json\/wp\/v2\/media?parent=1826"}],"wp:term":[{"taxonomy":"dipi_cpt_category","embeddable":true,"href":"https:\/\/wheeltyre.com\/lv\/wp-json\/wp\/v2\/dipi_cpt_category?post=1826"}],"curies":[{"name":"wp","href":"https:\/\/api.w.org\/{rel}","templated":true}]}}