{"id":1825,"date":"2025-10-08T09:36:51","date_gmt":"2025-10-08T09:36:51","guid":{"rendered":"https:\/\/wheeltyre.com\/disclaimer\/"},"modified":"2026-01-29T15:41:39","modified_gmt":"2026-01-29T15:41:39","slug":"atruna","status":"publish","type":"page","link":"https:\/\/wheeltyre.com\/lv\/atruna\/","title":{"rendered":"Atruna"},"content":{"rendered":"<p>[et_pb_section fb_built=&#8221;1&#8243; _builder_version=&#8221;4.27.4&#8243; _module_preset=&#8221;default&#8221; da_disable_devices=&#8221;off|off|off&#8221; global_colors_info=&#8221;{}&#8221; da_is_popup=&#8221;off&#8221; da_exit_intent=&#8221;off&#8221; da_has_close=&#8221;on&#8221; da_alt_close=&#8221;off&#8221; da_dark_close=&#8221;off&#8221; da_not_modal=&#8221;on&#8221; da_is_singular=&#8221;off&#8221; da_with_loader=&#8221;off&#8221; da_has_shadow=&#8221;on&#8221;][et_pb_row _builder_version=&#8221;4.27.4&#8243; _module_preset=&#8221;default&#8221; global_colors_info=&#8221;{}&#8221;][et_pb_column type=&#8221;4_4&#8243; _builder_version=&#8221;4.27.4&#8243; _module_preset=&#8221;default&#8221; global_colors_info=&#8221;{}&#8221;][et_pb_text _builder_version=&#8221;4.27.5&#8243; _module_preset=&#8221;default&#8221; header_5_text_color=&#8221;#08447e&#8221; header_5_font_size=&#8221;30px&#8221; header_6_text_color=&#8221;#08447e&#8221; header_6_font_size=&#8221;20px&#8221; hover_enabled=&#8221;0&#8243; custom_css_free_form=&#8221;a{color:#F9AF15;}&#8221; global_colors_info=&#8221;{}&#8221; sticky_enabled=&#8221;0&#8243;]<\/p>\n<h5>Atruna<\/h5>\n<p>Lai gan \u0161\u012b t\u012bmek\u013cvietne ir izstr\u0101d\u0101ta ar visliel\u0101ko r\u016bp\u012bbu, WheelTyre B.V. un ar to saist\u012btie uz\u0146\u0113mumi nevar garant\u0113t, ka taj\u0101 sniegt\u0101 inform\u0101cija ir piln\u012bga, prec\u012bza vai aktu\u0101la. No \u0161\u012bs t\u012bmek\u013cvietnes satura neizriet nek\u0101das ties\u012bbas.<\/p>\n<p>WheelTyre B.V. neuz\u0146emas atbild\u012bbu par nek\u0101diem tie\u0161iem vai netie\u0161iem zaud\u0113jumiem, kas radu\u0161ies, izmantojot \u0161aj\u0101 t\u012bmek\u013cvietn\u0113 pieejamo inform\u0101ciju. Lietot\u0101js ir piln\u012bb\u0101 atbild\u012bgs par \u0161\u012bs t\u012bmek\u013cvietnes un taj\u0101 nor\u0101d\u012bt\u0101s inform\u0101cijas izmanto\u0161anu.<\/p>\n<p>Att\u0113li, logotipi, produktu nosaukumi un z\u012bmolu nosaukumi ir un paliek ra\u017eot\u0101ju un\/vai pieg\u0101d\u0101t\u0101ju \u012bpa\u0161ums. Tos paredz\u0113ts izmantot tikai t\u0101d\u0113\u013c, lai preciz\u0113tu produktu aprakstus un atbilsto\u0161i inform\u0113tu potenci\u0101los pirc\u0113jus.<\/p>\n<p>WheelTyre B.V. patur ties\u012bbas jebkur\u0101 laik\u0101 main\u012bt \u0161\u012bs t\u012bmek\u013cvietnes saturu bez iepriek\u0161\u0113ja br\u012bdin\u0101juma. Iesp\u0113jamas k\u013c\u016bdas, drukas vai format\u0113juma neprecizit\u0101tes, k\u0101 ar\u012b specifik\u0101ciju izmai\u0146as.<\/p>\n<p>[\/et_pb_text][\/et_pb_column][\/et_pb_row][\/et_pb_section]<\/p>\n","protected":false},"excerpt":{"rendered":"<p>Atruna Lai gan \u0161\u012b t\u012bmek\u013cvietne ir izstr\u0101d\u0101ta ar visliel\u0101ko r\u016bp\u012bbu, WheelTyre B.V. un ar to saist\u012btie uz\u0146\u0113mumi nevar garant\u0113t, ka taj\u0101 sniegt\u0101 inform\u0101cija ir piln\u012bga, prec\u012bza vai aktu\u0101la. No \u0161\u012bs t\u012bmek\u013cvietnes satura neizriet nek\u0101das ties\u012bbas. WheelTyre B.V. neuz\u0146emas atbild\u012bbu par nek\u0101diem tie\u0161iem vai netie\u0161iem zaud\u0113jumiem, kas radu\u0161ies, izmantojot \u0161aj\u0101 t\u012bmek\u013cvietn\u0113 pieejamo inform\u0101ciju. Lietot\u0101js ir piln\u012bb\u0101 [&hellip;]<\/p>\n","protected":false},"author":1,"featured_media":0,"parent":0,"menu_order":0,"comment_status":"closed","ping_status":"closed","template":"","meta":{"_et_pb_use_builder":"on","_et_pb_old_content":"","_et_gb_content_width":"","footnotes":""},"dipi_cpt_category":[],"class_list":["post-1825","page","type-page","status-publish","hentry"],"yoast_head":"<!-- This site is optimized with the Yoast SEO plugin v27.1.1 - https:\/\/yoast.com\/product\/yoast-seo-wordpress\/ -->\n<title>Atruna - WheelTyre<\/title>\n<meta name=\"robots\" content=\"noindex, follow\" \/>\n<meta property=\"og:locale\" content=\"lv_LV\" \/>\n<meta property=\"og:type\" content=\"article\" \/>\n<meta property=\"og:title\" content=\"Atruna - WheelTyre\" \/>\n<meta property=\"og:description\" content=\"Atruna Lai gan \u0161\u012b t\u012bmek\u013cvietne ir izstr\u0101d\u0101ta ar visliel\u0101ko r\u016bp\u012bbu, WheelTyre B.V. un ar to saist\u012btie uz\u0146\u0113mumi nevar garant\u0113t, ka taj\u0101 sniegt\u0101 inform\u0101cija ir piln\u012bga, prec\u012bza vai aktu\u0101la. No \u0161\u012bs t\u012bmek\u013cvietnes satura neizriet nek\u0101das ties\u012bbas. WheelTyre B.V. neuz\u0146emas atbild\u012bbu par nek\u0101diem tie\u0161iem vai netie\u0161iem zaud\u0113jumiem, kas radu\u0161ies, izmantojot \u0161aj\u0101 t\u012bmek\u013cvietn\u0113 pieejamo inform\u0101ciju. Lietot\u0101js ir piln\u012bb\u0101 [&hellip;]\" \/>\n<meta property=\"og:url\" content=\"https:\/\/wheeltyre.com\/lv\/atruna\/\" \/>\n<meta property=\"og:site_name\" content=\"WheelTyre\" \/>\n<meta property=\"article:modified_time\" content=\"2026-01-29T15:41:39+00:00\" \/>\n<meta name=\"twitter:card\" content=\"summary_large_image\" \/>\n<meta name=\"twitter:label1\" content=\"Est. reading time\" \/>\n\t<meta name=\"twitter:data1\" content=\"1 min\u016b\u0161u\" \/>\n<script type=\"application\/ld+json\" class=\"yoast-schema-graph\">{\"@context\":\"https:\/\/schema.org\",\"@graph\":[{\"@type\":\"WebPage\",\"@id\":\"https:\/\/wheeltyre.com\/lv\/atruna\/\",\"url\":\"https:\/\/wheeltyre.com\/lv\/atruna\/\",\"name\":\"Atruna - WheelTyre\",\"isPartOf\":{\"@id\":\"https:\/\/wheeltyre.com\/lv\/#website\"},\"datePublished\":\"2025-10-08T09:36:51+00:00\",\"dateModified\":\"2026-01-29T15:41:39+00:00\",\"breadcrumb\":{\"@id\":\"https:\/\/wheeltyre.com\/lv\/atruna\/#breadcrumb\"},\"inLanguage\":\"lv-LV\",\"potentialAction\":[{\"@type\":\"ReadAction\",\"target\":[\"https:\/\/wheeltyre.com\/lv\/atruna\/\"]}]},{\"@type\":\"BreadcrumbList\",\"@id\":\"https:\/\/wheeltyre.com\/lv\/atruna\/#breadcrumb\",\"itemListElement\":[{\"@type\":\"ListItem\",\"position\":1,\"name\":\"Home\",\"item\":\"https:\/\/wheeltyre.com\/lv\/\"},{\"@type\":\"ListItem\",\"position\":2,\"name\":\"Atruna\"}]},{\"@type\":\"WebSite\",\"@id\":\"https:\/\/wheeltyre.com\/lv\/#website\",\"url\":\"https:\/\/wheeltyre.com\/lv\/\",\"name\":\"WheelTyre\",\"description\":\"One partner. Full service.\",\"potentialAction\":[{\"@type\":\"SearchAction\",\"target\":{\"@type\":\"EntryPoint\",\"urlTemplate\":\"https:\/\/wheeltyre.com\/lv\/?s={search_term_string}\"},\"query-input\":{\"@type\":\"PropertyValueSpecification\",\"valueRequired\":true,\"valueName\":\"search_term_string\"}}],\"inLanguage\":\"lv-LV\"}]}<\/script>\n<!-- \/ Yoast SEO plugin. -->","yoast_head_json":{"title":"Atruna - WheelTyre","robots":{"index":"noindex","follow":"follow"},"og_locale":"lv_LV","og_type":"article","og_title":"Atruna - WheelTyre","og_description":"Atruna Lai gan \u0161\u012b t\u012bmek\u013cvietne ir izstr\u0101d\u0101ta ar visliel\u0101ko r\u016bp\u012bbu, WheelTyre B.V. un ar to saist\u012btie uz\u0146\u0113mumi nevar garant\u0113t, ka taj\u0101 sniegt\u0101 inform\u0101cija ir piln\u012bga, prec\u012bza vai aktu\u0101la. No \u0161\u012bs t\u012bmek\u013cvietnes satura neizriet nek\u0101das ties\u012bbas. WheelTyre B.V. neuz\u0146emas atbild\u012bbu par nek\u0101diem tie\u0161iem vai netie\u0161iem zaud\u0113jumiem, kas radu\u0161ies, izmantojot \u0161aj\u0101 t\u012bmek\u013cvietn\u0113 pieejamo inform\u0101ciju. Lietot\u0101js ir piln\u012bb\u0101 [&hellip;]","og_url":"https:\/\/wheeltyre.com\/lv\/atruna\/","og_site_name":"WheelTyre","article_modified_time":"2026-01-29T15:41:39+00:00","twitter_card":"summary_large_image","twitter_misc":{"Est. reading time":"1 min\u016b\u0161u"},"schema":{"@context":"https:\/\/schema.org","@graph":[{"@type":"WebPage","@id":"https:\/\/wheeltyre.com\/lv\/atruna\/","url":"https:\/\/wheeltyre.com\/lv\/atruna\/","name":"Atruna - WheelTyre","isPartOf":{"@id":"https:\/\/wheeltyre.com\/lv\/#website"},"datePublished":"2025-10-08T09:36:51+00:00","dateModified":"2026-01-29T15:41:39+00:00","breadcrumb":{"@id":"https:\/\/wheeltyre.com\/lv\/atruna\/#breadcrumb"},"inLanguage":"lv-LV","potentialAction":[{"@type":"ReadAction","target":["https:\/\/wheeltyre.com\/lv\/atruna\/"]}]},{"@type":"BreadcrumbList","@id":"https:\/\/wheeltyre.com\/lv\/atruna\/#breadcrumb","itemListElement":[{"@type":"ListItem","position":1,"name":"Home","item":"https:\/\/wheeltyre.com\/lv\/"},{"@type":"ListItem","position":2,"name":"Atruna"}]},{"@type":"WebSite","@id":"https:\/\/wheeltyre.com\/lv\/#website","url":"https:\/\/wheeltyre.com\/lv\/","name":"WheelTyre","description":"One partner. Full service.","potentialAction":[{"@type":"SearchAction","target":{"@type":"EntryPoint","urlTemplate":"https:\/\/wheeltyre.com\/lv\/?s={search_term_string}"},"query-input":{"@type":"PropertyValueSpecification","valueRequired":true,"valueName":"search_term_string"}}],"inLanguage":"lv-LV"}]}},"_links":{"self":[{"href":"https:\/\/wheeltyre.com\/lv\/wp-json\/wp\/v2\/pages\/1825","targetHints":{"allow":["GET"]}}],"collection":[{"href":"https:\/\/wheeltyre.com\/lv\/wp-json\/wp\/v2\/pages"}],"about":[{"href":"https:\/\/wheeltyre.com\/lv\/wp-json\/wp\/v2\/types\/page"}],"author":[{"embeddable":true,"href":"https:\/\/wheeltyre.com\/lv\/wp-json\/wp\/v2\/users\/1"}],"replies":[{"embeddable":true,"href":"https:\/\/wheeltyre.com\/lv\/wp-json\/wp\/v2\/comments?post=1825"}],"version-history":[{"count":4,"href":"https:\/\/wheeltyre.com\/lv\/wp-json\/wp\/v2\/pages\/1825\/revisions"}],"predecessor-version":[{"id":1891,"href":"https:\/\/wheeltyre.com\/lv\/wp-json\/wp\/v2\/pages\/1825\/revisions\/1891"}],"wp:attachment":[{"href":"https:\/\/wheeltyre.com\/lv\/wp-json\/wp\/v2\/media?parent=1825"}],"wp:term":[{"taxonomy":"dipi_cpt_category","embeddable":true,"href":"https:\/\/wheeltyre.com\/lv\/wp-json\/wp\/v2\/dipi_cpt_category?post=1825"}],"curies":[{"name":"wp","href":"https:\/\/api.w.org\/{rel}","templated":true}]}}