{"id":1824,"date":"2025-10-06T08:13:38","date_gmt":"2025-10-06T08:13:38","guid":{"rendered":"https:\/\/wheeltyre.com\/contact\/"},"modified":"2026-01-29T16:16:00","modified_gmt":"2026-01-29T16:16:00","slug":"kontakti","status":"publish","type":"page","link":"https:\/\/wheeltyre.com\/lv\/kontakti\/","title":{"rendered":"Kontakti"},"content":{"rendered":"<p>[et_pb_section fb_built=&#8221;1&#8243; _builder_version=&#8221;4.27.5&#8243; _module_preset=&#8221;default&#8221; background_image=&#8221;https:\/\/wheeltyre.com\/wp-content\/uploads\/2026\/01\/wheeltyre-kontakti-lv.jpg&#8221; hover_enabled=&#8221;0&#8243; da_disable_devices=&#8221;off|off|off&#8221; global_colors_info=&#8221;{}&#8221; alt=&#8221;Kontakti&#8221; title_text=&#8221;Kontakti&#8221; sticky_enabled=&#8221;0&#8243; da_is_popup=&#8221;off&#8221; da_exit_intent=&#8221;off&#8221; da_has_close=&#8221;on&#8221; da_alt_close=&#8221;off&#8221; da_dark_close=&#8221;off&#8221; da_not_modal=&#8221;on&#8221; da_is_singular=&#8221;off&#8221; da_with_loader=&#8221;off&#8221; da_has_shadow=&#8221;on&#8221;][et_pb_row _builder_version=&#8221;4.27.4&#8243; _module_preset=&#8221;default&#8221; global_colors_info=&#8221;{}&#8221;][et_pb_column type=&#8221;4_4&#8243; _builder_version=&#8221;4.27.4&#8243; _module_preset=&#8221;default&#8221; global_colors_info=&#8221;{}&#8221;][et_pb_divider show_divider=&#8221;off&#8221; _builder_version=&#8221;4.27.4&#8243; _module_preset=&#8221;default&#8221; height=&#8221;194px&#8221; height_tablet=&#8221;194px&#8221; height_phone=&#8221;50px&#8221; height_last_edited=&#8221;on|phone&#8221; global_colors_info=&#8221;{}&#8221;][\/et_pb_divider][\/et_pb_column][\/et_pb_row][\/et_pb_section][et_pb_section fb_built=&#8221;1&#8243; custom_padding_last_edited=&#8221;on|phone&#8221; _builder_version=&#8221;4.27.4&#8243; _module_preset=&#8221;default&#8221; custom_padding_tablet=&#8221;&#8221; custom_padding_phone=&#8221;||0px||false|false&#8221; da_disable_devices=&#8221;off|off|off&#8221; global_colors_info=&#8221;{}&#8221; da_is_popup=&#8221;off&#8221; da_exit_intent=&#8221;off&#8221; da_has_close=&#8221;on&#8221; da_alt_close=&#8221;off&#8221; da_dark_close=&#8221;off&#8221; da_not_modal=&#8221;on&#8221; da_is_singular=&#8221;off&#8221; da_with_loader=&#8221;off&#8221; da_has_shadow=&#8221;on&#8221;][et_pb_row column_structure=&#8221;1_3,1_3,1_3&#8243; use_custom_gutter=&#8221;on&#8221; gutter_width=&#8221;1&#8243; make_equal=&#8221;on&#8221; _builder_version=&#8221;4.27.4&#8243; _module_preset=&#8221;default&#8221; global_colors_info=&#8221;{}&#8221;][et_pb_column type=&#8221;1_3&#8243; _builder_version=&#8221;4.27.4&#8243; _module_preset=&#8221;default&#8221; custom_padding=&#8221;|20px|||false|false&#8221; custom_padding_tablet=&#8221;|20px|||false|false&#8221; custom_padding_phone=&#8221;|0px|20px||false|false&#8221; custom_padding_last_edited=&#8221;on|phone&#8221; border_color_all=&#8221;#949fa6&#8243; border_width_right=&#8221;1px&#8221; border_width_right_tablet=&#8221;1px&#8221; border_width_right_phone=&#8221;0px&#8221; border_width_right_last_edited=&#8221;on|phone&#8221; border_width_bottom_tablet=&#8221;&#8221; border_width_bottom_phone=&#8221;1px&#8221; border_width_bottom_last_edited=&#8221;on|phone&#8221; global_colors_info=&#8221;{}&#8221;][et_pb_blurb title=&#8221;Zvaniet mums&#8221; use_icon=&#8221;on&#8221; font_icon=&#8221;&#xe090;||divi||400&#8243; icon_color=&#8221;#f9af15&#8243; image_icon_width=&#8221;65px&#8221; image_icon_width_tablet=&#8221;65px&#8221; image_icon_width_phone=&#8221;45px&#8221; image_icon_width_last_edited=&#8221;on|phone&#8221; _builder_version=&#8221;4.27.5&#8243; _module_preset=&#8221;default&#8221; header_text_color=&#8221;#08447e&#8221; header_font_size=&#8221;30px&#8221; text_orientation=&#8221;center&#8221; header_font_size_tablet=&#8221;30px&#8221; header_font_size_phone=&#8221;25px&#8221; header_font_size_last_edited=&#8221;on|phone&#8221; global_colors_info=&#8221;{}&#8221;]<\/p>\n<p>Vai Jums ir jaut\u0101jumi?<br \/>M\u016bs var sazvan\u012bt uz zem\u0101k nor\u0101d\u012bto t\u0101lru\u0146a numuru.<\/p>\n<p><a href=\"tel:(0)168%20392 080\"><span style=\"color: #08447e;\"><i>(0)168 392 080<\/i><\/span><\/a><\/p>\n<p>[\/et_pb_blurb][\/et_pb_column][et_pb_column type=&#8221;1_3&#8243; _builder_version=&#8221;4.27.4&#8243; _module_preset=&#8221;default&#8221; custom_padding=&#8221;|20px||20px|false|false&#8221; custom_padding_tablet=&#8221;|20px||20px|false|false&#8221; custom_padding_phone=&#8221;20px|0px|20px|0px|true|false&#8221; custom_padding_last_edited=&#8221;on|phone&#8221; border_color_all=&#8221;#949fa6&#8243; border_width_right=&#8221;1px&#8221; border_width_right_tablet=&#8221;1px&#8221; border_width_right_phone=&#8221;0px&#8221; border_width_right_last_edited=&#8221;on|phone&#8221; border_width_bottom_tablet=&#8221;&#8221; border_width_bottom_phone=&#8221;1px&#8221; border_width_bottom_last_edited=&#8221;on|phone&#8221; global_colors_info=&#8221;{}&#8221;][et_pb_blurb title=&#8221;Rakstiet mums&#8221; use_icon=&#8221;on&#8221; font_icon=&#8221;&#xf0e0;||fa||400&#8243; icon_color=&#8221;#f9af15&#8243; image_icon_width=&#8221;65px&#8221; image_icon_width_tablet=&#8221;65px&#8221; image_icon_width_phone=&#8221;45px&#8221; image_icon_width_last_edited=&#8221;on|phone&#8221; _builder_version=&#8221;4.27.5&#8243; _module_preset=&#8221;default&#8221; header_text_color=&#8221;#08447e&#8221; header_font_size=&#8221;30px&#8221; text_orientation=&#8221;center&#8221; header_font_size_tablet=&#8221;30px&#8221; header_font_size_phone=&#8221;25px&#8221; header_font_size_last_edited=&#8221;on|phone&#8221; global_colors_info=&#8221;{}&#8221;]<\/p>\n<p>Vai dodat priek\u0161roku sazi\u0146ai pa e-pastu? Nek\u0101du probl\u0113mu. Dro\u0161i s\u016btiet mums zi\u0146u, un m\u0113s jums ar prieku pal\u012bdz\u0113sim.<\/p>\n<p><a href=\"mailto:info@wheeltyre.com\"><span style=\"color: #08447e;\"><i>info@wheeltyre.com<\/i><\/span><\/a><\/p>\n<p>[\/et_pb_blurb][\/et_pb_column][et_pb_column type=&#8221;1_3&#8243; _builder_version=&#8221;4.27.4&#8243; _module_preset=&#8221;default&#8221; custom_padding=&#8221;|||20px|false|false&#8221; custom_padding_tablet=&#8221;|||20px|false|false&#8221; custom_padding_phone=&#8221;20px|||0px|false|false&#8221; custom_padding_last_edited=&#8221;on|phone&#8221; global_colors_info=&#8221;{}&#8221;][et_pb_blurb title=&#8221;M\u016bsu adrese&#8221; use_icon=&#8221;on&#8221; font_icon=&#8221;&#xe074;||divi||400&#8243; icon_color=&#8221;#f9af15&#8243; image_icon_width=&#8221;65px&#8221; image_icon_width_tablet=&#8221;65px&#8221; image_icon_width_phone=&#8221;45px&#8221; image_icon_width_last_edited=&#8221;on|phone&#8221; _builder_version=&#8221;4.27.5&#8243; _module_preset=&#8221;default&#8221; header_text_color=&#8221;#08447e&#8221; header_font_size=&#8221;30px&#8221; text_orientation=&#8221;center&#8221; header_font_size_tablet=&#8221;30px&#8221; header_font_size_phone=&#8221;25px&#8221; header_font_size_last_edited=&#8221;on|phone&#8221; global_colors_info=&#8221;{}&#8221;]<\/p>\n<p>No Zevenbergenas m\u0113s sniedzam pakalpojumus klientiem vis\u0101 Eirop\u0101.<\/p>\n<p><span style=\"color: #08447e;\"><em>Distriboulevard 15,<br \/><\/em><\/span><span style=\"color: #08447e;\">4761 RZ <em>Zevenbergen, Nederland<\/em><\/span><\/p>\n<p>[\/et_pb_blurb][\/et_pb_column][\/et_pb_row][\/et_pb_section][et_pb_section fb_built=&#8221;1&#8243; fullwidth=&#8221;on&#8221; _builder_version=&#8221;4.27.4&#8243; _module_preset=&#8221;default&#8221; da_disable_devices=&#8221;off|off|off&#8221; global_colors_info=&#8221;{}&#8221; da_is_popup=&#8221;off&#8221; da_exit_intent=&#8221;off&#8221; da_has_close=&#8221;on&#8221; da_alt_close=&#8221;off&#8221; da_dark_close=&#8221;off&#8221; da_not_modal=&#8221;on&#8221; da_is_singular=&#8221;off&#8221; da_with_loader=&#8221;off&#8221; da_has_shadow=&#8221;on&#8221;][et_pb_fullwidth_map google_api_key=&#8221;AIzaSyAkeGdkBOuG_hxOYDfXpZjbBQl964OLoys&#8221; address=&#8221;Distriboulevard 15, 4761 RZ Zevenbergen, Nederland&#8221; address_lat=&#8221;51.6682504&#8243; address_lng=&#8221;4.5936545&#8243; _builder_version=&#8221;4.27.5&#8243; _module_preset=&#8221;default&#8221; global_colors_info=&#8221;{}&#8221;][et_pb_map_pin title=&#8221;Kantoor WheelTyre&#8221; pin_address=&#8221;Distriboulevard 15, 4761 RZ Zevenbergen, Nederland&#8221; pin_address_lat=&#8221;51.6682504&#8243; pin_address_lng=&#8221;4.5936545&#8243; _builder_version=&#8221;4.27.5&#8243; _module_preset=&#8221;default&#8221; global_colors_info=&#8221;{}&#8221;][\/et_pb_map_pin][\/et_pb_fullwidth_map][\/et_pb_section]<\/p>\n","protected":false},"excerpt":{"rendered":"<p>Vai Jums ir jaut\u0101jumi?M\u016bs var sazvan\u012bt uz zem\u0101k nor\u0101d\u012bto t\u0101lru\u0146a numuru. (0)168 392 080Vai dodat priek\u0161roku sazi\u0146ai pa e-pastu? Nek\u0101du probl\u0113mu. Dro\u0161i s\u016btiet mums zi\u0146u, un m\u0113s jums ar prieku pal\u012bdz\u0113sim. info@wheeltyre.comNo Zevenbergenas m\u0113s sniedzam pakalpojumus klientiem vis\u0101 Eirop\u0101. Distriboulevard 15,4761 RZ Zevenbergen, Nederland<\/p>\n","protected":false},"author":1,"featured_media":0,"parent":0,"menu_order":0,"comment_status":"closed","ping_status":"closed","template":"","meta":{"_et_pb_use_builder":"on","_et_pb_old_content":"","_et_gb_content_width":"","footnotes":""},"dipi_cpt_category":[],"class_list":["post-1824","page","type-page","status-publish","hentry"],"yoast_head":"<!-- This site is optimized with the Yoast SEO plugin v27.1.1 - https:\/\/yoast.com\/product\/yoast-seo-wordpress\/ -->\n<title>Kontakti - WheelTyre<\/title>\n<meta name=\"robots\" content=\"noindex, follow\" \/>\n<meta property=\"og:locale\" content=\"lv_LV\" \/>\n<meta property=\"og:type\" content=\"article\" \/>\n<meta property=\"og:title\" content=\"Kontakti - WheelTyre\" \/>\n<meta property=\"og:description\" content=\"Vai Jums ir jaut\u0101jumi?M\u016bs var sazvan\u012bt uz zem\u0101k nor\u0101d\u012bto t\u0101lru\u0146a numuru. (0)168 392 080Vai dodat priek\u0161roku sazi\u0146ai pa e-pastu? Nek\u0101du probl\u0113mu. Dro\u0161i s\u016btiet mums zi\u0146u, un m\u0113s jums ar prieku pal\u012bdz\u0113sim. info@wheeltyre.comNo Zevenbergenas m\u0113s sniedzam pakalpojumus klientiem vis\u0101 Eirop\u0101. Distriboulevard 15,4761 RZ Zevenbergen, Nederland\" \/>\n<meta property=\"og:url\" content=\"https:\/\/wheeltyre.com\/lv\/kontakti\/\" \/>\n<meta property=\"og:site_name\" content=\"WheelTyre\" \/>\n<meta property=\"article:modified_time\" content=\"2026-01-29T16:16:00+00:00\" \/>\n<meta name=\"twitter:card\" content=\"summary_large_image\" \/>\n<meta name=\"twitter:label1\" content=\"Est. reading time\" \/>\n\t<meta name=\"twitter:data1\" content=\"1 min\u016b\u0161u\" \/>\n<script type=\"application\/ld+json\" class=\"yoast-schema-graph\">{\"@context\":\"https:\/\/schema.org\",\"@graph\":[{\"@type\":\"WebPage\",\"@id\":\"https:\/\/wheeltyre.com\/lv\/kontakti\/\",\"url\":\"https:\/\/wheeltyre.com\/lv\/kontakti\/\",\"name\":\"Kontakti - WheelTyre\",\"isPartOf\":{\"@id\":\"https:\/\/wheeltyre.com\/lv\/#website\"},\"datePublished\":\"2025-10-06T08:13:38+00:00\",\"dateModified\":\"2026-01-29T16:16:00+00:00\",\"breadcrumb\":{\"@id\":\"https:\/\/wheeltyre.com\/lv\/kontakti\/#breadcrumb\"},\"inLanguage\":\"lv-LV\",\"potentialAction\":[{\"@type\":\"ReadAction\",\"target\":[\"https:\/\/wheeltyre.com\/lv\/kontakti\/\"]}]},{\"@type\":\"BreadcrumbList\",\"@id\":\"https:\/\/wheeltyre.com\/lv\/kontakti\/#breadcrumb\",\"itemListElement\":[{\"@type\":\"ListItem\",\"position\":1,\"name\":\"Home\",\"item\":\"https:\/\/wheeltyre.com\/lv\/\"},{\"@type\":\"ListItem\",\"position\":2,\"name\":\"Kontakti\"}]},{\"@type\":\"WebSite\",\"@id\":\"https:\/\/wheeltyre.com\/lv\/#website\",\"url\":\"https:\/\/wheeltyre.com\/lv\/\",\"name\":\"WheelTyre\",\"description\":\"One partner. Full service.\",\"potentialAction\":[{\"@type\":\"SearchAction\",\"target\":{\"@type\":\"EntryPoint\",\"urlTemplate\":\"https:\/\/wheeltyre.com\/lv\/?s={search_term_string}\"},\"query-input\":{\"@type\":\"PropertyValueSpecification\",\"valueRequired\":true,\"valueName\":\"search_term_string\"}}],\"inLanguage\":\"lv-LV\"}]}<\/script>\n<!-- \/ Yoast SEO plugin. -->","yoast_head_json":{"title":"Kontakti - WheelTyre","robots":{"index":"noindex","follow":"follow"},"og_locale":"lv_LV","og_type":"article","og_title":"Kontakti - WheelTyre","og_description":"Vai Jums ir jaut\u0101jumi?M\u016bs var sazvan\u012bt uz zem\u0101k nor\u0101d\u012bto t\u0101lru\u0146a numuru. (0)168 392 080Vai dodat priek\u0161roku sazi\u0146ai pa e-pastu? Nek\u0101du probl\u0113mu. Dro\u0161i s\u016btiet mums zi\u0146u, un m\u0113s jums ar prieku pal\u012bdz\u0113sim. info@wheeltyre.comNo Zevenbergenas m\u0113s sniedzam pakalpojumus klientiem vis\u0101 Eirop\u0101. Distriboulevard 15,4761 RZ Zevenbergen, Nederland","og_url":"https:\/\/wheeltyre.com\/lv\/kontakti\/","og_site_name":"WheelTyre","article_modified_time":"2026-01-29T16:16:00+00:00","twitter_card":"summary_large_image","twitter_misc":{"Est. reading time":"1 min\u016b\u0161u"},"schema":{"@context":"https:\/\/schema.org","@graph":[{"@type":"WebPage","@id":"https:\/\/wheeltyre.com\/lv\/kontakti\/","url":"https:\/\/wheeltyre.com\/lv\/kontakti\/","name":"Kontakti - WheelTyre","isPartOf":{"@id":"https:\/\/wheeltyre.com\/lv\/#website"},"datePublished":"2025-10-06T08:13:38+00:00","dateModified":"2026-01-29T16:16:00+00:00","breadcrumb":{"@id":"https:\/\/wheeltyre.com\/lv\/kontakti\/#breadcrumb"},"inLanguage":"lv-LV","potentialAction":[{"@type":"ReadAction","target":["https:\/\/wheeltyre.com\/lv\/kontakti\/"]}]},{"@type":"BreadcrumbList","@id":"https:\/\/wheeltyre.com\/lv\/kontakti\/#breadcrumb","itemListElement":[{"@type":"ListItem","position":1,"name":"Home","item":"https:\/\/wheeltyre.com\/lv\/"},{"@type":"ListItem","position":2,"name":"Kontakti"}]},{"@type":"WebSite","@id":"https:\/\/wheeltyre.com\/lv\/#website","url":"https:\/\/wheeltyre.com\/lv\/","name":"WheelTyre","description":"One partner. Full service.","potentialAction":[{"@type":"SearchAction","target":{"@type":"EntryPoint","urlTemplate":"https:\/\/wheeltyre.com\/lv\/?s={search_term_string}"},"query-input":{"@type":"PropertyValueSpecification","valueRequired":true,"valueName":"search_term_string"}}],"inLanguage":"lv-LV"}]}},"_links":{"self":[{"href":"https:\/\/wheeltyre.com\/lv\/wp-json\/wp\/v2\/pages\/1824","targetHints":{"allow":["GET"]}}],"collection":[{"href":"https:\/\/wheeltyre.com\/lv\/wp-json\/wp\/v2\/pages"}],"about":[{"href":"https:\/\/wheeltyre.com\/lv\/wp-json\/wp\/v2\/types\/page"}],"author":[{"embeddable":true,"href":"https:\/\/wheeltyre.com\/lv\/wp-json\/wp\/v2\/users\/1"}],"replies":[{"embeddable":true,"href":"https:\/\/wheeltyre.com\/lv\/wp-json\/wp\/v2\/comments?post=1824"}],"version-history":[{"count":5,"href":"https:\/\/wheeltyre.com\/lv\/wp-json\/wp\/v2\/pages\/1824\/revisions"}],"predecessor-version":[{"id":1927,"href":"https:\/\/wheeltyre.com\/lv\/wp-json\/wp\/v2\/pages\/1824\/revisions\/1927"}],"wp:attachment":[{"href":"https:\/\/wheeltyre.com\/lv\/wp-json\/wp\/v2\/media?parent=1824"}],"wp:term":[{"taxonomy":"dipi_cpt_category","embeddable":true,"href":"https:\/\/wheeltyre.com\/lv\/wp-json\/wp\/v2\/dipi_cpt_category?post=1824"}],"curies":[{"name":"wp","href":"https:\/\/api.w.org\/{rel}","templated":true}]}}