{"id":1947,"date":"2025-10-06T08:13:38","date_gmt":"2025-10-06T08:13:38","guid":{"rendered":"https:\/\/wheeltyre.com\/contact\/"},"modified":"2026-01-30T08:22:53","modified_gmt":"2026-01-30T08:22:53","slug":"susisiekite","status":"publish","type":"page","link":"https:\/\/wheeltyre.com\/lt\/susisiekite\/","title":{"rendered":"Susisiekite"},"content":{"rendered":"<p>[et_pb_section fb_built=&#8221;1&#8243; _builder_version=&#8221;4.27.5&#8243; _module_preset=&#8221;default&#8221; background_image=&#8221;https:\/\/wheeltyre.com\/wp-content\/uploads\/2026\/01\/wheeltyre-susisiekite-lt.jpg&#8221; da_disable_devices=&#8221;off|off|off&#8221; global_colors_info=&#8221;{}&#8221; alt=&#8221;Susisiekite&#8221; title_text=&#8221;Susisiekite&#8221; da_is_popup=&#8221;off&#8221; da_exit_intent=&#8221;off&#8221; da_has_close=&#8221;on&#8221; da_alt_close=&#8221;off&#8221; da_dark_close=&#8221;off&#8221; da_not_modal=&#8221;on&#8221; da_is_singular=&#8221;off&#8221; da_with_loader=&#8221;off&#8221; da_has_shadow=&#8221;on&#8221;][et_pb_row _builder_version=&#8221;4.27.4&#8243; _module_preset=&#8221;default&#8221; global_colors_info=&#8221;{}&#8221;][et_pb_column type=&#8221;4_4&#8243; _builder_version=&#8221;4.27.4&#8243; _module_preset=&#8221;default&#8221; global_colors_info=&#8221;{}&#8221;][et_pb_divider show_divider=&#8221;off&#8221; _builder_version=&#8221;4.27.4&#8243; _module_preset=&#8221;default&#8221; height=&#8221;194px&#8221; height_tablet=&#8221;194px&#8221; height_phone=&#8221;50px&#8221; height_last_edited=&#8221;on|phone&#8221; global_colors_info=&#8221;{}&#8221;][\/et_pb_divider][\/et_pb_column][\/et_pb_row][\/et_pb_section][et_pb_section fb_built=&#8221;1&#8243; custom_padding_last_edited=&#8221;on|phone&#8221; _builder_version=&#8221;4.27.4&#8243; _module_preset=&#8221;default&#8221; custom_padding_tablet=&#8221;&#8221; custom_padding_phone=&#8221;||0px||false|false&#8221; da_disable_devices=&#8221;off|off|off&#8221; global_colors_info=&#8221;{}&#8221; da_is_popup=&#8221;off&#8221; da_exit_intent=&#8221;off&#8221; da_has_close=&#8221;on&#8221; da_alt_close=&#8221;off&#8221; da_dark_close=&#8221;off&#8221; da_not_modal=&#8221;on&#8221; da_is_singular=&#8221;off&#8221; da_with_loader=&#8221;off&#8221; da_has_shadow=&#8221;on&#8221;][et_pb_row column_structure=&#8221;1_3,1_3,1_3&#8243; use_custom_gutter=&#8221;on&#8221; gutter_width=&#8221;1&#8243; make_equal=&#8221;on&#8221; _builder_version=&#8221;4.27.4&#8243; _module_preset=&#8221;default&#8221; global_colors_info=&#8221;{}&#8221;][et_pb_column type=&#8221;1_3&#8243; _builder_version=&#8221;4.27.4&#8243; _module_preset=&#8221;default&#8221; custom_padding=&#8221;|20px|||false|false&#8221; custom_padding_tablet=&#8221;|20px|||false|false&#8221; custom_padding_phone=&#8221;|0px|20px||false|false&#8221; custom_padding_last_edited=&#8221;on|phone&#8221; border_color_all=&#8221;#949fa6&#8243; border_width_right=&#8221;1px&#8221; border_width_right_tablet=&#8221;1px&#8221; border_width_right_phone=&#8221;0px&#8221; border_width_right_last_edited=&#8221;on|phone&#8221; border_width_bottom_tablet=&#8221;&#8221; border_width_bottom_phone=&#8221;1px&#8221; border_width_bottom_last_edited=&#8221;on|phone&#8221; global_colors_info=&#8221;{}&#8221;][et_pb_blurb title=&#8221;Paskambinkite mums&#8221; use_icon=&#8221;on&#8221; font_icon=&#8221;&#xe090;||divi||400&#8243; icon_color=&#8221;#f9af15&#8243; image_icon_width=&#8221;65px&#8221; image_icon_width_tablet=&#8221;65px&#8221; image_icon_width_phone=&#8221;45px&#8221; image_icon_width_last_edited=&#8221;on|phone&#8221; _builder_version=&#8221;4.27.5&#8243; _module_preset=&#8221;default&#8221; header_text_color=&#8221;#08447e&#8221; header_font_size=&#8221;30px&#8221; text_orientation=&#8221;center&#8221; header_font_size_tablet=&#8221;30px&#8221; header_font_size_phone=&#8221;25px&#8221; header_font_size_last_edited=&#8221;on|phone&#8221; global_colors_info=&#8221;{}&#8221;]<\/p>\n<p>Turite klausim\u0173 arba galime kuo nors pad\u0117ti? Susisiekite su mumis toliau nurodytu telefono numeriu.<\/p>\n<p><a href=\"tel:(0)168%20392 080\"><span style=\"color: #08447e;\"><i>(0)168 392 080<\/i><\/span><\/a><\/p>\n<p>[\/et_pb_blurb][\/et_pb_column][et_pb_column type=&#8221;1_3&#8243; _builder_version=&#8221;4.27.4&#8243; _module_preset=&#8221;default&#8221; custom_padding=&#8221;|20px||20px|false|false&#8221; custom_padding_tablet=&#8221;|20px||20px|false|false&#8221; custom_padding_phone=&#8221;20px|0px|20px|0px|true|false&#8221; custom_padding_last_edited=&#8221;on|phone&#8221; border_color_all=&#8221;#949fa6&#8243; border_width_right=&#8221;1px&#8221; border_width_right_tablet=&#8221;1px&#8221; border_width_right_phone=&#8221;0px&#8221; border_width_right_last_edited=&#8221;on|phone&#8221; border_width_bottom_tablet=&#8221;&#8221; border_width_bottom_phone=&#8221;1px&#8221; border_width_bottom_last_edited=&#8221;on|phone&#8221; global_colors_info=&#8221;{}&#8221;][et_pb_blurb title=&#8221;Para\u0161ykite mums el. lai\u0161k\u0105&#8221; use_icon=&#8221;on&#8221; font_icon=&#8221;&#xf0e0;||fa||400&#8243; icon_color=&#8221;#f9af15&#8243; image_icon_width=&#8221;65px&#8221; image_icon_width_tablet=&#8221;65px&#8221; image_icon_width_phone=&#8221;45px&#8221; image_icon_width_last_edited=&#8221;on|phone&#8221; _builder_version=&#8221;4.27.5&#8243; _module_preset=&#8221;default&#8221; header_text_color=&#8221;#08447e&#8221; header_font_size=&#8221;30px&#8221; text_orientation=&#8221;center&#8221; header_font_size_tablet=&#8221;30px&#8221; header_font_size_phone=&#8221;25px&#8221; header_font_size_last_edited=&#8221;on|phone&#8221; global_colors_info=&#8221;{}&#8221;]<\/p>\n<p>Pageidaujate susisiekite su mumis elektroniniu pa\u0161tu? Si\u0173skite mums \u017einut\u0119 ir mes mielai jums pad\u0117sime.<\/p>\n<p><a href=\"mailto:info@wheeltyre.com\"><span style=\"color: #08447e;\"><i>info@wheeltyre.com<\/i><\/span><\/a><\/p>\n<p>[\/et_pb_blurb][\/et_pb_column][et_pb_column type=&#8221;1_3&#8243; _builder_version=&#8221;4.27.4&#8243; _module_preset=&#8221;default&#8221; custom_padding=&#8221;|||20px|false|false&#8221; custom_padding_tablet=&#8221;|||20px|false|false&#8221; custom_padding_phone=&#8221;20px|||0px|false|false&#8221; custom_padding_last_edited=&#8221;on|phone&#8221; global_colors_info=&#8221;{}&#8221;][et_pb_blurb title=&#8221;M\u016bs\u0173 adresas&#8221; use_icon=&#8221;on&#8221; font_icon=&#8221;&#xe074;||divi||400&#8243; icon_color=&#8221;#f9af15&#8243; image_icon_width=&#8221;65px&#8221; image_icon_width_tablet=&#8221;65px&#8221; image_icon_width_phone=&#8221;45px&#8221; image_icon_width_last_edited=&#8221;on|phone&#8221; _builder_version=&#8221;4.27.5&#8243; _module_preset=&#8221;default&#8221; header_text_color=&#8221;#08447e&#8221; header_font_size=&#8221;30px&#8221; text_orientation=&#8221;center&#8221; hover_enabled=&#8221;0&#8243; header_font_size_tablet=&#8221;30px&#8221; header_font_size_phone=&#8221;25px&#8221; header_font_size_last_edited=&#8221;on|phone&#8221; global_colors_info=&#8221;{}&#8221; sticky_enabled=&#8221;0&#8243;]<\/p>\n<p>I\u0161 Zevenbergeno teikiame savo paslaugas klientams visoje Europoje.<\/p>\n<p><span style=\"color: #08447e;\"><em>Distriboulevard 15,<br \/><\/em><\/span><span style=\"color: #08447e;\">4761 RZ <em>Zevenbergen, Nyderlandai<\/em><\/span><\/p>\n<p>[\/et_pb_blurb][\/et_pb_column][\/et_pb_row][\/et_pb_section][et_pb_section fb_built=&#8221;1&#8243; fullwidth=&#8221;on&#8221; _builder_version=&#8221;4.27.4&#8243; _module_preset=&#8221;default&#8221; da_disable_devices=&#8221;off|off|off&#8221; global_colors_info=&#8221;{}&#8221; da_is_popup=&#8221;off&#8221; da_exit_intent=&#8221;off&#8221; da_has_close=&#8221;on&#8221; da_alt_close=&#8221;off&#8221; da_dark_close=&#8221;off&#8221; da_not_modal=&#8221;on&#8221; da_is_singular=&#8221;off&#8221; da_with_loader=&#8221;off&#8221; da_has_shadow=&#8221;on&#8221;][et_pb_fullwidth_map google_api_key=&#8221;AIzaSyAkeGdkBOuG_hxOYDfXpZjbBQl964OLoys&#8221; address=&#8221;Distriboulevard 15, 4761 RZ Zevenbergen, Nederland&#8221; address_lat=&#8221;51.6682504&#8243; address_lng=&#8221;4.5936545&#8243; _builder_version=&#8221;4.27.5&#8243; _module_preset=&#8221;default&#8221; global_colors_info=&#8221;{}&#8221;][et_pb_map_pin title=&#8221;Kantoor WheelTyre&#8221; pin_address=&#8221;Distriboulevard 15, 4761 RZ Zevenbergen, Nederland&#8221; pin_address_lat=&#8221;51.6682504&#8243; pin_address_lng=&#8221;4.5936545&#8243; _builder_version=&#8221;4.27.5&#8243; _module_preset=&#8221;default&#8221; global_colors_info=&#8221;{}&#8221;][\/et_pb_map_pin][\/et_pb_fullwidth_map][\/et_pb_section]<\/p>\n","protected":false},"excerpt":{"rendered":"<p>Turite klausim\u0173 arba galime kuo nors pad\u0117ti? Susisiekite su mumis toliau nurodytu telefono numeriu. (0)168 392 080Pageidaujate susisiekite su mumis elektroniniu pa\u0161tu? Si\u0173skite mums \u017einut\u0119 ir mes mielai jums pad\u0117sime. info@wheeltyre.comI\u0161 Zevenbergeno teikiame savo paslaugas klientams visoje Europoje. Distriboulevard 15,4761 RZ Zevenbergen, Nyderlandai<\/p>\n","protected":false},"author":1,"featured_media":0,"parent":0,"menu_order":0,"comment_status":"closed","ping_status":"closed","template":"","meta":{"_et_pb_use_builder":"on","_et_pb_old_content":"","_et_gb_content_width":"","footnotes":""},"dipi_cpt_category":[],"class_list":["post-1947","page","type-page","status-publish","hentry"],"yoast_head":"<!-- This site is optimized with the Yoast SEO plugin v27.1.1 - https:\/\/yoast.com\/product\/yoast-seo-wordpress\/ -->\n<title>Susisiekite - WheelTyre<\/title>\n<meta name=\"robots\" content=\"noindex, follow\" \/>\n<meta property=\"og:locale\" content=\"lt_LT\" \/>\n<meta property=\"og:type\" content=\"article\" \/>\n<meta property=\"og:title\" content=\"Susisiekite - WheelTyre\" \/>\n<meta property=\"og:description\" content=\"Turite klausim\u0173 arba galime kuo nors pad\u0117ti? Susisiekite su mumis toliau nurodytu telefono numeriu. (0)168 392 080Pageidaujate susisiekite su mumis elektroniniu pa\u0161tu? Si\u0173skite mums \u017einut\u0119 ir mes mielai jums pad\u0117sime. info@wheeltyre.comI\u0161 Zevenbergeno teikiame savo paslaugas klientams visoje Europoje. Distriboulevard 15,4761 RZ Zevenbergen, Nyderlandai\" \/>\n<meta property=\"og:url\" content=\"https:\/\/wheeltyre.com\/lt\/susisiekite\/\" \/>\n<meta property=\"og:site_name\" content=\"WheelTyre\" \/>\n<meta property=\"article:modified_time\" content=\"2026-01-30T08:22:53+00:00\" \/>\n<meta name=\"twitter:card\" content=\"summary_large_image\" \/>\n<meta name=\"twitter:label1\" content=\"Est. reading time\" \/>\n\t<meta name=\"twitter:data1\" content=\"1 minut\u0117\" \/>\n<script type=\"application\/ld+json\" class=\"yoast-schema-graph\">{\"@context\":\"https:\/\/schema.org\",\"@graph\":[{\"@type\":\"WebPage\",\"@id\":\"https:\/\/wheeltyre.com\/lt\/susisiekite\/\",\"url\":\"https:\/\/wheeltyre.com\/lt\/susisiekite\/\",\"name\":\"Susisiekite - WheelTyre\",\"isPartOf\":{\"@id\":\"https:\/\/wheeltyre.com\/lt\/#website\"},\"datePublished\":\"2025-10-06T08:13:38+00:00\",\"dateModified\":\"2026-01-30T08:22:53+00:00\",\"breadcrumb\":{\"@id\":\"https:\/\/wheeltyre.com\/lt\/susisiekite\/#breadcrumb\"},\"inLanguage\":\"lt-LT\",\"potentialAction\":[{\"@type\":\"ReadAction\",\"target\":[\"https:\/\/wheeltyre.com\/lt\/susisiekite\/\"]}]},{\"@type\":\"BreadcrumbList\",\"@id\":\"https:\/\/wheeltyre.com\/lt\/susisiekite\/#breadcrumb\",\"itemListElement\":[{\"@type\":\"ListItem\",\"position\":1,\"name\":\"Home\",\"item\":\"https:\/\/wheeltyre.com\/lt\/\"},{\"@type\":\"ListItem\",\"position\":2,\"name\":\"Susisiekite\"}]},{\"@type\":\"WebSite\",\"@id\":\"https:\/\/wheeltyre.com\/lt\/#website\",\"url\":\"https:\/\/wheeltyre.com\/lt\/\",\"name\":\"WheelTyre\",\"description\":\"One partner. Full service.\",\"potentialAction\":[{\"@type\":\"SearchAction\",\"target\":{\"@type\":\"EntryPoint\",\"urlTemplate\":\"https:\/\/wheeltyre.com\/lt\/?s={search_term_string}\"},\"query-input\":{\"@type\":\"PropertyValueSpecification\",\"valueRequired\":true,\"valueName\":\"search_term_string\"}}],\"inLanguage\":\"lt-LT\"}]}<\/script>\n<!-- \/ Yoast SEO plugin. -->","yoast_head_json":{"title":"Susisiekite - WheelTyre","robots":{"index":"noindex","follow":"follow"},"og_locale":"lt_LT","og_type":"article","og_title":"Susisiekite - WheelTyre","og_description":"Turite klausim\u0173 arba galime kuo nors pad\u0117ti? Susisiekite su mumis toliau nurodytu telefono numeriu. (0)168 392 080Pageidaujate susisiekite su mumis elektroniniu pa\u0161tu? Si\u0173skite mums \u017einut\u0119 ir mes mielai jums pad\u0117sime. info@wheeltyre.comI\u0161 Zevenbergeno teikiame savo paslaugas klientams visoje Europoje. Distriboulevard 15,4761 RZ Zevenbergen, Nyderlandai","og_url":"https:\/\/wheeltyre.com\/lt\/susisiekite\/","og_site_name":"WheelTyre","article_modified_time":"2026-01-30T08:22:53+00:00","twitter_card":"summary_large_image","twitter_misc":{"Est. reading time":"1 minut\u0117"},"schema":{"@context":"https:\/\/schema.org","@graph":[{"@type":"WebPage","@id":"https:\/\/wheeltyre.com\/lt\/susisiekite\/","url":"https:\/\/wheeltyre.com\/lt\/susisiekite\/","name":"Susisiekite - WheelTyre","isPartOf":{"@id":"https:\/\/wheeltyre.com\/lt\/#website"},"datePublished":"2025-10-06T08:13:38+00:00","dateModified":"2026-01-30T08:22:53+00:00","breadcrumb":{"@id":"https:\/\/wheeltyre.com\/lt\/susisiekite\/#breadcrumb"},"inLanguage":"lt-LT","potentialAction":[{"@type":"ReadAction","target":["https:\/\/wheeltyre.com\/lt\/susisiekite\/"]}]},{"@type":"BreadcrumbList","@id":"https:\/\/wheeltyre.com\/lt\/susisiekite\/#breadcrumb","itemListElement":[{"@type":"ListItem","position":1,"name":"Home","item":"https:\/\/wheeltyre.com\/lt\/"},{"@type":"ListItem","position":2,"name":"Susisiekite"}]},{"@type":"WebSite","@id":"https:\/\/wheeltyre.com\/lt\/#website","url":"https:\/\/wheeltyre.com\/lt\/","name":"WheelTyre","description":"One partner. Full service.","potentialAction":[{"@type":"SearchAction","target":{"@type":"EntryPoint","urlTemplate":"https:\/\/wheeltyre.com\/lt\/?s={search_term_string}"},"query-input":{"@type":"PropertyValueSpecification","valueRequired":true,"valueName":"search_term_string"}}],"inLanguage":"lt-LT"}]}},"_links":{"self":[{"href":"https:\/\/wheeltyre.com\/lt\/wp-json\/wp\/v2\/pages\/1947","targetHints":{"allow":["GET"]}}],"collection":[{"href":"https:\/\/wheeltyre.com\/lt\/wp-json\/wp\/v2\/pages"}],"about":[{"href":"https:\/\/wheeltyre.com\/lt\/wp-json\/wp\/v2\/types\/page"}],"author":[{"embeddable":true,"href":"https:\/\/wheeltyre.com\/lt\/wp-json\/wp\/v2\/users\/1"}],"replies":[{"embeddable":true,"href":"https:\/\/wheeltyre.com\/lt\/wp-json\/wp\/v2\/comments?post=1947"}],"version-history":[{"count":4,"href":"https:\/\/wheeltyre.com\/lt\/wp-json\/wp\/v2\/pages\/1947\/revisions"}],"predecessor-version":[{"id":2022,"href":"https:\/\/wheeltyre.com\/lt\/wp-json\/wp\/v2\/pages\/1947\/revisions\/2022"}],"wp:attachment":[{"href":"https:\/\/wheeltyre.com\/lt\/wp-json\/wp\/v2\/media?parent=1947"}],"wp:term":[{"taxonomy":"dipi_cpt_category","embeddable":true,"href":"https:\/\/wheeltyre.com\/lt\/wp-json\/wp\/v2\/dipi_cpt_category?post=1947"}],"curies":[{"name":"wp","href":"https:\/\/api.w.org\/{rel}","templated":true}]}}