{"id":1944,"date":"2025-10-08T09:36:51","date_gmt":"2025-10-08T09:36:51","guid":{"rendered":"https:\/\/wheeltyre.com\/disclaimer\/"},"modified":"2026-01-30T08:06:30","modified_gmt":"2026-01-30T08:06:30","slug":"atsakomybes-apribojimas","status":"publish","type":"page","link":"https:\/\/wheeltyre.com\/lt\/atsakomybes-apribojimas\/","title":{"rendered":"Atsakomyb\u0117s apribojimas"},"content":{"rendered":"<p>[et_pb_section fb_built=&#8221;1&#8243; _builder_version=&#8221;4.27.4&#8243; _module_preset=&#8221;default&#8221; da_disable_devices=&#8221;off|off|off&#8221; global_colors_info=&#8221;{}&#8221; da_is_popup=&#8221;off&#8221; da_exit_intent=&#8221;off&#8221; da_has_close=&#8221;on&#8221; da_alt_close=&#8221;off&#8221; da_dark_close=&#8221;off&#8221; da_not_modal=&#8221;on&#8221; da_is_singular=&#8221;off&#8221; da_with_loader=&#8221;off&#8221; da_has_shadow=&#8221;on&#8221;][et_pb_row _builder_version=&#8221;4.27.4&#8243; _module_preset=&#8221;default&#8221; global_colors_info=&#8221;{}&#8221;][et_pb_column type=&#8221;4_4&#8243; _builder_version=&#8221;4.27.4&#8243; _module_preset=&#8221;default&#8221; global_colors_info=&#8221;{}&#8221;][et_pb_text _builder_version=&#8221;4.27.5&#8243; _module_preset=&#8221;default&#8221; header_5_text_color=&#8221;#08447e&#8221; header_5_font_size=&#8221;30px&#8221; header_6_text_color=&#8221;#08447e&#8221; header_6_font_size=&#8221;20px&#8221; hover_enabled=&#8221;0&#8243; custom_css_free_form=&#8221;a{color:#F9AF15;}&#8221; global_colors_info=&#8221;{}&#8221; sticky_enabled=&#8221;0&#8243;]<\/p>\n<h5>Atsakomyb\u0117s apribojimas<\/h5>\n<p>Nors \u0161i svetain\u0117 buvo sukurta itin kruop\u0161\u010diai, \u201eWheelTyre B.V.\u201c ir jos susijusios bendrov\u0117s negali garantuoti, kad pateikta informacija yra i\u0161sami, tiksli ar naujausia. I\u0161 \u0161ios svetain\u0117s turinio negali b\u016bti kildinamos jokios teis\u0117s.<\/p>\n<p>\u201eWheelTyre B.V.\u201c neprisiima jokios atsakomyb\u0117s u\u017e bet koki\u0105 tiesiogin\u0119 ar netiesiogin\u0119 \u017eal\u0105, patirt\u0105 naudojantis \u0161ioje svetain\u0117je pateikta informacija. Naudojimasis \u0161ia svetaine ir joje pateikta informacija yra visi\u0161kai vartotojo atsakomyb\u0117.<\/p>\n<p>Vaizdai, logotipai, produkt\u0173 pavadinimai ir preki\u0173 \u017eenklai yra ir lieka gamintoj\u0173 ir (arba) tiek\u0117j\u0173 nuosavyb\u0117. Jie naudojami tik tam, kad paai\u0161kint\u0173 produkt\u0173 apra\u0161ymus ir tinkamai informuot\u0173 potencialius pirk\u0117jus.<\/p>\n<p>\u201eWheelTyre B.V.\u201c pasilieka teis\u0119 bet kuriuo metu ir be i\u0161ankstinio \u012fsp\u0117jimo keisti \u0161ioje svetain\u0117je pateikt\u0105 informacij\u0105. Pasiliekame teis\u0119 \u012f klaidas, spausdinimo ar formatavimo netikslumus bei specifikacij\u0173 pakeitimus.<\/p>\n<p>[\/et_pb_text][\/et_pb_column][\/et_pb_row][\/et_pb_section]<\/p>\n","protected":false},"excerpt":{"rendered":"<p>Atsakomyb\u0117s apribojimas Nors \u0161i svetain\u0117 buvo sukurta itin kruop\u0161\u010diai, \u201eWheelTyre B.V.\u201c ir jos susijusios bendrov\u0117s negali garantuoti, kad pateikta informacija yra i\u0161sami, tiksli ar naujausia. I\u0161 \u0161ios svetain\u0117s turinio negali b\u016bti kildinamos jokios teis\u0117s. \u201eWheelTyre B.V.\u201c neprisiima jokios atsakomyb\u0117s u\u017e bet koki\u0105 tiesiogin\u0119 ar netiesiogin\u0119 \u017eal\u0105, patirt\u0105 naudojantis \u0161ioje svetain\u0117je pateikta informacija. Naudojimasis \u0161ia svetaine [&hellip;]<\/p>\n","protected":false},"author":1,"featured_media":0,"parent":0,"menu_order":0,"comment_status":"closed","ping_status":"closed","template":"","meta":{"_et_pb_use_builder":"on","_et_pb_old_content":"","_et_gb_content_width":"","footnotes":""},"dipi_cpt_category":[],"class_list":["post-1944","page","type-page","status-publish","hentry"],"yoast_head":"<!-- This site is optimized with the Yoast SEO plugin v27.1.1 - https:\/\/yoast.com\/product\/yoast-seo-wordpress\/ -->\n<title>Atsakomyb\u0117s apribojimas - WheelTyre<\/title>\n<meta name=\"robots\" content=\"noindex, follow\" \/>\n<meta property=\"og:locale\" content=\"lt_LT\" \/>\n<meta property=\"og:type\" content=\"article\" \/>\n<meta property=\"og:title\" content=\"Atsakomyb\u0117s apribojimas - WheelTyre\" \/>\n<meta property=\"og:description\" content=\"Atsakomyb\u0117s apribojimas Nors \u0161i svetain\u0117 buvo sukurta itin kruop\u0161\u010diai, \u201eWheelTyre B.V.\u201c ir jos susijusios bendrov\u0117s negali garantuoti, kad pateikta informacija yra i\u0161sami, tiksli ar naujausia. I\u0161 \u0161ios svetain\u0117s turinio negali b\u016bti kildinamos jokios teis\u0117s. \u201eWheelTyre B.V.\u201c neprisiima jokios atsakomyb\u0117s u\u017e bet koki\u0105 tiesiogin\u0119 ar netiesiogin\u0119 \u017eal\u0105, patirt\u0105 naudojantis \u0161ioje svetain\u0117je pateikta informacija. Naudojimasis \u0161ia svetaine [&hellip;]\" \/>\n<meta property=\"og:url\" content=\"https:\/\/wheeltyre.com\/lt\/atsakomybes-apribojimas\/\" \/>\n<meta property=\"og:site_name\" content=\"WheelTyre\" \/>\n<meta property=\"article:modified_time\" content=\"2026-01-30T08:06:30+00:00\" \/>\n<meta name=\"twitter:card\" content=\"summary_large_image\" \/>\n<meta name=\"twitter:label1\" content=\"Est. reading time\" \/>\n\t<meta name=\"twitter:data1\" content=\"1 minut\u0117\" \/>\n<script type=\"application\/ld+json\" class=\"yoast-schema-graph\">{\"@context\":\"https:\/\/schema.org\",\"@graph\":[{\"@type\":\"WebPage\",\"@id\":\"https:\/\/wheeltyre.com\/lt\/atsakomybes-apribojimas\/\",\"url\":\"https:\/\/wheeltyre.com\/lt\/atsakomybes-apribojimas\/\",\"name\":\"Atsakomyb\u0117s apribojimas - WheelTyre\",\"isPartOf\":{\"@id\":\"https:\/\/wheeltyre.com\/lt\/#website\"},\"datePublished\":\"2025-10-08T09:36:51+00:00\",\"dateModified\":\"2026-01-30T08:06:30+00:00\",\"breadcrumb\":{\"@id\":\"https:\/\/wheeltyre.com\/lt\/atsakomybes-apribojimas\/#breadcrumb\"},\"inLanguage\":\"lt-LT\",\"potentialAction\":[{\"@type\":\"ReadAction\",\"target\":[\"https:\/\/wheeltyre.com\/lt\/atsakomybes-apribojimas\/\"]}]},{\"@type\":\"BreadcrumbList\",\"@id\":\"https:\/\/wheeltyre.com\/lt\/atsakomybes-apribojimas\/#breadcrumb\",\"itemListElement\":[{\"@type\":\"ListItem\",\"position\":1,\"name\":\"Home\",\"item\":\"https:\/\/wheeltyre.com\/lt\/\"},{\"@type\":\"ListItem\",\"position\":2,\"name\":\"Atsakomyb\u0117s apribojimas\"}]},{\"@type\":\"WebSite\",\"@id\":\"https:\/\/wheeltyre.com\/lt\/#website\",\"url\":\"https:\/\/wheeltyre.com\/lt\/\",\"name\":\"WheelTyre\",\"description\":\"One partner. Full service.\",\"potentialAction\":[{\"@type\":\"SearchAction\",\"target\":{\"@type\":\"EntryPoint\",\"urlTemplate\":\"https:\/\/wheeltyre.com\/lt\/?s={search_term_string}\"},\"query-input\":{\"@type\":\"PropertyValueSpecification\",\"valueRequired\":true,\"valueName\":\"search_term_string\"}}],\"inLanguage\":\"lt-LT\"}]}<\/script>\n<!-- \/ Yoast SEO plugin. -->","yoast_head_json":{"title":"Atsakomyb\u0117s apribojimas - WheelTyre","robots":{"index":"noindex","follow":"follow"},"og_locale":"lt_LT","og_type":"article","og_title":"Atsakomyb\u0117s apribojimas - WheelTyre","og_description":"Atsakomyb\u0117s apribojimas Nors \u0161i svetain\u0117 buvo sukurta itin kruop\u0161\u010diai, \u201eWheelTyre B.V.\u201c ir jos susijusios bendrov\u0117s negali garantuoti, kad pateikta informacija yra i\u0161sami, tiksli ar naujausia. I\u0161 \u0161ios svetain\u0117s turinio negali b\u016bti kildinamos jokios teis\u0117s. \u201eWheelTyre B.V.\u201c neprisiima jokios atsakomyb\u0117s u\u017e bet koki\u0105 tiesiogin\u0119 ar netiesiogin\u0119 \u017eal\u0105, patirt\u0105 naudojantis \u0161ioje svetain\u0117je pateikta informacija. Naudojimasis \u0161ia svetaine [&hellip;]","og_url":"https:\/\/wheeltyre.com\/lt\/atsakomybes-apribojimas\/","og_site_name":"WheelTyre","article_modified_time":"2026-01-30T08:06:30+00:00","twitter_card":"summary_large_image","twitter_misc":{"Est. reading time":"1 minut\u0117"},"schema":{"@context":"https:\/\/schema.org","@graph":[{"@type":"WebPage","@id":"https:\/\/wheeltyre.com\/lt\/atsakomybes-apribojimas\/","url":"https:\/\/wheeltyre.com\/lt\/atsakomybes-apribojimas\/","name":"Atsakomyb\u0117s apribojimas - WheelTyre","isPartOf":{"@id":"https:\/\/wheeltyre.com\/lt\/#website"},"datePublished":"2025-10-08T09:36:51+00:00","dateModified":"2026-01-30T08:06:30+00:00","breadcrumb":{"@id":"https:\/\/wheeltyre.com\/lt\/atsakomybes-apribojimas\/#breadcrumb"},"inLanguage":"lt-LT","potentialAction":[{"@type":"ReadAction","target":["https:\/\/wheeltyre.com\/lt\/atsakomybes-apribojimas\/"]}]},{"@type":"BreadcrumbList","@id":"https:\/\/wheeltyre.com\/lt\/atsakomybes-apribojimas\/#breadcrumb","itemListElement":[{"@type":"ListItem","position":1,"name":"Home","item":"https:\/\/wheeltyre.com\/lt\/"},{"@type":"ListItem","position":2,"name":"Atsakomyb\u0117s apribojimas"}]},{"@type":"WebSite","@id":"https:\/\/wheeltyre.com\/lt\/#website","url":"https:\/\/wheeltyre.com\/lt\/","name":"WheelTyre","description":"One partner. Full service.","potentialAction":[{"@type":"SearchAction","target":{"@type":"EntryPoint","urlTemplate":"https:\/\/wheeltyre.com\/lt\/?s={search_term_string}"},"query-input":{"@type":"PropertyValueSpecification","valueRequired":true,"valueName":"search_term_string"}}],"inLanguage":"lt-LT"}]}},"_links":{"self":[{"href":"https:\/\/wheeltyre.com\/lt\/wp-json\/wp\/v2\/pages\/1944","targetHints":{"allow":["GET"]}}],"collection":[{"href":"https:\/\/wheeltyre.com\/lt\/wp-json\/wp\/v2\/pages"}],"about":[{"href":"https:\/\/wheeltyre.com\/lt\/wp-json\/wp\/v2\/types\/page"}],"author":[{"embeddable":true,"href":"https:\/\/wheeltyre.com\/lt\/wp-json\/wp\/v2\/users\/1"}],"replies":[{"embeddable":true,"href":"https:\/\/wheeltyre.com\/lt\/wp-json\/wp\/v2\/comments?post=1944"}],"version-history":[{"count":4,"href":"https:\/\/wheeltyre.com\/lt\/wp-json\/wp\/v2\/pages\/1944\/revisions"}],"predecessor-version":[{"id":2007,"href":"https:\/\/wheeltyre.com\/lt\/wp-json\/wp\/v2\/pages\/1944\/revisions\/2007"}],"wp:attachment":[{"href":"https:\/\/wheeltyre.com\/lt\/wp-json\/wp\/v2\/media?parent=1944"}],"wp:term":[{"taxonomy":"dipi_cpt_category","embeddable":true,"href":"https:\/\/wheeltyre.com\/lt\/wp-json\/wp\/v2\/dipi_cpt_category?post=1944"}],"curies":[{"name":"wp","href":"https:\/\/api.w.org\/{rel}","templated":true}]}}