{"id":1942,"date":"2025-10-06T08:13:10","date_gmt":"2025-10-06T08:13:10","guid":{"rendered":"https:\/\/wheeltyre.com\/full-service\/"},"modified":"2026-01-30T12:33:11","modified_gmt":"2026-01-30T12:33:11","slug":"visapusiskas-aptarnavimas","status":"publish","type":"page","link":"https:\/\/wheeltyre.com\/lt\/visapusiskas-aptarnavimas\/","title":{"rendered":"Visapusi\u0161kas aptarnavimas"},"content":{"rendered":"<p>[et_pb_section fb_built=&#8221;1&#8243; _builder_version=&#8221;4.27.5&#8243; _module_preset=&#8221;default&#8221; background_image=&#8221;https:\/\/wheeltyre.com\/wp-content\/uploads\/2026\/01\/wheeltyre-visapusiskas-aptarnavimas-lt.jpg&#8221; background_position=&#8221;bottom_center&#8221; da_disable_devices=&#8221;off|off|off&#8221; global_colors_info=&#8221;{}&#8221; da_is_popup=&#8221;off&#8221; da_exit_intent=&#8221;off&#8221; da_has_close=&#8221;on&#8221; da_alt_close=&#8221;off&#8221; da_dark_close=&#8221;off&#8221; da_not_modal=&#8221;on&#8221; da_is_singular=&#8221;off&#8221; da_with_loader=&#8221;off&#8221; da_has_shadow=&#8221;on&#8221;][et_pb_row _builder_version=&#8221;4.27.4&#8243; _module_preset=&#8221;default&#8221; global_colors_info=&#8221;{}&#8221;][et_pb_column type=&#8221;4_4&#8243; _builder_version=&#8221;4.27.4&#8243; _module_preset=&#8221;default&#8221; global_colors_info=&#8221;{}&#8221;][et_pb_divider show_divider=&#8221;off&#8221; _builder_version=&#8221;4.27.4&#8243; _module_preset=&#8221;default&#8221; height=&#8221;194px&#8221; height_tablet=&#8221;194px&#8221; height_phone=&#8221;50px&#8221; height_last_edited=&#8221;on|phone&#8221; global_colors_info=&#8221;{}&#8221;][\/et_pb_divider][\/et_pb_column][\/et_pb_row][\/et_pb_section][et_pb_section fb_built=&#8221;1&#8243; _builder_version=&#8221;4.27.4&#8243; _module_preset=&#8221;default&#8221; da_disable_devices=&#8221;off|off|off&#8221; global_colors_info=&#8221;{}&#8221; da_is_popup=&#8221;off&#8221; da_exit_intent=&#8221;off&#8221; da_has_close=&#8221;on&#8221; da_alt_close=&#8221;off&#8221; da_dark_close=&#8221;off&#8221; da_not_modal=&#8221;on&#8221; da_is_singular=&#8221;off&#8221; da_with_loader=&#8221;off&#8221; da_has_shadow=&#8221;on&#8221;][et_pb_row _builder_version=&#8221;4.27.4&#8243; _module_preset=&#8221;default&#8221; global_colors_info=&#8221;{}&#8221;][et_pb_column type=&#8221;4_4&#8243; _builder_version=&#8221;4.27.4&#8243; _module_preset=&#8221;default&#8221; global_colors_info=&#8221;{}&#8221;][et_pb_text _builder_version=&#8221;4.27.5&#8243; _module_preset=&#8221;default&#8221; text_line_height=&#8221;2em&#8221; header_2_text_color=&#8221;#08447e&#8221; header_2_font_size=&#8221;19px&#8221; header_3_text_color=&#8221;#08447e&#8221; header_3_font_size=&#8221;30px&#8221; global_colors_info=&#8221;{}&#8221;]<\/p>\n<h3>M\u016bs\u0173 visapusi\u0161kas aptarnavimo metodas<\/h3>\n<p>\u201eWheelTyre\u201c palaiko transporto priemoni\u0173 gamintojus ir importuotojus, si\u016blydama i\u0161samius sprendimus, susijusius su padangomis, ratais ir visi\u0161kai surinktais rat\u0173 ir padang\u0173 komplektais. Nuo auk\u0161\u010diausios kokyb\u0117s padang\u0173 ir kokybi\u0161k\u0173 rat\u0173 iki visi\u0161kai surinkt\u0173 komplekt\u0173 \u2013 mes tiekiame produktus, atitinkan\u010dius auk\u0161tus saugos, eksploatacini\u0173 savybi\u0173 ir i\u0161vaizdos standartus.<\/p>\n<p>Taip pat teikiame papildomas paslaugas, pavyzd\u017eiui, sand\u0117liavim\u0105 ir perteklini\u0173 atsarg\u0173 supirkim\u0105. Tai leid\u017eia mums palengvinti m\u016bs\u0173 partneri\u0173 darb\u0105 ir u\u017etikrinti vis\u0105 proces\u0105 apimant\u012f ai\u0161kum\u0105 bei kontrol\u0119.<\/p>\n<p>[\/et_pb_text][\/et_pb_column][\/et_pb_row][et_pb_row column_structure=&#8221;1_2,1_2&#8243; make_equal=&#8221;on&#8221; _builder_version=&#8221;4.27.4&#8243; _module_preset=&#8221;default&#8221; global_colors_info=&#8221;{}&#8221;][et_pb_column type=&#8221;1_2&#8243; _builder_version=&#8221;4.27.4&#8243; _module_preset=&#8221;default&#8221; global_colors_info=&#8221;{}&#8221;][et_pb_image src=&#8221;https:\/\/wheeltyre.com\/wp-content\/uploads\/2026\/01\/wheeltyre-komplektai-lt.jpg&#8221; alt=&#8221;Komplekt\u0173 surinkimas \u201eWheelTyre\u201c&#8221; title_text=&#8221;Komplekt\u0173 surinkimas \u201eWheelTyre\u201c&#8221; _builder_version=&#8221;4.27.5&#8243; _module_preset=&#8221;default&#8221; border_radii=&#8221;on|20px|20px|20px|20px&#8221; global_colors_info=&#8221;{}&#8221;][\/et_pb_image][\/et_pb_column][et_pb_column type=&#8221;1_2&#8243; _builder_version=&#8221;4.27.4&#8243; _module_preset=&#8221;default&#8221; global_colors_info=&#8221;{}&#8221;][et_pb_text _builder_version=&#8221;4.27.5&#8243; _module_preset=&#8221;default&#8221; text_line_height=&#8221;2em&#8221; header_3_text_color=&#8221;#08447e&#8221; custom_css_free_form=&#8221;.et_pb_module table, ||.et_pb_module table td, ||.et_pb_module table th {||  border: none !important;||}||&#8221; global_colors_info=&#8221;{}&#8221;]<\/p>\n<h3>Komplekt\u0173 surinkimas<\/h3>\n<p>\u201eWheelTyre\u201c surenka visus rat\u0173 ir padang\u0173 komplektus \u2013 \u017eiemos, vasaros ir universalius, kurie yra paruo\u0161ti montuoti tiesiai ant transporto priemon\u0117s. Naudodami automatin\u0119 montavimo linij\u0105 (AFL), si\u016blome didel\u0119 gamybos apimt\u012f ir darb\u0105 pagal nustatytus kokyb\u0117s standartus.<\/p>\n<p>Surinkimo gair\u0117s suderinamos su m\u016bs\u0173 klientais ir skaitmeniniu b\u016bdu perduodamos AFL, taip u\u017etikrinant, kad kiekvienas komplektas b\u016bt\u0173 surinktas tiksliai pagal sutartas specifikacijas. \u0160i linija yra esmin\u0117 m\u016bs\u0173 paslaug\u0173 dalis ir u\u017etikrina savalaik\u012f pristatym\u0105 automobili\u0173 gamintojams ir importuotojams visoje Europoje. M\u016bs\u0173 logistikos tinklas apima daugiau nei 23 \u0161alis, \u012fskaitant eksporto rinkas, o j\u012f valdo m\u016bs\u0173 vidin\u0117 transporto planavimo komanda.<\/p>\n<p>[\/et_pb_text][\/et_pb_column][\/et_pb_row][\/et_pb_section][et_pb_section fb_built=&#8221;1&#8243; _builder_version=&#8221;4.27.4&#8243; _module_preset=&#8221;default&#8221; background_color=&#8221;#f7f7f7&#8243; custom_margin=&#8221;||||false|false&#8221; da_disable_devices=&#8221;off|off|off&#8221; global_colors_info=&#8221;{}&#8221; da_is_popup=&#8221;off&#8221; da_exit_intent=&#8221;off&#8221; da_has_close=&#8221;on&#8221; da_alt_close=&#8221;off&#8221; da_dark_close=&#8221;off&#8221; da_not_modal=&#8221;on&#8221; da_is_singular=&#8221;off&#8221; da_with_loader=&#8221;off&#8221; da_has_shadow=&#8221;on&#8221;][et_pb_row column_structure=&#8221;1_2,1_2&#8243; make_equal=&#8221;on&#8221; _builder_version=&#8221;4.27.4&#8243; _module_preset=&#8221;default&#8221; global_colors_info=&#8221;{}&#8221;][et_pb_column type=&#8221;1_2&#8243; _builder_version=&#8221;4.27.4&#8243; _module_preset=&#8221;default&#8221; global_colors_info=&#8221;{}&#8221;][et_pb_text _builder_version=&#8221;4.27.5&#8243; _module_preset=&#8221;default&#8221; text_line_height=&#8221;2em&#8221; header_3_text_color=&#8221;#08447e&#8221; custom_css_free_form=&#8221;.et_pb_module table, ||.et_pb_module table td, ||.et_pb_module table th {||  border: none !important;||}||&#8221; global_colors_info=&#8221;{}&#8221;]<\/p>\n<h3>Individuali\u0173 padang\u0173 platinimas<\/h3>\n<p>Mes organizuojame padang\u0173 tiekim\u0105, sand\u0117liavim\u0105 ir platinim\u0105 pirmaujantiems Europos automobili\u0173 preki\u0173 \u017eenklams. Nuo vasarini\u0173 ir \u017eiemini\u0173 padang\u0173 iki universali\u0173 \u2013 mes u\u017etikriname, kad tinkamos padangos b\u016bt\u0173 prieinamos reikiamu laiku ir reikiamoje vietoje.<\/p>\n<p>\u201eWheelTyre\u201c dirba su \u012fvairiais preki\u0173 \u017eenklais ir tiekia vis\u0173 preki\u0173 \u017eenkl\u0173 padangas pagal vien\u0105 sutart\u012f ir viening\u0105 s\u0105skait\u0173 i\u0161ra\u0161ymo proces\u0105. M\u016bs\u0173 paslaugos yra suderintos su klient\u0173 procesais ir integruotos \u012f j\u0173 tiekimo grandin\u0119.<\/p>\n<p>[\/et_pb_text][\/et_pb_column][et_pb_column type=&#8221;1_2&#8243; _builder_version=&#8221;4.27.4&#8243; _module_preset=&#8221;default&#8221; global_colors_info=&#8221;{}&#8221;][et_pb_image src=&#8221;https:\/\/wheeltyre.com\/wp-content\/uploads\/2026\/01\/wheeltyre-padangos-distribucija-lt.jpg&#8221; alt=&#8221;Paskirstymas&#8221; title_text=&#8221;Paskirstymas&#8221; _builder_version=&#8221;4.27.4&#8243; _module_preset=&#8221;default&#8221; border_radii=&#8221;on|20px|20px|20px|20px&#8221; global_colors_info=&#8221;{}&#8221;][\/et_pb_image][\/et_pb_column][\/et_pb_row][\/et_pb_section][et_pb_section fb_built=&#8221;1&#8243; _builder_version=&#8221;4.27.4&#8243; _module_preset=&#8221;default&#8221; da_disable_devices=&#8221;off|off|off&#8221; global_colors_info=&#8221;{}&#8221; da_is_popup=&#8221;off&#8221; da_exit_intent=&#8221;off&#8221; da_has_close=&#8221;on&#8221; da_alt_close=&#8221;off&#8221; da_dark_close=&#8221;off&#8221; da_not_modal=&#8221;on&#8221; da_is_singular=&#8221;off&#8221; da_with_loader=&#8221;off&#8221; da_has_shadow=&#8221;on&#8221;][et_pb_row column_structure=&#8221;1_2,1_2&#8243; make_equal=&#8221;on&#8221; _builder_version=&#8221;4.27.4&#8243; _module_preset=&#8221;default&#8221; global_colors_info=&#8221;{}&#8221;][et_pb_column type=&#8221;1_2&#8243; _builder_version=&#8221;4.27.4&#8243; _module_preset=&#8221;default&#8221; global_colors_info=&#8221;{}&#8221;][et_pb_image src=&#8221;https:\/\/wheeltyre.com\/wp-content\/uploads\/2026\/01\/wheeltyre-sandeliavimo-sandelis-lt.jpg&#8221; alt=&#8221;Sand\u0117lis WheelTyre&#8221; title_text=&#8221;Sand\u0117lis WheelTyre&#8221; _builder_version=&#8221;4.27.5&#8243; _module_preset=&#8221;default&#8221; border_radii=&#8221;on|20px|20px|20px|20px&#8221; global_colors_info=&#8221;{}&#8221;][\/et_pb_image][\/et_pb_column][et_pb_column type=&#8221;1_2&#8243; _builder_version=&#8221;4.27.4&#8243; _module_preset=&#8221;default&#8221; global_colors_info=&#8221;{}&#8221;][et_pb_text _builder_version=&#8221;4.27.5&#8243; _module_preset=&#8221;default&#8221; text_line_height=&#8221;2em&#8221; header_3_text_color=&#8221;#08447e&#8221; custom_css_free_form=&#8221;.et_pb_module table, ||.et_pb_module table td, ||.et_pb_module table th {||  border: none !important;||}||&#8221; global_colors_info=&#8221;{}&#8221;]<\/p>\n<h3>Sand\u0117liavimas<\/h3>\n<p>\u201eWheelTyre\u201c si\u016blo transporto priemoni\u0173 gamintojams ir importuotojams patikim\u0105 sprendim\u0105 padang\u0173, rat\u0173, vis\u0173 rat\u0173 rinkini\u0173 ir kit\u0173 komponent\u0173 sand\u0117liavimui. Visi daiktai m\u016bs\u0173 sand\u0117liuose laikomi organizuotai ir pagal nustatytas kokyb\u0117s gaires.<\/p>\n<p>Mes palaikome vis\u0105 proces\u0105, nuo \u012fve\u017eimo ir kokyb\u0117s kontrol\u0117s iki sand\u0117liavimo ir i\u0161ve\u017eimo. Ai\u0161kios proced\u016bros ir IT palaikymas leid\u017eia lengvai ir skaidriai organizuoti sand\u0117liavim\u0105 bei logistik\u0105.<\/p>\n<p>[\/et_pb_text][\/et_pb_column][\/et_pb_row][\/et_pb_section][et_pb_section fb_built=&#8221;1&#8243; _builder_version=&#8221;4.27.4&#8243; _module_preset=&#8221;default&#8221; background_color=&#8221;#f7f7f7&#8243; custom_margin=&#8221;||||false|false&#8221; da_disable_devices=&#8221;off|off|off&#8221; global_colors_info=&#8221;{}&#8221; da_is_popup=&#8221;off&#8221; da_exit_intent=&#8221;off&#8221; da_has_close=&#8221;on&#8221; da_alt_close=&#8221;off&#8221; da_dark_close=&#8221;off&#8221; da_not_modal=&#8221;on&#8221; da_is_singular=&#8221;off&#8221; da_with_loader=&#8221;off&#8221; da_has_shadow=&#8221;on&#8221;][et_pb_row column_structure=&#8221;1_2,1_2&#8243; make_equal=&#8221;on&#8221; _builder_version=&#8221;4.27.4&#8243; _module_preset=&#8221;default&#8221; global_colors_info=&#8221;{}&#8221;][et_pb_column type=&#8221;1_2&#8243; _builder_version=&#8221;4.27.4&#8243; _module_preset=&#8221;default&#8221; global_colors_info=&#8221;{}&#8221;][et_pb_text _builder_version=&#8221;4.27.5&#8243; _module_preset=&#8221;default&#8221; text_line_height=&#8221;2em&#8221; header_3_text_color=&#8221;#08447e&#8221; custom_css_free_form=&#8221;.et_pb_module table, ||.et_pb_module table td, ||.et_pb_module table th {||  border: none !important;||}||&#8221; global_colors_info=&#8221;{}&#8221;]<\/p>\n<h3>Supirkimas<\/h3>\n<p>\u201eWheelTyre\u201c si\u016blo partneriams prakti\u0161k\u0105 sprendim\u0105 perteklin\u0117ms ir neparduotoms atsargoms. \u0160ias atsargas perkame tiesiogiai ir platiname per savo tarptautin\u012f tinkl\u0105. Tai u\u017etikrina greitesn\u012f j\u0173 realizavim\u0105, suma\u017eina sand\u0117liavimo i\u0161laidas ir leid\u017eia partneriams i\u0161braukti atsargas i\u0161 balanso.<\/p>\n<p>[\/et_pb_text][\/et_pb_column][et_pb_column type=&#8221;1_2&#8243; _builder_version=&#8221;4.27.4&#8243; _module_preset=&#8221;default&#8221; global_colors_info=&#8221;{}&#8221;][et_pb_image src=&#8221;https:\/\/wheeltyre.com\/wp-content\/uploads\/2026\/01\/wheeltyre-supirkimas-lt.jpg&#8221; alt=&#8221;WheelTyre Supirkimas&#8221; title_text=&#8221;WheelTyre Supirkimas&#8221; _builder_version=&#8221;4.27.5&#8243; _module_preset=&#8221;default&#8221; hover_enabled=&#8221;0&#8243; border_radii=&#8221;on|20px|20px|20px|20px&#8221; global_colors_info=&#8221;{}&#8221; sticky_enabled=&#8221;0&#8243;][\/et_pb_image][\/et_pb_column][\/et_pb_row][\/et_pb_section][et_pb_section fb_built=&#8221;1&#8243; _builder_version=&#8221;4.27.4&#8243; _module_preset=&#8221;default&#8221; da_disable_devices=&#8221;off|off|off&#8221; global_colors_info=&#8221;{}&#8221; da_is_popup=&#8221;off&#8221; da_exit_intent=&#8221;off&#8221; da_has_close=&#8221;on&#8221; da_alt_close=&#8221;off&#8221; da_dark_close=&#8221;off&#8221; da_not_modal=&#8221;on&#8221; da_is_singular=&#8221;off&#8221; da_with_loader=&#8221;off&#8221; da_has_shadow=&#8221;on&#8221;][et_pb_row column_structure=&#8221;1_2,1_2&#8243; make_equal=&#8221;on&#8221; _builder_version=&#8221;4.27.4&#8243; _module_preset=&#8221;default&#8221; global_colors_info=&#8221;{}&#8221;][et_pb_column type=&#8221;1_2&#8243; _builder_version=&#8221;4.27.4&#8243; _module_preset=&#8221;default&#8221; global_colors_info=&#8221;{}&#8221;][et_pb_image src=&#8221;https:\/\/wheeltyre.com\/wp-content\/uploads\/2026\/01\/wheeltyre-paslaugos-lt.jpg&#8221; alt=&#8221;Papildomos paslaugos&#8221; title_text=&#8221;Papildomos paslaugos&#8221; _builder_version=&#8221;4.27.5&#8243; _module_preset=&#8221;default&#8221; border_radii=&#8221;on|20px|20px|20px|20px&#8221; global_colors_info=&#8221;{}&#8221;][\/et_pb_image][\/et_pb_column][et_pb_column type=&#8221;1_2&#8243; _builder_version=&#8221;4.27.4&#8243; _module_preset=&#8221;default&#8221; global_colors_info=&#8221;{}&#8221;][et_pb_text _builder_version=&#8221;4.27.5&#8243; _module_preset=&#8221;default&#8221; text_line_height=&#8221;2em&#8221; header_3_text_color=&#8221;#08447e&#8221; global_colors_info=&#8221;{}&#8221;]<\/p>\n<h3>Papildomos paslaugos<\/h3>\n<p>M\u016bs\u0173 paslaugos apima ne tik surinkim\u0105, platinim\u0105 ir sand\u0117liavim\u0105. Naudodamiesi WEBDIS, m\u016bs\u0173 pa\u010di\u0173 sukurta u\u017esakym\u0173 internetu sistema, platintojai gali realiuoju laiku matyti turimas atsargas ir pateikti u\u017esakymus tiesiogiai. Taip pat si\u016blome papildomas paslaugas, kurios supaprastina kasdien\u0119 veikl\u0105, \u012fskaitant padang\u0173 sl\u0117gio steb\u0117jimo sistemos (TPMS) paslaugas, \u017eenklinim\u0105, individual\u0173 pakavim\u0105 ir atsarg\u0173 valdym\u0105.<\/p>\n<p>\u201eWheelTyre\u201c veikia pagal ISO sertifikuotus procesus ir teikia prieig\u0105 prie vis\u0173 did\u017eiausi\u0173 padang\u0173 preki\u0173 \u017eenkl\u0173 Europoje. Tai u\u017etikrina ai\u0161k\u0173, paprast\u0105 ir patikim\u0105 bendradarbiavim\u0105.<\/p>\n<p>[\/et_pb_text][\/et_pb_column][\/et_pb_row][\/et_pb_section]<\/p>\n","protected":false},"excerpt":{"rendered":"<p>M\u016bs\u0173 visapusi\u0161kas aptarnavimo metodas \u201eWheelTyre\u201c palaiko transporto priemoni\u0173 gamintojus ir importuotojus, si\u016blydama i\u0161samius sprendimus, susijusius su padangomis, ratais ir visi\u0161kai surinktais rat\u0173 ir padang\u0173 komplektais. Nuo auk\u0161\u010diausios kokyb\u0117s padang\u0173 ir kokybi\u0161k\u0173 rat\u0173 iki visi\u0161kai surinkt\u0173 komplekt\u0173 \u2013 mes tiekiame produktus, atitinkan\u010dius auk\u0161tus saugos, eksploatacini\u0173 savybi\u0173 ir i\u0161vaizdos standartus. Taip pat teikiame papildomas paslaugas, pavyzd\u017eiui, sand\u0117liavim\u0105 [&hellip;]<\/p>\n","protected":false},"author":1,"featured_media":0,"parent":0,"menu_order":0,"comment_status":"closed","ping_status":"closed","template":"","meta":{"_et_pb_use_builder":"on","_et_pb_old_content":"<!-- wp:divi\/placeholder \/-->","_et_gb_content_width":"1080","footnotes":""},"dipi_cpt_category":[],"class_list":["post-1942","page","type-page","status-publish","hentry"],"yoast_head":"<!-- This site is optimized with the Yoast SEO plugin v27.1.1 - https:\/\/yoast.com\/product\/yoast-seo-wordpress\/ -->\n<title>Visapusi\u0161kas aptarnavimas - WheelTyre<\/title>\n<meta name=\"description\" content=\"WheelTyre teikia visapusi\u0161k\u0105 pagalb\u0105 automobili\u0173 gamintojams ir importuotojams, si\u016blydama i\u0161samius sprendimus, susijusius su padangomis, ratlankiais ir visais rat\u0173 komplektais.\" \/>\n<meta name=\"robots\" content=\"index, follow, max-snippet:-1, max-image-preview:large, max-video-preview:-1\" \/>\n<link rel=\"canonical\" href=\"https:\/\/wheeltyre.com\/lt\/visapusiskas-aptarnavimas\/\" \/>\n<meta property=\"og:locale\" content=\"lt_LT\" \/>\n<meta property=\"og:type\" content=\"article\" \/>\n<meta property=\"og:title\" content=\"Visapusi\u0161kas aptarnavimas - WheelTyre\" \/>\n<meta property=\"og:description\" content=\"WheelTyre teikia visapusi\u0161k\u0105 pagalb\u0105 automobili\u0173 gamintojams ir importuotojams, si\u016blydama i\u0161samius sprendimus, susijusius su padangomis, ratlankiais ir visais rat\u0173 komplektais.\" \/>\n<meta property=\"og:url\" content=\"https:\/\/wheeltyre.com\/lt\/visapusiskas-aptarnavimas\/\" \/>\n<meta property=\"og:site_name\" content=\"WheelTyre\" \/>\n<meta property=\"article:modified_time\" content=\"2026-01-30T12:33:11+00:00\" \/>\n<meta name=\"twitter:card\" content=\"summary_large_image\" \/>\n<meta name=\"twitter:label1\" content=\"Est. reading time\" \/>\n\t<meta name=\"twitter:data1\" content=\"4 minut\u0117s\" \/>\n<script type=\"application\/ld+json\" class=\"yoast-schema-graph\">{\"@context\":\"https:\/\/schema.org\",\"@graph\":[{\"@type\":\"WebPage\",\"@id\":\"https:\/\/wheeltyre.com\/lt\/visapusiskas-aptarnavimas\/\",\"url\":\"https:\/\/wheeltyre.com\/lt\/visapusiskas-aptarnavimas\/\",\"name\":\"Visapusi\u0161kas aptarnavimas - WheelTyre\",\"isPartOf\":{\"@id\":\"https:\/\/wheeltyre.com\/lt\/#website\"},\"datePublished\":\"2025-10-06T08:13:10+00:00\",\"dateModified\":\"2026-01-30T12:33:11+00:00\",\"description\":\"WheelTyre teikia visapusi\u0161k\u0105 pagalb\u0105 automobili\u0173 gamintojams ir importuotojams, si\u016blydama i\u0161samius sprendimus, susijusius su padangomis, ratlankiais ir visais rat\u0173 komplektais.\",\"breadcrumb\":{\"@id\":\"https:\/\/wheeltyre.com\/lt\/visapusiskas-aptarnavimas\/#breadcrumb\"},\"inLanguage\":\"lt-LT\",\"potentialAction\":[{\"@type\":\"ReadAction\",\"target\":[\"https:\/\/wheeltyre.com\/lt\/visapusiskas-aptarnavimas\/\"]}]},{\"@type\":\"BreadcrumbList\",\"@id\":\"https:\/\/wheeltyre.com\/lt\/visapusiskas-aptarnavimas\/#breadcrumb\",\"itemListElement\":[{\"@type\":\"ListItem\",\"position\":1,\"name\":\"Home\",\"item\":\"https:\/\/wheeltyre.com\/lt\/\"},{\"@type\":\"ListItem\",\"position\":2,\"name\":\"Visapusi\u0161kas aptarnavimas\"}]},{\"@type\":\"WebSite\",\"@id\":\"https:\/\/wheeltyre.com\/lt\/#website\",\"url\":\"https:\/\/wheeltyre.com\/lt\/\",\"name\":\"WheelTyre\",\"description\":\"One partner. Full service.\",\"potentialAction\":[{\"@type\":\"SearchAction\",\"target\":{\"@type\":\"EntryPoint\",\"urlTemplate\":\"https:\/\/wheeltyre.com\/lt\/?s={search_term_string}\"},\"query-input\":{\"@type\":\"PropertyValueSpecification\",\"valueRequired\":true,\"valueName\":\"search_term_string\"}}],\"inLanguage\":\"lt-LT\"}]}<\/script>\n<!-- \/ Yoast SEO plugin. -->","yoast_head_json":{"title":"Visapusi\u0161kas aptarnavimas - WheelTyre","description":"WheelTyre teikia visapusi\u0161k\u0105 pagalb\u0105 automobili\u0173 gamintojams ir importuotojams, si\u016blydama i\u0161samius sprendimus, susijusius su padangomis, ratlankiais ir visais rat\u0173 komplektais.","robots":{"index":"index","follow":"follow","max-snippet":"max-snippet:-1","max-image-preview":"max-image-preview:large","max-video-preview":"max-video-preview:-1"},"canonical":"https:\/\/wheeltyre.com\/lt\/visapusiskas-aptarnavimas\/","og_locale":"lt_LT","og_type":"article","og_title":"Visapusi\u0161kas aptarnavimas - WheelTyre","og_description":"WheelTyre teikia visapusi\u0161k\u0105 pagalb\u0105 automobili\u0173 gamintojams ir importuotojams, si\u016blydama i\u0161samius sprendimus, susijusius su padangomis, ratlankiais ir visais rat\u0173 komplektais.","og_url":"https:\/\/wheeltyre.com\/lt\/visapusiskas-aptarnavimas\/","og_site_name":"WheelTyre","article_modified_time":"2026-01-30T12:33:11+00:00","twitter_card":"summary_large_image","twitter_misc":{"Est. reading time":"4 minut\u0117s"},"schema":{"@context":"https:\/\/schema.org","@graph":[{"@type":"WebPage","@id":"https:\/\/wheeltyre.com\/lt\/visapusiskas-aptarnavimas\/","url":"https:\/\/wheeltyre.com\/lt\/visapusiskas-aptarnavimas\/","name":"Visapusi\u0161kas aptarnavimas - WheelTyre","isPartOf":{"@id":"https:\/\/wheeltyre.com\/lt\/#website"},"datePublished":"2025-10-06T08:13:10+00:00","dateModified":"2026-01-30T12:33:11+00:00","description":"WheelTyre teikia visapusi\u0161k\u0105 pagalb\u0105 automobili\u0173 gamintojams ir importuotojams, si\u016blydama i\u0161samius sprendimus, susijusius su padangomis, ratlankiais ir visais rat\u0173 komplektais.","breadcrumb":{"@id":"https:\/\/wheeltyre.com\/lt\/visapusiskas-aptarnavimas\/#breadcrumb"},"inLanguage":"lt-LT","potentialAction":[{"@type":"ReadAction","target":["https:\/\/wheeltyre.com\/lt\/visapusiskas-aptarnavimas\/"]}]},{"@type":"BreadcrumbList","@id":"https:\/\/wheeltyre.com\/lt\/visapusiskas-aptarnavimas\/#breadcrumb","itemListElement":[{"@type":"ListItem","position":1,"name":"Home","item":"https:\/\/wheeltyre.com\/lt\/"},{"@type":"ListItem","position":2,"name":"Visapusi\u0161kas aptarnavimas"}]},{"@type":"WebSite","@id":"https:\/\/wheeltyre.com\/lt\/#website","url":"https:\/\/wheeltyre.com\/lt\/","name":"WheelTyre","description":"One partner. Full service.","potentialAction":[{"@type":"SearchAction","target":{"@type":"EntryPoint","urlTemplate":"https:\/\/wheeltyre.com\/lt\/?s={search_term_string}"},"query-input":{"@type":"PropertyValueSpecification","valueRequired":true,"valueName":"search_term_string"}}],"inLanguage":"lt-LT"}]}},"_links":{"self":[{"href":"https:\/\/wheeltyre.com\/lt\/wp-json\/wp\/v2\/pages\/1942","targetHints":{"allow":["GET"]}}],"collection":[{"href":"https:\/\/wheeltyre.com\/lt\/wp-json\/wp\/v2\/pages"}],"about":[{"href":"https:\/\/wheeltyre.com\/lt\/wp-json\/wp\/v2\/types\/page"}],"author":[{"embeddable":true,"href":"https:\/\/wheeltyre.com\/lt\/wp-json\/wp\/v2\/users\/1"}],"replies":[{"embeddable":true,"href":"https:\/\/wheeltyre.com\/lt\/wp-json\/wp\/v2\/comments?post=1942"}],"version-history":[{"count":5,"href":"https:\/\/wheeltyre.com\/lt\/wp-json\/wp\/v2\/pages\/1942\/revisions"}],"predecessor-version":[{"id":2285,"href":"https:\/\/wheeltyre.com\/lt\/wp-json\/wp\/v2\/pages\/1942\/revisions\/2285"}],"wp:attachment":[{"href":"https:\/\/wheeltyre.com\/lt\/wp-json\/wp\/v2\/media?parent=1942"}],"wp:term":[{"taxonomy":"dipi_cpt_category","embeddable":true,"href":"https:\/\/wheeltyre.com\/lt\/wp-json\/wp\/v2\/dipi_cpt_category?post=1942"}],"curies":[{"name":"wp","href":"https:\/\/api.w.org\/{rel}","templated":true}]}}