{"id":1936,"date":"2025-10-06T08:11:37","date_gmt":"2025-10-06T08:11:37","guid":{"rendered":"https:\/\/wheeltyre.com\/over-wheeltyre\/"},"modified":"2026-01-30T12:51:37","modified_gmt":"2026-01-30T12:51:37","slug":"apie-wheeltyre","status":"publish","type":"page","link":"https:\/\/wheeltyre.com\/lt\/apie-wheeltyre\/","title":{"rendered":"Apie \u201eWheelTyre\u201c"},"content":{"rendered":"<p>[et_pb_section fb_built=&#8221;1&#8243; admin_label=&#8221;Section&#8221; _builder_version=&#8221;4.27.5&#8243; _module_preset=&#8221;default&#8221; background_image=&#8221;https:\/\/wheeltyre.com\/wp-content\/uploads\/2026\/01\/wheeltyre-apie-mus-lt.jpg&#8221; background_position=&#8221;top_center&#8221; background_vertical_offset=&#8221;19%&#8221; da_disable_devices=&#8221;off|off|off&#8221; global_colors_info=&#8221;{}&#8221; da_is_popup=&#8221;off&#8221; da_exit_intent=&#8221;off&#8221; da_has_close=&#8221;on&#8221; da_alt_close=&#8221;off&#8221; da_dark_close=&#8221;off&#8221; da_not_modal=&#8221;on&#8221; da_is_singular=&#8221;off&#8221; da_with_loader=&#8221;off&#8221; da_has_shadow=&#8221;on&#8221;][et_pb_row _builder_version=&#8221;4.27.4&#8243; _module_preset=&#8221;default&#8221; global_colors_info=&#8221;{}&#8221;][et_pb_column type=&#8221;4_4&#8243; _builder_version=&#8221;4.27.4&#8243; _module_preset=&#8221;default&#8221; global_colors_info=&#8221;{}&#8221;][et_pb_divider show_divider=&#8221;off&#8221; _builder_version=&#8221;4.27.4&#8243; _module_preset=&#8221;default&#8221; height=&#8221;194px&#8221; height_tablet=&#8221;194px&#8221; height_phone=&#8221;50px&#8221; height_last_edited=&#8221;on|phone&#8221; global_colors_info=&#8221;{}&#8221;][\/et_pb_divider][\/et_pb_column][\/et_pb_row][\/et_pb_section][et_pb_section fb_built=&#8221;1&#8243; admin_label=&#8221;Section&#8221; _builder_version=&#8221;4.27.4&#8243; _module_preset=&#8221;default&#8221; da_disable_devices=&#8221;off|off|off&#8221; global_colors_info=&#8221;{}&#8221; da_is_popup=&#8221;off&#8221; da_exit_intent=&#8221;off&#8221; da_has_close=&#8221;on&#8221; da_alt_close=&#8221;off&#8221; da_dark_close=&#8221;off&#8221; da_not_modal=&#8221;on&#8221; da_is_singular=&#8221;off&#8221; da_with_loader=&#8221;off&#8221; da_has_shadow=&#8221;on&#8221;][et_pb_row _builder_version=&#8221;4.27.4&#8243; _module_preset=&#8221;default&#8221; global_colors_info=&#8221;{}&#8221;][et_pb_column type=&#8221;4_4&#8243; _builder_version=&#8221;4.27.4&#8243; _module_preset=&#8221;default&#8221; global_colors_info=&#8221;{}&#8221;][et_pb_text _builder_version=&#8221;4.27.5&#8243; _module_preset=&#8221;default&#8221; text_line_height=&#8221;2em&#8221; header_2_text_color=&#8221;#08447e&#8221; header_2_font_size=&#8221;19px&#8221; header_3_text_color=&#8221;#08447e&#8221; header_3_font_size=&#8221;30px&#8221; header_5_font_size=&#8221;20px&#8221; header_5_line_height=&#8221;2.5em&#8221; global_colors_info=&#8221;{}&#8221;]<\/p>\n<h3>Apie \u201eWheelTyre\u201c<\/h3>\n<p>\u201eWheelTyre\u201c palaiko transporto priemoni\u0173 gamintojus ir importuotojus visoje Europoje, valdydama vis\u0105 padang\u0173, komplekt\u0173 ir rat\u0173 veiklos proces\u0105 nuo j\u0173 tiekimo iki pristatymo. Naudodami integruotas IT ir ataskait\u0173 teikimo sistemas, dirbame su bendrais duomen\u0173 rinkiniais ir partneriams teikiame reikiam\u0105 informacij\u0105 reikiamu laiku. Lanks\u010dios paslaugos ir ai\u0161kus s\u0105skait\u0173 i\u0161ra\u0161ymo procesas palengvina bendradarbiavim\u0105.<\/p>\n<p>D\u0117l m\u016bs\u0173 visapusi\u0161ko aptarnavimo metodo, meistri\u0161kumo ir asmeninio aptarnavimo partneriai gali pasikliauti vienu patikimu tiek\u0117ju, kuris teikia visas padangas, komplektus, ratus ir susijusias paslaugas. Tai leid\u017eia transporto priemoni\u0173 gamintojams, importuotojams ir platintojams sutelkti d\u0117mes\u012f \u012f savo pagrindin\u0119 veikl\u0105, o mes pasir\u016bpiname viskuo kitu.<\/p>\n<h5><b style=\"color: #08447e;\">ONE PARTNER. FULL SERVICE.<\/b><\/h5>\n<p>[\/et_pb_text][\/et_pb_column][\/et_pb_row][\/et_pb_section][et_pb_section fb_built=&#8221;1&#8243; admin_label=&#8221;Section&#8221; _builder_version=&#8221;4.27.4&#8243; _module_preset=&#8221;default&#8221; background_color=&#8221;#f7f7f7&#8243; custom_margin=&#8221;-30px||||false|false&#8221; da_disable_devices=&#8221;off|off|off&#8221; global_colors_info=&#8221;{}&#8221; da_is_popup=&#8221;off&#8221; da_exit_intent=&#8221;off&#8221; da_has_close=&#8221;on&#8221; da_alt_close=&#8221;off&#8221; da_dark_close=&#8221;off&#8221; da_not_modal=&#8221;on&#8221; da_is_singular=&#8221;off&#8221; da_with_loader=&#8221;off&#8221; da_has_shadow=&#8221;on&#8221;][et_pb_row _builder_version=&#8221;4.27.4&#8243; _module_preset=&#8221;default&#8221; global_colors_info=&#8221;{}&#8221;][et_pb_column type=&#8221;4_4&#8243; _builder_version=&#8221;4.27.4&#8243; _module_preset=&#8221;default&#8221; global_colors_info=&#8221;{}&#8221;][et_pb_text content_tablet=&#8221;<\/p>\n<h5>Benieuwd naar wat we doen?<\/h5>\n<p>&#8221; content_phone=&#8221;<\/p>\n<h5>Benieuwd naar<\/h5>\n<h5>wat we doen?<\/h5>\n<p>&#8221; content_last_edited=&#8221;on|phone&#8221; _builder_version=&#8221;4.27.5&#8243; _module_preset=&#8221;default&#8221; text_line_height=&#8221;2.2em&#8221; header_2_text_color=&#8221;#08447e&#8221; header_2_font_size=&#8221;19px&#8221; header_3_text_color=&#8221;#08447e&#8221; header_3_font_size=&#8221;30px&#8221; header_5_text_color=&#8221;#08447e&#8221; header_5_font_size=&#8221;30px&#8221; text_orientation=&#8221;center&#8221; custom_margin=&#8221;||15px||false|false&#8221; header_5_font_size_tablet=&#8221;30px&#8221; header_5_font_size_phone=&#8221;25px&#8221; header_5_font_size_last_edited=&#8221;on|phone&#8221; header_5_line_height_tablet=&#8221;&#8221; header_5_line_height_phone=&#8221;0.7em&#8221; header_5_line_height_last_edited=&#8221;on|phone&#8221; global_colors_info=&#8221;{}&#8221;]<\/p>\n<h5>Norite su\u017einoti, kaip mes dirbame?<\/h5>\n<p><em>Atraskite m\u016bs\u0173 visapusi\u0161k\u0105 aptarnavimo metod\u0105.<\/em><\/p>\n<p><em> <\/em><\/p>\n<p><em><\/em><\/p>\n<p>[\/et_pb_text][et_pb_button button_url=&#8221;#video-WHT&#8221; button_text=&#8221;Per\u017ei\u016br\u0117kite m\u016bs\u0173 vaizdo \u012fra\u0161\u0105&#8221; button_alignment=&#8221;center&#8221; _builder_version=&#8221;4.27.5&#8243; _module_preset=&#8221;default&#8221; custom_button=&#8221;on&#8221; button_text_size=&#8221;17px&#8221; button_text_color=&#8221;#FFFFFF&#8221; button_bg_color=&#8221;#f9af15&#8243; button_border_width=&#8221;0px&#8221; button_border_radius=&#8221;7px&#8221; button_icon=&#8221;&#x49;||divi||400&#8243; button_icon_placement=&#8221;left&#8221; button_on_hover=&#8221;off&#8221; custom_padding=&#8221;|60px||60px|false|true&#8221; global_colors_info=&#8221;{}&#8221; button_bg_color__hover_enabled=&#8221;on|hover&#8221; button_bg_color__hover=&#8221;#f49f19&#8243; button_bg_enable_color__hover=&#8221;on&#8221;][\/et_pb_button][\/et_pb_column][\/et_pb_row][\/et_pb_section][et_pb_section fb_built=&#8221;1&#8243; admin_label=&#8221;Popup &#8211; #video-WHT&#8221; module_id=&#8221;video-WHT&#8221; module_class=&#8221;popup&#8221; _builder_version=&#8221;4.27.4&#8243; _module_preset=&#8221;default&#8221; background_color=&#8221;#08447e&#8221; use_background_color_gradient=&#8221;on&#8221; background_color_gradient_stops=&#8221;rgba(8,68,126,0.9) 0%|rgba(8,68,126,0.9) 100%&#8221; background_enable_image=&#8221;off&#8221; width=&#8221;69%&#8221; custom_margin=&#8221;||||false|false&#8221; custom_padding=&#8221;30px||10px||false|false&#8221; da_is_popup=&#8221;on&#8221; da_popup_slug=&#8221;video-WHT&#8221; da_disable_devices=&#8221;off|off|off&#8221; border_radii=&#8221;on|20px|20px|20px|20px&#8221; global_colors_info=&#8221;{}&#8221; da_exit_intent=&#8221;off&#8221; da_has_close=&#8221;on&#8221; da_alt_close=&#8221;off&#8221; da_dark_close=&#8221;off&#8221; da_not_modal=&#8221;on&#8221; da_is_singular=&#8221;off&#8221; da_with_loader=&#8221;off&#8221; da_has_shadow=&#8221;on&#8221;][et_pb_row _builder_version=&#8221;4.27.4&#8243; _module_preset=&#8221;default&#8221; global_colors_info=&#8221;{}&#8221;][et_pb_column type=&#8221;4_4&#8243; _builder_version=&#8221;4.27.4&#8243; _module_preset=&#8221;default&#8221; global_colors_info=&#8221;{}&#8221;][et_pb_video src=&#8221;https:\/\/www.youtube.com\/watch?v=D5vawPI9-Is&#8221; _builder_version=&#8221;4.27.4&#8243; _module_preset=&#8221;default&#8221; global_colors_info=&#8221;{}&#8221;][\/et_pb_video][et_pb_text _builder_version=&#8221;4.27.5&#8243; _module_preset=&#8221;default&#8221; text_font=&#8221;|600|||||||&#8221; text_text_color=&#8221;#FFFFFF&#8221; text_orientation=&#8221;center&#8221; custom_margin=&#8221;||||false|false&#8221; custom_padding=&#8221;||||false|false&#8221; global_colors_info=&#8221;{}&#8221;]<\/p>\n<p>\u201eWheelTyre\u201c | \u012emon\u0117s vaizdo \u012fra\u0161as<\/p>\n<p>[\/et_pb_text][\/et_pb_column][\/et_pb_row][\/et_pb_section][et_pb_section fb_built=&#8221;1&#8243; admin_label=&#8221;Section&#8221; _builder_version=&#8221;4.27.5&#8243; _module_preset=&#8221;default&#8221; background_image=&#8221;https:\/\/wheeltyre.com\/wp-content\/uploads\/2026\/01\/EU-kortele-lt.png&#8221; background_size=&#8221;custom&#8221; background_image_height=&#8221;100%&#8221; background_position=&#8221;bottom_right&#8221; height=&#8221;725px&#8221; height_tablet=&#8221;725px&#8221; height_phone=&#8221;auto&#8221; height_last_edited=&#8221;on|phone&#8221; custom_margin=&#8221;0px||||false|false&#8221; custom_padding=&#8221;0px||||false|false&#8221; background_last_edited=&#8221;on|phone&#8221; background_enable_image_phone=&#8221;off&#8221; da_disable_devices=&#8221;off|off|off&#8221; global_colors_info=&#8221;{}&#8221; da_is_popup=&#8221;off&#8221; da_exit_intent=&#8221;off&#8221; da_has_close=&#8221;on&#8221; da_alt_close=&#8221;off&#8221; da_dark_close=&#8221;off&#8221; da_not_modal=&#8221;on&#8221; da_is_singular=&#8221;off&#8221; da_with_loader=&#8221;off&#8221; da_has_shadow=&#8221;on&#8221;][et_pb_row column_structure=&#8221;1_2,1_2&#8243; custom_padding_last_edited=&#8221;on|phone&#8221; _builder_version=&#8221;4.27.4&#8243; _module_preset=&#8221;default&#8221; min_height_tablet=&#8221;&#8221; min_height_phone=&#8221;&#8221; min_height_last_edited=&#8221;on|phone&#8221; custom_margin_tablet=&#8221;&#8221; custom_margin_phone=&#8221;||||false|false&#8221; custom_margin_last_edited=&#8221;on|desktop&#8221; custom_padding_tablet=&#8221;&#8221; custom_padding_phone=&#8221;||0px||false|false&#8221; global_colors_info=&#8221;{}&#8221;][et_pb_column type=&#8221;1_2&#8243; _builder_version=&#8221;4.27.4&#8243; _module_preset=&#8221;default&#8221; global_colors_info=&#8221;{}&#8221;][et_pb_text _builder_version=&#8221;4.27.5&#8243; _module_preset=&#8221;default&#8221; text_line_height=&#8221;2em&#8221; header_2_text_color=&#8221;#08447e&#8221; header_2_font_size=&#8221;19px&#8221; header_3_text_color=&#8221;#08447e&#8221; header_3_font_size=&#8221;30px&#8221; custom_margin=&#8221;60px||||false|false&#8221; hover_enabled=&#8221;0&#8243; header_3_font_size_tablet=&#8221;30px&#8221; header_3_font_size_phone=&#8221;25px&#8221; header_3_font_size_last_edited=&#8221;on|phone&#8221; custom_css_free_form=&#8221;.et_pb_module table, ||.et_pb_module table td, ||.et_pb_module table th {||  border: none !important;||}||.dot {||  display: inline-block;||  width: 18px;||  height: 18px;||  border-radius: 50%;||}||.dot.orange {||  background-color: orange;||}||.dot.green {||  background-color: LimeGreen;||}&#8221; global_colors_info=&#8221;{}&#8221; content_last_edited=&#8221;on|phone&#8221; sticky_enabled=&#8221;0&#8243; content_phone=&#8221;<\/p>\n<h3>Europos tinklas<\/h3>\n<p>Nyderlanduose \u012fsik\u016brusi bendrov\u0117 \u201eWheelTyre\u201c did\u017eiuojasi gal\u0117dama aptarnauti klientus visoje Europoje. Tur\u0117dami stipr\u0173 logistikos tinkl\u0105, vietin\u0119 patirt\u012f ir daugiakalb\u012f palaikym\u0105, u\u017etikriname, kad kiekvienas pristatymas pasiekt\u0173 savo tiksl\u0105 greitai ir patikimai.<\/p>\n<p>&nbsp;<\/p>\n<table style=%22border-collapse: collapse; width: 100%;%22>\n<tbody>\n<tr>\n<td style=%22width: 10%; border: none; vertical-align: top; padding: 5px;%22><i style=%22color: #f9af15;%22 class=%22fa-solid fa-check%22><\/i><\/td>\n<td style=%22width: 90%; border: none; padding: 5px;%22>Europos sand\u0117li\u0173 ir surinkimo linij\u0173 tinklas<\/td>\n<\/tr>\n<tr>\n<td style=%22width: 10%; border: none; vertical-align: top; padding: 5px;%22><i style=%22color: #f9af15;%22 class=%22fa-solid fa-check%22><\/i><\/td>\n<td style=%22width: 90%; border: none; padding: 5px;%22>Vienas partneris padangoms, ratams, komplektams ir susijusioms paslaugoms<\/td>\n<\/tr>\n<tr>\n<td style=%22width: 10%; border: none; vertical-align: top; padding: 5px;%22><i style=%22color: #f9af15;%22 class=%22fa-solid fa-check%22><\/i><\/td>\n<td style=%22width: 90%; border: none; padding: 5px;%22>Greitas pristatymas ES teritorijoje<\/td>\n<\/tr>\n<tr>\n<td style=%22width: 10%; border: none; vertical-align: top; padding: 5px;%22><i style=%22color: #f9af15;%22 class=%22fa-solid fa-check%22><\/i><\/td>\n<td style=%22width: 90%; border: none; padding: 5px;%22>Daugiakalbis klient\u0173 aptarnavimas ir pardavim\u0173 palaikymas<\/td>\n<\/tr>\n<tr>\n<td style=%22width: 10%; border: none; vertical-align: top; padding: 5px;%22><i style=%22color: #f9af15;%22 class=%22fa-solid fa-check%22><\/i><\/td>\n<td style=%22width: 90%; border: none; padding: 5px;%22>Platinimo tinklas 26 \u0161alyse, \u012fskaitant eksporto rinkas<\/td>\n<\/tr>\n<tr>\n<td style=%22width: 10%; border: none; vertical-align: top; padding: 5px;%22><\/td>\n<td style=%22width: 90%; border: none; padding: 5px;%22><\/td>\n<\/tr>\n<\/tbody>\n<\/table>\n<p>&#8221; content_tablet=&#8221;<\/p>\n<h3>Europos tinklas<\/h3>\n<p>Nyderlanduose \u012fsik\u016brusi bendrov\u0117 \u201eWheelTyre\u201c did\u017eiuojasi gal\u0117dama aptarnauti klientus visoje Europoje. Tur\u0117dami stipr\u0173 logistikos tinkl\u0105, vietin\u0119 patirt\u012f ir daugiakalb\u012f palaikym\u0105, u\u017etikriname, kad kiekvienas pristatymas pasiekt\u0173 savo tiksl\u0105 greitai ir patikimai.<\/p>\n<p>&nbsp;<\/p>\n<table style=%22border-collapse: collapse; width: 100%;%22>\n<tbody>\n<tr>\n<td style=%22width: 10%; border: none; vertical-align: top; padding: 5px;%22><i style=%22color: #f9af15;%22 class=%22fa-solid fa-check%22><\/i><\/td>\n<td style=%22width: 90%; border: none; padding: 5px;%22>Europos sand\u0117li\u0173 ir surinkimo linij\u0173 tinklas<\/td>\n<\/tr>\n<tr>\n<td style=%22width: 10%; border: none; vertical-align: top; padding: 5px;%22><i style=%22color: #f9af15;%22 class=%22fa-solid fa-check%22><\/i><\/td>\n<td style=%22width: 90%; border: none; padding: 5px;%22>Vienas partneris padangoms, ratams, komplektams ir susijusioms paslaugoms<\/td>\n<\/tr>\n<tr>\n<td style=%22width: 10%; border: none; vertical-align: top; padding: 5px;%22><i style=%22color: #f9af15;%22 class=%22fa-solid fa-check%22><\/i><\/td>\n<td style=%22width: 90%; border: none; padding: 5px;%22>Greitas pristatymas ES teritorijoje<\/td>\n<\/tr>\n<tr>\n<td style=%22width: 10%; border: none; vertical-align: top; padding: 5px;%22><i style=%22color: #f9af15;%22 class=%22fa-solid fa-check%22><\/i><\/td>\n<td style=%22width: 90%; border: none; padding: 5px;%22>Daugiakalbis klient\u0173 aptarnavimas ir pardavim\u0173 palaikymas<\/td>\n<\/tr>\n<tr>\n<td style=%22width: 10%; border: none; vertical-align: top; padding: 5px;%22><i style=%22color: #f9af15;%22 class=%22fa-solid fa-check%22><\/i><\/td>\n<td style=%22width: 90%; border: none; padding: 5px;%22>Platinimo tinklas 26 \u0161alyse, \u012fskaitant eksporto rinkas<\/td>\n<\/tr>\n<tr>\n<td style=%22width: 10%; border: none; vertical-align: top; padding: 5px;%22><\/td>\n<td style=%22width: 90%; border: none; padding: 5px;%22><\/td>\n<\/tr>\n<\/tbody>\n<\/table>\n<table style=%22border-collapse: collapse; width: 100%;%22>\n<tbody>\n<tr>\n<td style=%22width: 1%; border: none; padding: 5px; vertical-align: middle;%22><span class=%22dot orange%22><\/span><\/td>\n<td style=%22width: 20%; border: none; padding: 5px; vertical-align: middle; color: orange;%22>Sand\u0117lis<\/td>\n<td style=%22width: 1%; border: none; padding: 5px; vertical-align: middle;%22><span class=%22dot green%22><\/span><\/td>\n<td style=%22width: 25%; border: none; padding: 5px; vertical-align: middle; color: limegreen;%22>Surinkimo linija<\/td>\n<\/tr>\n<\/tbody>\n<\/table>\n<p>&#8222;]<\/p>\n<h3>Europos tinklas<\/h3>\n<p>Nyderlanduose \u012fsik\u016brusi bendrov\u0117 \u201eWheelTyre\u201c did\u017eiuojasi gal\u0117dama aptarnauti klientus visoje Europoje. Tur\u0117dami stipr\u0173 logistikos tinkl\u0105, vietin\u0119 patirt\u012f ir daugiakalb\u012f palaikym\u0105, u\u017etikriname, kad kiekvienas pristatymas pasiekt\u0173 savo tiksl\u0105 greitai ir patikimai.<\/p>\n<p>&nbsp;<\/p>\n<table style=\"border-collapse: collapse; width: 100%;\">\n<tbody>\n<tr>\n<td style=\"width: 10%; border: none; vertical-align: top; padding: 5px;\"><i style=\"color: #f9af15;\" class=\"fa-solid fa-check\"><\/i><\/td>\n<td style=\"width: 90%; border: none; padding: 5px;\">Europos sand\u0117li\u0173 ir surinkimo linij\u0173 tinklas<\/td>\n<\/tr>\n<tr>\n<td style=\"width: 10%; border: none; vertical-align: top; padding: 5px;\"><i style=\"color: #f9af15;\" class=\"fa-solid fa-check\"><\/i><\/td>\n<td style=\"width: 90%; border: none; padding: 5px;\">Vienas partneris padangoms, ratams, komplektams ir susijusioms paslaugoms<\/td>\n<\/tr>\n<tr>\n<td style=\"width: 10%; border: none; vertical-align: top; padding: 5px;\"><i style=\"color: #f9af15;\" class=\"fa-solid fa-check\"><\/i><\/td>\n<td style=\"width: 90%; border: none; padding: 5px;\">Greitas pristatymas ES teritorijoje<\/td>\n<\/tr>\n<tr>\n<td style=\"width: 10%; border: none; vertical-align: top; padding: 5px;\"><i style=\"color: #f9af15;\" class=\"fa-solid fa-check\"><\/i><\/td>\n<td style=\"width: 90%; border: none; padding: 5px;\">Daugiakalbis klient\u0173 aptarnavimas ir pardavim\u0173 palaikymas<\/td>\n<\/tr>\n<tr>\n<td style=\"width: 10%; border: none; vertical-align: top; padding: 5px;\"><i style=\"color: #f9af15;\" class=\"fa-solid fa-check\"><\/i><\/td>\n<td style=\"width: 90%; border: none; padding: 5px;\">Platinimo tinklas 26 \u0161alyse, \u012fskaitant eksporto rinkas<\/td>\n<\/tr>\n<tr>\n<td style=\"width: 10%; border: none; vertical-align: top; padding: 5px;\"><\/td>\n<td style=\"width: 90%; border: none; padding: 5px;\"><\/td>\n<\/tr>\n<\/tbody>\n<\/table>\n<table style=\"border-collapse: collapse; width: 100%;\">\n<tbody>\n<tr>\n<td style=\"width: 1%; border: none; padding: 5px; vertical-align: middle;\"><span class=\"dot orange\"><\/span><\/td>\n<td style=\"width: 20%; border: none; padding: 5px; vertical-align: middle; color: orange;\">Sand\u0117lis<\/td>\n<td style=\"width: 1%; border: none; padding: 5px; vertical-align: middle;\"><span class=\"dot green\"><\/span><\/td>\n<td style=\"width: 25%; border: none; padding: 5px; vertical-align: middle; color: limegreen;\">Surinkimo linija<\/td>\n<\/tr>\n<\/tbody>\n<\/table>\n<p>[\/et_pb_text][\/et_pb_column][et_pb_column type=&#8221;1_2&#8243; _builder_version=&#8221;4.27.4&#8243; _module_preset=&#8221;default&#8221; global_colors_info=&#8221;{}&#8221;][\/et_pb_column][\/et_pb_row][\/et_pb_section]<\/p>\n","protected":false},"excerpt":{"rendered":"<p>Apie \u201eWheelTyre\u201c \u201eWheelTyre\u201c palaiko transporto priemoni\u0173 gamintojus ir importuotojus visoje Europoje, valdydama vis\u0105 padang\u0173, komplekt\u0173 ir rat\u0173 veiklos proces\u0105 nuo j\u0173 tiekimo iki pristatymo. Naudodami integruotas IT ir ataskait\u0173 teikimo sistemas, dirbame su bendrais duomen\u0173 rinkiniais ir partneriams teikiame reikiam\u0105 informacij\u0105 reikiamu laiku. Lanks\u010dios paslaugos ir ai\u0161kus s\u0105skait\u0173 i\u0161ra\u0161ymo procesas palengvina bendradarbiavim\u0105. D\u0117l m\u016bs\u0173 visapusi\u0161ko [&hellip;]<\/p>\n","protected":false},"author":1,"featured_media":0,"parent":0,"menu_order":0,"comment_status":"closed","ping_status":"closed","template":"","meta":{"_et_pb_use_builder":"on","_et_pb_old_content":"","_et_gb_content_width":"","footnotes":""},"dipi_cpt_category":[],"class_list":["post-1936","page","type-page","status-publish","hentry"],"yoast_head":"<!-- This site is optimized with the Yoast SEO plugin v27.1.1 - https:\/\/yoast.com\/product\/yoast-seo-wordpress\/ -->\n<title>Apie \u201eWheelTyre\u201c - WheelTyre<\/title>\n<meta name=\"description\" content=\"Mes padedame automobili\u0173 gamintojams ir importuotojams, visi\u0161kai valdydami proces\u0105, susijus\u012f su padangomis, ratais ir komplektais.\" \/>\n<meta name=\"robots\" content=\"index, follow, max-snippet:-1, max-image-preview:large, max-video-preview:-1\" \/>\n<link rel=\"canonical\" href=\"https:\/\/wheeltyre.com\/lt\/apie-wheeltyre\/\" \/>\n<meta property=\"og:locale\" content=\"lt_LT\" \/>\n<meta property=\"og:type\" content=\"article\" \/>\n<meta property=\"og:title\" content=\"Apie \u201eWheelTyre\u201c - WheelTyre\" \/>\n<meta property=\"og:description\" content=\"Mes padedame automobili\u0173 gamintojams ir importuotojams, visi\u0161kai valdydami proces\u0105, susijus\u012f su padangomis, ratais ir komplektais.\" \/>\n<meta property=\"og:url\" content=\"https:\/\/wheeltyre.com\/lt\/apie-wheeltyre\/\" \/>\n<meta property=\"og:site_name\" content=\"WheelTyre\" \/>\n<meta property=\"article:modified_time\" content=\"2026-01-30T12:51:37+00:00\" \/>\n<meta name=\"twitter:card\" content=\"summary_large_image\" \/>\n<meta name=\"twitter:label1\" content=\"Est. reading time\" \/>\n\t<meta name=\"twitter:data1\" content=\"2 minut\u0117s\" \/>\n<script type=\"application\/ld+json\" class=\"yoast-schema-graph\">{\"@context\":\"https:\/\/schema.org\",\"@graph\":[{\"@type\":\"WebPage\",\"@id\":\"https:\/\/wheeltyre.com\/lt\/apie-wheeltyre\/\",\"url\":\"https:\/\/wheeltyre.com\/lt\/apie-wheeltyre\/\",\"name\":\"Apie \u201eWheelTyre\u201c - WheelTyre\",\"isPartOf\":{\"@id\":\"https:\/\/wheeltyre.com\/lt\/#website\"},\"datePublished\":\"2025-10-06T08:11:37+00:00\",\"dateModified\":\"2026-01-30T12:51:37+00:00\",\"description\":\"Mes padedame automobili\u0173 gamintojams ir importuotojams, visi\u0161kai valdydami proces\u0105, susijus\u012f su padangomis, ratais ir komplektais.\",\"breadcrumb\":{\"@id\":\"https:\/\/wheeltyre.com\/lt\/apie-wheeltyre\/#breadcrumb\"},\"inLanguage\":\"lt-LT\",\"potentialAction\":[{\"@type\":\"ReadAction\",\"target\":[\"https:\/\/wheeltyre.com\/lt\/apie-wheeltyre\/\"]}]},{\"@type\":\"BreadcrumbList\",\"@id\":\"https:\/\/wheeltyre.com\/lt\/apie-wheeltyre\/#breadcrumb\",\"itemListElement\":[{\"@type\":\"ListItem\",\"position\":1,\"name\":\"Home\",\"item\":\"https:\/\/wheeltyre.com\/lt\/\"},{\"@type\":\"ListItem\",\"position\":2,\"name\":\"Apie \u201eWheelTyre\u201c\"}]},{\"@type\":\"WebSite\",\"@id\":\"https:\/\/wheeltyre.com\/lt\/#website\",\"url\":\"https:\/\/wheeltyre.com\/lt\/\",\"name\":\"WheelTyre\",\"description\":\"One partner. Full service.\",\"potentialAction\":[{\"@type\":\"SearchAction\",\"target\":{\"@type\":\"EntryPoint\",\"urlTemplate\":\"https:\/\/wheeltyre.com\/lt\/?s={search_term_string}\"},\"query-input\":{\"@type\":\"PropertyValueSpecification\",\"valueRequired\":true,\"valueName\":\"search_term_string\"}}],\"inLanguage\":\"lt-LT\"}]}<\/script>\n<!-- \/ Yoast SEO plugin. -->","yoast_head_json":{"title":"Apie \u201eWheelTyre\u201c - WheelTyre","description":"Mes padedame automobili\u0173 gamintojams ir importuotojams, visi\u0161kai valdydami proces\u0105, susijus\u012f su padangomis, ratais ir komplektais.","robots":{"index":"index","follow":"follow","max-snippet":"max-snippet:-1","max-image-preview":"max-image-preview:large","max-video-preview":"max-video-preview:-1"},"canonical":"https:\/\/wheeltyre.com\/lt\/apie-wheeltyre\/","og_locale":"lt_LT","og_type":"article","og_title":"Apie \u201eWheelTyre\u201c - WheelTyre","og_description":"Mes padedame automobili\u0173 gamintojams ir importuotojams, visi\u0161kai valdydami proces\u0105, susijus\u012f su padangomis, ratais ir komplektais.","og_url":"https:\/\/wheeltyre.com\/lt\/apie-wheeltyre\/","og_site_name":"WheelTyre","article_modified_time":"2026-01-30T12:51:37+00:00","twitter_card":"summary_large_image","twitter_misc":{"Est. reading time":"2 minut\u0117s"},"schema":{"@context":"https:\/\/schema.org","@graph":[{"@type":"WebPage","@id":"https:\/\/wheeltyre.com\/lt\/apie-wheeltyre\/","url":"https:\/\/wheeltyre.com\/lt\/apie-wheeltyre\/","name":"Apie \u201eWheelTyre\u201c - WheelTyre","isPartOf":{"@id":"https:\/\/wheeltyre.com\/lt\/#website"},"datePublished":"2025-10-06T08:11:37+00:00","dateModified":"2026-01-30T12:51:37+00:00","description":"Mes padedame automobili\u0173 gamintojams ir importuotojams, visi\u0161kai valdydami proces\u0105, susijus\u012f su padangomis, ratais ir komplektais.","breadcrumb":{"@id":"https:\/\/wheeltyre.com\/lt\/apie-wheeltyre\/#breadcrumb"},"inLanguage":"lt-LT","potentialAction":[{"@type":"ReadAction","target":["https:\/\/wheeltyre.com\/lt\/apie-wheeltyre\/"]}]},{"@type":"BreadcrumbList","@id":"https:\/\/wheeltyre.com\/lt\/apie-wheeltyre\/#breadcrumb","itemListElement":[{"@type":"ListItem","position":1,"name":"Home","item":"https:\/\/wheeltyre.com\/lt\/"},{"@type":"ListItem","position":2,"name":"Apie \u201eWheelTyre\u201c"}]},{"@type":"WebSite","@id":"https:\/\/wheeltyre.com\/lt\/#website","url":"https:\/\/wheeltyre.com\/lt\/","name":"WheelTyre","description":"One partner. Full service.","potentialAction":[{"@type":"SearchAction","target":{"@type":"EntryPoint","urlTemplate":"https:\/\/wheeltyre.com\/lt\/?s={search_term_string}"},"query-input":{"@type":"PropertyValueSpecification","valueRequired":true,"valueName":"search_term_string"}}],"inLanguage":"lt-LT"}]}},"_links":{"self":[{"href":"https:\/\/wheeltyre.com\/lt\/wp-json\/wp\/v2\/pages\/1936","targetHints":{"allow":["GET"]}}],"collection":[{"href":"https:\/\/wheeltyre.com\/lt\/wp-json\/wp\/v2\/pages"}],"about":[{"href":"https:\/\/wheeltyre.com\/lt\/wp-json\/wp\/v2\/types\/page"}],"author":[{"embeddable":true,"href":"https:\/\/wheeltyre.com\/lt\/wp-json\/wp\/v2\/users\/1"}],"replies":[{"embeddable":true,"href":"https:\/\/wheeltyre.com\/lt\/wp-json\/wp\/v2\/comments?post=1936"}],"version-history":[{"count":5,"href":"https:\/\/wheeltyre.com\/lt\/wp-json\/wp\/v2\/pages\/1936\/revisions"}],"predecessor-version":[{"id":2300,"href":"https:\/\/wheeltyre.com\/lt\/wp-json\/wp\/v2\/pages\/1936\/revisions\/2300"}],"wp:attachment":[{"href":"https:\/\/wheeltyre.com\/lt\/wp-json\/wp\/v2\/media?parent=1936"}],"wp:term":[{"taxonomy":"dipi_cpt_category","embeddable":true,"href":"https:\/\/wheeltyre.com\/lt\/wp-json\/wp\/v2\/dipi_cpt_category?post=1936"}],"curies":[{"name":"wp","href":"https:\/\/api.w.org\/{rel}","templated":true}]}}