{"id":1739,"date":"2025-10-08T09:36:51","date_gmt":"2025-10-08T09:36:51","guid":{"rendered":"https:\/\/wheeltyre.com\/disclaimer\/"},"modified":"2026-01-29T15:23:56","modified_gmt":"2026-01-29T15:23:56","slug":"limitazione-di-responsabilita","status":"publish","type":"page","link":"https:\/\/wheeltyre.com\/it\/limitazione-di-responsabilita\/","title":{"rendered":"Limitazione di responsabilit\u00e0"},"content":{"rendered":"<p>[et_pb_section fb_built=&#8221;1&#8243; _builder_version=&#8221;4.27.4&#8243; _module_preset=&#8221;default&#8221; da_disable_devices=&#8221;off|off|off&#8221; global_colors_info=&#8221;{}&#8221; da_is_popup=&#8221;off&#8221; da_exit_intent=&#8221;off&#8221; da_has_close=&#8221;on&#8221; da_alt_close=&#8221;off&#8221; da_dark_close=&#8221;off&#8221; da_not_modal=&#8221;on&#8221; da_is_singular=&#8221;off&#8221; da_with_loader=&#8221;off&#8221; da_has_shadow=&#8221;on&#8221;][et_pb_row _builder_version=&#8221;4.27.4&#8243; _module_preset=&#8221;default&#8221; global_colors_info=&#8221;{}&#8221;][et_pb_column type=&#8221;4_4&#8243; _builder_version=&#8221;4.27.4&#8243; _module_preset=&#8221;default&#8221; global_colors_info=&#8221;{}&#8221;][et_pb_text _builder_version=&#8221;4.27.5&#8243; _module_preset=&#8221;default&#8221; header_5_text_color=&#8221;#08447e&#8221; header_5_font_size=&#8221;30px&#8221; header_6_text_color=&#8221;#08447e&#8221; header_6_font_size=&#8221;20px&#8221; hover_enabled=&#8221;0&#8243; custom_css_free_form=&#8221;a{color:#F9AF15;}&#8221; global_colors_info=&#8221;{}&#8221; sticky_enabled=&#8221;0&#8243;]<\/p>\n<h5>Limitazione di responsabilit\u00e0<\/h5>\n<p>Nonostante il sito web sia stato organizzato con la massima cura, la WheelTyre B.V. e le societ\u00e0 a essa correlate non sono in grado di garantire che le informazioni fornite presenti su di esso siano complete, accurate o aggiornate. Ne consegue che nessun diritto potr\u00e0 derivare dalle stesse.<\/p>\n<p>La WheelTyre B.V. non si assume alcuna responsabilit\u00e0 per eventuali danni, sia diretti sia indiretti, che dovessero derivare dall\u2019impiego delle informazioni disponibili sul proprio sito web. L\u2019utilizzo del sito web e delle informazioni in esso contenute \u00e8, pertanto, interamente a rischio dell\u2019utente.<\/p>\n<p>Le immagini, i loghi, i nomi dei prodotti e i marchi sono, e restano di propriet\u00e0 dei relativi produttori o fornitori. L&#8217;utilizzo \u00e8 finalizzato esclusivamente a chiarire le descrizioni dei prodotti, nonch\u00e9 a informare in maniera appropriata i potenziali acquirenti.<\/p>\n<p>La WheelTyre B.V. si riserva il diritto di modificare il contenuto del sito web in qualsiasi momento, e senza dare alcun preavviso. La societ\u00e0 non risponder\u00e0 nemmeno per gli errori, le sviste tipografiche o di formattazione, n\u00e9 per le modifiche alle specifiche tecniche.<\/p>\n<p>[\/et_pb_text][\/et_pb_column][\/et_pb_row][\/et_pb_section]<\/p>\n","protected":false},"excerpt":{"rendered":"<p>Limitazione di responsabilit\u00e0 Nonostante il sito web sia stato organizzato con la massima cura, la WheelTyre B.V. e le societ\u00e0 a essa correlate non sono in grado di garantire che le informazioni fornite presenti su di esso siano complete, accurate o aggiornate. Ne consegue che nessun diritto potr\u00e0 derivare dalle stesse. La WheelTyre B.V. non [&hellip;]<\/p>\n","protected":false},"author":1,"featured_media":0,"parent":0,"menu_order":0,"comment_status":"closed","ping_status":"closed","template":"","meta":{"_et_pb_use_builder":"on","_et_pb_old_content":"","_et_gb_content_width":"","footnotes":""},"dipi_cpt_category":[],"class_list":["post-1739","page","type-page","status-publish","hentry"],"yoast_head":"<!-- This site is optimized with the Yoast SEO plugin v27.1.1 - https:\/\/yoast.com\/product\/yoast-seo-wordpress\/ -->\n<title>Limitazione di responsabilit\u00e0 - WheelTyre<\/title>\n<meta name=\"robots\" content=\"noindex, follow\" \/>\n<meta property=\"og:locale\" content=\"it_IT\" \/>\n<meta property=\"og:type\" content=\"article\" \/>\n<meta property=\"og:title\" content=\"Limitazione di responsabilit\u00e0 - WheelTyre\" \/>\n<meta property=\"og:description\" content=\"Limitazione di responsabilit\u00e0 Nonostante il sito web sia stato organizzato con la massima cura, la WheelTyre B.V. e le societ\u00e0 a essa correlate non sono in grado di garantire che le informazioni fornite presenti su di esso siano complete, accurate o aggiornate. Ne consegue che nessun diritto potr\u00e0 derivare dalle stesse. La WheelTyre B.V. non [&hellip;]\" \/>\n<meta property=\"og:url\" content=\"https:\/\/wheeltyre.com\/it\/limitazione-di-responsabilita\/\" \/>\n<meta property=\"og:site_name\" content=\"WheelTyre\" \/>\n<meta property=\"article:modified_time\" content=\"2026-01-29T15:23:56+00:00\" \/>\n<meta name=\"twitter:card\" content=\"summary_large_image\" \/>\n<meta name=\"twitter:label1\" content=\"Tempo di lettura stimato\" \/>\n\t<meta name=\"twitter:data1\" content=\"1 minuto\" \/>\n<script type=\"application\/ld+json\" class=\"yoast-schema-graph\">{\"@context\":\"https:\/\/schema.org\",\"@graph\":[{\"@type\":\"WebPage\",\"@id\":\"https:\/\/wheeltyre.com\/it\/limitazione-di-responsabilita\/\",\"url\":\"https:\/\/wheeltyre.com\/it\/limitazione-di-responsabilita\/\",\"name\":\"Limitazione di responsabilit\u00e0 - WheelTyre\",\"isPartOf\":{\"@id\":\"https:\/\/wheeltyre.com\/it\/#website\"},\"datePublished\":\"2025-10-08T09:36:51+00:00\",\"dateModified\":\"2026-01-29T15:23:56+00:00\",\"breadcrumb\":{\"@id\":\"https:\/\/wheeltyre.com\/it\/limitazione-di-responsabilita\/#breadcrumb\"},\"inLanguage\":\"it-IT\",\"potentialAction\":[{\"@type\":\"ReadAction\",\"target\":[\"https:\/\/wheeltyre.com\/it\/limitazione-di-responsabilita\/\"]}]},{\"@type\":\"BreadcrumbList\",\"@id\":\"https:\/\/wheeltyre.com\/it\/limitazione-di-responsabilita\/#breadcrumb\",\"itemListElement\":[{\"@type\":\"ListItem\",\"position\":1,\"name\":\"Home\",\"item\":\"https:\/\/wheeltyre.com\/it\/\"},{\"@type\":\"ListItem\",\"position\":2,\"name\":\"Limitazione di responsabilit\u00e0\"}]},{\"@type\":\"WebSite\",\"@id\":\"https:\/\/wheeltyre.com\/it\/#website\",\"url\":\"https:\/\/wheeltyre.com\/it\/\",\"name\":\"WheelTyre\",\"description\":\"One partner. Full service.\",\"potentialAction\":[{\"@type\":\"SearchAction\",\"target\":{\"@type\":\"EntryPoint\",\"urlTemplate\":\"https:\/\/wheeltyre.com\/it\/?s={search_term_string}\"},\"query-input\":{\"@type\":\"PropertyValueSpecification\",\"valueRequired\":true,\"valueName\":\"search_term_string\"}}],\"inLanguage\":\"it-IT\"}]}<\/script>\n<!-- \/ Yoast SEO plugin. -->","yoast_head_json":{"title":"Limitazione di responsabilit\u00e0 - WheelTyre","robots":{"index":"noindex","follow":"follow"},"og_locale":"it_IT","og_type":"article","og_title":"Limitazione di responsabilit\u00e0 - WheelTyre","og_description":"Limitazione di responsabilit\u00e0 Nonostante il sito web sia stato organizzato con la massima cura, la WheelTyre B.V. e le societ\u00e0 a essa correlate non sono in grado di garantire che le informazioni fornite presenti su di esso siano complete, accurate o aggiornate. Ne consegue che nessun diritto potr\u00e0 derivare dalle stesse. La WheelTyre B.V. non [&hellip;]","og_url":"https:\/\/wheeltyre.com\/it\/limitazione-di-responsabilita\/","og_site_name":"WheelTyre","article_modified_time":"2026-01-29T15:23:56+00:00","twitter_card":"summary_large_image","twitter_misc":{"Tempo di lettura stimato":"1 minuto"},"schema":{"@context":"https:\/\/schema.org","@graph":[{"@type":"WebPage","@id":"https:\/\/wheeltyre.com\/it\/limitazione-di-responsabilita\/","url":"https:\/\/wheeltyre.com\/it\/limitazione-di-responsabilita\/","name":"Limitazione di responsabilit\u00e0 - WheelTyre","isPartOf":{"@id":"https:\/\/wheeltyre.com\/it\/#website"},"datePublished":"2025-10-08T09:36:51+00:00","dateModified":"2026-01-29T15:23:56+00:00","breadcrumb":{"@id":"https:\/\/wheeltyre.com\/it\/limitazione-di-responsabilita\/#breadcrumb"},"inLanguage":"it-IT","potentialAction":[{"@type":"ReadAction","target":["https:\/\/wheeltyre.com\/it\/limitazione-di-responsabilita\/"]}]},{"@type":"BreadcrumbList","@id":"https:\/\/wheeltyre.com\/it\/limitazione-di-responsabilita\/#breadcrumb","itemListElement":[{"@type":"ListItem","position":1,"name":"Home","item":"https:\/\/wheeltyre.com\/it\/"},{"@type":"ListItem","position":2,"name":"Limitazione di responsabilit\u00e0"}]},{"@type":"WebSite","@id":"https:\/\/wheeltyre.com\/it\/#website","url":"https:\/\/wheeltyre.com\/it\/","name":"WheelTyre","description":"One partner. Full service.","potentialAction":[{"@type":"SearchAction","target":{"@type":"EntryPoint","urlTemplate":"https:\/\/wheeltyre.com\/it\/?s={search_term_string}"},"query-input":{"@type":"PropertyValueSpecification","valueRequired":true,"valueName":"search_term_string"}}],"inLanguage":"it-IT"}]}},"_links":{"self":[{"href":"https:\/\/wheeltyre.com\/it\/wp-json\/wp\/v2\/pages\/1739","targetHints":{"allow":["GET"]}}],"collection":[{"href":"https:\/\/wheeltyre.com\/it\/wp-json\/wp\/v2\/pages"}],"about":[{"href":"https:\/\/wheeltyre.com\/it\/wp-json\/wp\/v2\/types\/page"}],"author":[{"embeddable":true,"href":"https:\/\/wheeltyre.com\/it\/wp-json\/wp\/v2\/users\/1"}],"replies":[{"embeddable":true,"href":"https:\/\/wheeltyre.com\/it\/wp-json\/wp\/v2\/comments?post=1739"}],"version-history":[{"count":4,"href":"https:\/\/wheeltyre.com\/it\/wp-json\/wp\/v2\/pages\/1739\/revisions"}],"predecessor-version":[{"id":1818,"href":"https:\/\/wheeltyre.com\/it\/wp-json\/wp\/v2\/pages\/1739\/revisions\/1818"}],"wp:attachment":[{"href":"https:\/\/wheeltyre.com\/it\/wp-json\/wp\/v2\/media?parent=1739"}],"wp:term":[{"taxonomy":"dipi_cpt_category","embeddable":true,"href":"https:\/\/wheeltyre.com\/it\/wp-json\/wp\/v2\/dipi_cpt_category?post=1739"}],"curies":[{"name":"wp","href":"https:\/\/api.w.org\/{rel}","templated":true}]}}