{"id":1738,"date":"2025-10-06T08:13:10","date_gmt":"2025-10-06T08:13:10","guid":{"rendered":"https:\/\/wheeltyre.com\/full-service\/"},"modified":"2026-01-30T12:31:56","modified_gmt":"2026-01-30T12:31:56","slug":"servizio-completo","status":"publish","type":"page","link":"https:\/\/wheeltyre.com\/it\/servizio-completo\/","title":{"rendered":"Servizio completo"},"content":{"rendered":"<p>[et_pb_section fb_built=&#8221;1&#8243; _builder_version=&#8221;4.27.5&#8243; _module_preset=&#8221;default&#8221; background_image=&#8221;https:\/\/wheeltyre.com\/wp-content\/uploads\/2026\/01\/wheeltyre-servizio-completo-it.jpg&#8221; background_position=&#8221;bottom_center&#8221; da_disable_devices=&#8221;off|off|off&#8221; global_colors_info=&#8221;{}&#8221; da_is_popup=&#8221;off&#8221; da_exit_intent=&#8221;off&#8221; da_has_close=&#8221;on&#8221; da_alt_close=&#8221;off&#8221; da_dark_close=&#8221;off&#8221; da_not_modal=&#8221;on&#8221; da_is_singular=&#8221;off&#8221; da_with_loader=&#8221;off&#8221; da_has_shadow=&#8221;on&#8221;][et_pb_row _builder_version=&#8221;4.27.4&#8243; _module_preset=&#8221;default&#8221; global_colors_info=&#8221;{}&#8221;][et_pb_column type=&#8221;4_4&#8243; _builder_version=&#8221;4.27.4&#8243; _module_preset=&#8221;default&#8221; global_colors_info=&#8221;{}&#8221;][et_pb_divider show_divider=&#8221;off&#8221; _builder_version=&#8221;4.27.4&#8243; _module_preset=&#8221;default&#8221; height=&#8221;194px&#8221; height_tablet=&#8221;194px&#8221; height_phone=&#8221;50px&#8221; height_last_edited=&#8221;on|phone&#8221; global_colors_info=&#8221;{}&#8221;][\/et_pb_divider][\/et_pb_column][\/et_pb_row][\/et_pb_section][et_pb_section fb_built=&#8221;1&#8243; _builder_version=&#8221;4.27.4&#8243; _module_preset=&#8221;default&#8221; da_disable_devices=&#8221;off|off|off&#8221; global_colors_info=&#8221;{}&#8221; da_is_popup=&#8221;off&#8221; da_exit_intent=&#8221;off&#8221; da_has_close=&#8221;on&#8221; da_alt_close=&#8221;off&#8221; da_dark_close=&#8221;off&#8221; da_not_modal=&#8221;on&#8221; da_is_singular=&#8221;off&#8221; da_with_loader=&#8221;off&#8221; da_has_shadow=&#8221;on&#8221;][et_pb_row _builder_version=&#8221;4.27.4&#8243; _module_preset=&#8221;default&#8221; global_colors_info=&#8221;{}&#8221;][et_pb_column type=&#8221;4_4&#8243; _builder_version=&#8221;4.27.4&#8243; _module_preset=&#8221;default&#8221; global_colors_info=&#8221;{}&#8221;][et_pb_text _builder_version=&#8221;4.27.5&#8243; _module_preset=&#8221;default&#8221; text_line_height=&#8221;2em&#8221; header_2_text_color=&#8221;#08447e&#8221; header_2_font_size=&#8221;19px&#8221; header_3_text_color=&#8221;#08447e&#8221; header_3_font_size=&#8221;30px&#8221; global_colors_info=&#8221;{}&#8221;]<\/p>\n<h3>Il nostro approccio \u201cfull service\u201d<\/h3>\n<p>La WheelTyre supporta i produttori e gli importatori di veicoli proponendo soluzioni complete per pneumatici, ruote e combinazioni di ruote e pneumatici gi\u00e0 interamente assemblate. Dai pneumatici di qualit\u00e0 elevata alle ruote di qualit\u00e0, fino ai set completamente assemblati, noi riforniamo i clienti con prodotti che soddisfano elevati standard in termini di sicurezza, performance, e anche criteri estetici.<\/p>\n<p>Prestiamo anche servizi aggiuntivi come, per esempio, lo stoccaggio, e il \u201cbuy-back\u201ddelle scorte in eccesso. Questo ci consente di far risparmiare lavoro ai nostri partner, nonch\u00e9 di mantenere chiarezza e controllo sull\u2019intero processo.<\/p>\n<p>[\/et_pb_text][\/et_pb_column][\/et_pb_row][et_pb_row column_structure=&#8221;1_2,1_2&#8243; make_equal=&#8221;on&#8221; _builder_version=&#8221;4.27.4&#8243; _module_preset=&#8221;default&#8221; global_colors_info=&#8221;{}&#8221;][et_pb_column type=&#8221;1_2&#8243; _builder_version=&#8221;4.27.4&#8243; _module_preset=&#8221;default&#8221; global_colors_info=&#8221;{}&#8221;][et_pb_image src=&#8221;https:\/\/wheeltyre.com\/wp-content\/uploads\/2026\/01\/wheeltyre-set-completi-it.jpg&#8221; alt=&#8221;Montaggio di set completi presso WheelTyre&#8221; title_text=&#8221;Montaggio di set completi presso WheelTyre&#8221; _builder_version=&#8221;4.27.5&#8243; _module_preset=&#8221;default&#8221; border_radii=&#8221;on|20px|20px|20px|20px&#8221; global_colors_info=&#8221;{}&#8221;][\/et_pb_image][\/et_pb_column][et_pb_column type=&#8221;1_2&#8243; _builder_version=&#8221;4.27.4&#8243; _module_preset=&#8221;default&#8221; global_colors_info=&#8221;{}&#8221;][et_pb_text _builder_version=&#8221;4.27.5&#8243; _module_preset=&#8221;default&#8221; text_line_height=&#8221;2em&#8221; header_3_text_color=&#8221;#08447e&#8221; custom_css_free_form=&#8221;.et_pb_module table, ||.et_pb_module table td, ||.et_pb_module table th {||  border: none !important;||}||&#8221; global_colors_info=&#8221;{}&#8221;]<\/p>\n<h3>Assemblaggio di set completi<\/h3>\n<p>La WheelTyre assembla combinazioni complete di ruote e di pneumatici come, per esempio, set invernali, estivi e per tutte le stagioni, gi\u00e0 pronti per essere montati direttamente sul veicolo. Grazie alla nostra Automatic Fitting Line (AFL), siamo in grado di offrire un\u2019ampia capacit\u00e0, e di lavorare secondo standard di qualit\u00e0 concordati.<\/p>\n<p>Le linee guida per l\u2019assemblaggio vengono concordate con i clienti e trasferite digitalmente all\u2019AFL, il che garantisce che ogni set venga assemblato rispettando le specifiche pattuite. Questa linea \u00e8 il cuore dei nostri servizi, e ci consente di effettuare consegne \u201cjust in time\u201d a beneficio dei produttori, nonch\u00e9 e degli importatori di veicoli operanti in tutta Europa. La nostra rete logistica copre pi\u00f9 di 23 Paesi, compresi i mercati di esportazione, ed \u00e8 gestita dal team di pianificazione dei trasporti interno.<\/p>\n<p>[\/et_pb_text][\/et_pb_column][\/et_pb_row][\/et_pb_section][et_pb_section fb_built=&#8221;1&#8243; _builder_version=&#8221;4.27.4&#8243; _module_preset=&#8221;default&#8221; background_color=&#8221;#f7f7f7&#8243; custom_margin=&#8221;||||false|false&#8221; da_disable_devices=&#8221;off|off|off&#8221; global_colors_info=&#8221;{}&#8221; da_is_popup=&#8221;off&#8221; da_exit_intent=&#8221;off&#8221; da_has_close=&#8221;on&#8221; da_alt_close=&#8221;off&#8221; da_dark_close=&#8221;off&#8221; da_not_modal=&#8221;on&#8221; da_is_singular=&#8221;off&#8221; da_with_loader=&#8221;off&#8221; da_has_shadow=&#8221;on&#8221;][et_pb_row column_structure=&#8221;1_2,1_2&#8243; make_equal=&#8221;on&#8221; _builder_version=&#8221;4.27.4&#8243; _module_preset=&#8221;default&#8221; global_colors_info=&#8221;{}&#8221;][et_pb_column type=&#8221;1_2&#8243; _builder_version=&#8221;4.27.4&#8243; _module_preset=&#8221;default&#8221; global_colors_info=&#8221;{}&#8221;][et_pb_text _builder_version=&#8221;4.27.5&#8243; _module_preset=&#8221;default&#8221; text_line_height=&#8221;2em&#8221; header_3_text_color=&#8221;#08447e&#8221; custom_css_free_form=&#8221;.et_pb_module table, ||.et_pb_module table td, ||.et_pb_module table th {||  border: none !important;||}||&#8221; global_colors_info=&#8221;{}&#8221;]<\/p>\n<h3>Distribuzione di pneumatici singoli<\/h3>\n<p>Gestiamo l&#8217;approvvigionamento, lo stoccaggio e la distribuzione di pneumatici per i principali marchi automobilistici europei. Dai pneumatici estivi e invernali alle opzioni per tutte le stagioni, siamo in grado di garantire che il pneumatico corretto sia disponibile al momento giusto, e nel luogo giusto.<\/p>\n<p>La WheelTyre \u00e8 un operatore multi-brand, e fornisce tutti i marchi di pneumatici basandosi su un unico rapporto contrattuale, e un solo flusso di fatturazione. I nostri servizi sono allineati ai processi dei clienti, e integrati nelle rispettive catene di fornitura.<\/p>\n<p>[\/et_pb_text][\/et_pb_column][et_pb_column type=&#8221;1_2&#8243; _builder_version=&#8221;4.27.4&#8243; _module_preset=&#8221;default&#8221; global_colors_info=&#8221;{}&#8221;][et_pb_image src=&#8221;https:\/\/wheeltyre.com\/wp-content\/uploads\/2026\/01\/wheeltyre-pneumatici-distribuzione-it.jpg&#8221; alt=&#8221;Distribuzione&#8221; title_text=&#8221;Distribuzione&#8221; _builder_version=&#8221;4.27.5&#8243; _module_preset=&#8221;default&#8221; border_radii=&#8221;on|20px|20px|20px|20px&#8221; global_colors_info=&#8221;{}&#8221;][\/et_pb_image][\/et_pb_column][\/et_pb_row][\/et_pb_section][et_pb_section fb_built=&#8221;1&#8243; _builder_version=&#8221;4.27.4&#8243; _module_preset=&#8221;default&#8221; da_disable_devices=&#8221;off|off|off&#8221; global_colors_info=&#8221;{}&#8221; da_is_popup=&#8221;off&#8221; da_exit_intent=&#8221;off&#8221; da_has_close=&#8221;on&#8221; da_alt_close=&#8221;off&#8221; da_dark_close=&#8221;off&#8221; da_not_modal=&#8221;on&#8221; da_is_singular=&#8221;off&#8221; da_with_loader=&#8221;off&#8221; da_has_shadow=&#8221;on&#8221;][et_pb_row column_structure=&#8221;1_2,1_2&#8243; make_equal=&#8221;on&#8221; _builder_version=&#8221;4.27.4&#8243; _module_preset=&#8221;default&#8221; global_colors_info=&#8221;{}&#8221;][et_pb_column type=&#8221;1_2&#8243; _builder_version=&#8221;4.27.4&#8243; _module_preset=&#8221;default&#8221; global_colors_info=&#8221;{}&#8221;][et_pb_image src=&#8221;https:\/\/wheeltyre.com\/wp-content\/uploads\/2026\/01\/wheeltyre-magazzino-deposito-it.jpg&#8221; alt=&#8221;Magazzino WheelTyre&#8221; title_text=&#8221;Magazzino WheelTyre&#8221; _builder_version=&#8221;4.27.5&#8243; _module_preset=&#8221;default&#8221; border_radii=&#8221;on|20px|20px|20px|20px&#8221; global_colors_info=&#8221;{}&#8221;][\/et_pb_image][\/et_pb_column][et_pb_column type=&#8221;1_2&#8243; _builder_version=&#8221;4.27.4&#8243; _module_preset=&#8221;default&#8221; global_colors_info=&#8221;{}&#8221;][et_pb_text _builder_version=&#8221;4.27.5&#8243; _module_preset=&#8221;default&#8221; text_line_height=&#8221;2em&#8221; header_3_text_color=&#8221;#08447e&#8221; custom_css_free_form=&#8221;.et_pb_module table, ||.et_pb_module table td, ||.et_pb_module table th {||  border: none !important;||}||&#8221; global_colors_info=&#8221;{}&#8221;]<\/p>\n<h3>Magazzinaggio<\/h3>\n<p>La WheelTyre offre ai produttori e agli importatori di veicoli una soluzione affidabile per lo stoccaggio di pneumatici, di ruote, di set di ruote completi, nonch\u00e9 di altri componenti. Tutti gli articoli vengono stoccati all\u2019interno dei nostri magazzini in modo strutturato, e nel rispetto di linee guida in materia di qualit\u00e0 concordate.<\/p>\n<p>Supportiamo l\u2019intero processo, dalla movimentazione in entrata e dai controlli di qualit\u00e0 fino allo stoccaggio, e alla spedizione finale. Processi chiari e supporto informatico rendono lo stoccaggio e le attivit\u00e0 di natura logistica facili da gestire e trasparenti.<\/p>\n<p>[\/et_pb_text][\/et_pb_column][\/et_pb_row][\/et_pb_section][et_pb_section fb_built=&#8221;1&#8243; _builder_version=&#8221;4.27.4&#8243; _module_preset=&#8221;default&#8221; background_color=&#8221;#f7f7f7&#8243; custom_margin=&#8221;||||false|false&#8221; da_disable_devices=&#8221;off|off|off&#8221; global_colors_info=&#8221;{}&#8221; da_is_popup=&#8221;off&#8221; da_exit_intent=&#8221;off&#8221; da_has_close=&#8221;on&#8221; da_alt_close=&#8221;off&#8221; da_dark_close=&#8221;off&#8221; da_not_modal=&#8221;on&#8221; da_is_singular=&#8221;off&#8221; da_with_loader=&#8221;off&#8221; da_has_shadow=&#8221;on&#8221;][et_pb_row column_structure=&#8221;1_2,1_2&#8243; make_equal=&#8221;on&#8221; _builder_version=&#8221;4.27.4&#8243; _module_preset=&#8221;default&#8221; global_colors_info=&#8221;{}&#8221;][et_pb_column type=&#8221;1_2&#8243; _builder_version=&#8221;4.27.4&#8243; _module_preset=&#8221;default&#8221; global_colors_info=&#8221;{}&#8221;][et_pb_text _builder_version=&#8221;4.27.5&#8243; _module_preset=&#8221;default&#8221; text_line_height=&#8221;2em&#8221; header_3_text_color=&#8221;#08447e&#8221; custom_css_free_form=&#8221;.et_pb_module table, ||.et_pb_module table td, ||.et_pb_module table th {||  border: none !important;||}||&#8221; global_colors_info=&#8221;{}&#8221;]<\/p>\n<h3>Riacquisti (\u201cbuy-back\u201d)<\/h3>\n<p>La WheelTyre offre ai propri partner una soluzione pratica per le eventuali scorte in eccesso, nonch\u00e9 per le giacenze invendibili. Infatti, acquistiamo direttamente queste scorte, e le distribuiamo sfruttando la nostra rete internazionale. In questo modo i prodotti vengono venduti pi\u00f9 rapidamente, si riducono i costi di stoccaggio, e si eliminano le scorte in eccesso dagli stati patrimoniali dei bilanci dei nostri partner.<\/p>\n<p>[\/et_pb_text][\/et_pb_column][et_pb_column type=&#8221;1_2&#8243; _builder_version=&#8221;4.27.4&#8243; _module_preset=&#8221;default&#8221; global_colors_info=&#8221;{}&#8221;][et_pb_image src=&#8221;https:\/\/wheeltyre.com\/wp-content\/uploads\/2026\/01\/wheeltyre-riacquisti-it.jpg&#8221; alt=&#8221;WheelTyre Riacquisti&#8221; title_text=&#8221;WheelTyre Riacquisti&#8221; _builder_version=&#8221;4.27.5&#8243; _module_preset=&#8221;default&#8221; hover_enabled=&#8221;0&#8243; border_radii=&#8221;on|20px|20px|20px|20px&#8221; global_colors_info=&#8221;{}&#8221; sticky_enabled=&#8221;0&#8243;][\/et_pb_image][\/et_pb_column][\/et_pb_row][\/et_pb_section][et_pb_section fb_built=&#8221;1&#8243; _builder_version=&#8221;4.27.4&#8243; _module_preset=&#8221;default&#8221; da_disable_devices=&#8221;off|off|off&#8221; global_colors_info=&#8221;{}&#8221; da_is_popup=&#8221;off&#8221; da_exit_intent=&#8221;off&#8221; da_has_close=&#8221;on&#8221; da_alt_close=&#8221;off&#8221; da_dark_close=&#8221;off&#8221; da_not_modal=&#8221;on&#8221; da_is_singular=&#8221;off&#8221; da_with_loader=&#8221;off&#8221; da_has_shadow=&#8221;on&#8221;][et_pb_row column_structure=&#8221;1_2,1_2&#8243; make_equal=&#8221;on&#8221; _builder_version=&#8221;4.27.4&#8243; _module_preset=&#8221;default&#8221; global_colors_info=&#8221;{}&#8221;][et_pb_column type=&#8221;1_2&#8243; _builder_version=&#8221;4.27.4&#8243; _module_preset=&#8221;default&#8221; global_colors_info=&#8221;{}&#8221;][et_pb_image src=&#8221;https:\/\/wheeltyre.com\/wp-content\/uploads\/2026\/01\/wheeltyre-services-it.jpg&#8221; alt=&#8221;Servizi extra&#8221; title_text=&#8221;Servizi extra&#8221; _builder_version=&#8221;4.27.5&#8243; _module_preset=&#8221;default&#8221; border_radii=&#8221;on|20px|20px|20px|20px&#8221; global_colors_info=&#8221;{}&#8221;][\/et_pb_image][\/et_pb_column][et_pb_column type=&#8221;1_2&#8243; _builder_version=&#8221;4.27.4&#8243; _module_preset=&#8221;default&#8221; global_colors_info=&#8221;{}&#8221;][et_pb_text _builder_version=&#8221;4.27.5&#8243; _module_preset=&#8221;default&#8221; text_line_height=&#8221;2em&#8221; header_3_text_color=&#8221;#08447e&#8221; global_colors_info=&#8221;{}&#8221;]<\/p>\n<h3>Servizi aggiuntivi<\/h3>\n<p>I nostri servizi vanno anche oltre l\u2019assemblaggio, la distribuzione, e lo stoccaggio di ruote e pneumatici. Su WEBDIS, il nostro sistema di ordini online, i rivenditori riescono ad avere una visibilit\u00e0 in tempo reale delle scorte disponibili, e possono direttamente effettuare gli ordini. Offriamo anche servizi aggiuntivi che semplificano le operazioni quotidiane tra cui, per esempio, i servizi di monitoraggio della pressione dei pneumatici (TPMS), di etichettatura, di imballaggio personalizzato, e di gestione degli inventari.<\/p>\n<p>La WheelTyre opera con processi certificati ISO, e consente l\u2019accesso a tutti i principali brand di pneumatici in Europa. Tutto ci\u00f2 rende i rapporti di collaborazione con i clienti chiari, diretti, e affidabili.<\/p>\n<p>[\/et_pb_text][\/et_pb_column][\/et_pb_row][\/et_pb_section]<\/p>\n","protected":false},"excerpt":{"rendered":"<p>Il nostro approccio \u201cfull service\u201d La WheelTyre supporta i produttori e gli importatori di veicoli proponendo soluzioni complete per pneumatici, ruote e combinazioni di ruote e pneumatici gi\u00e0 interamente assemblate. Dai pneumatici di qualit\u00e0 elevata alle ruote di qualit\u00e0, fino ai set completamente assemblati, noi riforniamo i clienti con prodotti che soddisfano elevati standard in [&hellip;]<\/p>\n","protected":false},"author":1,"featured_media":0,"parent":0,"menu_order":0,"comment_status":"closed","ping_status":"closed","template":"","meta":{"_et_pb_use_builder":"on","_et_pb_old_content":"<!-- wp:divi\/placeholder \/-->","_et_gb_content_width":"1080","footnotes":""},"dipi_cpt_category":[],"class_list":["post-1738","page","type-page","status-publish","hentry"],"yoast_head":"<!-- This site is optimized with the Yoast SEO plugin v27.1.1 - https:\/\/yoast.com\/product\/yoast-seo-wordpress\/ -->\n<title>Servizio completo - WheelTyre<\/title>\n<meta name=\"description\" content=\"WheelTyre supporta i produttori e gli importatori di automobili con soluzioni complete per pneumatici, cerchioni e combinazioni complete di ruote e pneumatici.\" \/>\n<meta name=\"robots\" content=\"index, follow, max-snippet:-1, max-image-preview:large, max-video-preview:-1\" \/>\n<link rel=\"canonical\" href=\"https:\/\/wheeltyre.com\/it\/servizio-completo\/\" \/>\n<meta property=\"og:locale\" content=\"it_IT\" \/>\n<meta property=\"og:type\" content=\"article\" \/>\n<meta property=\"og:title\" content=\"Servizio completo - WheelTyre\" \/>\n<meta property=\"og:description\" content=\"WheelTyre supporta i produttori e gli importatori di automobili con soluzioni complete per pneumatici, cerchioni e combinazioni complete di ruote e pneumatici.\" \/>\n<meta property=\"og:url\" content=\"https:\/\/wheeltyre.com\/it\/servizio-completo\/\" \/>\n<meta property=\"og:site_name\" content=\"WheelTyre\" \/>\n<meta property=\"article:modified_time\" content=\"2026-01-30T12:31:56+00:00\" \/>\n<meta name=\"twitter:card\" content=\"summary_large_image\" \/>\n<meta name=\"twitter:label1\" content=\"Tempo di lettura stimato\" \/>\n\t<meta name=\"twitter:data1\" content=\"4 minuti\" \/>\n<script type=\"application\/ld+json\" class=\"yoast-schema-graph\">{\"@context\":\"https:\/\/schema.org\",\"@graph\":[{\"@type\":\"WebPage\",\"@id\":\"https:\/\/wheeltyre.com\/it\/servizio-completo\/\",\"url\":\"https:\/\/wheeltyre.com\/it\/servizio-completo\/\",\"name\":\"Servizio completo - WheelTyre\",\"isPartOf\":{\"@id\":\"https:\/\/wheeltyre.com\/it\/#website\"},\"datePublished\":\"2025-10-06T08:13:10+00:00\",\"dateModified\":\"2026-01-30T12:31:56+00:00\",\"description\":\"WheelTyre supporta i produttori e gli importatori di automobili con soluzioni complete per pneumatici, cerchioni e combinazioni complete di ruote e pneumatici.\",\"breadcrumb\":{\"@id\":\"https:\/\/wheeltyre.com\/it\/servizio-completo\/#breadcrumb\"},\"inLanguage\":\"it-IT\",\"potentialAction\":[{\"@type\":\"ReadAction\",\"target\":[\"https:\/\/wheeltyre.com\/it\/servizio-completo\/\"]}]},{\"@type\":\"BreadcrumbList\",\"@id\":\"https:\/\/wheeltyre.com\/it\/servizio-completo\/#breadcrumb\",\"itemListElement\":[{\"@type\":\"ListItem\",\"position\":1,\"name\":\"Home\",\"item\":\"https:\/\/wheeltyre.com\/it\/\"},{\"@type\":\"ListItem\",\"position\":2,\"name\":\"Servizio completo\"}]},{\"@type\":\"WebSite\",\"@id\":\"https:\/\/wheeltyre.com\/it\/#website\",\"url\":\"https:\/\/wheeltyre.com\/it\/\",\"name\":\"WheelTyre\",\"description\":\"One partner. Full service.\",\"potentialAction\":[{\"@type\":\"SearchAction\",\"target\":{\"@type\":\"EntryPoint\",\"urlTemplate\":\"https:\/\/wheeltyre.com\/it\/?s={search_term_string}\"},\"query-input\":{\"@type\":\"PropertyValueSpecification\",\"valueRequired\":true,\"valueName\":\"search_term_string\"}}],\"inLanguage\":\"it-IT\"}]}<\/script>\n<!-- \/ Yoast SEO plugin. -->","yoast_head_json":{"title":"Servizio completo - WheelTyre","description":"WheelTyre supporta i produttori e gli importatori di automobili con soluzioni complete per pneumatici, cerchioni e combinazioni complete di ruote e pneumatici.","robots":{"index":"index","follow":"follow","max-snippet":"max-snippet:-1","max-image-preview":"max-image-preview:large","max-video-preview":"max-video-preview:-1"},"canonical":"https:\/\/wheeltyre.com\/it\/servizio-completo\/","og_locale":"it_IT","og_type":"article","og_title":"Servizio completo - WheelTyre","og_description":"WheelTyre supporta i produttori e gli importatori di automobili con soluzioni complete per pneumatici, cerchioni e combinazioni complete di ruote e pneumatici.","og_url":"https:\/\/wheeltyre.com\/it\/servizio-completo\/","og_site_name":"WheelTyre","article_modified_time":"2026-01-30T12:31:56+00:00","twitter_card":"summary_large_image","twitter_misc":{"Tempo di lettura stimato":"4 minuti"},"schema":{"@context":"https:\/\/schema.org","@graph":[{"@type":"WebPage","@id":"https:\/\/wheeltyre.com\/it\/servizio-completo\/","url":"https:\/\/wheeltyre.com\/it\/servizio-completo\/","name":"Servizio completo - WheelTyre","isPartOf":{"@id":"https:\/\/wheeltyre.com\/it\/#website"},"datePublished":"2025-10-06T08:13:10+00:00","dateModified":"2026-01-30T12:31:56+00:00","description":"WheelTyre supporta i produttori e gli importatori di automobili con soluzioni complete per pneumatici, cerchioni e combinazioni complete di ruote e pneumatici.","breadcrumb":{"@id":"https:\/\/wheeltyre.com\/it\/servizio-completo\/#breadcrumb"},"inLanguage":"it-IT","potentialAction":[{"@type":"ReadAction","target":["https:\/\/wheeltyre.com\/it\/servizio-completo\/"]}]},{"@type":"BreadcrumbList","@id":"https:\/\/wheeltyre.com\/it\/servizio-completo\/#breadcrumb","itemListElement":[{"@type":"ListItem","position":1,"name":"Home","item":"https:\/\/wheeltyre.com\/it\/"},{"@type":"ListItem","position":2,"name":"Servizio completo"}]},{"@type":"WebSite","@id":"https:\/\/wheeltyre.com\/it\/#website","url":"https:\/\/wheeltyre.com\/it\/","name":"WheelTyre","description":"One partner. Full service.","potentialAction":[{"@type":"SearchAction","target":{"@type":"EntryPoint","urlTemplate":"https:\/\/wheeltyre.com\/it\/?s={search_term_string}"},"query-input":{"@type":"PropertyValueSpecification","valueRequired":true,"valueName":"search_term_string"}}],"inLanguage":"it-IT"}]}},"_links":{"self":[{"href":"https:\/\/wheeltyre.com\/it\/wp-json\/wp\/v2\/pages\/1738","targetHints":{"allow":["GET"]}}],"collection":[{"href":"https:\/\/wheeltyre.com\/it\/wp-json\/wp\/v2\/pages"}],"about":[{"href":"https:\/\/wheeltyre.com\/it\/wp-json\/wp\/v2\/types\/page"}],"author":[{"embeddable":true,"href":"https:\/\/wheeltyre.com\/it\/wp-json\/wp\/v2\/users\/1"}],"replies":[{"embeddable":true,"href":"https:\/\/wheeltyre.com\/it\/wp-json\/wp\/v2\/comments?post=1738"}],"version-history":[{"count":5,"href":"https:\/\/wheeltyre.com\/it\/wp-json\/wp\/v2\/pages\/1738\/revisions"}],"predecessor-version":[{"id":2283,"href":"https:\/\/wheeltyre.com\/it\/wp-json\/wp\/v2\/pages\/1738\/revisions\/2283"}],"wp:attachment":[{"href":"https:\/\/wheeltyre.com\/it\/wp-json\/wp\/v2\/media?parent=1738"}],"wp:term":[{"taxonomy":"dipi_cpt_category","embeddable":true,"href":"https:\/\/wheeltyre.com\/it\/wp-json\/wp\/v2\/dipi_cpt_category?post=1738"}],"curies":[{"name":"wp","href":"https:\/\/api.w.org\/{rel}","templated":true}]}}