{"id":1641,"date":"2025-10-06T08:13:10","date_gmt":"2025-10-06T08:13:10","guid":{"rendered":"https:\/\/wheeltyre.com\/full-service\/"},"modified":"2026-01-30T12:29:09","modified_gmt":"2026-01-30T12:29:09","slug":"services-complets","status":"publish","type":"page","link":"https:\/\/wheeltyre.com\/fr\/services-complets\/","title":{"rendered":"Services complets"},"content":{"rendered":"<p>[et_pb_section fb_built=\u00a0\u00bb1&Prime; _builder_version=\u00a0\u00bb4.27.5&Prime; _module_preset=\u00a0\u00bbdefault\u00a0\u00bb background_image=\u00a0\u00bbhttps:\/\/wheeltyre.com\/wp-content\/uploads\/2026\/01\/wheeltyre-services-complets-fr.jpg\u00a0\u00bb background_position=\u00a0\u00bbbottom_center\u00a0\u00bb da_disable_devices=\u00a0\u00bboff|off|off\u00a0\u00bb global_colors_info=\u00a0\u00bb{}\u00a0\u00bb da_is_popup=\u00a0\u00bboff\u00a0\u00bb da_exit_intent=\u00a0\u00bboff\u00a0\u00bb da_has_close=\u00a0\u00bbon\u00a0\u00bb da_alt_close=\u00a0\u00bboff\u00a0\u00bb da_dark_close=\u00a0\u00bboff\u00a0\u00bb da_not_modal=\u00a0\u00bbon\u00a0\u00bb da_is_singular=\u00a0\u00bboff\u00a0\u00bb da_with_loader=\u00a0\u00bboff\u00a0\u00bb da_has_shadow=\u00a0\u00bbon\u00a0\u00bb][et_pb_row _builder_version=\u00a0\u00bb4.27.4&Prime; _module_preset=\u00a0\u00bbdefault\u00a0\u00bb global_colors_info=\u00a0\u00bb{}\u00a0\u00bb][et_pb_column type=\u00a0\u00bb4_4&Prime; _builder_version=\u00a0\u00bb4.27.4&Prime; _module_preset=\u00a0\u00bbdefault\u00a0\u00bb global_colors_info=\u00a0\u00bb{}\u00a0\u00bb][et_pb_divider show_divider=\u00a0\u00bboff\u00a0\u00bb _builder_version=\u00a0\u00bb4.27.4&Prime; _module_preset=\u00a0\u00bbdefault\u00a0\u00bb height=\u00a0\u00bb194px\u00a0\u00bb height_tablet=\u00a0\u00bb194px\u00a0\u00bb height_phone=\u00a0\u00bb50px\u00a0\u00bb height_last_edited=\u00a0\u00bbon|phone\u00a0\u00bb global_colors_info=\u00a0\u00bb{}\u00a0\u00bb][\/et_pb_divider][\/et_pb_column][\/et_pb_row][\/et_pb_section][et_pb_section fb_built=\u00a0\u00bb1&Prime; _builder_version=\u00a0\u00bb4.27.4&Prime; _module_preset=\u00a0\u00bbdefault\u00a0\u00bb da_disable_devices=\u00a0\u00bboff|off|off\u00a0\u00bb global_colors_info=\u00a0\u00bb{}\u00a0\u00bb da_is_popup=\u00a0\u00bboff\u00a0\u00bb da_exit_intent=\u00a0\u00bboff\u00a0\u00bb da_has_close=\u00a0\u00bbon\u00a0\u00bb da_alt_close=\u00a0\u00bboff\u00a0\u00bb da_dark_close=\u00a0\u00bboff\u00a0\u00bb da_not_modal=\u00a0\u00bbon\u00a0\u00bb da_is_singular=\u00a0\u00bboff\u00a0\u00bb da_with_loader=\u00a0\u00bboff\u00a0\u00bb da_has_shadow=\u00a0\u00bbon\u00a0\u00bb][et_pb_row _builder_version=\u00a0\u00bb4.27.4&Prime; _module_preset=\u00a0\u00bbdefault\u00a0\u00bb global_colors_info=\u00a0\u00bb{}\u00a0\u00bb][et_pb_column type=\u00a0\u00bb4_4&Prime; _builder_version=\u00a0\u00bb4.27.4&Prime; _module_preset=\u00a0\u00bbdefault\u00a0\u00bb global_colors_info=\u00a0\u00bb{}\u00a0\u00bb][et_pb_text _builder_version=\u00a0\u00bb4.27.5&Prime; _module_preset=\u00a0\u00bbdefault\u00a0\u00bb text_line_height=\u00a0\u00bb2em\u00a0\u00bb header_2_text_color=\u00a0\u00bb#08447e\u00a0\u00bb header_2_font_size=\u00a0\u00bb19px\u00a0\u00bb header_3_text_color=\u00a0\u00bb#08447e\u00a0\u00bb header_3_font_size=\u00a0\u00bb30px\u00a0\u00bb global_colors_info=\u00a0\u00bb{}\u00a0\u00bb]<\/p>\n<h3>Notre approche de services complets<\/h3>\n<p>WheelTyre accompagne les constructeurs et importateurs automobiles en leur proposant des solutions compl\u00e8tes pour les pneus, les roues et les ensembles roues-pneus enti\u00e8rement mont\u00e9s. Des pneus haut de gamme aux jantes de qualit\u00e9, en passant par des ensembles pr\u00eats \u00e0 l\u2019emploi, nous fournissons des produits r\u00e9pondant aux exigences les plus \u00e9lev\u00e9es en mati\u00e8re de s\u00e9curit\u00e9, de performance et d\u2019esth\u00e9tique.<\/p>\n<p>Nous proposons \u00e9galement des services suppl\u00e9mentaires tels que l&rsquo;entreposage et le rachat des stocks exc\u00e9dentaires. Ces solutions permettent de soulager nos partenaires tout en garantissant une transparence totale et un contr\u00f4le optimal tout au long du processus.<\/p>\n<p>[\/et_pb_text][\/et_pb_column][\/et_pb_row][et_pb_row column_structure=\u00a0\u00bb1_2,1_2&Prime; make_equal=\u00a0\u00bbon\u00a0\u00bb _builder_version=\u00a0\u00bb4.27.4&Prime; _module_preset=\u00a0\u00bbdefault\u00a0\u00bb global_colors_info=\u00a0\u00bb{}\u00a0\u00bb][et_pb_column type=\u00a0\u00bb1_2&Prime; _builder_version=\u00a0\u00bb4.27.4&Prime; _module_preset=\u00a0\u00bbdefault\u00a0\u00bb global_colors_info=\u00a0\u00bb{}\u00a0\u00bb][et_pb_image src=\u00a0\u00bbhttps:\/\/wheeltyre.com\/wp-content\/uploads\/2026\/01\/wheeltyre-jeuz-complets-fr.jpg\u00a0\u00bb alt=\u00a0\u00bbMontage de kits complets chez WheelTyre\u00a0\u00bb title_text=\u00a0\u00bbMontage de kits complets chez WheelTyre\u00a0\u00bb _builder_version=\u00a0\u00bb4.27.5&Prime; _module_preset=\u00a0\u00bbdefault\u00a0\u00bb border_radii=\u00a0\u00bbon|20px|20px|20px|20px\u00a0\u00bb global_colors_info=\u00a0\u00bb{}\u00a0\u00bb][\/et_pb_image][\/et_pb_column][et_pb_column type=\u00a0\u00bb1_2&Prime; _builder_version=\u00a0\u00bb4.27.4&Prime; _module_preset=\u00a0\u00bbdefault\u00a0\u00bb global_colors_info=\u00a0\u00bb{}\u00a0\u00bb][et_pb_text _builder_version=\u00a0\u00bb4.27.5&Prime; _module_preset=\u00a0\u00bbdefault\u00a0\u00bb text_line_height=\u00a0\u00bb2em\u00a0\u00bb header_3_text_color=\u00a0\u00bb#08447e\u00a0\u00bb custom_css_free_form=\u00a0\u00bb.et_pb_module table, ||.et_pb_module table td, ||.et_pb_module table th {||  border: none !important;||}||\u00a0\u00bb global_colors_info=\u00a0\u00bb{}\u00a0\u00bb]<\/p>\n<h3>Montage complet<\/h3>\n<p>WheelTyre assemble des ensembles complets de roues et de pneus \u2014 hiver, \u00e9t\u00e9 et toutes saisons pr\u00eats \u00e0 \u00eatre mont\u00e9s directement sur les v\u00e9hicules. Gr\u00e2ce \u00e0 notre ligne de montage automatique (AFL), nous disposons d\u2019une capacit\u00e9 \u00e9lev\u00e9e et op\u00e9rons conform\u00e9ment \u00e0 des normes de qualit\u00e9 strictement d\u00e9finies.<\/p>\n<p>Les directives de montage sont d\u00e9finies en concertation avec nos clients et transmises num\u00e9riquement \u00e0 la ligne AFL, garantissant que chaque ensemble est assembl\u00e9 conform\u00e9ment aux sp\u00e9cifications convenues. V\u00e9ritable pilier de nos services, cette ligne permet des livraisons just-in-time aux constructeurs et importateurs automobiles dans toute l\u2019Europe. Notre r\u00e9seau logistique couvre plus de 23 pays, y compris les march\u00e9s d\u2019exportation, et est pilot\u00e9 par notre \u00e9quipe interne de planification des transports.<\/p>\n<p>[\/et_pb_text][\/et_pb_column][\/et_pb_row][\/et_pb_section][et_pb_section fb_built=\u00a0\u00bb1&Prime; _builder_version=\u00a0\u00bb4.27.4&Prime; _module_preset=\u00a0\u00bbdefault\u00a0\u00bb background_color=\u00a0\u00bb#f7f7f7&Prime; custom_margin=\u00a0\u00bb||||false|false\u00a0\u00bb da_disable_devices=\u00a0\u00bboff|off|off\u00a0\u00bb global_colors_info=\u00a0\u00bb{}\u00a0\u00bb da_is_popup=\u00a0\u00bboff\u00a0\u00bb da_exit_intent=\u00a0\u00bboff\u00a0\u00bb da_has_close=\u00a0\u00bbon\u00a0\u00bb da_alt_close=\u00a0\u00bboff\u00a0\u00bb da_dark_close=\u00a0\u00bboff\u00a0\u00bb da_not_modal=\u00a0\u00bbon\u00a0\u00bb da_is_singular=\u00a0\u00bboff\u00a0\u00bb da_with_loader=\u00a0\u00bboff\u00a0\u00bb da_has_shadow=\u00a0\u00bbon\u00a0\u00bb][et_pb_row column_structure=\u00a0\u00bb1_2,1_2&Prime; make_equal=\u00a0\u00bbon\u00a0\u00bb _builder_version=\u00a0\u00bb4.27.4&Prime; _module_preset=\u00a0\u00bbdefault\u00a0\u00bb global_colors_info=\u00a0\u00bb{}\u00a0\u00bb][et_pb_column type=\u00a0\u00bb1_2&Prime; _builder_version=\u00a0\u00bb4.27.4&Prime; _module_preset=\u00a0\u00bbdefault\u00a0\u00bb global_colors_info=\u00a0\u00bb{}\u00a0\u00bb][et_pb_text _builder_version=\u00a0\u00bb4.27.5&Prime; _module_preset=\u00a0\u00bbdefault\u00a0\u00bb text_line_height=\u00a0\u00bb2em\u00a0\u00bb header_3_text_color=\u00a0\u00bb#08447e\u00a0\u00bb custom_css_free_form=\u00a0\u00bb.et_pb_module table, ||.et_pb_module table td, ||.et_pb_module table th {||  border: none !important;||}||\u00a0\u00bb global_colors_info=\u00a0\u00bb{}\u00a0\u00bb]<\/p>\n<h3>Distribution de pneus individuels<\/h3>\n<p>Nous assurons l\u2019approvisionnement, le stockage et la distribution de pneus pour les grandes marques automobiles europ\u00e9ennes, en alliant rapidit\u00e9, pr\u00e9cision et rigueur. Des pneus \u00e9t\u00e9 et hiver aux pneus quatre saisons, nous garantissons la disponibilit\u00e9 du pneu adapt\u00e9, au bon moment et au bon endroit.<\/p>\n<p>WheelTyre est une entreprise multimarque qui fournit toutes les marques de pneus dans le cadre d&rsquo;une relation contractuelle unique et d&rsquo;un flux de facturation unique. Nos services sont align\u00e9s sur les processus de nos clients et int\u00e9gr\u00e9s \u00e0 leur cha\u00eene d&rsquo;approvisionnement.<\/p>\n<p>[\/et_pb_text][\/et_pb_column][et_pb_column type=\u00a0\u00bb1_2&Prime; _builder_version=\u00a0\u00bb4.27.4&Prime; _module_preset=\u00a0\u00bbdefault\u00a0\u00bb global_colors_info=\u00a0\u00bb{}\u00a0\u00bb][et_pb_image src=\u00a0\u00bbhttps:\/\/wheeltyre.com\/wp-content\/uploads\/2026\/01\/wheeltyre-distribution-de-pneus-fr.jpg\u00a0\u00bb alt=\u00a0\u00bbDistribution\u00a0\u00bb title_text=\u00a0\u00bbDistribution\u00a0\u00bb _builder_version=\u00a0\u00bb4.27.5&Prime; _module_preset=\u00a0\u00bbdefault\u00a0\u00bb border_radii=\u00a0\u00bbon|20px|20px|20px|20px\u00a0\u00bb global_colors_info=\u00a0\u00bb{}\u00a0\u00bb][\/et_pb_image][\/et_pb_column][\/et_pb_row][\/et_pb_section][et_pb_section fb_built=\u00a0\u00bb1&Prime; _builder_version=\u00a0\u00bb4.27.4&Prime; _module_preset=\u00a0\u00bbdefault\u00a0\u00bb da_disable_devices=\u00a0\u00bboff|off|off\u00a0\u00bb global_colors_info=\u00a0\u00bb{}\u00a0\u00bb da_is_popup=\u00a0\u00bboff\u00a0\u00bb da_exit_intent=\u00a0\u00bboff\u00a0\u00bb da_has_close=\u00a0\u00bbon\u00a0\u00bb da_alt_close=\u00a0\u00bboff\u00a0\u00bb da_dark_close=\u00a0\u00bboff\u00a0\u00bb da_not_modal=\u00a0\u00bbon\u00a0\u00bb da_is_singular=\u00a0\u00bboff\u00a0\u00bb da_with_loader=\u00a0\u00bboff\u00a0\u00bb da_has_shadow=\u00a0\u00bbon\u00a0\u00bb][et_pb_row column_structure=\u00a0\u00bb1_2,1_2&Prime; make_equal=\u00a0\u00bbon\u00a0\u00bb _builder_version=\u00a0\u00bb4.27.4&Prime; _module_preset=\u00a0\u00bbdefault\u00a0\u00bb global_colors_info=\u00a0\u00bb{}\u00a0\u00bb][et_pb_column type=\u00a0\u00bb1_2&Prime; _builder_version=\u00a0\u00bb4.27.4&Prime; _module_preset=\u00a0\u00bbdefault\u00a0\u00bb global_colors_info=\u00a0\u00bb{}\u00a0\u00bb][et_pb_image src=\u00a0\u00bbhttps:\/\/wheeltyre.com\/wp-content\/uploads\/2026\/01\/wheeltyre-stockage-entrepot-fr.jpg\u00a0\u00bb alt=\u00a0\u00bbEntrep\u00f4t WheelTyre\u00a0\u00bb title_text=\u00a0\u00bbEntrep\u00f4t WheelTyre\u00a0\u00bb _builder_version=\u00a0\u00bb4.27.5&Prime; _module_preset=\u00a0\u00bbdefault\u00a0\u00bb border_radii=\u00a0\u00bbon|20px|20px|20px|20px\u00a0\u00bb global_colors_info=\u00a0\u00bb{}\u00a0\u00bb][\/et_pb_image][\/et_pb_column][et_pb_column type=\u00a0\u00bb1_2&Prime; _builder_version=\u00a0\u00bb4.27.4&Prime; _module_preset=\u00a0\u00bbdefault\u00a0\u00bb global_colors_info=\u00a0\u00bb{}\u00a0\u00bb][et_pb_text _builder_version=\u00a0\u00bb4.27.5&Prime; _module_preset=\u00a0\u00bbdefault\u00a0\u00bb text_line_height=\u00a0\u00bb2em\u00a0\u00bb header_3_text_color=\u00a0\u00bb#08447e\u00a0\u00bb custom_css_free_form=\u00a0\u00bb.et_pb_module table, ||.et_pb_module table td, ||.et_pb_module table th {||  border: none !important;||}||\u00a0\u00bb global_colors_info=\u00a0\u00bb{}\u00a0\u00bb]<\/p>\n<h3>Stockage<\/h3>\n<p>WheelTyre propose aux constructeurs et importateurs automobiles une solution fiable pour le stockage de pneus, roues, jeux de roues complets et autres composants. Tous les articles sont stock\u00e9s dans nos entrep\u00f4ts de mani\u00e8re structur\u00e9e et conform\u00e9ment \u00e0 des normes de qualit\u00e9 rigoureuses.<\/p>\n<p>Nous g\u00e9rons l&rsquo;ensemble du processus, de la r\u00e9ception des marchandises et des contr\u00f4les qualit\u00e9 jusqu\u2019au stockage et \u00e0 l\u2019exp\u00e9dition. Des processus clairement d\u00e9finis et un support informatique performant garantissent une gestion efficace ainsi qu\u2019une transparence totale du stockage et des flux logistiques.<\/p>\n<p>[\/et_pb_text][\/et_pb_column][\/et_pb_row][\/et_pb_section][et_pb_section fb_built=\u00a0\u00bb1&Prime; _builder_version=\u00a0\u00bb4.27.4&Prime; _module_preset=\u00a0\u00bbdefault\u00a0\u00bb background_color=\u00a0\u00bb#f7f7f7&Prime; custom_margin=\u00a0\u00bb||||false|false\u00a0\u00bb da_disable_devices=\u00a0\u00bboff|off|off\u00a0\u00bb global_colors_info=\u00a0\u00bb{}\u00a0\u00bb da_is_popup=\u00a0\u00bboff\u00a0\u00bb da_exit_intent=\u00a0\u00bboff\u00a0\u00bb da_has_close=\u00a0\u00bbon\u00a0\u00bb da_alt_close=\u00a0\u00bboff\u00a0\u00bb da_dark_close=\u00a0\u00bboff\u00a0\u00bb da_not_modal=\u00a0\u00bbon\u00a0\u00bb da_is_singular=\u00a0\u00bboff\u00a0\u00bb da_with_loader=\u00a0\u00bboff\u00a0\u00bb da_has_shadow=\u00a0\u00bbon\u00a0\u00bb][et_pb_row column_structure=\u00a0\u00bb1_2,1_2&Prime; make_equal=\u00a0\u00bbon\u00a0\u00bb _builder_version=\u00a0\u00bb4.27.4&Prime; _module_preset=\u00a0\u00bbdefault\u00a0\u00bb global_colors_info=\u00a0\u00bb{}\u00a0\u00bb][et_pb_column type=\u00a0\u00bb1_2&Prime; _builder_version=\u00a0\u00bb4.27.4&Prime; _module_preset=\u00a0\u00bbdefault\u00a0\u00bb global_colors_info=\u00a0\u00bb{}\u00a0\u00bb][et_pb_text _builder_version=\u00a0\u00bb4.27.5&Prime; _module_preset=\u00a0\u00bbdefault\u00a0\u00bb text_line_height=\u00a0\u00bb2em\u00a0\u00bb header_3_text_color=\u00a0\u00bb#08447e\u00a0\u00bb custom_css_free_form=\u00a0\u00bb.et_pb_module table, ||.et_pb_module table td, ||.et_pb_module table th {||  border: none !important;||}||\u00a0\u00bb global_colors_info=\u00a0\u00bb{}\u00a0\u00bb]<\/p>\n<h3>Rachats<\/h3>\n<p>WheelTyre offre \u00e0 ses partenaires une solution efficace pour la gestion des stocks exc\u00e9dentaires et des stocks dormants. Nous rachetons directement ces stocks et les distribuons via notre r\u00e9seau international, garantissant ainsi leur vente rapide. Cette approche permet de r\u00e9duire les co\u00fbts de stockage et de retirer ces produits du bilan de nos partenaires.<\/p>\n<p>[\/et_pb_text][\/et_pb_column][et_pb_column type=\u00a0\u00bb1_2&Prime; _builder_version=\u00a0\u00bb4.27.4&Prime; _module_preset=\u00a0\u00bbdefault\u00a0\u00bb global_colors_info=\u00a0\u00bb{}\u00a0\u00bb][et_pb_image src=\u00a0\u00bbhttps:\/\/wheeltyre.com\/wp-content\/uploads\/2026\/01\/wheeltyre-rachats-fr.jpg\u00a0\u00bb alt=\u00a0\u00bbWheelTyre Rachats\u00a0\u00bb title_text=\u00a0\u00bbWheelTyre Rachats\u00a0\u00bb _builder_version=\u00a0\u00bb4.27.5&Prime; _module_preset=\u00a0\u00bbdefault\u00a0\u00bb hover_enabled=\u00a0\u00bb0&Prime; border_radii=\u00a0\u00bbon|20px|20px|20px|20px\u00a0\u00bb global_colors_info=\u00a0\u00bb{}\u00a0\u00bb sticky_enabled=\u00a0\u00bb0&Prime;][\/et_pb_image][\/et_pb_column][\/et_pb_row][\/et_pb_section][et_pb_section fb_built=\u00a0\u00bb1&Prime; _builder_version=\u00a0\u00bb4.27.4&Prime; _module_preset=\u00a0\u00bbdefault\u00a0\u00bb da_disable_devices=\u00a0\u00bboff|off|off\u00a0\u00bb global_colors_info=\u00a0\u00bb{}\u00a0\u00bb da_is_popup=\u00a0\u00bboff\u00a0\u00bb da_exit_intent=\u00a0\u00bboff\u00a0\u00bb da_has_close=\u00a0\u00bbon\u00a0\u00bb da_alt_close=\u00a0\u00bboff\u00a0\u00bb da_dark_close=\u00a0\u00bboff\u00a0\u00bb da_not_modal=\u00a0\u00bbon\u00a0\u00bb da_is_singular=\u00a0\u00bboff\u00a0\u00bb da_with_loader=\u00a0\u00bboff\u00a0\u00bb da_has_shadow=\u00a0\u00bbon\u00a0\u00bb][et_pb_row column_structure=\u00a0\u00bb1_2,1_2&Prime; make_equal=\u00a0\u00bbon\u00a0\u00bb _builder_version=\u00a0\u00bb4.27.4&Prime; _module_preset=\u00a0\u00bbdefault\u00a0\u00bb global_colors_info=\u00a0\u00bb{}\u00a0\u00bb][et_pb_column type=\u00a0\u00bb1_2&Prime; _builder_version=\u00a0\u00bb4.27.4&Prime; _module_preset=\u00a0\u00bbdefault\u00a0\u00bb global_colors_info=\u00a0\u00bb{}\u00a0\u00bb][et_pb_image src=\u00a0\u00bbhttps:\/\/wheeltyre.com\/wp-content\/uploads\/2026\/01\/wheeltyre-services-fr.jpg\u00a0\u00bb alt=\u00a0\u00bbServices suppl\u00e9mentaires\u00a0\u00bb title_text=\u00a0\u00bbServices suppl\u00e9mentaires\u00a0\u00bb _builder_version=\u00a0\u00bb4.27.5&Prime; _module_preset=\u00a0\u00bbdefault\u00a0\u00bb border_radii=\u00a0\u00bbon|20px|20px|20px|20px\u00a0\u00bb global_colors_info=\u00a0\u00bb{}\u00a0\u00bb][\/et_pb_image][\/et_pb_column][et_pb_column type=\u00a0\u00bb1_2&Prime; _builder_version=\u00a0\u00bb4.27.4&Prime; _module_preset=\u00a0\u00bbdefault\u00a0\u00bb global_colors_info=\u00a0\u00bb{}\u00a0\u00bb][et_pb_text _builder_version=\u00a0\u00bb4.27.5&Prime; _module_preset=\u00a0\u00bbdefault\u00a0\u00bb text_line_height=\u00a0\u00bb2em\u00a0\u00bb header_3_text_color=\u00a0\u00bb#08447e\u00a0\u00bb global_colors_info=\u00a0\u00bb{}\u00a0\u00bb]<\/p>\n<h3>Services suppl\u00e9mentaires<\/h3>\n<p>Nos services vont au-del\u00e0 du montage, de la distribution et du stockage. Gr\u00e2ce \u00e0 WEBDIS, notre syst\u00e8me de commande en ligne, les revendeurs ont une visibilit\u00e9 en temps r\u00e9el sur les stocks disponibles et peuvent passer leurs commandes directement. Nous proposons \u00e9galement des services suppl\u00e9mentaires qui simplifient les op\u00e9rations quotidiennes, tels que la gestion des syst\u00e8mes de surveillance de la pression des pneus (TPMS), l\u2019\u00e9tiquetage, l\u2019emballage personnalis\u00e9 et la gestion des stocks.<\/p>\n<p>WheelTyre op\u00e8re conform\u00e9ment \u00e0 des processus certifi\u00e9s ISO et offre un acc\u00e8s \u00e0 l\u2019ensemble des grandes marques de pneus en Europe. Cette approche garantit une collaboration transparente, simple et fond\u00e9e sur la confiance.<\/p>\n<p>[\/et_pb_text][\/et_pb_column][\/et_pb_row][\/et_pb_section]<\/p>\n","protected":false},"excerpt":{"rendered":"<p>Notre approche de services complets WheelTyre accompagne les constructeurs et importateurs automobiles en leur proposant des solutions compl\u00e8tes pour les pneus, les roues et les ensembles roues-pneus enti\u00e8rement mont\u00e9s. Des pneus haut de gamme aux jantes de qualit\u00e9, en passant par des ensembles pr\u00eats \u00e0 l\u2019emploi, nous fournissons des produits r\u00e9pondant aux exigences les plus [&hellip;]<\/p>\n","protected":false},"author":1,"featured_media":0,"parent":0,"menu_order":0,"comment_status":"closed","ping_status":"closed","template":"","meta":{"_et_pb_use_builder":"on","_et_pb_old_content":"<!-- wp:divi\/placeholder \/-->","_et_gb_content_width":"1080","footnotes":""},"dipi_cpt_category":[],"class_list":["post-1641","page","type-page","status-publish","hentry"],"yoast_head":"<!-- This site is optimized with the Yoast SEO plugin v27.1.1 - https:\/\/yoast.com\/product\/yoast-seo-wordpress\/ -->\n<title>Services complets - WheelTyre<\/title>\n<meta name=\"description\" content=\"WheelTyre soutient les constructeurs automobiles et les importateurs en leur proposant des solutions compl\u00e8tes pour les pneus, les jantes et les combinaisons roues-pneus compl\u00e8tes.\" \/>\n<meta name=\"robots\" content=\"index, follow, max-snippet:-1, max-image-preview:large, max-video-preview:-1\" \/>\n<link rel=\"canonical\" href=\"https:\/\/wheeltyre.com\/fr\/services-complets\/\" \/>\n<meta property=\"og:locale\" content=\"fr_FR\" \/>\n<meta property=\"og:type\" content=\"article\" \/>\n<meta property=\"og:title\" content=\"Services complets - WheelTyre\" \/>\n<meta property=\"og:description\" content=\"WheelTyre soutient les constructeurs automobiles et les importateurs en leur proposant des solutions compl\u00e8tes pour les pneus, les jantes et les combinaisons roues-pneus compl\u00e8tes.\" \/>\n<meta property=\"og:url\" content=\"https:\/\/wheeltyre.com\/fr\/services-complets\/\" \/>\n<meta property=\"og:site_name\" content=\"WheelTyre\" \/>\n<meta property=\"article:modified_time\" content=\"2026-01-30T12:29:09+00:00\" \/>\n<meta name=\"twitter:card\" content=\"summary_large_image\" \/>\n<meta name=\"twitter:label1\" content=\"Dur\u00e9e de lecture estim\u00e9e\" \/>\n\t<meta name=\"twitter:data1\" content=\"4 minutes\" \/>\n<script type=\"application\/ld+json\" class=\"yoast-schema-graph\">{\"@context\":\"https:\/\/schema.org\",\"@graph\":[{\"@type\":\"WebPage\",\"@id\":\"https:\/\/wheeltyre.com\/fr\/services-complets\/\",\"url\":\"https:\/\/wheeltyre.com\/fr\/services-complets\/\",\"name\":\"Services complets - WheelTyre\",\"isPartOf\":{\"@id\":\"https:\/\/wheeltyre.com\/fr\/#website\"},\"datePublished\":\"2025-10-06T08:13:10+00:00\",\"dateModified\":\"2026-01-30T12:29:09+00:00\",\"description\":\"WheelTyre soutient les constructeurs automobiles et les importateurs en leur proposant des solutions compl\u00e8tes pour les pneus, les jantes et les combinaisons roues-pneus compl\u00e8tes.\",\"breadcrumb\":{\"@id\":\"https:\/\/wheeltyre.com\/fr\/services-complets\/#breadcrumb\"},\"inLanguage\":\"fr-FR\",\"potentialAction\":[{\"@type\":\"ReadAction\",\"target\":[\"https:\/\/wheeltyre.com\/fr\/services-complets\/\"]}]},{\"@type\":\"BreadcrumbList\",\"@id\":\"https:\/\/wheeltyre.com\/fr\/services-complets\/#breadcrumb\",\"itemListElement\":[{\"@type\":\"ListItem\",\"position\":1,\"name\":\"Home\",\"item\":\"https:\/\/wheeltyre.com\/fr\/\"},{\"@type\":\"ListItem\",\"position\":2,\"name\":\"Services complets\"}]},{\"@type\":\"WebSite\",\"@id\":\"https:\/\/wheeltyre.com\/fr\/#website\",\"url\":\"https:\/\/wheeltyre.com\/fr\/\",\"name\":\"WheelTyre\",\"description\":\"One partner. Full service.\",\"potentialAction\":[{\"@type\":\"SearchAction\",\"target\":{\"@type\":\"EntryPoint\",\"urlTemplate\":\"https:\/\/wheeltyre.com\/fr\/?s={search_term_string}\"},\"query-input\":{\"@type\":\"PropertyValueSpecification\",\"valueRequired\":true,\"valueName\":\"search_term_string\"}}],\"inLanguage\":\"fr-FR\"}]}<\/script>\n<!-- \/ Yoast SEO plugin. -->","yoast_head_json":{"title":"Services complets - WheelTyre","description":"WheelTyre soutient les constructeurs automobiles et les importateurs en leur proposant des solutions compl\u00e8tes pour les pneus, les jantes et les combinaisons roues-pneus compl\u00e8tes.","robots":{"index":"index","follow":"follow","max-snippet":"max-snippet:-1","max-image-preview":"max-image-preview:large","max-video-preview":"max-video-preview:-1"},"canonical":"https:\/\/wheeltyre.com\/fr\/services-complets\/","og_locale":"fr_FR","og_type":"article","og_title":"Services complets - WheelTyre","og_description":"WheelTyre soutient les constructeurs automobiles et les importateurs en leur proposant des solutions compl\u00e8tes pour les pneus, les jantes et les combinaisons roues-pneus compl\u00e8tes.","og_url":"https:\/\/wheeltyre.com\/fr\/services-complets\/","og_site_name":"WheelTyre","article_modified_time":"2026-01-30T12:29:09+00:00","twitter_card":"summary_large_image","twitter_misc":{"Dur\u00e9e de lecture estim\u00e9e":"4 minutes"},"schema":{"@context":"https:\/\/schema.org","@graph":[{"@type":"WebPage","@id":"https:\/\/wheeltyre.com\/fr\/services-complets\/","url":"https:\/\/wheeltyre.com\/fr\/services-complets\/","name":"Services complets - WheelTyre","isPartOf":{"@id":"https:\/\/wheeltyre.com\/fr\/#website"},"datePublished":"2025-10-06T08:13:10+00:00","dateModified":"2026-01-30T12:29:09+00:00","description":"WheelTyre soutient les constructeurs automobiles et les importateurs en leur proposant des solutions compl\u00e8tes pour les pneus, les jantes et les combinaisons roues-pneus compl\u00e8tes.","breadcrumb":{"@id":"https:\/\/wheeltyre.com\/fr\/services-complets\/#breadcrumb"},"inLanguage":"fr-FR","potentialAction":[{"@type":"ReadAction","target":["https:\/\/wheeltyre.com\/fr\/services-complets\/"]}]},{"@type":"BreadcrumbList","@id":"https:\/\/wheeltyre.com\/fr\/services-complets\/#breadcrumb","itemListElement":[{"@type":"ListItem","position":1,"name":"Home","item":"https:\/\/wheeltyre.com\/fr\/"},{"@type":"ListItem","position":2,"name":"Services complets"}]},{"@type":"WebSite","@id":"https:\/\/wheeltyre.com\/fr\/#website","url":"https:\/\/wheeltyre.com\/fr\/","name":"WheelTyre","description":"One partner. Full service.","potentialAction":[{"@type":"SearchAction","target":{"@type":"EntryPoint","urlTemplate":"https:\/\/wheeltyre.com\/fr\/?s={search_term_string}"},"query-input":{"@type":"PropertyValueSpecification","valueRequired":true,"valueName":"search_term_string"}}],"inLanguage":"fr-FR"}]}},"_links":{"self":[{"href":"https:\/\/wheeltyre.com\/fr\/wp-json\/wp\/v2\/pages\/1641","targetHints":{"allow":["GET"]}}],"collection":[{"href":"https:\/\/wheeltyre.com\/fr\/wp-json\/wp\/v2\/pages"}],"about":[{"href":"https:\/\/wheeltyre.com\/fr\/wp-json\/wp\/v2\/types\/page"}],"author":[{"embeddable":true,"href":"https:\/\/wheeltyre.com\/fr\/wp-json\/wp\/v2\/users\/1"}],"replies":[{"embeddable":true,"href":"https:\/\/wheeltyre.com\/fr\/wp-json\/wp\/v2\/comments?post=1641"}],"version-history":[{"count":5,"href":"https:\/\/wheeltyre.com\/fr\/wp-json\/wp\/v2\/pages\/1641\/revisions"}],"predecessor-version":[{"id":2279,"href":"https:\/\/wheeltyre.com\/fr\/wp-json\/wp\/v2\/pages\/1641\/revisions\/2279"}],"wp:attachment":[{"href":"https:\/\/wheeltyre.com\/fr\/wp-json\/wp\/v2\/media?parent=1641"}],"wp:term":[{"taxonomy":"dipi_cpt_category","embeddable":true,"href":"https:\/\/wheeltyre.com\/fr\/wp-json\/wp\/v2\/dipi_cpt_category?post=1641"}],"curies":[{"name":"wp","href":"https:\/\/api.w.org\/{rel}","templated":true}]}}