{"id":1640,"date":"2025-10-08T09:36:51","date_gmt":"2025-10-08T09:36:51","guid":{"rendered":"https:\/\/wheeltyre.com\/disclaimer\/"},"modified":"2026-01-29T14:33:27","modified_gmt":"2026-01-29T14:33:27","slug":"clause-de-non-responsabilite","status":"publish","type":"page","link":"https:\/\/wheeltyre.com\/fr\/clause-de-non-responsabilite\/","title":{"rendered":"Clause de non-responsabilit\u00e9"},"content":{"rendered":"<p>[et_pb_section fb_built=\u00a0\u00bb1&Prime; _builder_version=\u00a0\u00bb4.27.4&Prime; _module_preset=\u00a0\u00bbdefault\u00a0\u00bb da_disable_devices=\u00a0\u00bboff|off|off\u00a0\u00bb global_colors_info=\u00a0\u00bb{}\u00a0\u00bb da_is_popup=\u00a0\u00bboff\u00a0\u00bb da_exit_intent=\u00a0\u00bboff\u00a0\u00bb da_has_close=\u00a0\u00bbon\u00a0\u00bb da_alt_close=\u00a0\u00bboff\u00a0\u00bb da_dark_close=\u00a0\u00bboff\u00a0\u00bb da_not_modal=\u00a0\u00bbon\u00a0\u00bb da_is_singular=\u00a0\u00bboff\u00a0\u00bb da_with_loader=\u00a0\u00bboff\u00a0\u00bb da_has_shadow=\u00a0\u00bbon\u00a0\u00bb][et_pb_row _builder_version=\u00a0\u00bb4.27.4&Prime; _module_preset=\u00a0\u00bbdefault\u00a0\u00bb global_colors_info=\u00a0\u00bb{}\u00a0\u00bb][et_pb_column type=\u00a0\u00bb4_4&Prime; _builder_version=\u00a0\u00bb4.27.4&Prime; _module_preset=\u00a0\u00bbdefault\u00a0\u00bb global_colors_info=\u00a0\u00bb{}\u00a0\u00bb][et_pb_text _builder_version=\u00a0\u00bb4.27.5&Prime; _module_preset=\u00a0\u00bbdefault\u00a0\u00bb header_5_text_color=\u00a0\u00bb#08447e\u00a0\u00bb header_5_font_size=\u00a0\u00bb30px\u00a0\u00bb header_6_text_color=\u00a0\u00bb#08447e\u00a0\u00bb header_6_font_size=\u00a0\u00bb20px\u00a0\u00bb hover_enabled=\u00a0\u00bb0&Prime; custom_css_free_form=\u00a0\u00bba{color:#F9AF15;}\u00a0\u00bb global_colors_info=\u00a0\u00bb{}\u00a0\u00bb sticky_enabled=\u00a0\u00bb0&Prime;]<\/p>\n<h5>Clause de non-responsabilit\u00e9<\/h5>\n<p>Malgr\u00e9 le soin apport\u00e9 \u00e0 la r\u00e9alisation de ce site web, WheelTyre B.V. et ses soci\u00e9t\u00e9s affili\u00e9es ne sauraient garantir que les informations mises \u00e0 disposition sont compl\u00e8tes, exactes ou \u00e0 jour. Le contenu de ce site web ne peut en aucun cas fonder des droits.<\/p>\n<p>WheelTyre B.V. d\u00e9cline toute responsabilit\u00e9 pour tout dommage direct ou indirect r\u00e9sultant de l&rsquo;utilisation des informations disponibles sur ce site web. L&rsquo;utilisation de ce site web et des informations qu&rsquo;il contient se fait enti\u00e8rement aux risques de l&rsquo;utilisateur.<\/p>\n<p>Les images, logos, noms de produits et noms de marques demeurent la propri\u00e9t\u00e9 exclusive de leurs fabricants et\/ou fournisseurs respectifs. Leur utilisation a pour seul objectif d\u2019illustrer les descriptions des produits et de fournir une information claire et appropri\u00e9e aux acheteurs potentiels.<\/p>\n<p>WheelTyre B.V. se r\u00e9serve le droit de modifier le contenu du pr\u00e9sent site web \u00e0 tout moment et sans pr\u00e9avis. Les informations publi\u00e9es sont fournies sous r\u00e9serve d&rsquo;erreurs, de fautes de frappe ou de mise en page, et de modifications des sp\u00e9cifications.<\/p>\n<p>[\/et_pb_text][\/et_pb_column][\/et_pb_row][\/et_pb_section]<\/p>\n","protected":false},"excerpt":{"rendered":"<p>Clause de non-responsabilit\u00e9 Malgr\u00e9 le soin apport\u00e9 \u00e0 la r\u00e9alisation de ce site web, WheelTyre B.V. et ses soci\u00e9t\u00e9s affili\u00e9es ne sauraient garantir que les informations mises \u00e0 disposition sont compl\u00e8tes, exactes ou \u00e0 jour. Le contenu de ce site web ne peut en aucun cas fonder des droits. WheelTyre B.V. d\u00e9cline toute responsabilit\u00e9 pour [&hellip;]<\/p>\n","protected":false},"author":1,"featured_media":0,"parent":0,"menu_order":0,"comment_status":"closed","ping_status":"closed","template":"","meta":{"_et_pb_use_builder":"on","_et_pb_old_content":"","_et_gb_content_width":"","footnotes":""},"dipi_cpt_category":[],"class_list":["post-1640","page","type-page","status-publish","hentry"],"yoast_head":"<!-- This site is optimized with the Yoast SEO plugin v27.1.1 - https:\/\/yoast.com\/product\/yoast-seo-wordpress\/ -->\n<title>Clause de non-responsabilit\u00e9 - WheelTyre<\/title>\n<meta name=\"robots\" content=\"noindex, follow\" \/>\n<meta property=\"og:locale\" content=\"fr_FR\" \/>\n<meta property=\"og:type\" content=\"article\" \/>\n<meta property=\"og:title\" content=\"Clause de non-responsabilit\u00e9 - WheelTyre\" \/>\n<meta property=\"og:description\" content=\"Clause de non-responsabilit\u00e9 Malgr\u00e9 le soin apport\u00e9 \u00e0 la r\u00e9alisation de ce site web, WheelTyre B.V. et ses soci\u00e9t\u00e9s affili\u00e9es ne sauraient garantir que les informations mises \u00e0 disposition sont compl\u00e8tes, exactes ou \u00e0 jour. Le contenu de ce site web ne peut en aucun cas fonder des droits. WheelTyre B.V. d\u00e9cline toute responsabilit\u00e9 pour [&hellip;]\" \/>\n<meta property=\"og:url\" content=\"https:\/\/wheeltyre.com\/fr\/clause-de-non-responsabilite\/\" \/>\n<meta property=\"og:site_name\" content=\"WheelTyre\" \/>\n<meta property=\"article:modified_time\" content=\"2026-01-29T14:33:27+00:00\" \/>\n<meta name=\"twitter:card\" content=\"summary_large_image\" \/>\n<meta name=\"twitter:label1\" content=\"Dur\u00e9e de lecture estim\u00e9e\" \/>\n\t<meta name=\"twitter:data1\" content=\"1 minute\" \/>\n<script type=\"application\/ld+json\" class=\"yoast-schema-graph\">{\"@context\":\"https:\/\/schema.org\",\"@graph\":[{\"@type\":\"WebPage\",\"@id\":\"https:\/\/wheeltyre.com\/fr\/clause-de-non-responsabilite\/\",\"url\":\"https:\/\/wheeltyre.com\/fr\/clause-de-non-responsabilite\/\",\"name\":\"Clause de non-responsabilit\u00e9 - WheelTyre\",\"isPartOf\":{\"@id\":\"https:\/\/wheeltyre.com\/fr\/#website\"},\"datePublished\":\"2025-10-08T09:36:51+00:00\",\"dateModified\":\"2026-01-29T14:33:27+00:00\",\"breadcrumb\":{\"@id\":\"https:\/\/wheeltyre.com\/fr\/clause-de-non-responsabilite\/#breadcrumb\"},\"inLanguage\":\"fr-FR\",\"potentialAction\":[{\"@type\":\"ReadAction\",\"target\":[\"https:\/\/wheeltyre.com\/fr\/clause-de-non-responsabilite\/\"]}]},{\"@type\":\"BreadcrumbList\",\"@id\":\"https:\/\/wheeltyre.com\/fr\/clause-de-non-responsabilite\/#breadcrumb\",\"itemListElement\":[{\"@type\":\"ListItem\",\"position\":1,\"name\":\"Home\",\"item\":\"https:\/\/wheeltyre.com\/fr\/\"},{\"@type\":\"ListItem\",\"position\":2,\"name\":\"Clause de non-responsabilit\u00e9\"}]},{\"@type\":\"WebSite\",\"@id\":\"https:\/\/wheeltyre.com\/fr\/#website\",\"url\":\"https:\/\/wheeltyre.com\/fr\/\",\"name\":\"WheelTyre\",\"description\":\"One partner. Full service.\",\"potentialAction\":[{\"@type\":\"SearchAction\",\"target\":{\"@type\":\"EntryPoint\",\"urlTemplate\":\"https:\/\/wheeltyre.com\/fr\/?s={search_term_string}\"},\"query-input\":{\"@type\":\"PropertyValueSpecification\",\"valueRequired\":true,\"valueName\":\"search_term_string\"}}],\"inLanguage\":\"fr-FR\"}]}<\/script>\n<!-- \/ Yoast SEO plugin. -->","yoast_head_json":{"title":"Clause de non-responsabilit\u00e9 - WheelTyre","robots":{"index":"noindex","follow":"follow"},"og_locale":"fr_FR","og_type":"article","og_title":"Clause de non-responsabilit\u00e9 - WheelTyre","og_description":"Clause de non-responsabilit\u00e9 Malgr\u00e9 le soin apport\u00e9 \u00e0 la r\u00e9alisation de ce site web, WheelTyre B.V. et ses soci\u00e9t\u00e9s affili\u00e9es ne sauraient garantir que les informations mises \u00e0 disposition sont compl\u00e8tes, exactes ou \u00e0 jour. Le contenu de ce site web ne peut en aucun cas fonder des droits. WheelTyre B.V. d\u00e9cline toute responsabilit\u00e9 pour [&hellip;]","og_url":"https:\/\/wheeltyre.com\/fr\/clause-de-non-responsabilite\/","og_site_name":"WheelTyre","article_modified_time":"2026-01-29T14:33:27+00:00","twitter_card":"summary_large_image","twitter_misc":{"Dur\u00e9e de lecture estim\u00e9e":"1 minute"},"schema":{"@context":"https:\/\/schema.org","@graph":[{"@type":"WebPage","@id":"https:\/\/wheeltyre.com\/fr\/clause-de-non-responsabilite\/","url":"https:\/\/wheeltyre.com\/fr\/clause-de-non-responsabilite\/","name":"Clause de non-responsabilit\u00e9 - WheelTyre","isPartOf":{"@id":"https:\/\/wheeltyre.com\/fr\/#website"},"datePublished":"2025-10-08T09:36:51+00:00","dateModified":"2026-01-29T14:33:27+00:00","breadcrumb":{"@id":"https:\/\/wheeltyre.com\/fr\/clause-de-non-responsabilite\/#breadcrumb"},"inLanguage":"fr-FR","potentialAction":[{"@type":"ReadAction","target":["https:\/\/wheeltyre.com\/fr\/clause-de-non-responsabilite\/"]}]},{"@type":"BreadcrumbList","@id":"https:\/\/wheeltyre.com\/fr\/clause-de-non-responsabilite\/#breadcrumb","itemListElement":[{"@type":"ListItem","position":1,"name":"Home","item":"https:\/\/wheeltyre.com\/fr\/"},{"@type":"ListItem","position":2,"name":"Clause de non-responsabilit\u00e9"}]},{"@type":"WebSite","@id":"https:\/\/wheeltyre.com\/fr\/#website","url":"https:\/\/wheeltyre.com\/fr\/","name":"WheelTyre","description":"One partner. Full service.","potentialAction":[{"@type":"SearchAction","target":{"@type":"EntryPoint","urlTemplate":"https:\/\/wheeltyre.com\/fr\/?s={search_term_string}"},"query-input":{"@type":"PropertyValueSpecification","valueRequired":true,"valueName":"search_term_string"}}],"inLanguage":"fr-FR"}]}},"_links":{"self":[{"href":"https:\/\/wheeltyre.com\/fr\/wp-json\/wp\/v2\/pages\/1640","targetHints":{"allow":["GET"]}}],"collection":[{"href":"https:\/\/wheeltyre.com\/fr\/wp-json\/wp\/v2\/pages"}],"about":[{"href":"https:\/\/wheeltyre.com\/fr\/wp-json\/wp\/v2\/types\/page"}],"author":[{"embeddable":true,"href":"https:\/\/wheeltyre.com\/fr\/wp-json\/wp\/v2\/users\/1"}],"replies":[{"embeddable":true,"href":"https:\/\/wheeltyre.com\/fr\/wp-json\/wp\/v2\/comments?post=1640"}],"version-history":[{"count":4,"href":"https:\/\/wheeltyre.com\/fr\/wp-json\/wp\/v2\/pages\/1640\/revisions"}],"predecessor-version":[{"id":1725,"href":"https:\/\/wheeltyre.com\/fr\/wp-json\/wp\/v2\/pages\/1640\/revisions\/1725"}],"wp:attachment":[{"href":"https:\/\/wheeltyre.com\/fr\/wp-json\/wp\/v2\/media?parent=1640"}],"wp:term":[{"taxonomy":"dipi_cpt_category","embeddable":true,"href":"https:\/\/wheeltyre.com\/fr\/wp-json\/wp\/v2\/dipi_cpt_category?post=1640"}],"curies":[{"name":"wp","href":"https:\/\/api.w.org\/{rel}","templated":true}]}}