{"id":1639,"date":"2025-10-06T08:13:38","date_gmt":"2025-10-06T08:13:38","guid":{"rendered":"https:\/\/wheeltyre.com\/contact\/"},"modified":"2026-01-29T14:44:45","modified_gmt":"2026-01-29T14:44:45","slug":"contact","status":"publish","type":"page","link":"https:\/\/wheeltyre.com\/fr\/contact\/","title":{"rendered":"Contact"},"content":{"rendered":"<p>[et_pb_section fb_built=\u00a0\u00bb1&Prime; _builder_version=\u00a0\u00bb4.27.5&Prime; _module_preset=\u00a0\u00bbdefault\u00a0\u00bb background_image=\u00a0\u00bbhttps:\/\/wheeltyre.com\/wp-content\/uploads\/2026\/01\/wheeltyre-contact-fr.jpg\u00a0\u00bb hover_enabled=\u00a0\u00bb0&Prime; da_disable_devices=\u00a0\u00bboff|off|off\u00a0\u00bb global_colors_info=\u00a0\u00bb{}\u00a0\u00bb alt=\u00a0\u00bbContact\u00a0\u00bb title_text=\u00a0\u00bbContact\u00a0\u00bb sticky_enabled=\u00a0\u00bb0&Prime; da_is_popup=\u00a0\u00bboff\u00a0\u00bb da_exit_intent=\u00a0\u00bboff\u00a0\u00bb da_has_close=\u00a0\u00bbon\u00a0\u00bb da_alt_close=\u00a0\u00bboff\u00a0\u00bb da_dark_close=\u00a0\u00bboff\u00a0\u00bb da_not_modal=\u00a0\u00bbon\u00a0\u00bb da_is_singular=\u00a0\u00bboff\u00a0\u00bb da_with_loader=\u00a0\u00bboff\u00a0\u00bb da_has_shadow=\u00a0\u00bbon\u00a0\u00bb][et_pb_row _builder_version=\u00a0\u00bb4.27.4&Prime; _module_preset=\u00a0\u00bbdefault\u00a0\u00bb global_colors_info=\u00a0\u00bb{}\u00a0\u00bb][et_pb_column type=\u00a0\u00bb4_4&Prime; _builder_version=\u00a0\u00bb4.27.4&Prime; _module_preset=\u00a0\u00bbdefault\u00a0\u00bb global_colors_info=\u00a0\u00bb{}\u00a0\u00bb][et_pb_divider show_divider=\u00a0\u00bboff\u00a0\u00bb _builder_version=\u00a0\u00bb4.27.4&Prime; _module_preset=\u00a0\u00bbdefault\u00a0\u00bb height=\u00a0\u00bb194px\u00a0\u00bb height_tablet=\u00a0\u00bb194px\u00a0\u00bb height_phone=\u00a0\u00bb50px\u00a0\u00bb height_last_edited=\u00a0\u00bbon|phone\u00a0\u00bb global_colors_info=\u00a0\u00bb{}\u00a0\u00bb][\/et_pb_divider][\/et_pb_column][\/et_pb_row][\/et_pb_section][et_pb_section fb_built=\u00a0\u00bb1&Prime; custom_padding_last_edited=\u00a0\u00bbon|phone\u00a0\u00bb _builder_version=\u00a0\u00bb4.27.4&Prime; _module_preset=\u00a0\u00bbdefault\u00a0\u00bb custom_padding_tablet=\u00a0\u00bb\u00a0\u00bb custom_padding_phone=\u00a0\u00bb||0px||false|false\u00a0\u00bb da_disable_devices=\u00a0\u00bboff|off|off\u00a0\u00bb global_colors_info=\u00a0\u00bb{}\u00a0\u00bb da_is_popup=\u00a0\u00bboff\u00a0\u00bb da_exit_intent=\u00a0\u00bboff\u00a0\u00bb da_has_close=\u00a0\u00bbon\u00a0\u00bb da_alt_close=\u00a0\u00bboff\u00a0\u00bb da_dark_close=\u00a0\u00bboff\u00a0\u00bb da_not_modal=\u00a0\u00bbon\u00a0\u00bb da_is_singular=\u00a0\u00bboff\u00a0\u00bb da_with_loader=\u00a0\u00bboff\u00a0\u00bb da_has_shadow=\u00a0\u00bbon\u00a0\u00bb][et_pb_row column_structure=\u00a0\u00bb1_3,1_3,1_3&Prime; use_custom_gutter=\u00a0\u00bbon\u00a0\u00bb gutter_width=\u00a0\u00bb1&Prime; make_equal=\u00a0\u00bbon\u00a0\u00bb _builder_version=\u00a0\u00bb4.27.4&Prime; _module_preset=\u00a0\u00bbdefault\u00a0\u00bb global_colors_info=\u00a0\u00bb{}\u00a0\u00bb][et_pb_column type=\u00a0\u00bb1_3&Prime; _builder_version=\u00a0\u00bb4.27.4&Prime; _module_preset=\u00a0\u00bbdefault\u00a0\u00bb custom_padding=\u00a0\u00bb|20px|||false|false\u00a0\u00bb custom_padding_tablet=\u00a0\u00bb|20px|||false|false\u00a0\u00bb custom_padding_phone=\u00a0\u00bb|0px|20px||false|false\u00a0\u00bb custom_padding_last_edited=\u00a0\u00bbon|phone\u00a0\u00bb border_color_all=\u00a0\u00bb#949fa6&Prime; border_width_right=\u00a0\u00bb1px\u00a0\u00bb border_width_right_tablet=\u00a0\u00bb1px\u00a0\u00bb border_width_right_phone=\u00a0\u00bb0px\u00a0\u00bb border_width_right_last_edited=\u00a0\u00bbon|phone\u00a0\u00bb border_width_bottom_tablet=\u00a0\u00bb\u00a0\u00bb border_width_bottom_phone=\u00a0\u00bb1px\u00a0\u00bb border_width_bottom_last_edited=\u00a0\u00bbon|phone\u00a0\u00bb global_colors_info=\u00a0\u00bb{}\u00a0\u00bb][et_pb_blurb title=\u00a0\u00bbAppelez-nous\u00a0\u00bb use_icon=\u00a0\u00bbon\u00a0\u00bb font_icon=\u00a0\u00bb&#xe090;||divi||400&Prime; icon_color=\u00a0\u00bb#f9af15&Prime; image_icon_width=\u00a0\u00bb65px\u00a0\u00bb image_icon_width_tablet=\u00a0\u00bb65px\u00a0\u00bb image_icon_width_phone=\u00a0\u00bb45px\u00a0\u00bb image_icon_width_last_edited=\u00a0\u00bbon|phone\u00a0\u00bb _builder_version=\u00a0\u00bb4.27.5&Prime; _module_preset=\u00a0\u00bbdefault\u00a0\u00bb header_text_color=\u00a0\u00bb#08447e\u00a0\u00bb header_font_size=\u00a0\u00bb30px\u00a0\u00bb text_orientation=\u00a0\u00bbcenter\u00a0\u00bb header_font_size_tablet=\u00a0\u00bb30px\u00a0\u00bb header_font_size_phone=\u00a0\u00bb25px\u00a0\u00bb header_font_size_last_edited=\u00a0\u00bbon|phone\u00a0\u00bb global_colors_info=\u00a0\u00bb{}\u00a0\u00bb]<\/p>\n<p>Vous avez des questions ou besoin d&rsquo;aide ? N\u2019h\u00e9sitez pas \u00e0 nous contacter au num\u00e9ro de t\u00e9l\u00e9phone ci-dessous.<\/p>\n<p><a href=\"tel:(0)168%20392 080\"><span style=\"color: #08447e;\"><i>(0)168 392 080<\/i><\/span><\/a><\/p>\n<p>[\/et_pb_blurb][\/et_pb_column][et_pb_column type=\u00a0\u00bb1_3&Prime; _builder_version=\u00a0\u00bb4.27.4&Prime; _module_preset=\u00a0\u00bbdefault\u00a0\u00bb custom_padding=\u00a0\u00bb|20px||20px|false|false\u00a0\u00bb custom_padding_tablet=\u00a0\u00bb|20px||20px|false|false\u00a0\u00bb custom_padding_phone=\u00a0\u00bb20px|0px|20px|0px|true|false\u00a0\u00bb custom_padding_last_edited=\u00a0\u00bbon|phone\u00a0\u00bb border_color_all=\u00a0\u00bb#949fa6&Prime; border_width_right=\u00a0\u00bb1px\u00a0\u00bb border_width_right_tablet=\u00a0\u00bb1px\u00a0\u00bb border_width_right_phone=\u00a0\u00bb0px\u00a0\u00bb border_width_right_last_edited=\u00a0\u00bbon|phone\u00a0\u00bb border_width_bottom_tablet=\u00a0\u00bb\u00a0\u00bb border_width_bottom_phone=\u00a0\u00bb1px\u00a0\u00bb border_width_bottom_last_edited=\u00a0\u00bbon|phone\u00a0\u00bb global_colors_info=\u00a0\u00bb{}\u00a0\u00bb][et_pb_blurb title=\u00a0\u00bbE-mail\u00a0\u00bb use_icon=\u00a0\u00bbon\u00a0\u00bb font_icon=\u00a0\u00bb&#xf0e0;||fa||400&Prime; icon_color=\u00a0\u00bb#f9af15&Prime; image_icon_width=\u00a0\u00bb65px\u00a0\u00bb image_icon_width_tablet=\u00a0\u00bb65px\u00a0\u00bb image_icon_width_phone=\u00a0\u00bb45px\u00a0\u00bb image_icon_width_last_edited=\u00a0\u00bbon|phone\u00a0\u00bb _builder_version=\u00a0\u00bb4.27.5&Prime; _module_preset=\u00a0\u00bbdefault\u00a0\u00bb header_text_color=\u00a0\u00bb#08447e\u00a0\u00bb header_font_size=\u00a0\u00bb30px\u00a0\u00bb text_orientation=\u00a0\u00bbcenter\u00a0\u00bb header_font_size_tablet=\u00a0\u00bb30px\u00a0\u00bb header_font_size_phone=\u00a0\u00bb25px\u00a0\u00bb header_font_size_last_edited=\u00a0\u00bbon|phone\u00a0\u00bb global_colors_info=\u00a0\u00bb{}\u00a0\u00bb]<\/p>\n<p>Contacter par e-mail ? N&rsquo;h\u00e9sitez pas \u00e0 nous envoyer un message et nous serons ravis de vous aider.<\/p>\n<p><a href=\"mailto:info@wheeltyre.com\"><span style=\"color: #08447e;\"><i>info@wheeltyre.com<\/i><\/span><\/a><\/p>\n<p>[\/et_pb_blurb][\/et_pb_column][et_pb_column type=\u00a0\u00bb1_3&Prime; _builder_version=\u00a0\u00bb4.27.4&Prime; _module_preset=\u00a0\u00bbdefault\u00a0\u00bb custom_padding=\u00a0\u00bb|||20px|false|false\u00a0\u00bb custom_padding_tablet=\u00a0\u00bb|||20px|false|false\u00a0\u00bb custom_padding_phone=\u00a0\u00bb20px|||0px|false|false\u00a0\u00bb custom_padding_last_edited=\u00a0\u00bbon|phone\u00a0\u00bb global_colors_info=\u00a0\u00bb{}\u00a0\u00bb][et_pb_blurb title=\u00a0\u00bbNotre adresse\u00a0\u00bb use_icon=\u00a0\u00bbon\u00a0\u00bb font_icon=\u00a0\u00bb&#xe074;||divi||400&Prime; icon_color=\u00a0\u00bb#f9af15&Prime; image_icon_width=\u00a0\u00bb65px\u00a0\u00bb image_icon_width_tablet=\u00a0\u00bb65px\u00a0\u00bb image_icon_width_phone=\u00a0\u00bb45px\u00a0\u00bb image_icon_width_last_edited=\u00a0\u00bbon|phone\u00a0\u00bb _builder_version=\u00a0\u00bb4.27.5&Prime; _module_preset=\u00a0\u00bbdefault\u00a0\u00bb header_text_color=\u00a0\u00bb#08447e\u00a0\u00bb header_font_size=\u00a0\u00bb30px\u00a0\u00bb text_orientation=\u00a0\u00bbcenter\u00a0\u00bb hover_enabled=\u00a0\u00bb0&Prime; header_font_size_tablet=\u00a0\u00bb30px\u00a0\u00bb header_font_size_phone=\u00a0\u00bb25px\u00a0\u00bb header_font_size_last_edited=\u00a0\u00bbon|phone\u00a0\u00bb global_colors_info=\u00a0\u00bb{}\u00a0\u00bb sticky_enabled=\u00a0\u00bb0&Prime;]<\/p>\n<p>Bas\u00e9s \u00e0 Zevenbergen, nous accompagnons nos clients dans toute l&rsquo;Europe.<\/p>\n<p><span style=\"color: #08447e;\"><em>Distriboulevard 15,<br \/><\/em><\/span><span style=\"color: #08447e;\">4761 RZ <em>Zevenbergen, Pays-Bas<\/em><\/span><\/p>\n<p>[\/et_pb_blurb][\/et_pb_column][\/et_pb_row][\/et_pb_section][et_pb_section fb_built=\u00a0\u00bb1&Prime; fullwidth=\u00a0\u00bbon\u00a0\u00bb _builder_version=\u00a0\u00bb4.27.4&Prime; _module_preset=\u00a0\u00bbdefault\u00a0\u00bb da_disable_devices=\u00a0\u00bboff|off|off\u00a0\u00bb global_colors_info=\u00a0\u00bb{}\u00a0\u00bb da_is_popup=\u00a0\u00bboff\u00a0\u00bb da_exit_intent=\u00a0\u00bboff\u00a0\u00bb da_has_close=\u00a0\u00bbon\u00a0\u00bb da_alt_close=\u00a0\u00bboff\u00a0\u00bb da_dark_close=\u00a0\u00bboff\u00a0\u00bb da_not_modal=\u00a0\u00bbon\u00a0\u00bb da_is_singular=\u00a0\u00bboff\u00a0\u00bb da_with_loader=\u00a0\u00bboff\u00a0\u00bb da_has_shadow=\u00a0\u00bbon\u00a0\u00bb][et_pb_fullwidth_map google_api_key=\u00a0\u00bbAIzaSyAkeGdkBOuG_hxOYDfXpZjbBQl964OLoys\u00a0\u00bb address=\u00a0\u00bbDistriboulevard 15, 4761 RZ Zevenbergen, Nederland\u00a0\u00bb address_lat=\u00a0\u00bb51.6682504&Prime; address_lng=\u00a0\u00bb4.5936545&Prime; _builder_version=\u00a0\u00bb4.27.5&Prime; _module_preset=\u00a0\u00bbdefault\u00a0\u00bb global_colors_info=\u00a0\u00bb{}\u00a0\u00bb][et_pb_map_pin title=\u00a0\u00bbKantoor WheelTyre\u00a0\u00bb pin_address=\u00a0\u00bbDistriboulevard 15, 4761 RZ Zevenbergen, Nederland\u00a0\u00bb pin_address_lat=\u00a0\u00bb51.6682504&Prime; pin_address_lng=\u00a0\u00bb4.5936545&Prime; _builder_version=\u00a0\u00bb4.27.5&Prime; _module_preset=\u00a0\u00bbdefault\u00a0\u00bb global_colors_info=\u00a0\u00bb{}\u00a0\u00bb][\/et_pb_map_pin][\/et_pb_fullwidth_map][\/et_pb_section]<\/p>\n","protected":false},"excerpt":{"rendered":"<p>Vous avez des questions ou besoin d&rsquo;aide ? N\u2019h\u00e9sitez pas \u00e0 nous contacter au num\u00e9ro de t\u00e9l\u00e9phone ci-dessous. (0)168 392 080Contacter par e-mail ? N&rsquo;h\u00e9sitez pas \u00e0 nous envoyer un message et nous serons ravis de vous aider. info@wheeltyre.comBas\u00e9s \u00e0 Zevenbergen, nous accompagnons nos clients dans toute l&rsquo;Europe. Distriboulevard 15,4761 RZ Zevenbergen, Pays-Bas<\/p>\n","protected":false},"author":1,"featured_media":0,"parent":0,"menu_order":0,"comment_status":"closed","ping_status":"closed","template":"","meta":{"_et_pb_use_builder":"on","_et_pb_old_content":"","_et_gb_content_width":"","footnotes":""},"dipi_cpt_category":[],"class_list":["post-1639","page","type-page","status-publish","hentry"],"yoast_head":"<!-- This site is optimized with the Yoast SEO plugin v27.1.1 - https:\/\/yoast.com\/product\/yoast-seo-wordpress\/ -->\n<title>Contact - WheelTyre<\/title>\n<meta name=\"robots\" content=\"noindex, follow\" \/>\n<meta property=\"og:locale\" content=\"fr_FR\" \/>\n<meta property=\"og:type\" content=\"article\" \/>\n<meta property=\"og:title\" content=\"Contact - WheelTyre\" \/>\n<meta property=\"og:description\" content=\"Vous avez des questions ou besoin d&#039;aide ? N\u2019h\u00e9sitez pas \u00e0 nous contacter au num\u00e9ro de t\u00e9l\u00e9phone ci-dessous. (0)168 392 080Contacter par e-mail ? N&#039;h\u00e9sitez pas \u00e0 nous envoyer un message et nous serons ravis de vous aider. info@wheeltyre.comBas\u00e9s \u00e0 Zevenbergen, nous accompagnons nos clients dans toute l&#039;Europe. Distriboulevard 15,4761 RZ Zevenbergen, Pays-Bas\" \/>\n<meta property=\"og:url\" content=\"https:\/\/wheeltyre.com\/fr\/contact\/\" \/>\n<meta property=\"og:site_name\" content=\"WheelTyre\" \/>\n<meta property=\"article:modified_time\" content=\"2026-01-29T14:44:45+00:00\" \/>\n<meta name=\"twitter:card\" content=\"summary_large_image\" \/>\n<meta name=\"twitter:label1\" content=\"Dur\u00e9e de lecture estim\u00e9e\" \/>\n\t<meta name=\"twitter:data1\" content=\"1 minute\" \/>\n<script type=\"application\/ld+json\" class=\"yoast-schema-graph\">{\"@context\":\"https:\/\/schema.org\",\"@graph\":[{\"@type\":\"WebPage\",\"@id\":\"https:\/\/wheeltyre.com\/fr\/contact\/\",\"url\":\"https:\/\/wheeltyre.com\/fr\/contact\/\",\"name\":\"Contact - WheelTyre\",\"isPartOf\":{\"@id\":\"https:\/\/wheeltyre.com\/fr\/#website\"},\"datePublished\":\"2025-10-06T08:13:38+00:00\",\"dateModified\":\"2026-01-29T14:44:45+00:00\",\"breadcrumb\":{\"@id\":\"https:\/\/wheeltyre.com\/fr\/contact\/#breadcrumb\"},\"inLanguage\":\"fr-FR\",\"potentialAction\":[{\"@type\":\"ReadAction\",\"target\":[\"https:\/\/wheeltyre.com\/fr\/contact\/\"]}]},{\"@type\":\"BreadcrumbList\",\"@id\":\"https:\/\/wheeltyre.com\/fr\/contact\/#breadcrumb\",\"itemListElement\":[{\"@type\":\"ListItem\",\"position\":1,\"name\":\"Home\",\"item\":\"https:\/\/wheeltyre.com\/fr\/\"},{\"@type\":\"ListItem\",\"position\":2,\"name\":\"Contact\"}]},{\"@type\":\"WebSite\",\"@id\":\"https:\/\/wheeltyre.com\/fr\/#website\",\"url\":\"https:\/\/wheeltyre.com\/fr\/\",\"name\":\"WheelTyre\",\"description\":\"One partner. Full service.\",\"potentialAction\":[{\"@type\":\"SearchAction\",\"target\":{\"@type\":\"EntryPoint\",\"urlTemplate\":\"https:\/\/wheeltyre.com\/fr\/?s={search_term_string}\"},\"query-input\":{\"@type\":\"PropertyValueSpecification\",\"valueRequired\":true,\"valueName\":\"search_term_string\"}}],\"inLanguage\":\"fr-FR\"}]}<\/script>\n<!-- \/ Yoast SEO plugin. -->","yoast_head_json":{"title":"Contact - WheelTyre","robots":{"index":"noindex","follow":"follow"},"og_locale":"fr_FR","og_type":"article","og_title":"Contact - WheelTyre","og_description":"Vous avez des questions ou besoin d'aide ? N\u2019h\u00e9sitez pas \u00e0 nous contacter au num\u00e9ro de t\u00e9l\u00e9phone ci-dessous. (0)168 392 080Contacter par e-mail ? N'h\u00e9sitez pas \u00e0 nous envoyer un message et nous serons ravis de vous aider. info@wheeltyre.comBas\u00e9s \u00e0 Zevenbergen, nous accompagnons nos clients dans toute l'Europe. Distriboulevard 15,4761 RZ Zevenbergen, Pays-Bas","og_url":"https:\/\/wheeltyre.com\/fr\/contact\/","og_site_name":"WheelTyre","article_modified_time":"2026-01-29T14:44:45+00:00","twitter_card":"summary_large_image","twitter_misc":{"Dur\u00e9e de lecture estim\u00e9e":"1 minute"},"schema":{"@context":"https:\/\/schema.org","@graph":[{"@type":"WebPage","@id":"https:\/\/wheeltyre.com\/fr\/contact\/","url":"https:\/\/wheeltyre.com\/fr\/contact\/","name":"Contact - WheelTyre","isPartOf":{"@id":"https:\/\/wheeltyre.com\/fr\/#website"},"datePublished":"2025-10-06T08:13:38+00:00","dateModified":"2026-01-29T14:44:45+00:00","breadcrumb":{"@id":"https:\/\/wheeltyre.com\/fr\/contact\/#breadcrumb"},"inLanguage":"fr-FR","potentialAction":[{"@type":"ReadAction","target":["https:\/\/wheeltyre.com\/fr\/contact\/"]}]},{"@type":"BreadcrumbList","@id":"https:\/\/wheeltyre.com\/fr\/contact\/#breadcrumb","itemListElement":[{"@type":"ListItem","position":1,"name":"Home","item":"https:\/\/wheeltyre.com\/fr\/"},{"@type":"ListItem","position":2,"name":"Contact"}]},{"@type":"WebSite","@id":"https:\/\/wheeltyre.com\/fr\/#website","url":"https:\/\/wheeltyre.com\/fr\/","name":"WheelTyre","description":"One partner. Full service.","potentialAction":[{"@type":"SearchAction","target":{"@type":"EntryPoint","urlTemplate":"https:\/\/wheeltyre.com\/fr\/?s={search_term_string}"},"query-input":{"@type":"PropertyValueSpecification","valueRequired":true,"valueName":"search_term_string"}}],"inLanguage":"fr-FR"}]}},"_links":{"self":[{"href":"https:\/\/wheeltyre.com\/fr\/wp-json\/wp\/v2\/pages\/1639","targetHints":{"allow":["GET"]}}],"collection":[{"href":"https:\/\/wheeltyre.com\/fr\/wp-json\/wp\/v2\/pages"}],"about":[{"href":"https:\/\/wheeltyre.com\/fr\/wp-json\/wp\/v2\/types\/page"}],"author":[{"embeddable":true,"href":"https:\/\/wheeltyre.com\/fr\/wp-json\/wp\/v2\/users\/1"}],"replies":[{"embeddable":true,"href":"https:\/\/wheeltyre.com\/fr\/wp-json\/wp\/v2\/comments?post=1639"}],"version-history":[{"count":2,"href":"https:\/\/wheeltyre.com\/fr\/wp-json\/wp\/v2\/pages\/1639\/revisions"}],"predecessor-version":[{"id":1732,"href":"https:\/\/wheeltyre.com\/fr\/wp-json\/wp\/v2\/pages\/1639\/revisions\/1732"}],"wp:attachment":[{"href":"https:\/\/wheeltyre.com\/fr\/wp-json\/wp\/v2\/media?parent=1639"}],"wp:term":[{"taxonomy":"dipi_cpt_category","embeddable":true,"href":"https:\/\/wheeltyre.com\/fr\/wp-json\/wp\/v2\/dipi_cpt_category?post=1639"}],"curies":[{"name":"wp","href":"https:\/\/api.w.org\/{rel}","templated":true}]}}