{"id":1321,"date":"2025-10-06T08:11:37","date_gmt":"2025-10-06T08:11:37","guid":{"rendered":"https:\/\/wheeltyre.com\/over-wheeltyre\/"},"modified":"2026-01-30T12:50:00","modified_gmt":"2026-01-30T12:50:00","slug":"wheeltyre-kohta","status":"publish","type":"page","link":"https:\/\/wheeltyre.com\/et\/wheeltyre-kohta\/","title":{"rendered":"WheelTyre kohta"},"content":{"rendered":"<p>[et_pb_section fb_built=&#8221;1&#8243; admin_label=&#8221;Section&#8221; _builder_version=&#8221;4.27.5&#8243; _module_preset=&#8221;default&#8221; background_image=&#8221;https:\/\/wheeltyre.com\/wp-content\/uploads\/2026\/01\/wheeltyre-kohta-et.jpg&#8221; background_position=&#8221;top_center&#8221; background_vertical_offset=&#8221;19%&#8221; da_disable_devices=&#8221;off|off|off&#8221; global_colors_info=&#8221;{}&#8221; da_is_popup=&#8221;off&#8221; da_exit_intent=&#8221;off&#8221; da_has_close=&#8221;on&#8221; da_alt_close=&#8221;off&#8221; da_dark_close=&#8221;off&#8221; da_not_modal=&#8221;on&#8221; da_is_singular=&#8221;off&#8221; da_with_loader=&#8221;off&#8221; da_has_shadow=&#8221;on&#8221;][et_pb_row _builder_version=&#8221;4.27.4&#8243; _module_preset=&#8221;default&#8221; global_colors_info=&#8221;{}&#8221;][et_pb_column type=&#8221;4_4&#8243; _builder_version=&#8221;4.27.4&#8243; _module_preset=&#8221;default&#8221; global_colors_info=&#8221;{}&#8221;][et_pb_divider show_divider=&#8221;off&#8221; _builder_version=&#8221;4.27.4&#8243; _module_preset=&#8221;default&#8221; height=&#8221;194px&#8221; height_tablet=&#8221;194px&#8221; height_phone=&#8221;50px&#8221; height_last_edited=&#8221;on|phone&#8221; global_colors_info=&#8221;{}&#8221;][\/et_pb_divider][\/et_pb_column][\/et_pb_row][\/et_pb_section][et_pb_section fb_built=&#8221;1&#8243; admin_label=&#8221;Section&#8221; _builder_version=&#8221;4.27.4&#8243; _module_preset=&#8221;default&#8221; da_disable_devices=&#8221;off|off|off&#8221; global_colors_info=&#8221;{}&#8221; da_is_popup=&#8221;off&#8221; da_exit_intent=&#8221;off&#8221; da_has_close=&#8221;on&#8221; da_alt_close=&#8221;off&#8221; da_dark_close=&#8221;off&#8221; da_not_modal=&#8221;on&#8221; da_is_singular=&#8221;off&#8221; da_with_loader=&#8221;off&#8221; da_has_shadow=&#8221;on&#8221;][et_pb_row _builder_version=&#8221;4.27.4&#8243; _module_preset=&#8221;default&#8221; global_colors_info=&#8221;{}&#8221;][et_pb_column type=&#8221;4_4&#8243; _builder_version=&#8221;4.27.4&#8243; _module_preset=&#8221;default&#8221; global_colors_info=&#8221;{}&#8221;][et_pb_text _builder_version=&#8221;4.27.5&#8243; _module_preset=&#8221;default&#8221; text_line_height=&#8221;2em&#8221; header_2_text_color=&#8221;#08447e&#8221; header_2_font_size=&#8221;19px&#8221; header_3_text_color=&#8221;#08447e&#8221; header_3_font_size=&#8221;30px&#8221; header_5_font_size=&#8221;20px&#8221; header_5_line_height=&#8221;2.5em&#8221; global_colors_info=&#8221;{}&#8221;]<\/p>\n<h3>WheelTyre kohta<\/h3>\n<p>WheelTyre toetab s\u00f5idukitootjaid ja importijaid kogu Euroopas, hallates rehvide, velgede ja komplektide kogu t\u00f6\u00f6protsessi alates hankimisest kuni kohaletoimetamiseni. Integreeritud IT- ja aruandluss\u00fcsteemi abil t\u00f6\u00f6tame \u00fchiste andmekogudega ja pakume partneritele \u00f5igel ajal \u00f5igeid teadmisi. Paindlikud teenused ja selge arveldusvoog muudavad koost\u00f6\u00f6 lihtsaks.<\/p>\n<p>T\u00e4nu meie t\u00e4isteenindusele, oskust\u00f6\u00f6le ja isiklikule teenindusele saavad partnerid loota \u00fchele usaldusv\u00e4\u00e4rsele tarnijale k\u00f5ikide rehvide, komplektide, velgede ja nendega seotud teenuste osas. See v\u00f5imaldab s\u00f5idukitootjatel, importijatel ja edasim\u00fc\u00fcjatel keskenduda oma p\u00f5hitegevusele, samal ajal kui meie hoolitseme \u00fclej\u00e4\u00e4nu eest.<\/p>\n<h5><b style=\"color: #08447e;\">ONE PARTNER. FULL SERVICE.<\/b><\/h5>\n<p>[\/et_pb_text][\/et_pb_column][\/et_pb_row][\/et_pb_section][et_pb_section fb_built=&#8221;1&#8243; admin_label=&#8221;Section&#8221; _builder_version=&#8221;4.27.4&#8243; _module_preset=&#8221;default&#8221; background_color=&#8221;#f7f7f7&#8243; custom_margin=&#8221;-30px||||false|false&#8221; da_disable_devices=&#8221;off|off|off&#8221; global_colors_info=&#8221;{}&#8221; da_is_popup=&#8221;off&#8221; da_exit_intent=&#8221;off&#8221; da_has_close=&#8221;on&#8221; da_alt_close=&#8221;off&#8221; da_dark_close=&#8221;off&#8221; da_not_modal=&#8221;on&#8221; da_is_singular=&#8221;off&#8221; da_with_loader=&#8221;off&#8221; da_has_shadow=&#8221;on&#8221;][et_pb_row _builder_version=&#8221;4.27.4&#8243; _module_preset=&#8221;default&#8221; global_colors_info=&#8221;{}&#8221;][et_pb_column type=&#8221;4_4&#8243; _builder_version=&#8221;4.27.4&#8243; _module_preset=&#8221;default&#8221; global_colors_info=&#8221;{}&#8221;][et_pb_text content_tablet=&#8221;<\/p>\n<h5>Benieuwd naar wat we doen?<\/h5>\n<p>&#8221; content_phone=&#8221;<\/p>\n<h5>Benieuwd naar<\/h5>\n<h5>wat we doen?<\/h5>\n<p>&#8221; content_last_edited=&#8221;on|phone&#8221; _builder_version=&#8221;4.27.5&#8243; _module_preset=&#8221;default&#8221; text_line_height=&#8221;2.2em&#8221; header_2_text_color=&#8221;#08447e&#8221; header_2_font_size=&#8221;19px&#8221; header_3_text_color=&#8221;#08447e&#8221; header_3_font_size=&#8221;30px&#8221; header_5_text_color=&#8221;#08447e&#8221; header_5_font_size=&#8221;30px&#8221; text_orientation=&#8221;center&#8221; custom_margin=&#8221;||15px||false|false&#8221; header_5_font_size_tablet=&#8221;30px&#8221; header_5_font_size_phone=&#8221;25px&#8221; header_5_font_size_last_edited=&#8221;on|phone&#8221; header_5_line_height_tablet=&#8221;&#8221; header_5_line_height_phone=&#8221;0.7em&#8221; header_5_line_height_last_edited=&#8221;on|phone&#8221; global_colors_info=&#8221;{}&#8221;]<\/p>\n<h5>Kas teid huvitab, kuidas me t\u00f6\u00f6tame?<\/h5>\n<p>Avastage meie t\u00e4isteeninduse l\u00e4henemisviis.<\/p>\n<p><em> <\/em><\/p>\n<p><em><\/em><\/p>\n<p>[\/et_pb_text][et_pb_button button_url=&#8221;#video-WHT&#8221; button_text=&#8221;Vaadake meiei videot&#8221; button_alignment=&#8221;center&#8221; _builder_version=&#8221;4.27.5&#8243; _module_preset=&#8221;default&#8221; custom_button=&#8221;on&#8221; button_text_size=&#8221;17px&#8221; button_text_color=&#8221;#FFFFFF&#8221; button_bg_color=&#8221;#f9af15&#8243; button_border_width=&#8221;0px&#8221; button_border_radius=&#8221;7px&#8221; button_icon=&#8221;&#x49;||divi||400&#8243; button_icon_placement=&#8221;left&#8221; button_on_hover=&#8221;off&#8221; custom_padding=&#8221;|60px||60px|false|true&#8221; global_colors_info=&#8221;{}&#8221; button_bg_color__hover_enabled=&#8221;on|hover&#8221; button_bg_color__hover=&#8221;#f49f19&#8243; button_bg_enable_color__hover=&#8221;on&#8221;][\/et_pb_button][\/et_pb_column][\/et_pb_row][\/et_pb_section][et_pb_section fb_built=&#8221;1&#8243; admin_label=&#8221;Popup &#8211; #video-WHT&#8221; module_id=&#8221;video-WHT&#8221; module_class=&#8221;popup&#8221; _builder_version=&#8221;4.27.4&#8243; _module_preset=&#8221;default&#8221; background_color=&#8221;#08447e&#8221; use_background_color_gradient=&#8221;on&#8221; background_color_gradient_stops=&#8221;rgba(8,68,126,0.9) 0%|rgba(8,68,126,0.9) 100%&#8221; background_enable_image=&#8221;off&#8221; width=&#8221;69%&#8221; custom_margin=&#8221;||||false|false&#8221; custom_padding=&#8221;30px||10px||false|false&#8221; da_is_popup=&#8221;on&#8221; da_popup_slug=&#8221;video-WHT&#8221; da_disable_devices=&#8221;off|off|off&#8221; border_radii=&#8221;on|20px|20px|20px|20px&#8221; global_colors_info=&#8221;{}&#8221; da_exit_intent=&#8221;off&#8221; da_has_close=&#8221;on&#8221; da_alt_close=&#8221;off&#8221; da_dark_close=&#8221;off&#8221; da_not_modal=&#8221;on&#8221; da_is_singular=&#8221;off&#8221; da_with_loader=&#8221;off&#8221; da_has_shadow=&#8221;on&#8221;][et_pb_row _builder_version=&#8221;4.27.4&#8243; _module_preset=&#8221;default&#8221; global_colors_info=&#8221;{}&#8221;][et_pb_column type=&#8221;4_4&#8243; _builder_version=&#8221;4.27.4&#8243; _module_preset=&#8221;default&#8221; global_colors_info=&#8221;{}&#8221;][et_pb_video src=&#8221;https:\/\/www.youtube.com\/watch?v=D5vawPI9-Is&#8221; _builder_version=&#8221;4.27.4&#8243; _module_preset=&#8221;default&#8221; global_colors_info=&#8221;{}&#8221;][\/et_pb_video][et_pb_text _builder_version=&#8221;4.27.5&#8243; _module_preset=&#8221;default&#8221; text_font=&#8221;|600|||||||&#8221; text_text_color=&#8221;#FFFFFF&#8221; text_orientation=&#8221;center&#8221; custom_margin=&#8221;||||false|false&#8221; custom_padding=&#8221;||||false|false&#8221; global_colors_info=&#8221;{}&#8221;]<\/p>\n<p>WheelTyre | Ettev\u00f5tte video<\/p>\n<p>[\/et_pb_text][\/et_pb_column][\/et_pb_row][\/et_pb_section][et_pb_section fb_built=&#8221;1&#8243; admin_label=&#8221;Section&#8221; _builder_version=&#8221;4.27.5&#8243; _module_preset=&#8221;default&#8221; background_image=&#8221;https:\/\/wheeltyre.com\/wp-content\/uploads\/2026\/01\/EL-kaart-et.png&#8221; background_size=&#8221;custom&#8221; background_image_height=&#8221;100%&#8221; background_position=&#8221;bottom_right&#8221; height=&#8221;725px&#8221; height_tablet=&#8221;725px&#8221; height_phone=&#8221;auto&#8221; height_last_edited=&#8221;on|phone&#8221; custom_margin=&#8221;0px||||false|false&#8221; custom_padding=&#8221;0px||||false|false&#8221; background_last_edited=&#8221;on|phone&#8221; background_enable_image_phone=&#8221;off&#8221; da_disable_devices=&#8221;off|off|off&#8221; global_colors_info=&#8221;{}&#8221; da_is_popup=&#8221;off&#8221; da_exit_intent=&#8221;off&#8221; da_has_close=&#8221;on&#8221; da_alt_close=&#8221;off&#8221; da_dark_close=&#8221;off&#8221; da_not_modal=&#8221;on&#8221; da_is_singular=&#8221;off&#8221; da_with_loader=&#8221;off&#8221; da_has_shadow=&#8221;on&#8221;][et_pb_row column_structure=&#8221;1_2,1_2&#8243; custom_padding_last_edited=&#8221;on|phone&#8221; _builder_version=&#8221;4.27.4&#8243; _module_preset=&#8221;default&#8221; min_height_tablet=&#8221;&#8221; min_height_phone=&#8221;&#8221; min_height_last_edited=&#8221;on|phone&#8221; custom_margin_tablet=&#8221;&#8221; custom_margin_phone=&#8221;||||false|false&#8221; custom_margin_last_edited=&#8221;on|desktop&#8221; custom_padding_tablet=&#8221;&#8221; custom_padding_phone=&#8221;||0px||false|false&#8221; global_colors_info=&#8221;{}&#8221;][et_pb_column type=&#8221;1_2&#8243; _builder_version=&#8221;4.27.4&#8243; _module_preset=&#8221;default&#8221; global_colors_info=&#8221;{}&#8221;][et_pb_text _builder_version=&#8221;4.27.5&#8243; _module_preset=&#8221;default&#8221; text_line_height=&#8221;2em&#8221; header_2_text_color=&#8221;#08447e&#8221; header_2_font_size=&#8221;19px&#8221; header_3_text_color=&#8221;#08447e&#8221; header_3_font_size=&#8221;30px&#8221; custom_margin=&#8221;60px||||false|false&#8221; hover_enabled=&#8221;0&#8243; header_3_font_size_tablet=&#8221;30px&#8221; header_3_font_size_phone=&#8221;25px&#8221; header_3_font_size_last_edited=&#8221;on|phone&#8221; custom_css_free_form=&#8221;.et_pb_module table, ||.et_pb_module table td, ||.et_pb_module table th {||  border: none !important;||}||.dot {||  display: inline-block;||  width: 18px;||  height: 18px;||  border-radius: 50%;||}||.dot.orange {||  background-color: orange;||}||.dot.green {||  background-color: LimeGreen;||}&#8221; global_colors_info=&#8221;{}&#8221; content_last_edited=&#8221;on|phone&#8221; sticky_enabled=&#8221;0&#8243; content_phone=&#8221;<\/p>\n<h3>Euroopa v\u00f5rgustik<\/h3>\n<p>WheelTyre asub Hollandis ja teenindab r\u00f5\u00f5muga kliente kogu Euroopas. Tugeva logistika v\u00f5rgustiku, kohaliku asjatundlikkuse ja mitmekeelse toe abil tagame, et iga tarne j\u00f5uab sihtkohta kiiresti ja usaldusv\u00e4\u00e4rselt.<\/p>\n<p>&nbsp;<\/p>\n<table style=%22border-collapse: collapse; width: 100%;%22>\n<tbody>\n<tr>\n<td style=%22width: 10%; border: none; vertical-align: top; padding: 5px;%22><i style=%22color: #f9af15;%22 class=%22fa-solid fa-check%22><\/i><\/td>\n<td style=%22width: 90%; border: none; padding: 5px;%22>Euroopa ladude ja konveierite v\u00f5rgustik<\/td>\n<\/tr>\n<tr>\n<td style=%22width: 10%; border: none; vertical-align: top; padding: 5px;%22><i style=%22color: #f9af15;%22 class=%22fa-solid fa-check%22><\/i><\/td>\n<td style=%22width: 90%; border: none; padding: 5px;%22>\u00dcks partner rehvide, velgede, komplektide ja nendega seotud teenuste jaoks<\/td>\n<\/tr>\n<tr>\n<td style=%22width: 10%; border: none; vertical-align: top; padding: 5px;%22><i style=%22color: #f9af15;%22 class=%22fa-solid fa-check%22><\/i><\/td>\n<td style=%22width: 90%; border: none; padding: 5px;%22>Kiire kohaletoimetamine ELi piires<\/td>\n<\/tr>\n<tr>\n<td style=%22width: 10%; border: none; vertical-align: top; padding: 5px;%22><i style=%22color: #f9af15;%22 class=%22fa-solid fa-check%22><\/i><\/td>\n<td style=%22width: 90%; border: none; padding: 5px;%22>Mitmekeelne klienditeenindus ja m\u00fc\u00fcgitoetus<\/td>\n<\/tr>\n<tr>\n<td style=%22width: 10%; border: none; vertical-align: top; padding: 5px;%22><i style=%22color: #f9af15;%22 class=%22fa-solid fa-check%22><\/i><\/td>\n<td style=%22width: 90%; border: none; padding: 5px;%22>Jaotusv\u00f5rk 26 riigis, sealhulgas eksporditurgudel<\/td>\n<\/tr>\n<tr>\n<td style=%22width: 10%; border: none; vertical-align: top; padding: 5px;%22><\/td>\n<td style=%22width: 90%; border: none; padding: 5px;%22><\/td>\n<\/tr>\n<\/tbody>\n<\/table>\n<p>&#8221; content_tablet=&#8221;<\/p>\n<h3>Euroopa v\u00f5rgustik<\/h3>\n<p>WheelTyre asub Hollandis ja teenindab r\u00f5\u00f5muga kliente kogu Euroopas. Tugeva logistika v\u00f5rgustiku, kohaliku asjatundlikkuse ja mitmekeelse toe abil tagame, et iga tarne j\u00f5uab sihtkohta kiiresti ja usaldusv\u00e4\u00e4rselt.<\/p>\n<p>&nbsp;<\/p>\n<table style=%22border-collapse: collapse; width: 100%;%22>\n<tbody>\n<tr>\n<td style=%22width: 10%; border: none; vertical-align: top; padding: 5px;%22><i style=%22color: #f9af15;%22 class=%22fa-solid fa-check%22><\/i><\/td>\n<td style=%22width: 90%; border: none; padding: 5px;%22>Euroopa ladude ja konveierite v\u00f5rgustik<\/td>\n<\/tr>\n<tr>\n<td style=%22width: 10%; border: none; vertical-align: top; padding: 5px;%22><i style=%22color: #f9af15;%22 class=%22fa-solid fa-check%22><\/i><\/td>\n<td style=%22width: 90%; border: none; padding: 5px;%22>\u00dcks partner rehvide, velgede, komplektide ja nendega seotud teenuste jaoks<\/td>\n<\/tr>\n<tr>\n<td style=%22width: 10%; border: none; vertical-align: top; padding: 5px;%22><i style=%22color: #f9af15;%22 class=%22fa-solid fa-check%22><\/i><\/td>\n<td style=%22width: 90%; border: none; padding: 5px;%22>Kiire kohaletoimetamine ELi piires<\/td>\n<\/tr>\n<tr>\n<td style=%22width: 10%; border: none; vertical-align: top; padding: 5px;%22><i style=%22color: #f9af15;%22 class=%22fa-solid fa-check%22><\/i><\/td>\n<td style=%22width: 90%; border: none; padding: 5px;%22>Mitmekeelne klienditeenindus ja m\u00fc\u00fcgitoetus<\/td>\n<\/tr>\n<tr>\n<td style=%22width: 10%; border: none; vertical-align: top; padding: 5px;%22><i style=%22color: #f9af15;%22 class=%22fa-solid fa-check%22><\/i><\/td>\n<td style=%22width: 90%; border: none; padding: 5px;%22>Jaotusv\u00f5rk 26 riigis, sealhulgas eksporditurgudel<\/td>\n<\/tr>\n<tr>\n<td style=%22width: 10%; border: none; vertical-align: top; padding: 5px;%22><\/td>\n<td style=%22width: 90%; border: none; padding: 5px;%22><\/td>\n<\/tr>\n<\/tbody>\n<\/table>\n<table style=%22border-collapse: collapse; width: 100%;%22>\n<tbody>\n<tr>\n<td style=%22width: 1%; border: none; padding: 5px; vertical-align: middle;%22><span class=%22dot orange%22><\/span><\/td>\n<td style=%22width: 20%; border: none; padding: 5px; vertical-align: middle; color: orange;%22>Ladu<\/td>\n<td style=%22width: 1%; border: none; padding: 5px; vertical-align: middle;%22><span class=%22dot green%22><\/span><\/td>\n<td style=%22width: 25%; border: none; padding: 5px; vertical-align: middle; color: limegreen;%22>Koosteliin<\/td>\n<\/tr>\n<\/tbody>\n<\/table>\n<p>&#8220;]<\/p>\n<h3>Euroopa v\u00f5rgustik<\/h3>\n<p>WheelTyre asub Hollandis ja teenindab r\u00f5\u00f5muga kliente kogu Euroopas. Tugeva logistika v\u00f5rgustiku, kohaliku asjatundlikkuse ja mitmekeelse toe abil tagame, et iga tarne j\u00f5uab sihtkohta kiiresti ja usaldusv\u00e4\u00e4rselt.<\/p>\n<p>&nbsp;<\/p>\n<table style=\"border-collapse: collapse; width: 100%;\">\n<tbody>\n<tr>\n<td style=\"width: 10%; border: none; vertical-align: top; padding: 5px;\"><i style=\"color: #f9af15;\" class=\"fa-solid fa-check\"><\/i><\/td>\n<td style=\"width: 90%; border: none; padding: 5px;\">Euroopa ladude ja konveierite v\u00f5rgustik<\/td>\n<\/tr>\n<tr>\n<td style=\"width: 10%; border: none; vertical-align: top; padding: 5px;\"><i style=\"color: #f9af15;\" class=\"fa-solid fa-check\"><\/i><\/td>\n<td style=\"width: 90%; border: none; padding: 5px;\">\u00dcks partner rehvide, velgede, komplektide ja nendega seotud teenuste jaoks<\/td>\n<\/tr>\n<tr>\n<td style=\"width: 10%; border: none; vertical-align: top; padding: 5px;\"><i style=\"color: #f9af15;\" class=\"fa-solid fa-check\"><\/i><\/td>\n<td style=\"width: 90%; border: none; padding: 5px;\">Kiire kohaletoimetamine ELi piires<\/td>\n<\/tr>\n<tr>\n<td style=\"width: 10%; border: none; vertical-align: top; padding: 5px;\"><i style=\"color: #f9af15;\" class=\"fa-solid fa-check\"><\/i><\/td>\n<td style=\"width: 90%; border: none; padding: 5px;\">Mitmekeelne klienditeenindus ja m\u00fc\u00fcgitoetus<\/td>\n<\/tr>\n<tr>\n<td style=\"width: 10%; border: none; vertical-align: top; padding: 5px;\"><i style=\"color: #f9af15;\" class=\"fa-solid fa-check\"><\/i><\/td>\n<td style=\"width: 90%; border: none; padding: 5px;\">Jaotusv\u00f5rk 26 riigis, sealhulgas eksporditurgudel<\/td>\n<\/tr>\n<tr>\n<td style=\"width: 10%; border: none; vertical-align: top; padding: 5px;\"><\/td>\n<td style=\"width: 90%; border: none; padding: 5px;\"><\/td>\n<\/tr>\n<\/tbody>\n<\/table>\n<table style=\"border-collapse: collapse; width: 100%;\">\n<tbody>\n<tr>\n<td style=\"width: 1%; border: none; padding: 5px; vertical-align: middle;\"><span class=\"dot orange\"><\/span><\/td>\n<td style=\"width: 20%; border: none; padding: 5px; vertical-align: middle; color: orange;\">Ladu<\/td>\n<td style=\"width: 1%; border: none; padding: 5px; vertical-align: middle;\"><span class=\"dot green\"><\/span><\/td>\n<td style=\"width: 25%; border: none; padding: 5px; vertical-align: middle; color: limegreen;\">Koosteliin<\/td>\n<\/tr>\n<\/tbody>\n<\/table>\n<p>[\/et_pb_text][\/et_pb_column][et_pb_column type=&#8221;1_2&#8243; _builder_version=&#8221;4.27.4&#8243; _module_preset=&#8221;default&#8221; global_colors_info=&#8221;{}&#8221;][\/et_pb_column][\/et_pb_row][\/et_pb_section]<\/p>\n","protected":false},"excerpt":{"rendered":"<p>WheelTyre kohta WheelTyre toetab s\u00f5idukitootjaid ja importijaid kogu Euroopas, hallates rehvide, velgede ja komplektide kogu t\u00f6\u00f6protsessi alates hankimisest kuni kohaletoimetamiseni. Integreeritud IT- ja aruandluss\u00fcsteemi abil t\u00f6\u00f6tame \u00fchiste andmekogudega ja pakume partneritele \u00f5igel ajal \u00f5igeid teadmisi. Paindlikud teenused ja selge arveldusvoog muudavad koost\u00f6\u00f6 lihtsaks. T\u00e4nu meie t\u00e4isteenindusele, oskust\u00f6\u00f6le ja isiklikule teenindusele saavad partnerid loota \u00fchele usaldusv\u00e4\u00e4rsele [&hellip;]<\/p>\n","protected":false},"author":1,"featured_media":0,"parent":0,"menu_order":0,"comment_status":"closed","ping_status":"closed","template":"","meta":{"_et_pb_use_builder":"on","_et_pb_old_content":"","_et_gb_content_width":"","footnotes":""},"dipi_cpt_category":[],"class_list":["post-1321","page","type-page","status-publish","hentry"],"yoast_head":"<!-- This site is optimized with the Yoast SEO plugin v27.1.1 - https:\/\/yoast.com\/product\/yoast-seo-wordpress\/ -->\n<title>WheelTyre kohta - WheelTyre<\/title>\n<meta name=\"description\" content=\"Me teeme autotootjate ja importijate jaoks vahet, haldades t\u00e4ielikult rehvide, velgede ja komplektide protsessi.\" \/>\n<meta name=\"robots\" content=\"index, follow, max-snippet:-1, max-image-preview:large, max-video-preview:-1\" \/>\n<link rel=\"canonical\" href=\"https:\/\/wheeltyre.com\/et\/wheeltyre-kohta\/\" \/>\n<meta property=\"og:locale\" content=\"et_EE\" \/>\n<meta property=\"og:type\" content=\"article\" \/>\n<meta property=\"og:title\" content=\"WheelTyre kohta - WheelTyre\" \/>\n<meta property=\"og:description\" content=\"Me teeme autotootjate ja importijate jaoks vahet, haldades t\u00e4ielikult rehvide, velgede ja komplektide protsessi.\" \/>\n<meta property=\"og:url\" content=\"https:\/\/wheeltyre.com\/et\/wheeltyre-kohta\/\" \/>\n<meta property=\"og:site_name\" content=\"WheelTyre\" \/>\n<meta property=\"article:modified_time\" content=\"2026-01-30T12:50:00+00:00\" \/>\n<meta name=\"twitter:card\" content=\"summary_large_image\" \/>\n<meta name=\"twitter:label1\" content=\"Est. reading time\" \/>\n\t<meta name=\"twitter:data1\" content=\"2 minutit\" \/>\n<script type=\"application\/ld+json\" class=\"yoast-schema-graph\">{\"@context\":\"https:\/\/schema.org\",\"@graph\":[{\"@type\":\"WebPage\",\"@id\":\"https:\/\/wheeltyre.com\/et\/wheeltyre-kohta\/\",\"url\":\"https:\/\/wheeltyre.com\/et\/wheeltyre-kohta\/\",\"name\":\"WheelTyre kohta - WheelTyre\",\"isPartOf\":{\"@id\":\"https:\/\/wheeltyre.com\/et\/#website\"},\"datePublished\":\"2025-10-06T08:11:37+00:00\",\"dateModified\":\"2026-01-30T12:50:00+00:00\",\"description\":\"Me teeme autotootjate ja importijate jaoks vahet, haldades t\u00e4ielikult rehvide, velgede ja komplektide protsessi.\",\"breadcrumb\":{\"@id\":\"https:\/\/wheeltyre.com\/et\/wheeltyre-kohta\/#breadcrumb\"},\"inLanguage\":\"et\",\"potentialAction\":[{\"@type\":\"ReadAction\",\"target\":[\"https:\/\/wheeltyre.com\/et\/wheeltyre-kohta\/\"]}]},{\"@type\":\"BreadcrumbList\",\"@id\":\"https:\/\/wheeltyre.com\/et\/wheeltyre-kohta\/#breadcrumb\",\"itemListElement\":[{\"@type\":\"ListItem\",\"position\":1,\"name\":\"Home\",\"item\":\"https:\/\/wheeltyre.com\/et\/\"},{\"@type\":\"ListItem\",\"position\":2,\"name\":\"WheelTyre kohta\"}]},{\"@type\":\"WebSite\",\"@id\":\"https:\/\/wheeltyre.com\/et\/#website\",\"url\":\"https:\/\/wheeltyre.com\/et\/\",\"name\":\"WheelTyre\",\"description\":\"One partner. Full service.\",\"potentialAction\":[{\"@type\":\"SearchAction\",\"target\":{\"@type\":\"EntryPoint\",\"urlTemplate\":\"https:\/\/wheeltyre.com\/et\/?s={search_term_string}\"},\"query-input\":{\"@type\":\"PropertyValueSpecification\",\"valueRequired\":true,\"valueName\":\"search_term_string\"}}],\"inLanguage\":\"et\"}]}<\/script>\n<!-- \/ Yoast SEO plugin. -->","yoast_head_json":{"title":"WheelTyre kohta - WheelTyre","description":"Me teeme autotootjate ja importijate jaoks vahet, haldades t\u00e4ielikult rehvide, velgede ja komplektide protsessi.","robots":{"index":"index","follow":"follow","max-snippet":"max-snippet:-1","max-image-preview":"max-image-preview:large","max-video-preview":"max-video-preview:-1"},"canonical":"https:\/\/wheeltyre.com\/et\/wheeltyre-kohta\/","og_locale":"et_EE","og_type":"article","og_title":"WheelTyre kohta - WheelTyre","og_description":"Me teeme autotootjate ja importijate jaoks vahet, haldades t\u00e4ielikult rehvide, velgede ja komplektide protsessi.","og_url":"https:\/\/wheeltyre.com\/et\/wheeltyre-kohta\/","og_site_name":"WheelTyre","article_modified_time":"2026-01-30T12:50:00+00:00","twitter_card":"summary_large_image","twitter_misc":{"Est. reading time":"2 minutit"},"schema":{"@context":"https:\/\/schema.org","@graph":[{"@type":"WebPage","@id":"https:\/\/wheeltyre.com\/et\/wheeltyre-kohta\/","url":"https:\/\/wheeltyre.com\/et\/wheeltyre-kohta\/","name":"WheelTyre kohta - WheelTyre","isPartOf":{"@id":"https:\/\/wheeltyre.com\/et\/#website"},"datePublished":"2025-10-06T08:11:37+00:00","dateModified":"2026-01-30T12:50:00+00:00","description":"Me teeme autotootjate ja importijate jaoks vahet, haldades t\u00e4ielikult rehvide, velgede ja komplektide protsessi.","breadcrumb":{"@id":"https:\/\/wheeltyre.com\/et\/wheeltyre-kohta\/#breadcrumb"},"inLanguage":"et","potentialAction":[{"@type":"ReadAction","target":["https:\/\/wheeltyre.com\/et\/wheeltyre-kohta\/"]}]},{"@type":"BreadcrumbList","@id":"https:\/\/wheeltyre.com\/et\/wheeltyre-kohta\/#breadcrumb","itemListElement":[{"@type":"ListItem","position":1,"name":"Home","item":"https:\/\/wheeltyre.com\/et\/"},{"@type":"ListItem","position":2,"name":"WheelTyre kohta"}]},{"@type":"WebSite","@id":"https:\/\/wheeltyre.com\/et\/#website","url":"https:\/\/wheeltyre.com\/et\/","name":"WheelTyre","description":"One partner. Full service.","potentialAction":[{"@type":"SearchAction","target":{"@type":"EntryPoint","urlTemplate":"https:\/\/wheeltyre.com\/et\/?s={search_term_string}"},"query-input":{"@type":"PropertyValueSpecification","valueRequired":true,"valueName":"search_term_string"}}],"inLanguage":"et"}]}},"_links":{"self":[{"href":"https:\/\/wheeltyre.com\/et\/wp-json\/wp\/v2\/pages\/1321","targetHints":{"allow":["GET"]}}],"collection":[{"href":"https:\/\/wheeltyre.com\/et\/wp-json\/wp\/v2\/pages"}],"about":[{"href":"https:\/\/wheeltyre.com\/et\/wp-json\/wp\/v2\/types\/page"}],"author":[{"embeddable":true,"href":"https:\/\/wheeltyre.com\/et\/wp-json\/wp\/v2\/users\/1"}],"replies":[{"embeddable":true,"href":"https:\/\/wheeltyre.com\/et\/wp-json\/wp\/v2\/comments?post=1321"}],"version-history":[{"count":5,"href":"https:\/\/wheeltyre.com\/et\/wp-json\/wp\/v2\/pages\/1321\/revisions"}],"predecessor-version":[{"id":2296,"href":"https:\/\/wheeltyre.com\/et\/wp-json\/wp\/v2\/pages\/1321\/revisions\/2296"}],"wp:attachment":[{"href":"https:\/\/wheeltyre.com\/et\/wp-json\/wp\/v2\/media?parent=1321"}],"wp:term":[{"taxonomy":"dipi_cpt_category","embeddable":true,"href":"https:\/\/wheeltyre.com\/et\/wp-json\/wp\/v2\/dipi_cpt_category?post=1321"}],"curies":[{"name":"wp","href":"https:\/\/api.w.org\/{rel}","templated":true}]}}