{"id":1317,"date":"2025-10-06T08:13:10","date_gmt":"2025-10-06T08:13:10","guid":{"rendered":"https:\/\/wheeltyre.com\/full-service\/"},"modified":"2026-01-30T12:27:38","modified_gmt":"2026-01-30T12:27:38","slug":"taisteenus","status":"publish","type":"page","link":"https:\/\/wheeltyre.com\/et\/taisteenus\/","title":{"rendered":"T\u00e4isteenus"},"content":{"rendered":"<p>[et_pb_section fb_built=&#8221;1&#8243; _builder_version=&#8221;4.27.5&#8243; _module_preset=&#8221;default&#8221; background_image=&#8221;https:\/\/wheeltyre.com\/wp-content\/uploads\/2026\/01\/wheeltyre-taisteenus-et.jpg&#8221; background_position=&#8221;bottom_center&#8221; da_disable_devices=&#8221;off|off|off&#8221; global_colors_info=&#8221;{}&#8221; da_is_popup=&#8221;off&#8221; da_exit_intent=&#8221;off&#8221; da_has_close=&#8221;on&#8221; da_alt_close=&#8221;off&#8221; da_dark_close=&#8221;off&#8221; da_not_modal=&#8221;on&#8221; da_is_singular=&#8221;off&#8221; da_with_loader=&#8221;off&#8221; da_has_shadow=&#8221;on&#8221;][et_pb_row _builder_version=&#8221;4.27.4&#8243; _module_preset=&#8221;default&#8221; global_colors_info=&#8221;{}&#8221;][et_pb_column type=&#8221;4_4&#8243; _builder_version=&#8221;4.27.4&#8243; _module_preset=&#8221;default&#8221; global_colors_info=&#8221;{}&#8221;][et_pb_divider show_divider=&#8221;off&#8221; _builder_version=&#8221;4.27.4&#8243; _module_preset=&#8221;default&#8221; height=&#8221;194px&#8221; height_tablet=&#8221;194px&#8221; height_phone=&#8221;50px&#8221; height_last_edited=&#8221;on|phone&#8221; global_colors_info=&#8221;{}&#8221;][\/et_pb_divider][\/et_pb_column][\/et_pb_row][\/et_pb_section][et_pb_section fb_built=&#8221;1&#8243; _builder_version=&#8221;4.27.4&#8243; _module_preset=&#8221;default&#8221; da_disable_devices=&#8221;off|off|off&#8221; global_colors_info=&#8221;{}&#8221; da_is_popup=&#8221;off&#8221; da_exit_intent=&#8221;off&#8221; da_has_close=&#8221;on&#8221; da_alt_close=&#8221;off&#8221; da_dark_close=&#8221;off&#8221; da_not_modal=&#8221;on&#8221; da_is_singular=&#8221;off&#8221; da_with_loader=&#8221;off&#8221; da_has_shadow=&#8221;on&#8221;][et_pb_row _builder_version=&#8221;4.27.4&#8243; _module_preset=&#8221;default&#8221; global_colors_info=&#8221;{}&#8221;][et_pb_column type=&#8221;4_4&#8243; _builder_version=&#8221;4.27.4&#8243; _module_preset=&#8221;default&#8221; global_colors_info=&#8221;{}&#8221;][et_pb_text _builder_version=&#8221;4.27.5&#8243; _module_preset=&#8221;default&#8221; text_line_height=&#8221;2em&#8221; header_2_text_color=&#8221;#08447e&#8221; header_2_font_size=&#8221;19px&#8221; header_3_text_color=&#8221;#08447e&#8221; header_3_font_size=&#8221;30px&#8221; global_colors_info=&#8221;{}&#8221;]<\/p>\n<h3>Meie t\u00e4isteenindusele<\/h3>\n<p>WheelTyre toetab s\u00f5idukitootjaid ja importijaid t\u00e4ielike lahendustega rehvide, velgede ja t\u00e4ielikult kokkupandud velje- ja rehvikombinatsioonide valdkonnas. Alates premium-rehvidest ja kvaliteetsetest velgedest kuni t\u00e4ielikult koostatud komplektideni pakume tooteid, mis vastavad k\u00f5rgetele ohutus-, j\u00f5udlus- ja v\u00e4limusstandarditele.<\/p>\n<p>Pakume ka lisateenuseid, nagu ladustamine ja \u00fclem\u00e4\u00e4raste varude tagasiostmine. See v\u00f5imaldab meil j\u00e4tta partneritele v\u00e4hem t\u00f6\u00f6d ja s\u00e4ilitada selgus ja kontroll kogu protsessi v\u00e4ltel.<\/p>\n<p>[\/et_pb_text][\/et_pb_column][\/et_pb_row][et_pb_row column_structure=&#8221;1_2,1_2&#8243; make_equal=&#8221;on&#8221; _builder_version=&#8221;4.27.4&#8243; _module_preset=&#8221;default&#8221; global_colors_info=&#8221;{}&#8221;][et_pb_column type=&#8221;1_2&#8243; _builder_version=&#8221;4.27.4&#8243; _module_preset=&#8221;default&#8221; global_colors_info=&#8221;{}&#8221;][et_pb_image src=&#8221;https:\/\/wheeltyre.com\/wp-content\/uploads\/2026\/01\/wheeltyre-komplektid-et.jpg&#8221; alt=&#8221;Komplektide kokkupanek WheelTyre juures&#8221; title_text=&#8221;Komplektide kokkupanek WheelTyre juures&#8221; _builder_version=&#8221;4.27.5&#8243; _module_preset=&#8221;default&#8221; border_radii=&#8221;on|20px|20px|20px|20px&#8221; global_colors_info=&#8221;{}&#8221;][\/et_pb_image][\/et_pb_column][et_pb_column type=&#8221;1_2&#8243; _builder_version=&#8221;4.27.4&#8243; _module_preset=&#8221;default&#8221; global_colors_info=&#8221;{}&#8221;][et_pb_text _builder_version=&#8221;4.27.5&#8243; _module_preset=&#8221;default&#8221; text_line_height=&#8221;2em&#8221; header_3_text_color=&#8221;#08447e&#8221; custom_css_free_form=&#8221;.et_pb_module table, ||.et_pb_module table td, ||.et_pb_module table th {||  border: none !important;||}||&#8221; global_colors_info=&#8221;{}&#8221;]<\/p>\n<h3>Rataste ja rehvide kombinatsioone<\/h3>\n<p>WheelTyre komplekteerib valmis rataste ja rehvide kombinatsioone, nagu talverehvid, suverehvid ja aastaringse kasutamise rehvid, mis on valmis kohe s\u00f5idukile paigaldamiseks. Meie automaatse paigaldusliini (AFL) abil pakume suurt tootmisv\u00f5imsust ja t\u00f6\u00f6tame kindlate kvaliteedistandardite j\u00e4rgi.<\/p>\n<p>Kokkulepped kooostejuhiste osas s\u00f5lmitakse klientidega ja edastatakse digitaalselt AFL-ile, tagades, et iga komplekt pannakse kokku t\u00e4pselt vastavalt kokkulepitud spetsifikatsioonidele. See liin on meie teenuste keskmes ja v\u00f5imaldab \u00f5igeaegset tarnet s\u00f5idukitootjatele ja importijatele kogu Euroopas. Meie logistika v\u00f5rgustik h\u00f5lmab enam kui 23 riiki, sealhulgas eksporditurud, ja seda haldab meie sisemine transpordiplaneerimise meeskond.<\/p>\n<p>[\/et_pb_text][\/et_pb_column][\/et_pb_row][\/et_pb_section][et_pb_section fb_built=&#8221;1&#8243; _builder_version=&#8221;4.27.4&#8243; _module_preset=&#8221;default&#8221; background_color=&#8221;#f7f7f7&#8243; custom_margin=&#8221;||||false|false&#8221; da_disable_devices=&#8221;off|off|off&#8221; global_colors_info=&#8221;{}&#8221; da_is_popup=&#8221;off&#8221; da_exit_intent=&#8221;off&#8221; da_has_close=&#8221;on&#8221; da_alt_close=&#8221;off&#8221; da_dark_close=&#8221;off&#8221; da_not_modal=&#8221;on&#8221; da_is_singular=&#8221;off&#8221; da_with_loader=&#8221;off&#8221; da_has_shadow=&#8221;on&#8221;][et_pb_row column_structure=&#8221;1_2,1_2&#8243; make_equal=&#8221;on&#8221; _builder_version=&#8221;4.27.4&#8243; _module_preset=&#8221;default&#8221; global_colors_info=&#8221;{}&#8221;][et_pb_column type=&#8221;1_2&#8243; _builder_version=&#8221;4.27.4&#8243; _module_preset=&#8221;default&#8221; global_colors_info=&#8221;{}&#8221;][et_pb_text _builder_version=&#8221;4.27.5&#8243; _module_preset=&#8221;default&#8221; text_line_height=&#8221;2em&#8221; header_3_text_color=&#8221;#08447e&#8221; custom_css_free_form=&#8221;.et_pb_module table, ||.et_pb_module table td, ||.et_pb_module table th {||  border: none !important;||}||&#8221; global_colors_info=&#8221;{}&#8221;]<\/p>\n<h3>Individuaalsete rehvide turustamine<\/h3>\n<p>Haldame juhtivate Euroopa autotootjate rehvide hankimist, ladustamist ja jaotamist. Alates suve- ja talverehvidest kuni aastaringselt kasutatavate rehvideni tagame, et \u00f5ige rehv on \u00f5igel ajal \u00f5iges kohas.<\/p>\n<p>WheelTyre on mitme br\u00e4ndi esindaja, kes tarnib k\u00f5iki rehvibr\u00e4nde \u00fche lepingulise suhte ja \u00fche arveldusvoo kaudu. Meie teenused on kohandatud klientide protsessidega ja integreeritud nende tarneahelasse.<\/p>\n<p>[\/et_pb_text][\/et_pb_column][et_pb_column type=&#8221;1_2&#8243; _builder_version=&#8221;4.27.4&#8243; _module_preset=&#8221;default&#8221; global_colors_info=&#8221;{}&#8221;][et_pb_image src=&#8221;https:\/\/wheeltyre.com\/wp-content\/uploads\/2026\/01\/wheeltyre-rehvide-turustamine-et.jpg&#8221; alt=&#8221;Jaotamine&#8221; title_text=&#8221;Jaotamine&#8221; _builder_version=&#8221;4.27.5&#8243; _module_preset=&#8221;default&#8221; border_radii=&#8221;on|20px|20px|20px|20px&#8221; global_colors_info=&#8221;{}&#8221;][\/et_pb_image][\/et_pb_column][\/et_pb_row][\/et_pb_section][et_pb_section fb_built=&#8221;1&#8243; _builder_version=&#8221;4.27.4&#8243; _module_preset=&#8221;default&#8221; da_disable_devices=&#8221;off|off|off&#8221; global_colors_info=&#8221;{}&#8221; da_is_popup=&#8221;off&#8221; da_exit_intent=&#8221;off&#8221; da_has_close=&#8221;on&#8221; da_alt_close=&#8221;off&#8221; da_dark_close=&#8221;off&#8221; da_not_modal=&#8221;on&#8221; da_is_singular=&#8221;off&#8221; da_with_loader=&#8221;off&#8221; da_has_shadow=&#8221;on&#8221;][et_pb_row column_structure=&#8221;1_2,1_2&#8243; make_equal=&#8221;on&#8221; _builder_version=&#8221;4.27.4&#8243; _module_preset=&#8221;default&#8221; global_colors_info=&#8221;{}&#8221;][et_pb_column type=&#8221;1_2&#8243; _builder_version=&#8221;4.27.4&#8243; _module_preset=&#8221;default&#8221; global_colors_info=&#8221;{}&#8221;][et_pb_image src=&#8221;https:\/\/wheeltyre.com\/wp-content\/uploads\/2026\/01\/wheeltyre-ladustamis-laohoone-et.jpg&#8221; alt=&#8221;Ladu WheelTyre&#8221; title_text=&#8221;Ladu WheelTyre&#8221; _builder_version=&#8221;4.27.5&#8243; _module_preset=&#8221;default&#8221; border_radii=&#8221;on|20px|20px|20px|20px&#8221; global_colors_info=&#8221;{}&#8221;][\/et_pb_image][\/et_pb_column][et_pb_column type=&#8221;1_2&#8243; _builder_version=&#8221;4.27.4&#8243; _module_preset=&#8221;default&#8221; global_colors_info=&#8221;{}&#8221;][et_pb_text _builder_version=&#8221;4.27.5&#8243; _module_preset=&#8221;default&#8221; text_line_height=&#8221;2em&#8221; header_3_text_color=&#8221;#08447e&#8221; custom_css_free_form=&#8221;.et_pb_module table, ||.et_pb_module table td, ||.et_pb_module table th {||  border: none !important;||}||&#8221; global_colors_info=&#8221;{}&#8221;]<\/p>\n<h3>Ladu<\/h3>\n<p>WheelTyre pakub s\u00f5idukitootjatele ja importijatele usaldusv\u00e4\u00e4rset lahendust rehvide, velgede, komplektsete veljeseeriate ja muude komponentide ladustamiseks. K\u00f5ik tooted ladustatakse meie ladudes struktureeritud viisil ja vastavalt kindlaksm\u00e4\u00e4ratud kvaliteedijuhistele.<\/p>\n<p>Toetame kogu protsessi, alates sissetulevate kaupade k\u00e4itlemisest ja kvaliteedikontrollist kuni ladustamise ning v\u00e4ljaminevate kaupade k\u00e4itlemiseni. Selged protsessid ja IT-tugi muudavad ladustamise ja logistika haldamise lihtsaks ning l\u00e4bipaistvaks.<\/p>\n<p>[\/et_pb_text][\/et_pb_column][\/et_pb_row][\/et_pb_section][et_pb_section fb_built=&#8221;1&#8243; _builder_version=&#8221;4.27.4&#8243; _module_preset=&#8221;default&#8221; background_color=&#8221;#f7f7f7&#8243; custom_margin=&#8221;||||false|false&#8221; da_disable_devices=&#8221;off|off|off&#8221; global_colors_info=&#8221;{}&#8221; da_is_popup=&#8221;off&#8221; da_exit_intent=&#8221;off&#8221; da_has_close=&#8221;on&#8221; da_alt_close=&#8221;off&#8221; da_dark_close=&#8221;off&#8221; da_not_modal=&#8221;on&#8221; da_is_singular=&#8221;off&#8221; da_with_loader=&#8221;off&#8221; da_has_shadow=&#8221;on&#8221;][et_pb_row column_structure=&#8221;1_2,1_2&#8243; make_equal=&#8221;on&#8221; _builder_version=&#8221;4.27.4&#8243; _module_preset=&#8221;default&#8221; global_colors_info=&#8221;{}&#8221;][et_pb_column type=&#8221;1_2&#8243; _builder_version=&#8221;4.27.4&#8243; _module_preset=&#8221;default&#8221; global_colors_info=&#8221;{}&#8221;][et_pb_text _builder_version=&#8221;4.27.5&#8243; _module_preset=&#8221;default&#8221; text_line_height=&#8221;2em&#8221; header_3_text_color=&#8221;#08447e&#8221; custom_css_free_form=&#8221;.et_pb_module table, ||.et_pb_module table td, ||.et_pb_module table th {||  border: none !important;||}||&#8221; global_colors_info=&#8221;{}&#8221;]<\/p>\n<h3>Tagasiostud<\/h3>\n<p>WheelTyre pakub partneritele praktilist lahendust \u00fclem\u00e4\u00e4raste ja m\u00fc\u00fcgik\u00f5lbmatute varude jaoks. Ostame need varud ja turustame neid oma rahvusvahelise v\u00f5rgustiku kaudu. See aitab tooteid kiiremini m\u00fc\u00fca, v\u00e4hendab ladustamiskulusid ja eemaldab varud meie partnerite bilansist.<\/p>\n<p>[\/et_pb_text][\/et_pb_column][et_pb_column type=&#8221;1_2&#8243; _builder_version=&#8221;4.27.4&#8243; _module_preset=&#8221;default&#8221; global_colors_info=&#8221;{}&#8221;][et_pb_image src=&#8221;https:\/\/wheeltyre.com\/wp-content\/uploads\/2026\/01\/wheeltyre-Tagasiostud-et.jpg&#8221; alt=&#8221;WheelTyre Tagasiostud&#8221; title_text=&#8221;WheelTyre Tagasiostud&#8221; _builder_version=&#8221;4.27.5&#8243; _module_preset=&#8221;default&#8221; hover_enabled=&#8221;0&#8243; border_radii=&#8221;on|20px|20px|20px|20px&#8221; global_colors_info=&#8221;{}&#8221; sticky_enabled=&#8221;0&#8243;][\/et_pb_image][\/et_pb_column][\/et_pb_row][\/et_pb_section][et_pb_section fb_built=&#8221;1&#8243; _builder_version=&#8221;4.27.4&#8243; _module_preset=&#8221;default&#8221; da_disable_devices=&#8221;off|off|off&#8221; global_colors_info=&#8221;{}&#8221; da_is_popup=&#8221;off&#8221; da_exit_intent=&#8221;off&#8221; da_has_close=&#8221;on&#8221; da_alt_close=&#8221;off&#8221; da_dark_close=&#8221;off&#8221; da_not_modal=&#8221;on&#8221; da_is_singular=&#8221;off&#8221; da_with_loader=&#8221;off&#8221; da_has_shadow=&#8221;on&#8221;][et_pb_row column_structure=&#8221;1_2,1_2&#8243; make_equal=&#8221;on&#8221; _builder_version=&#8221;4.27.4&#8243; _module_preset=&#8221;default&#8221; global_colors_info=&#8221;{}&#8221;][et_pb_column type=&#8221;1_2&#8243; _builder_version=&#8221;4.27.4&#8243; _module_preset=&#8221;default&#8221; global_colors_info=&#8221;{}&#8221;][et_pb_image src=&#8221;https:\/\/wheeltyre.com\/wp-content\/uploads\/2026\/01\/wheeltyre-teenused-et.jpg&#8221; alt=&#8221;Lisateenused&#8221; title_text=&#8221;Lisateenused&#8221; _builder_version=&#8221;4.27.5&#8243; _module_preset=&#8221;default&#8221; border_radii=&#8221;on|20px|20px|20px|20px&#8221; global_colors_info=&#8221;{}&#8221;][\/et_pb_image][\/et_pb_column][et_pb_column type=&#8221;1_2&#8243; _builder_version=&#8221;4.27.4&#8243; _module_preset=&#8221;default&#8221; global_colors_info=&#8221;{}&#8221;][et_pb_text _builder_version=&#8221;4.27.5&#8243; _module_preset=&#8221;default&#8221; text_line_height=&#8221;2em&#8221; header_3_text_color=&#8221;#08447e&#8221; global_colors_info=&#8221;{}&#8221;]<\/p>\n<h3>Lisateenused<\/h3>\n<p>Meie teenused ei piirdu ainult kokkupaneku, turustamise ja ladustamisega. Meie enda veebip\u00f5hise tellimiss\u00fcsteemi WEBDIS kaudu on edasim\u00fc\u00fcjatel reaalajas \u00fclevaade saadaolevatest varudest ja nad saavad tellimusi otse esitada. Pakume ka lisateenuseid, mis lihtsustavad igap\u00e4evast t\u00f6\u00f6d, sealhulgas rehvir\u00f5hu seires\u00fcsteemi (TPMS) teenused, m\u00e4rgistamine, kohandatud pakendamine ja varude haldamine.<\/p>\n<p>WheelTyre t\u00f6\u00f6tab ISO-sertifitseeritud protsesside alusel ja pakub juurdep\u00e4\u00e4su k\u00f5igile Euroopa peamistele rehvitoodetele. See muudab koost\u00f6\u00f6 selgeks, lihtsaks ja usaldusv\u00e4\u00e4rseks.<\/p>\n<p>[\/et_pb_text][\/et_pb_column][\/et_pb_row][\/et_pb_section]<\/p>\n","protected":false},"excerpt":{"rendered":"<p>Meie t\u00e4isteenindusele WheelTyre toetab s\u00f5idukitootjaid ja importijaid t\u00e4ielike lahendustega rehvide, velgede ja t\u00e4ielikult kokkupandud velje- ja rehvikombinatsioonide valdkonnas. Alates premium-rehvidest ja kvaliteetsetest velgedest kuni t\u00e4ielikult koostatud komplektideni pakume tooteid, mis vastavad k\u00f5rgetele ohutus-, j\u00f5udlus- ja v\u00e4limusstandarditele. Pakume ka lisateenuseid, nagu ladustamine ja \u00fclem\u00e4\u00e4raste varude tagasiostmine. See v\u00f5imaldab meil j\u00e4tta partneritele v\u00e4hem t\u00f6\u00f6d ja s\u00e4ilitada selgus [&hellip;]<\/p>\n","protected":false},"author":1,"featured_media":0,"parent":0,"menu_order":0,"comment_status":"closed","ping_status":"closed","template":"","meta":{"_et_pb_use_builder":"on","_et_pb_old_content":"<!-- wp:divi\/placeholder \/-->","_et_gb_content_width":"1080","footnotes":""},"dipi_cpt_category":[],"class_list":["post-1317","page","type-page","status-publish","hentry"],"yoast_head":"<!-- This site is optimized with the Yoast SEO plugin v27.1.1 - https:\/\/yoast.com\/product\/yoast-seo-wordpress\/ -->\n<title>T\u00e4isteenus - WheelTyre<\/title>\n<meta name=\"description\" content=\"WheelTyre toetab autotootjaid ja importijaid terviklike lahendustega rehvide, velgede ja terviklike velje-rehvi kombinatsioonide valdkonnas.\" \/>\n<meta name=\"robots\" content=\"index, follow, max-snippet:-1, max-image-preview:large, max-video-preview:-1\" \/>\n<link rel=\"canonical\" href=\"https:\/\/wheeltyre.com\/et\/taisteenus\/\" \/>\n<meta property=\"og:locale\" content=\"et_EE\" \/>\n<meta property=\"og:type\" content=\"article\" \/>\n<meta property=\"og:title\" content=\"T\u00e4isteenus - WheelTyre\" \/>\n<meta property=\"og:description\" content=\"WheelTyre toetab autotootjaid ja importijaid terviklike lahendustega rehvide, velgede ja terviklike velje-rehvi kombinatsioonide valdkonnas.\" \/>\n<meta property=\"og:url\" content=\"https:\/\/wheeltyre.com\/et\/taisteenus\/\" \/>\n<meta property=\"og:site_name\" content=\"WheelTyre\" \/>\n<meta property=\"article:modified_time\" content=\"2026-01-30T12:27:38+00:00\" \/>\n<meta name=\"twitter:card\" content=\"summary_large_image\" \/>\n<meta name=\"twitter:label1\" content=\"Est. reading time\" \/>\n\t<meta name=\"twitter:data1\" content=\"4 minutit\" \/>\n<script type=\"application\/ld+json\" class=\"yoast-schema-graph\">{\"@context\":\"https:\/\/schema.org\",\"@graph\":[{\"@type\":\"WebPage\",\"@id\":\"https:\/\/wheeltyre.com\/et\/taisteenus\/\",\"url\":\"https:\/\/wheeltyre.com\/et\/taisteenus\/\",\"name\":\"T\u00e4isteenus - WheelTyre\",\"isPartOf\":{\"@id\":\"https:\/\/wheeltyre.com\/et\/#website\"},\"datePublished\":\"2025-10-06T08:13:10+00:00\",\"dateModified\":\"2026-01-30T12:27:38+00:00\",\"description\":\"WheelTyre toetab autotootjaid ja importijaid terviklike lahendustega rehvide, velgede ja terviklike velje-rehvi kombinatsioonide valdkonnas.\",\"breadcrumb\":{\"@id\":\"https:\/\/wheeltyre.com\/et\/taisteenus\/#breadcrumb\"},\"inLanguage\":\"et\",\"potentialAction\":[{\"@type\":\"ReadAction\",\"target\":[\"https:\/\/wheeltyre.com\/et\/taisteenus\/\"]}]},{\"@type\":\"BreadcrumbList\",\"@id\":\"https:\/\/wheeltyre.com\/et\/taisteenus\/#breadcrumb\",\"itemListElement\":[{\"@type\":\"ListItem\",\"position\":1,\"name\":\"Home\",\"item\":\"https:\/\/wheeltyre.com\/et\/\"},{\"@type\":\"ListItem\",\"position\":2,\"name\":\"T\u00e4isteenus\"}]},{\"@type\":\"WebSite\",\"@id\":\"https:\/\/wheeltyre.com\/et\/#website\",\"url\":\"https:\/\/wheeltyre.com\/et\/\",\"name\":\"WheelTyre\",\"description\":\"One partner. Full service.\",\"potentialAction\":[{\"@type\":\"SearchAction\",\"target\":{\"@type\":\"EntryPoint\",\"urlTemplate\":\"https:\/\/wheeltyre.com\/et\/?s={search_term_string}\"},\"query-input\":{\"@type\":\"PropertyValueSpecification\",\"valueRequired\":true,\"valueName\":\"search_term_string\"}}],\"inLanguage\":\"et\"}]}<\/script>\n<!-- \/ Yoast SEO plugin. -->","yoast_head_json":{"title":"T\u00e4isteenus - WheelTyre","description":"WheelTyre toetab autotootjaid ja importijaid terviklike lahendustega rehvide, velgede ja terviklike velje-rehvi kombinatsioonide valdkonnas.","robots":{"index":"index","follow":"follow","max-snippet":"max-snippet:-1","max-image-preview":"max-image-preview:large","max-video-preview":"max-video-preview:-1"},"canonical":"https:\/\/wheeltyre.com\/et\/taisteenus\/","og_locale":"et_EE","og_type":"article","og_title":"T\u00e4isteenus - WheelTyre","og_description":"WheelTyre toetab autotootjaid ja importijaid terviklike lahendustega rehvide, velgede ja terviklike velje-rehvi kombinatsioonide valdkonnas.","og_url":"https:\/\/wheeltyre.com\/et\/taisteenus\/","og_site_name":"WheelTyre","article_modified_time":"2026-01-30T12:27:38+00:00","twitter_card":"summary_large_image","twitter_misc":{"Est. reading time":"4 minutit"},"schema":{"@context":"https:\/\/schema.org","@graph":[{"@type":"WebPage","@id":"https:\/\/wheeltyre.com\/et\/taisteenus\/","url":"https:\/\/wheeltyre.com\/et\/taisteenus\/","name":"T\u00e4isteenus - WheelTyre","isPartOf":{"@id":"https:\/\/wheeltyre.com\/et\/#website"},"datePublished":"2025-10-06T08:13:10+00:00","dateModified":"2026-01-30T12:27:38+00:00","description":"WheelTyre toetab autotootjaid ja importijaid terviklike lahendustega rehvide, velgede ja terviklike velje-rehvi kombinatsioonide valdkonnas.","breadcrumb":{"@id":"https:\/\/wheeltyre.com\/et\/taisteenus\/#breadcrumb"},"inLanguage":"et","potentialAction":[{"@type":"ReadAction","target":["https:\/\/wheeltyre.com\/et\/taisteenus\/"]}]},{"@type":"BreadcrumbList","@id":"https:\/\/wheeltyre.com\/et\/taisteenus\/#breadcrumb","itemListElement":[{"@type":"ListItem","position":1,"name":"Home","item":"https:\/\/wheeltyre.com\/et\/"},{"@type":"ListItem","position":2,"name":"T\u00e4isteenus"}]},{"@type":"WebSite","@id":"https:\/\/wheeltyre.com\/et\/#website","url":"https:\/\/wheeltyre.com\/et\/","name":"WheelTyre","description":"One partner. Full service.","potentialAction":[{"@type":"SearchAction","target":{"@type":"EntryPoint","urlTemplate":"https:\/\/wheeltyre.com\/et\/?s={search_term_string}"},"query-input":{"@type":"PropertyValueSpecification","valueRequired":true,"valueName":"search_term_string"}}],"inLanguage":"et"}]}},"_links":{"self":[{"href":"https:\/\/wheeltyre.com\/et\/wp-json\/wp\/v2\/pages\/1317","targetHints":{"allow":["GET"]}}],"collection":[{"href":"https:\/\/wheeltyre.com\/et\/wp-json\/wp\/v2\/pages"}],"about":[{"href":"https:\/\/wheeltyre.com\/et\/wp-json\/wp\/v2\/types\/page"}],"author":[{"embeddable":true,"href":"https:\/\/wheeltyre.com\/et\/wp-json\/wp\/v2\/users\/1"}],"replies":[{"embeddable":true,"href":"https:\/\/wheeltyre.com\/et\/wp-json\/wp\/v2\/comments?post=1317"}],"version-history":[{"count":9,"href":"https:\/\/wheeltyre.com\/et\/wp-json\/wp\/v2\/pages\/1317\/revisions"}],"predecessor-version":[{"id":2277,"href":"https:\/\/wheeltyre.com\/et\/wp-json\/wp\/v2\/pages\/1317\/revisions\/2277"}],"wp:attachment":[{"href":"https:\/\/wheeltyre.com\/et\/wp-json\/wp\/v2\/media?parent=1317"}],"wp:term":[{"taxonomy":"dipi_cpt_category","embeddable":true,"href":"https:\/\/wheeltyre.com\/et\/wp-json\/wp\/v2\/dipi_cpt_category?post=1317"}],"curies":[{"name":"wp","href":"https:\/\/api.w.org\/{rel}","templated":true}]}}