{"id":1314,"date":"2025-10-08T09:36:51","date_gmt":"2025-10-08T09:36:51","guid":{"rendered":"https:\/\/wheeltyre.com\/disclaimer\/"},"modified":"2026-01-29T12:12:16","modified_gmt":"2026-01-29T12:12:16","slug":"lahtiutlus","status":"publish","type":"page","link":"https:\/\/wheeltyre.com\/et\/lahtiutlus\/","title":{"rendered":"Lahti\u00fctlus"},"content":{"rendered":"<p>[et_pb_section fb_built=&#8221;1&#8243; _builder_version=&#8221;4.27.4&#8243; _module_preset=&#8221;default&#8221; da_disable_devices=&#8221;off|off|off&#8221; global_colors_info=&#8221;{}&#8221; da_is_popup=&#8221;off&#8221; da_exit_intent=&#8221;off&#8221; da_has_close=&#8221;on&#8221; da_alt_close=&#8221;off&#8221; da_dark_close=&#8221;off&#8221; da_not_modal=&#8221;on&#8221; da_is_singular=&#8221;off&#8221; da_with_loader=&#8221;off&#8221; da_has_shadow=&#8221;on&#8221;][et_pb_row _builder_version=&#8221;4.27.4&#8243; _module_preset=&#8221;default&#8221; global_colors_info=&#8221;{}&#8221;][et_pb_column type=&#8221;4_4&#8243; _builder_version=&#8221;4.27.4&#8243; _module_preset=&#8221;default&#8221; global_colors_info=&#8221;{}&#8221;][et_pb_text _builder_version=&#8221;4.27.5&#8243; _module_preset=&#8221;default&#8221; header_5_text_color=&#8221;#08447e&#8221; header_5_font_size=&#8221;30px&#8221; header_6_text_color=&#8221;#08447e&#8221; header_6_font_size=&#8221;20px&#8221; hover_enabled=&#8221;0&#8243; custom_css_free_form=&#8221;a{color:#F9AF15;}&#8221; global_colors_info=&#8221;{}&#8221; sticky_enabled=&#8221;0&#8243;]<\/p>\n<h5>Lahti\u00fctlus<\/h5>\n<p>Kuigi k\u00e4esolev veebisait on koostatud suurima hoolikusega, ei saa WheelTyre B.V. ja selle t\u00fctarettev\u00f5tted tagada, et esitatud teave on t\u00e4ielik, t\u00e4pne v\u00f5i ajakohane. K\u00e4esoleva veebisaidi sisust ei saa tuletada mingeid \u00f5igusi.<\/p>\n<p>WheelTyre B.V. ei vastuta k\u00e4esoleval veebisaidil k\u00e4ttesaadava teabe kasutamisest tulenevate otseste v\u00f5i kaudsete kahjude eest. K\u00e4esoleva veebisaidi ja selle sisalduva teabe kasutamine on t\u00e4ielikult kasutaja enda vastutusel.<\/p>\n<p>Pildid, logod, tootenimed ja kaubam\u00e4rgid on ja j\u00e4\u00e4vad tootjate ja\/v\u00f5i tarnijate omandiks. Nende kasutamine on m\u00f5eldud ainult tootekirjelduste selgitamiseks ja potentsiaalsete ostjate asjakohaseks teavitamiseks.<\/p>\n<p>WheelTyre B.V. j\u00e4tab endale \u00f5iguse muuta k\u00e4esoleva veebisaidi sisu igal ajal ja ilma eelneva etteteatamiseta. \u00d5igused vigade, tr\u00fckivigade v\u00f5i vorminguvigade parandamiseks ning spetsifikatsioonide muutmiseks on endale j\u00e4etud.<\/p>\n<p>[\/et_pb_text][\/et_pb_column][\/et_pb_row][\/et_pb_section]<\/p>\n","protected":false},"excerpt":{"rendered":"<p>Lahti\u00fctlus Kuigi k\u00e4esolev veebisait on koostatud suurima hoolikusega, ei saa WheelTyre B.V. ja selle t\u00fctarettev\u00f5tted tagada, et esitatud teave on t\u00e4ielik, t\u00e4pne v\u00f5i ajakohane. K\u00e4esoleva veebisaidi sisust ei saa tuletada mingeid \u00f5igusi. WheelTyre B.V. ei vastuta k\u00e4esoleval veebisaidil k\u00e4ttesaadava teabe kasutamisest tulenevate otseste v\u00f5i kaudsete kahjude eest. K\u00e4esoleva veebisaidi ja selle sisalduva teabe kasutamine on [&hellip;]<\/p>\n","protected":false},"author":1,"featured_media":0,"parent":0,"menu_order":0,"comment_status":"closed","ping_status":"closed","template":"","meta":{"_et_pb_use_builder":"on","_et_pb_old_content":"","_et_gb_content_width":"","footnotes":""},"dipi_cpt_category":[],"class_list":["post-1314","page","type-page","status-publish","hentry"],"yoast_head":"<!-- This site is optimized with the Yoast SEO plugin v27.1.1 - https:\/\/yoast.com\/product\/yoast-seo-wordpress\/ -->\n<title>Lahti\u00fctlus - WheelTyre<\/title>\n<meta name=\"robots\" content=\"noindex, follow\" \/>\n<meta property=\"og:locale\" content=\"et_EE\" \/>\n<meta property=\"og:type\" content=\"article\" \/>\n<meta property=\"og:title\" content=\"Lahti\u00fctlus - WheelTyre\" \/>\n<meta property=\"og:description\" content=\"Lahti\u00fctlus Kuigi k\u00e4esolev veebisait on koostatud suurima hoolikusega, ei saa WheelTyre B.V. ja selle t\u00fctarettev\u00f5tted tagada, et esitatud teave on t\u00e4ielik, t\u00e4pne v\u00f5i ajakohane. K\u00e4esoleva veebisaidi sisust ei saa tuletada mingeid \u00f5igusi. WheelTyre B.V. ei vastuta k\u00e4esoleval veebisaidil k\u00e4ttesaadava teabe kasutamisest tulenevate otseste v\u00f5i kaudsete kahjude eest. K\u00e4esoleva veebisaidi ja selle sisalduva teabe kasutamine on [&hellip;]\" \/>\n<meta property=\"og:url\" content=\"https:\/\/wheeltyre.com\/et\/lahtiutlus\/\" \/>\n<meta property=\"og:site_name\" content=\"WheelTyre\" \/>\n<meta property=\"article:modified_time\" content=\"2026-01-29T12:12:16+00:00\" \/>\n<meta name=\"twitter:card\" content=\"summary_large_image\" \/>\n<meta name=\"twitter:label1\" content=\"Est. reading time\" \/>\n\t<meta name=\"twitter:data1\" content=\"1 minut\" \/>\n<script type=\"application\/ld+json\" class=\"yoast-schema-graph\">{\"@context\":\"https:\/\/schema.org\",\"@graph\":[{\"@type\":\"WebPage\",\"@id\":\"https:\/\/wheeltyre.com\/et\/lahtiutlus\/\",\"url\":\"https:\/\/wheeltyre.com\/et\/lahtiutlus\/\",\"name\":\"Lahti\u00fctlus - WheelTyre\",\"isPartOf\":{\"@id\":\"https:\/\/wheeltyre.com\/et\/#website\"},\"datePublished\":\"2025-10-08T09:36:51+00:00\",\"dateModified\":\"2026-01-29T12:12:16+00:00\",\"breadcrumb\":{\"@id\":\"https:\/\/wheeltyre.com\/et\/lahtiutlus\/#breadcrumb\"},\"inLanguage\":\"et\",\"potentialAction\":[{\"@type\":\"ReadAction\",\"target\":[\"https:\/\/wheeltyre.com\/et\/lahtiutlus\/\"]}]},{\"@type\":\"BreadcrumbList\",\"@id\":\"https:\/\/wheeltyre.com\/et\/lahtiutlus\/#breadcrumb\",\"itemListElement\":[{\"@type\":\"ListItem\",\"position\":1,\"name\":\"Home\",\"item\":\"https:\/\/wheeltyre.com\/et\/\"},{\"@type\":\"ListItem\",\"position\":2,\"name\":\"Lahti\u00fctlus\"}]},{\"@type\":\"WebSite\",\"@id\":\"https:\/\/wheeltyre.com\/et\/#website\",\"url\":\"https:\/\/wheeltyre.com\/et\/\",\"name\":\"WheelTyre\",\"description\":\"One partner. Full service.\",\"potentialAction\":[{\"@type\":\"SearchAction\",\"target\":{\"@type\":\"EntryPoint\",\"urlTemplate\":\"https:\/\/wheeltyre.com\/et\/?s={search_term_string}\"},\"query-input\":{\"@type\":\"PropertyValueSpecification\",\"valueRequired\":true,\"valueName\":\"search_term_string\"}}],\"inLanguage\":\"et\"}]}<\/script>\n<!-- \/ Yoast SEO plugin. -->","yoast_head_json":{"title":"Lahti\u00fctlus - WheelTyre","robots":{"index":"noindex","follow":"follow"},"og_locale":"et_EE","og_type":"article","og_title":"Lahti\u00fctlus - WheelTyre","og_description":"Lahti\u00fctlus Kuigi k\u00e4esolev veebisait on koostatud suurima hoolikusega, ei saa WheelTyre B.V. ja selle t\u00fctarettev\u00f5tted tagada, et esitatud teave on t\u00e4ielik, t\u00e4pne v\u00f5i ajakohane. K\u00e4esoleva veebisaidi sisust ei saa tuletada mingeid \u00f5igusi. WheelTyre B.V. ei vastuta k\u00e4esoleval veebisaidil k\u00e4ttesaadava teabe kasutamisest tulenevate otseste v\u00f5i kaudsete kahjude eest. K\u00e4esoleva veebisaidi ja selle sisalduva teabe kasutamine on [&hellip;]","og_url":"https:\/\/wheeltyre.com\/et\/lahtiutlus\/","og_site_name":"WheelTyre","article_modified_time":"2026-01-29T12:12:16+00:00","twitter_card":"summary_large_image","twitter_misc":{"Est. reading time":"1 minut"},"schema":{"@context":"https:\/\/schema.org","@graph":[{"@type":"WebPage","@id":"https:\/\/wheeltyre.com\/et\/lahtiutlus\/","url":"https:\/\/wheeltyre.com\/et\/lahtiutlus\/","name":"Lahti\u00fctlus - WheelTyre","isPartOf":{"@id":"https:\/\/wheeltyre.com\/et\/#website"},"datePublished":"2025-10-08T09:36:51+00:00","dateModified":"2026-01-29T12:12:16+00:00","breadcrumb":{"@id":"https:\/\/wheeltyre.com\/et\/lahtiutlus\/#breadcrumb"},"inLanguage":"et","potentialAction":[{"@type":"ReadAction","target":["https:\/\/wheeltyre.com\/et\/lahtiutlus\/"]}]},{"@type":"BreadcrumbList","@id":"https:\/\/wheeltyre.com\/et\/lahtiutlus\/#breadcrumb","itemListElement":[{"@type":"ListItem","position":1,"name":"Home","item":"https:\/\/wheeltyre.com\/et\/"},{"@type":"ListItem","position":2,"name":"Lahti\u00fctlus"}]},{"@type":"WebSite","@id":"https:\/\/wheeltyre.com\/et\/#website","url":"https:\/\/wheeltyre.com\/et\/","name":"WheelTyre","description":"One partner. Full service.","potentialAction":[{"@type":"SearchAction","target":{"@type":"EntryPoint","urlTemplate":"https:\/\/wheeltyre.com\/et\/?s={search_term_string}"},"query-input":{"@type":"PropertyValueSpecification","valueRequired":true,"valueName":"search_term_string"}}],"inLanguage":"et"}]}},"_links":{"self":[{"href":"https:\/\/wheeltyre.com\/et\/wp-json\/wp\/v2\/pages\/1314","targetHints":{"allow":["GET"]}}],"collection":[{"href":"https:\/\/wheeltyre.com\/et\/wp-json\/wp\/v2\/pages"}],"about":[{"href":"https:\/\/wheeltyre.com\/et\/wp-json\/wp\/v2\/types\/page"}],"author":[{"embeddable":true,"href":"https:\/\/wheeltyre.com\/et\/wp-json\/wp\/v2\/users\/1"}],"replies":[{"embeddable":true,"href":"https:\/\/wheeltyre.com\/et\/wp-json\/wp\/v2\/comments?post=1314"}],"version-history":[{"count":4,"href":"https:\/\/wheeltyre.com\/et\/wp-json\/wp\/v2\/pages\/1314\/revisions"}],"predecessor-version":[{"id":1494,"href":"https:\/\/wheeltyre.com\/et\/wp-json\/wp\/v2\/pages\/1314\/revisions\/1494"}],"wp:attachment":[{"href":"https:\/\/wheeltyre.com\/et\/wp-json\/wp\/v2\/media?parent=1314"}],"wp:term":[{"taxonomy":"dipi_cpt_category","embeddable":true,"href":"https:\/\/wheeltyre.com\/et\/wp-json\/wp\/v2\/dipi_cpt_category?post=1314"}],"curies":[{"name":"wp","href":"https:\/\/api.w.org\/{rel}","templated":true}]}}