{"id":2134,"date":"2025-10-06T08:11:37","date_gmt":"2025-10-06T08:11:37","guid":{"rendered":"https:\/\/wheeltyre.com\/over-wheeltyre\/"},"modified":"2026-01-30T12:52:55","modified_gmt":"2026-01-30T12:52:55","slug":"sobre-wheeltyre","status":"publish","type":"page","link":"https:\/\/wheeltyre.com\/es\/sobre-wheeltyre\/","title":{"rendered":"Sobre WheelTyre"},"content":{"rendered":"<p>[et_pb_section fb_built=\u00bb1&#8243; admin_label=\u00bbSection\u00bb _builder_version=\u00bb4.27.5&#8243; _module_preset=\u00bbdefault\u00bb background_image=\u00bbhttps:\/\/wheeltyre.com\/wp-content\/uploads\/2026\/01\/wheeltyre-acerca-de-nosotros-es.jpg\u00bb background_position=\u00bbtop_center\u00bb background_vertical_offset=\u00bb19%\u00bb da_disable_devices=\u00bboff|off|off\u00bb global_colors_info=\u00bb{}\u00bb da_is_popup=\u00bboff\u00bb da_exit_intent=\u00bboff\u00bb da_has_close=\u00bbon\u00bb da_alt_close=\u00bboff\u00bb da_dark_close=\u00bboff\u00bb da_not_modal=\u00bbon\u00bb da_is_singular=\u00bboff\u00bb da_with_loader=\u00bboff\u00bb da_has_shadow=\u00bbon\u00bb][et_pb_row _builder_version=\u00bb4.27.4&#8243; _module_preset=\u00bbdefault\u00bb global_colors_info=\u00bb{}\u00bb][et_pb_column type=\u00bb4_4&#8243; _builder_version=\u00bb4.27.4&#8243; _module_preset=\u00bbdefault\u00bb global_colors_info=\u00bb{}\u00bb][et_pb_divider show_divider=\u00bboff\u00bb _builder_version=\u00bb4.27.4&#8243; _module_preset=\u00bbdefault\u00bb height=\u00bb194px\u00bb height_tablet=\u00bb194px\u00bb height_phone=\u00bb50px\u00bb height_last_edited=\u00bbon|phone\u00bb global_colors_info=\u00bb{}\u00bb][\/et_pb_divider][\/et_pb_column][\/et_pb_row][\/et_pb_section][et_pb_section fb_built=\u00bb1&#8243; admin_label=\u00bbSection\u00bb _builder_version=\u00bb4.27.4&#8243; _module_preset=\u00bbdefault\u00bb da_disable_devices=\u00bboff|off|off\u00bb global_colors_info=\u00bb{}\u00bb da_is_popup=\u00bboff\u00bb da_exit_intent=\u00bboff\u00bb da_has_close=\u00bbon\u00bb da_alt_close=\u00bboff\u00bb da_dark_close=\u00bboff\u00bb da_not_modal=\u00bbon\u00bb da_is_singular=\u00bboff\u00bb da_with_loader=\u00bboff\u00bb da_has_shadow=\u00bbon\u00bb][et_pb_row _builder_version=\u00bb4.27.4&#8243; _module_preset=\u00bbdefault\u00bb global_colors_info=\u00bb{}\u00bb][et_pb_column type=\u00bb4_4&#8243; _builder_version=\u00bb4.27.4&#8243; _module_preset=\u00bbdefault\u00bb global_colors_info=\u00bb{}\u00bb][et_pb_text _builder_version=\u00bb4.27.5&#8243; _module_preset=\u00bbdefault\u00bb text_line_height=\u00bb2em\u00bb header_2_text_color=\u00bb#08447e\u00bb header_2_font_size=\u00bb19px\u00bb header_3_text_color=\u00bb#08447e\u00bb header_3_font_size=\u00bb30px\u00bb header_5_font_size=\u00bb20px\u00bb header_5_line_height=\u00bb2.5em\u00bb global_colors_info=\u00bb{}\u00bb]<\/p>\n<h3>Sobre WheelTyre<\/h3>\n<p>WheelTyre presta servicio a los fabricantes e importadores de veh\u00edculos en toda Europa gestionando todo el proceso operativo de neum\u00e1ticos, llantas y juegos completos, desde la compra hasta la entrega. Con la inform\u00e1tica y los informes integrados, trabajamos con conjuntos de datos compartidos y proporcionamos a nuestros socios las informaciones correctas en el momento adecuado. Los servicios flexibles y un flujo de facturaci\u00f3n claro simplifican la colaboraci\u00f3n.<\/p>\n<p>Con nuestro enfoque de servicio completo, saber hacer y servicio personal, los socios pueden fiarse de un proveedor de confianza para todos los neum\u00e1ticos, juegos completos, llantas y servicios relacionados. Esto permite a los fabricantes, importadores y concesionarios de veh\u00edculos enfocarse en sus actividades principales, mientras que nosotros nos encargamos del resto.<\/p>\n<h5><b style=\"color: #08447e;\">ONE PARTNER. FULL SERVICE.<\/b><\/h5>\n<p>[\/et_pb_text][\/et_pb_column][\/et_pb_row][\/et_pb_section][et_pb_section fb_built=\u00bb1&#8243; admin_label=\u00bbSection\u00bb _builder_version=\u00bb4.27.4&#8243; _module_preset=\u00bbdefault\u00bb background_color=\u00bb#f7f7f7&#8243; custom_margin=\u00bb-30px||||false|false\u00bb da_disable_devices=\u00bboff|off|off\u00bb global_colors_info=\u00bb{}\u00bb da_is_popup=\u00bboff\u00bb da_exit_intent=\u00bboff\u00bb da_has_close=\u00bbon\u00bb da_alt_close=\u00bboff\u00bb da_dark_close=\u00bboff\u00bb da_not_modal=\u00bbon\u00bb da_is_singular=\u00bboff\u00bb da_with_loader=\u00bboff\u00bb da_has_shadow=\u00bbon\u00bb][et_pb_row _builder_version=\u00bb4.27.4&#8243; _module_preset=\u00bbdefault\u00bb global_colors_info=\u00bb{}\u00bb][et_pb_column type=\u00bb4_4&#8243; _builder_version=\u00bb4.27.4&#8243; _module_preset=\u00bbdefault\u00bb global_colors_info=\u00bb{}\u00bb][et_pb_text content_tablet=\u00bb<\/p>\n<h5>Benieuwd naar wat we doen?<\/h5>\n<p>\u00bb content_phone=\u00bb<\/p>\n<h5>Benieuwd naar<\/h5>\n<h5>wat we doen?<\/h5>\n<p>\u00bb content_last_edited=\u00bbon|phone\u00bb _builder_version=\u00bb4.27.5&#8243; _module_preset=\u00bbdefault\u00bb text_line_height=\u00bb2.2em\u00bb header_2_text_color=\u00bb#08447e\u00bb header_2_font_size=\u00bb19px\u00bb header_3_text_color=\u00bb#08447e\u00bb header_3_font_size=\u00bb30px\u00bb header_5_text_color=\u00bb#08447e\u00bb header_5_font_size=\u00bb30px\u00bb text_orientation=\u00bbcenter\u00bb custom_margin=\u00bb||15px||false|false\u00bb header_5_font_size_tablet=\u00bb30px\u00bb header_5_font_size_phone=\u00bb25px\u00bb header_5_font_size_last_edited=\u00bbon|phone\u00bb header_5_line_height_tablet=\u00bb\u00bb header_5_line_height_phone=\u00bb0.7em\u00bb header_5_line_height_last_edited=\u00bbon|phone\u00bb global_colors_info=\u00bb{}\u00bb]<\/p>\n<h5>\u00bfQuiere saber c\u00f3mo trabajamos?<\/h5>\n<p><em>Descubra nuestro enfoque de servicio completo.<\/em><\/p>\n<p><em> <\/em><\/p>\n<p><em><\/em><\/p>\n<p>[\/et_pb_text][et_pb_button button_url=\u00bb#video-WHT\u00bb button_text=\u00bbVea nuestro v\u00eddeo\u00bb button_alignment=\u00bbcenter\u00bb _builder_version=\u00bb4.27.5&#8243; _module_preset=\u00bbdefault\u00bb custom_button=\u00bbon\u00bb button_text_size=\u00bb17px\u00bb button_text_color=\u00bb#FFFFFF\u00bb button_bg_color=\u00bb#f9af15&#8243; button_border_width=\u00bb0px\u00bb button_border_radius=\u00bb7px\u00bb button_icon=\u00bb&#x49;||divi||400&#8243; button_icon_placement=\u00bbleft\u00bb button_on_hover=\u00bboff\u00bb custom_padding=\u00bb|60px||60px|false|true\u00bb global_colors_info=\u00bb{}\u00bb button_bg_color__hover_enabled=\u00bbon|hover\u00bb button_bg_color__hover=\u00bb#f49f19&#8243; button_bg_enable_color__hover=\u00bbon\u00bb][\/et_pb_button][\/et_pb_column][\/et_pb_row][\/et_pb_section][et_pb_section fb_built=\u00bb1&#8243; admin_label=\u00bbPopup &#8211; #video-WHT\u00bb module_id=\u00bbvideo-WHT\u00bb module_class=\u00bbpopup\u00bb _builder_version=\u00bb4.27.4&#8243; _module_preset=\u00bbdefault\u00bb background_color=\u00bb#08447e\u00bb use_background_color_gradient=\u00bbon\u00bb background_color_gradient_stops=\u00bbrgba(8,68,126,0.9) 0%|rgba(8,68,126,0.9) 100%\u00bb background_enable_image=\u00bboff\u00bb width=\u00bb69%\u00bb custom_margin=\u00bb||||false|false\u00bb custom_padding=\u00bb30px||10px||false|false\u00bb da_is_popup=\u00bbon\u00bb da_popup_slug=\u00bbvideo-WHT\u00bb da_disable_devices=\u00bboff|off|off\u00bb border_radii=\u00bbon|20px|20px|20px|20px\u00bb global_colors_info=\u00bb{}\u00bb da_exit_intent=\u00bboff\u00bb da_has_close=\u00bbon\u00bb da_alt_close=\u00bboff\u00bb da_dark_close=\u00bboff\u00bb da_not_modal=\u00bbon\u00bb da_is_singular=\u00bboff\u00bb da_with_loader=\u00bboff\u00bb da_has_shadow=\u00bbon\u00bb][et_pb_row _builder_version=\u00bb4.27.4&#8243; _module_preset=\u00bbdefault\u00bb global_colors_info=\u00bb{}\u00bb][et_pb_column type=\u00bb4_4&#8243; _builder_version=\u00bb4.27.4&#8243; _module_preset=\u00bbdefault\u00bb global_colors_info=\u00bb{}\u00bb][et_pb_video src=\u00bbhttps:\/\/www.youtube.com\/watch?v=D5vawPI9-Is\u00bb _builder_version=\u00bb4.27.4&#8243; _module_preset=\u00bbdefault\u00bb global_colors_info=\u00bb{}\u00bb][\/et_pb_video][et_pb_text _builder_version=\u00bb4.27.5&#8243; _module_preset=\u00bbdefault\u00bb text_font=\u00bb|600|||||||\u00bb text_text_color=\u00bb#FFFFFF\u00bb text_orientation=\u00bbcenter\u00bb custom_margin=\u00bb||||false|false\u00bb custom_padding=\u00bb||||false|false\u00bb global_colors_info=\u00bb{}\u00bb]<\/p>\n<p>WheelTyre | V\u00eddeo corporativo<\/p>\n<p>[\/et_pb_text][\/et_pb_column][\/et_pb_row][\/et_pb_section][et_pb_section fb_built=\u00bb1&#8243; admin_label=\u00bbSection\u00bb _builder_version=\u00bb4.27.5&#8243; _module_preset=\u00bbdefault\u00bb background_image=\u00bbhttps:\/\/wheeltyre.com\/wp-content\/uploads\/2026\/01\/EU-tarjeta-es.png\u00bb background_size=\u00bbcustom\u00bb background_image_height=\u00bb100%\u00bb background_position=\u00bbbottom_right\u00bb height=\u00bb725px\u00bb height_tablet=\u00bb725px\u00bb height_phone=\u00bbauto\u00bb height_last_edited=\u00bbon|phone\u00bb custom_margin=\u00bb0px||||false|false\u00bb custom_padding=\u00bb0px||||false|false\u00bb background_last_edited=\u00bbon|phone\u00bb background_enable_image_phone=\u00bboff\u00bb da_disable_devices=\u00bboff|off|off\u00bb global_colors_info=\u00bb{}\u00bb da_is_popup=\u00bboff\u00bb da_exit_intent=\u00bboff\u00bb da_has_close=\u00bbon\u00bb da_alt_close=\u00bboff\u00bb da_dark_close=\u00bboff\u00bb da_not_modal=\u00bbon\u00bb da_is_singular=\u00bboff\u00bb da_with_loader=\u00bboff\u00bb da_has_shadow=\u00bbon\u00bb][et_pb_row column_structure=\u00bb1_2,1_2&#8243; custom_padding_last_edited=\u00bbon|phone\u00bb _builder_version=\u00bb4.27.4&#8243; _module_preset=\u00bbdefault\u00bb min_height_tablet=\u00bb\u00bb min_height_phone=\u00bb\u00bb min_height_last_edited=\u00bbon|phone\u00bb custom_margin_tablet=\u00bb\u00bb custom_margin_phone=\u00bb||||false|false\u00bb custom_margin_last_edited=\u00bbon|desktop\u00bb custom_padding_tablet=\u00bb\u00bb custom_padding_phone=\u00bb||0px||false|false\u00bb global_colors_info=\u00bb{}\u00bb][et_pb_column type=\u00bb1_2&#8243; _builder_version=\u00bb4.27.4&#8243; _module_preset=\u00bbdefault\u00bb global_colors_info=\u00bb{}\u00bb][et_pb_text _builder_version=\u00bb4.27.5&#8243; _module_preset=\u00bbdefault\u00bb text_line_height=\u00bb2em\u00bb header_2_text_color=\u00bb#08447e\u00bb header_2_font_size=\u00bb19px\u00bb header_3_text_color=\u00bb#08447e\u00bb header_3_font_size=\u00bb30px\u00bb custom_margin=\u00bb60px||||false|false\u00bb hover_enabled=\u00bb0&#8243; header_3_font_size_tablet=\u00bb30px\u00bb header_3_font_size_phone=\u00bb25px\u00bb header_3_font_size_last_edited=\u00bbon|phone\u00bb custom_css_free_form=\u00bb.et_pb_module table, ||.et_pb_module table td, ||.et_pb_module table th {||  border: none !important;||}||.dot {||  display: inline-block;||  width: 18px;||  height: 18px;||  border-radius: 50%;||}||.dot.orange {||  background-color: orange;||}||.dot.green {||  background-color: LimeGreen;||}\u00bb global_colors_info=\u00bb{}\u00bb content_last_edited=\u00bbon|phone\u00bb sticky_enabled=\u00bb0&#8243; content_phone=\u00bb<\/p>\n<h3>Red europea<\/h3>\n<p>Con base en los Pa\u00edses Bajos, WheelTyre est\u00e1 orgulloso de servir a clientes en toda Europa. Por medio de una potente red log\u00edstica y un servicio de atenci\u00f3n multiling\u00fce, garantizamos que cada entrega llegue a su destino de forma r\u00e1pida y fiable.<\/p>\n<p>&nbsp;<\/p>\n<table style=%22border-collapse: collapse; width: 100%;%22>\n<tbody>\n<tr>\n<td style=%22width: 10%; border: none; vertical-align: top; padding: 5px;%22><i style=%22color: #f9af15;%22 class=%22fa-solid fa-check%22><\/i><\/td>\n<td style=%22width: 90%; border: none; padding: 5px;%22>Red europea de almacenes y de l\u00edneas de montaje<\/td>\n<\/tr>\n<tr>\n<td style=%22width: 10%; border: none; vertical-align: top; padding: 5px;%22><i style=%22color: #f9af15;%22 class=%22fa-solid fa-check%22><\/i><\/td>\n<td style=%22width: 90%; border: none; padding: 5px;%22>Un socio para los neum\u00e1ticos, llantas, juegos completos y servicios relacionados<\/td>\n<\/tr>\n<tr>\n<td style=%22width: 10%; border: none; vertical-align: top; padding: 5px;%22><i style=%22color: #f9af15;%22 class=%22fa-solid fa-check%22><\/i><\/td>\n<td style=%22width: 90%; border: none; padding: 5px;%22>Entrega r\u00e1pida dentro de la UE<\/td>\n<\/tr>\n<tr>\n<td style=%22width: 10%; border: none; vertical-align: top; padding: 5px;%22><i style=%22color: #f9af15;%22 class=%22fa-solid fa-check%22><\/i><\/td>\n<td style=%22width: 90%; border: none; padding: 5px;%22>Servicio de atenci\u00f3n al cliente multiling\u00fce y atenci\u00f3n comercial<\/td>\n<\/tr>\n<tr>\n<td style=%22width: 10%; border: none; vertical-align: top; padding: 5px;%22><i style=%22color: #f9af15;%22 class=%22fa-solid fa-check%22><\/i><\/td>\n<td style=%22width: 90%; border: none; padding: 5px;%22>Red de distribuci\u00f3n en 26 pa\u00edses, incluyendo los mercados de exportaci\u00f3n<\/td>\n<\/tr>\n<tr>\n<td style=%22width: 10%; border: none; vertical-align: top; padding: 5px;%22><\/td>\n<td style=%22width: 90%; border: none; padding: 5px;%22><\/td>\n<\/tr>\n<\/tbody>\n<\/table>\n<p>\u00bb content_tablet=\u00bb<\/p>\n<h3>Red europea<\/h3>\n<p>Con base en los Pa\u00edses Bajos, WheelTyre est\u00e1 orgulloso de servir a clientes en toda Europa. Por medio de una potente red log\u00edstica y un servicio de atenci\u00f3n multiling\u00fce, garantizamos que cada entrega llegue a su destino de forma r\u00e1pida y fiable.<\/p>\n<p>&nbsp;<\/p>\n<table style=%22border-collapse: collapse; width: 100%;%22>\n<tbody>\n<tr>\n<td style=%22width: 10%; border: none; vertical-align: top; padding: 5px;%22><i style=%22color: #f9af15;%22 class=%22fa-solid fa-check%22><\/i><\/td>\n<td style=%22width: 90%; border: none; padding: 5px;%22>Red europea de almacenes y de l\u00edneas de montaje<\/td>\n<\/tr>\n<tr>\n<td style=%22width: 10%; border: none; vertical-align: top; padding: 5px;%22><i style=%22color: #f9af15;%22 class=%22fa-solid fa-check%22><\/i><\/td>\n<td style=%22width: 90%; border: none; padding: 5px;%22>Un socio para los neum\u00e1ticos, llantas, juegos completos y servicios relacionados<\/td>\n<\/tr>\n<tr>\n<td style=%22width: 10%; border: none; vertical-align: top; padding: 5px;%22><i style=%22color: #f9af15;%22 class=%22fa-solid fa-check%22><\/i><\/td>\n<td style=%22width: 90%; border: none; padding: 5px;%22>Entrega r\u00e1pida dentro de la UE<\/td>\n<\/tr>\n<tr>\n<td style=%22width: 10%; border: none; vertical-align: top; padding: 5px;%22><i style=%22color: #f9af15;%22 class=%22fa-solid fa-check%22><\/i><\/td>\n<td style=%22width: 90%; border: none; padding: 5px;%22>Servicio de atenci\u00f3n al cliente multiling\u00fce y atenci\u00f3n comercial<\/td>\n<\/tr>\n<tr>\n<td style=%22width: 10%; border: none; vertical-align: top; padding: 5px;%22><i style=%22color: #f9af15;%22 class=%22fa-solid fa-check%22><\/i><\/td>\n<td style=%22width: 90%; border: none; padding: 5px;%22>Red de distribuci\u00f3n en 26 pa\u00edses, incluyendo los mercados de exportaci\u00f3n<\/td>\n<\/tr>\n<tr>\n<td style=%22width: 10%; border: none; vertical-align: top; padding: 5px;%22><\/td>\n<td style=%22width: 90%; border: none; padding: 5px;%22><\/td>\n<\/tr>\n<\/tbody>\n<\/table>\n<table style=%22border-collapse: collapse; width: 100%;%22>\n<tbody>\n<tr>\n<td style=%22width: 1%; border: none; padding: 5px; vertical-align: middle;%22><span class=%22dot orange%22><\/span><\/td>\n<td style=%22width: 20%; border: none; padding: 5px; vertical-align: middle; color: orange;%22>Almac\u00e9n<\/td>\n<td style=%22width: 1%; border: none; padding: 5px; vertical-align: middle;%22><span class=%22dot green%22><\/span><\/td>\n<td style=%22width: 25%; border: none; padding: 5px; vertical-align: middle; color: limegreen;%22>L\u00ednea de montaje<\/td>\n<\/tr>\n<\/tbody>\n<\/table>\n<p>\u00ab]<\/p>\n<h3>Red europea<\/h3>\n<p>Con base en los Pa\u00edses Bajos, WheelTyre est\u00e1 orgulloso de servir a clientes en toda Europa. Por medio de una potente red log\u00edstica y un servicio de atenci\u00f3n multiling\u00fce, garantizamos que cada entrega llegue a su destino de forma r\u00e1pida y fiable.<\/p>\n<p>&nbsp;<\/p>\n<table style=\"border-collapse: collapse; width: 100%;\">\n<tbody>\n<tr>\n<td style=\"width: 10%; border: none; vertical-align: top; padding: 5px;\"><i style=\"color: #f9af15;\" class=\"fa-solid fa-check\"><\/i><\/td>\n<td style=\"width: 90%; border: none; padding: 5px;\">Red europea de almacenes y de l\u00edneas de montaje<\/td>\n<\/tr>\n<tr>\n<td style=\"width: 10%; border: none; vertical-align: top; padding: 5px;\"><i style=\"color: #f9af15;\" class=\"fa-solid fa-check\"><\/i><\/td>\n<td style=\"width: 90%; border: none; padding: 5px;\">Un socio para los neum\u00e1ticos, llantas, juegos completos y servicios relacionados<\/td>\n<\/tr>\n<tr>\n<td style=\"width: 10%; border: none; vertical-align: top; padding: 5px;\"><i style=\"color: #f9af15;\" class=\"fa-solid fa-check\"><\/i><\/td>\n<td style=\"width: 90%; border: none; padding: 5px;\">Entrega r\u00e1pida dentro de la UE<\/td>\n<\/tr>\n<tr>\n<td style=\"width: 10%; border: none; vertical-align: top; padding: 5px;\"><i style=\"color: #f9af15;\" class=\"fa-solid fa-check\"><\/i><\/td>\n<td style=\"width: 90%; border: none; padding: 5px;\">Servicio de atenci\u00f3n al cliente multiling\u00fce y atenci\u00f3n comercial<\/td>\n<\/tr>\n<tr>\n<td style=\"width: 10%; border: none; vertical-align: top; padding: 5px;\"><i style=\"color: #f9af15;\" class=\"fa-solid fa-check\"><\/i><\/td>\n<td style=\"width: 90%; border: none; padding: 5px;\">Red de distribuci\u00f3n en 26 pa\u00edses, incluyendo los mercados de exportaci\u00f3n<\/td>\n<\/tr>\n<tr>\n<td style=\"width: 10%; border: none; vertical-align: top; padding: 5px;\"><\/td>\n<td style=\"width: 90%; border: none; padding: 5px;\"><\/td>\n<\/tr>\n<\/tbody>\n<\/table>\n<table style=\"border-collapse: collapse; width: 100%;\">\n<tbody>\n<tr>\n<td style=\"width: 1%; border: none; padding: 5px; vertical-align: middle;\"><span class=\"dot orange\"><\/span><\/td>\n<td style=\"width: 20%; border: none; padding: 5px; vertical-align: middle; color: orange;\">Almac\u00e9n<\/td>\n<td style=\"width: 1%; border: none; padding: 5px; vertical-align: middle;\"><span class=\"dot green\"><\/span><\/td>\n<td style=\"width: 25%; border: none; padding: 5px; vertical-align: middle; color: limegreen;\">L\u00ednea de montaje<\/td>\n<\/tr>\n<\/tbody>\n<\/table>\n<p>[\/et_pb_text][\/et_pb_column][et_pb_column type=\u00bb1_2&#8243; _builder_version=\u00bb4.27.4&#8243; _module_preset=\u00bbdefault\u00bb global_colors_info=\u00bb{}\u00bb][\/et_pb_column][\/et_pb_row][\/et_pb_section]<\/p>\n","protected":false},"excerpt":{"rendered":"<p>Sobre WheelTyre WheelTyre presta servicio a los fabricantes e importadores de veh\u00edculos en toda Europa gestionando todo el proceso operativo de neum\u00e1ticos, llantas y juegos completos, desde la compra hasta la entrega. Con la inform\u00e1tica y los informes integrados, trabajamos con conjuntos de datos compartidos y proporcionamos a nuestros socios las informaciones correctas en el [&hellip;]<\/p>\n","protected":false},"author":1,"featured_media":0,"parent":0,"menu_order":0,"comment_status":"closed","ping_status":"closed","template":"","meta":{"_et_pb_use_builder":"on","_et_pb_old_content":"","_et_gb_content_width":"","footnotes":""},"dipi_cpt_category":[],"class_list":["post-2134","page","type-page","status-publish","hentry"],"yoast_head":"<!-- This site is optimized with the Yoast SEO plugin v27.1.1 - https:\/\/yoast.com\/product\/yoast-seo-wordpress\/ -->\n<title>Sobre WheelTyre - WheelTyre<\/title>\n<meta name=\"description\" content=\"Marcamos la diferencia para los fabricantes e importadores de autom\u00f3viles al gestionar \u00edntegramente el proceso relacionado con los neum\u00e1ticos, las llantas y los juegos completos.\" \/>\n<meta name=\"robots\" content=\"index, follow, max-snippet:-1, max-image-preview:large, max-video-preview:-1\" \/>\n<link rel=\"canonical\" href=\"https:\/\/wheeltyre.com\/es\/sobre-wheeltyre\/\" \/>\n<meta property=\"og:locale\" content=\"es_ES\" \/>\n<meta property=\"og:type\" content=\"article\" \/>\n<meta property=\"og:title\" content=\"Sobre WheelTyre - WheelTyre\" \/>\n<meta property=\"og:description\" content=\"Marcamos la diferencia para los fabricantes e importadores de autom\u00f3viles al gestionar \u00edntegramente el proceso relacionado con los neum\u00e1ticos, las llantas y los juegos completos.\" \/>\n<meta property=\"og:url\" content=\"https:\/\/wheeltyre.com\/es\/sobre-wheeltyre\/\" \/>\n<meta property=\"og:site_name\" content=\"WheelTyre\" \/>\n<meta property=\"article:modified_time\" content=\"2026-01-30T12:52:55+00:00\" \/>\n<meta name=\"twitter:card\" content=\"summary_large_image\" \/>\n<meta name=\"twitter:label1\" content=\"Tiempo de lectura\" \/>\n\t<meta name=\"twitter:data1\" content=\"2 minutos\" \/>\n<script type=\"application\/ld+json\" class=\"yoast-schema-graph\">{\"@context\":\"https:\/\/schema.org\",\"@graph\":[{\"@type\":\"WebPage\",\"@id\":\"https:\/\/wheeltyre.com\/es\/sobre-wheeltyre\/\",\"url\":\"https:\/\/wheeltyre.com\/es\/sobre-wheeltyre\/\",\"name\":\"Sobre WheelTyre - WheelTyre\",\"isPartOf\":{\"@id\":\"https:\/\/wheeltyre.com\/es\/#website\"},\"datePublished\":\"2025-10-06T08:11:37+00:00\",\"dateModified\":\"2026-01-30T12:52:55+00:00\",\"description\":\"Marcamos la diferencia para los fabricantes e importadores de autom\u00f3viles al gestionar \u00edntegramente el proceso relacionado con los neum\u00e1ticos, las llantas y los juegos completos.\",\"breadcrumb\":{\"@id\":\"https:\/\/wheeltyre.com\/es\/sobre-wheeltyre\/#breadcrumb\"},\"inLanguage\":\"es\",\"potentialAction\":[{\"@type\":\"ReadAction\",\"target\":[\"https:\/\/wheeltyre.com\/es\/sobre-wheeltyre\/\"]}]},{\"@type\":\"BreadcrumbList\",\"@id\":\"https:\/\/wheeltyre.com\/es\/sobre-wheeltyre\/#breadcrumb\",\"itemListElement\":[{\"@type\":\"ListItem\",\"position\":1,\"name\":\"Home\",\"item\":\"https:\/\/wheeltyre.com\/es\/\"},{\"@type\":\"ListItem\",\"position\":2,\"name\":\"Sobre WheelTyre\"}]},{\"@type\":\"WebSite\",\"@id\":\"https:\/\/wheeltyre.com\/es\/#website\",\"url\":\"https:\/\/wheeltyre.com\/es\/\",\"name\":\"WheelTyre\",\"description\":\"One partner. Full service.\",\"potentialAction\":[{\"@type\":\"SearchAction\",\"target\":{\"@type\":\"EntryPoint\",\"urlTemplate\":\"https:\/\/wheeltyre.com\/es\/?s={search_term_string}\"},\"query-input\":{\"@type\":\"PropertyValueSpecification\",\"valueRequired\":true,\"valueName\":\"search_term_string\"}}],\"inLanguage\":\"es\"}]}<\/script>\n<!-- \/ Yoast SEO plugin. -->","yoast_head_json":{"title":"Sobre WheelTyre - WheelTyre","description":"Marcamos la diferencia para los fabricantes e importadores de autom\u00f3viles al gestionar \u00edntegramente el proceso relacionado con los neum\u00e1ticos, las llantas y los juegos completos.","robots":{"index":"index","follow":"follow","max-snippet":"max-snippet:-1","max-image-preview":"max-image-preview:large","max-video-preview":"max-video-preview:-1"},"canonical":"https:\/\/wheeltyre.com\/es\/sobre-wheeltyre\/","og_locale":"es_ES","og_type":"article","og_title":"Sobre WheelTyre - WheelTyre","og_description":"Marcamos la diferencia para los fabricantes e importadores de autom\u00f3viles al gestionar \u00edntegramente el proceso relacionado con los neum\u00e1ticos, las llantas y los juegos completos.","og_url":"https:\/\/wheeltyre.com\/es\/sobre-wheeltyre\/","og_site_name":"WheelTyre","article_modified_time":"2026-01-30T12:52:55+00:00","twitter_card":"summary_large_image","twitter_misc":{"Tiempo de lectura":"2 minutos"},"schema":{"@context":"https:\/\/schema.org","@graph":[{"@type":"WebPage","@id":"https:\/\/wheeltyre.com\/es\/sobre-wheeltyre\/","url":"https:\/\/wheeltyre.com\/es\/sobre-wheeltyre\/","name":"Sobre WheelTyre - WheelTyre","isPartOf":{"@id":"https:\/\/wheeltyre.com\/es\/#website"},"datePublished":"2025-10-06T08:11:37+00:00","dateModified":"2026-01-30T12:52:55+00:00","description":"Marcamos la diferencia para los fabricantes e importadores de autom\u00f3viles al gestionar \u00edntegramente el proceso relacionado con los neum\u00e1ticos, las llantas y los juegos completos.","breadcrumb":{"@id":"https:\/\/wheeltyre.com\/es\/sobre-wheeltyre\/#breadcrumb"},"inLanguage":"es","potentialAction":[{"@type":"ReadAction","target":["https:\/\/wheeltyre.com\/es\/sobre-wheeltyre\/"]}]},{"@type":"BreadcrumbList","@id":"https:\/\/wheeltyre.com\/es\/sobre-wheeltyre\/#breadcrumb","itemListElement":[{"@type":"ListItem","position":1,"name":"Home","item":"https:\/\/wheeltyre.com\/es\/"},{"@type":"ListItem","position":2,"name":"Sobre WheelTyre"}]},{"@type":"WebSite","@id":"https:\/\/wheeltyre.com\/es\/#website","url":"https:\/\/wheeltyre.com\/es\/","name":"WheelTyre","description":"One partner. Full service.","potentialAction":[{"@type":"SearchAction","target":{"@type":"EntryPoint","urlTemplate":"https:\/\/wheeltyre.com\/es\/?s={search_term_string}"},"query-input":{"@type":"PropertyValueSpecification","valueRequired":true,"valueName":"search_term_string"}}],"inLanguage":"es"}]}},"_links":{"self":[{"href":"https:\/\/wheeltyre.com\/es\/wp-json\/wp\/v2\/pages\/2134","targetHints":{"allow":["GET"]}}],"collection":[{"href":"https:\/\/wheeltyre.com\/es\/wp-json\/wp\/v2\/pages"}],"about":[{"href":"https:\/\/wheeltyre.com\/es\/wp-json\/wp\/v2\/types\/page"}],"author":[{"embeddable":true,"href":"https:\/\/wheeltyre.com\/es\/wp-json\/wp\/v2\/users\/1"}],"replies":[{"embeddable":true,"href":"https:\/\/wheeltyre.com\/es\/wp-json\/wp\/v2\/comments?post=2134"}],"version-history":[{"count":5,"href":"https:\/\/wheeltyre.com\/es\/wp-json\/wp\/v2\/pages\/2134\/revisions"}],"predecessor-version":[{"id":2302,"href":"https:\/\/wheeltyre.com\/es\/wp-json\/wp\/v2\/pages\/2134\/revisions\/2302"}],"wp:attachment":[{"href":"https:\/\/wheeltyre.com\/es\/wp-json\/wp\/v2\/media?parent=2134"}],"wp:term":[{"taxonomy":"dipi_cpt_category","embeddable":true,"href":"https:\/\/wheeltyre.com\/es\/wp-json\/wp\/v2\/dipi_cpt_category?post=2134"}],"curies":[{"name":"wp","href":"https:\/\/api.w.org\/{rel}","templated":true}]}}