{"id":2130,"date":"2025-10-06T08:13:10","date_gmt":"2025-10-06T08:13:10","guid":{"rendered":"https:\/\/wheeltyre.com\/full-service\/"},"modified":"2026-01-30T12:35:55","modified_gmt":"2026-01-30T12:35:55","slug":"servicio-integral","status":"publish","type":"page","link":"https:\/\/wheeltyre.com\/es\/servicio-integral\/","title":{"rendered":"Servicio integral"},"content":{"rendered":"<p>[et_pb_section fb_built=\u00bb1&#8243; _builder_version=\u00bb4.27.5&#8243; _module_preset=\u00bbdefault\u00bb background_image=\u00bbhttps:\/\/wheeltyre.com\/wp-content\/uploads\/2026\/01\/wheeltyre-servicio-integral-es.jpg\u00bb background_position=\u00bbbottom_center\u00bb da_disable_devices=\u00bboff|off|off\u00bb global_colors_info=\u00bb{}\u00bb da_is_popup=\u00bboff\u00bb da_exit_intent=\u00bboff\u00bb da_has_close=\u00bbon\u00bb da_alt_close=\u00bboff\u00bb da_dark_close=\u00bboff\u00bb da_not_modal=\u00bbon\u00bb da_is_singular=\u00bboff\u00bb da_with_loader=\u00bboff\u00bb da_has_shadow=\u00bbon\u00bb][et_pb_row _builder_version=\u00bb4.27.4&#8243; _module_preset=\u00bbdefault\u00bb global_colors_info=\u00bb{}\u00bb][et_pb_column type=\u00bb4_4&#8243; _builder_version=\u00bb4.27.4&#8243; _module_preset=\u00bbdefault\u00bb global_colors_info=\u00bb{}\u00bb][et_pb_divider show_divider=\u00bboff\u00bb _builder_version=\u00bb4.27.4&#8243; _module_preset=\u00bbdefault\u00bb height=\u00bb194px\u00bb height_tablet=\u00bb194px\u00bb height_phone=\u00bb50px\u00bb height_last_edited=\u00bbon|phone\u00bb global_colors_info=\u00bb{}\u00bb][\/et_pb_divider][\/et_pb_column][\/et_pb_row][\/et_pb_section][et_pb_section fb_built=\u00bb1&#8243; _builder_version=\u00bb4.27.4&#8243; _module_preset=\u00bbdefault\u00bb da_disable_devices=\u00bboff|off|off\u00bb global_colors_info=\u00bb{}\u00bb da_is_popup=\u00bboff\u00bb da_exit_intent=\u00bboff\u00bb da_has_close=\u00bbon\u00bb da_alt_close=\u00bboff\u00bb da_dark_close=\u00bboff\u00bb da_not_modal=\u00bbon\u00bb da_is_singular=\u00bboff\u00bb da_with_loader=\u00bboff\u00bb da_has_shadow=\u00bbon\u00bb][et_pb_row _builder_version=\u00bb4.27.4&#8243; _module_preset=\u00bbdefault\u00bb global_colors_info=\u00bb{}\u00bb][et_pb_column type=\u00bb4_4&#8243; _builder_version=\u00bb4.27.4&#8243; _module_preset=\u00bbdefault\u00bb global_colors_info=\u00bb{}\u00bb][et_pb_text _builder_version=\u00bb4.27.5&#8243; _module_preset=\u00bbdefault\u00bb text_line_height=\u00bb2em\u00bb header_2_text_color=\u00bb#08447e\u00bb header_2_font_size=\u00bb19px\u00bb header_3_text_color=\u00bb#08447e\u00bb header_3_font_size=\u00bb30px\u00bb global_colors_info=\u00bb{}\u00bb]<\/p>\n<h3>Nuestra estrategia de servicio completo<\/h3>\n<p>WheelTyre presta servicio a los fabricantes e importadores de veh\u00edculos con soluciones integrales de neum\u00e1ticos, llantas y combinaciones de llantas y neum\u00e1ticos completamente montadas. Desde neum\u00e1ticos premium y llantas de calidad hasta juegos completamente montados, suministramos productos que cumplen con altos est\u00e1ndares de seguridad, rendimiento y apariencia.<\/p>\n<p>Tambi\u00e9n proporcionamos servicios adicionales, como almacenaje y recompra de inventario excesivo. Esto nos permite aligerar la carga de trabajo de nuestros socios y mantener claridad y control en todo el proceso.<\/p>\n<p>[\/et_pb_text][\/et_pb_column][\/et_pb_row][et_pb_row column_structure=\u00bb1_2,1_2&#8243; make_equal=\u00bbon\u00bb _builder_version=\u00bb4.27.4&#8243; _module_preset=\u00bbdefault\u00bb global_colors_info=\u00bb{}\u00bb][et_pb_column type=\u00bb1_2&#8243; _builder_version=\u00bb4.27.4&#8243; _module_preset=\u00bbdefault\u00bb global_colors_info=\u00bb{}\u00bb][et_pb_image src=\u00bbhttps:\/\/wheeltyre.com\/wp-content\/uploads\/2026\/01\/wheeltyre-juegos-completos-es.jpg\u00bb alt=\u00bbMontaje de juegos completos en WheelTyre\u00bb title_text=\u00bbMontaje de juegos completos en WheelTyre\u00bb _builder_version=\u00bb4.27.5&#8243; _module_preset=\u00bbdefault\u00bb border_radii=\u00bbon|20px|20px|20px|20px\u00bb global_colors_info=\u00bb{}\u00bb][\/et_pb_image][\/et_pb_column][et_pb_column type=\u00bb1_2&#8243; _builder_version=\u00bb4.27.4&#8243; _module_preset=\u00bbdefault\u00bb global_colors_info=\u00bb{}\u00bb][et_pb_text _builder_version=\u00bb4.27.5&#8243; _module_preset=\u00bbdefault\u00bb text_line_height=\u00bb2em\u00bb header_3_text_color=\u00bb#08447e\u00bb custom_css_free_form=\u00bb.et_pb_module table, ||.et_pb_module table td, ||.et_pb_module table th {||  border: none !important;||}||\u00bb global_colors_info=\u00bb{}\u00bb]<\/p>\n<h3>Montaje de juegos completos<\/h3>\n<p>WheelTyre monta combinaciones completas de llantas y neum\u00e1ticos como juegos de invierno, juegos de verano y juegos para todo el a\u00f1o, que est\u00e1n listas para instalarse directamente en el veh\u00edculo. Con nuestra Automatic Fitting Line (AFL), ofrecemos una amplia capacidad y trabajamos seg\u00fan los est\u00e1ndares de calidad definidos.<\/p>\n<p>Las pautas de montaje se acuerdan con nuestros clientes y se incorporan digitalmente a la AFL, garantizando que cada juego se monte exactamente seg\u00fan las especificaciones acordadas. Esta l\u00ednea es primordial para nuestros servicios y nos permite entregar justo a tiempo para los fabricantes e importadores de toda Europa. Nuestra red log\u00edstica cubre m\u00e1s de 23 pa\u00edses, incluyendo mercados de exportaci\u00f3n, y la gestiona nuestro propio equipo de planificaci\u00f3n de transportes.<\/p>\n<p>[\/et_pb_text][\/et_pb_column][\/et_pb_row][\/et_pb_section][et_pb_section fb_built=\u00bb1&#8243; _builder_version=\u00bb4.27.4&#8243; _module_preset=\u00bbdefault\u00bb background_color=\u00bb#f7f7f7&#8243; custom_margin=\u00bb||||false|false\u00bb da_disable_devices=\u00bboff|off|off\u00bb global_colors_info=\u00bb{}\u00bb da_is_popup=\u00bboff\u00bb da_exit_intent=\u00bboff\u00bb da_has_close=\u00bbon\u00bb da_alt_close=\u00bboff\u00bb da_dark_close=\u00bboff\u00bb da_not_modal=\u00bbon\u00bb da_is_singular=\u00bboff\u00bb da_with_loader=\u00bboff\u00bb da_has_shadow=\u00bbon\u00bb][et_pb_row column_structure=\u00bb1_2,1_2&#8243; make_equal=\u00bbon\u00bb _builder_version=\u00bb4.27.4&#8243; _module_preset=\u00bbdefault\u00bb global_colors_info=\u00bb{}\u00bb][et_pb_column type=\u00bb1_2&#8243; _builder_version=\u00bb4.27.4&#8243; _module_preset=\u00bbdefault\u00bb global_colors_info=\u00bb{}\u00bb][et_pb_text _builder_version=\u00bb4.27.5&#8243; _module_preset=\u00bbdefault\u00bb text_line_height=\u00bb2em\u00bb header_3_text_color=\u00bb#08447e\u00bb custom_css_free_form=\u00bb.et_pb_module table, ||.et_pb_module table td, ||.et_pb_module table th {||  border: none !important;||}||\u00bb global_colors_info=\u00bb{}\u00bb]<\/p>\n<h3>Distribuci\u00f3n de neum\u00e1ticos individuales<\/h3>\n<p>Gestionamos la compra, almacenaje y distribuci\u00f3n de neum\u00e1ticos para marcas europeas l\u00edderes de automoci\u00f3n. Desde neum\u00e1ticos de verano e invierno a opciones para todo el a\u00f1o, garantizamos que el neum\u00e1tico adecuado est\u00e9 disponible en el momento y lugar correctos.<\/p>\n<p>WheelTyre es multimarca y suministra todas las marcas de neum\u00e1ticos a trav\u00e9s de una \u00fanica relaci\u00f3n contractual y un flujo de facturaci\u00f3n \u00fanico. Nuestros servicios se alinean con los procesos de nuestros clientes y se integran en su cadena de suministro.<\/p>\n<p>[\/et_pb_text][\/et_pb_column][et_pb_column type=\u00bb1_2&#8243; _builder_version=\u00bb4.27.4&#8243; _module_preset=\u00bbdefault\u00bb global_colors_info=\u00bb{}\u00bb][et_pb_image src=\u00bbhttps:\/\/wheeltyre.com\/wp-content\/uploads\/2026\/01\/wheeltyre-neumaticos-distribucion-es.jpg\u00bb alt=\u00bbDistribuci\u00f3n\u00bb title_text=\u00bbDistribuci\u00f3n\u00bb _builder_version=\u00bb4.27.5&#8243; _module_preset=\u00bbdefault\u00bb border_radii=\u00bbon|20px|20px|20px|20px\u00bb global_colors_info=\u00bb{}\u00bb][\/et_pb_image][\/et_pb_column][\/et_pb_row][\/et_pb_section][et_pb_section fb_built=\u00bb1&#8243; _builder_version=\u00bb4.27.4&#8243; _module_preset=\u00bbdefault\u00bb da_disable_devices=\u00bboff|off|off\u00bb global_colors_info=\u00bb{}\u00bb da_is_popup=\u00bboff\u00bb da_exit_intent=\u00bboff\u00bb da_has_close=\u00bbon\u00bb da_alt_close=\u00bboff\u00bb da_dark_close=\u00bboff\u00bb da_not_modal=\u00bbon\u00bb da_is_singular=\u00bboff\u00bb da_with_loader=\u00bboff\u00bb da_has_shadow=\u00bbon\u00bb][et_pb_row column_structure=\u00bb1_2,1_2&#8243; make_equal=\u00bbon\u00bb _builder_version=\u00bb4.27.4&#8243; _module_preset=\u00bbdefault\u00bb global_colors_info=\u00bb{}\u00bb][et_pb_column type=\u00bb1_2&#8243; _builder_version=\u00bb4.27.4&#8243; _module_preset=\u00bbdefault\u00bb global_colors_info=\u00bb{}\u00bb][et_pb_image src=\u00bbhttps:\/\/wheeltyre.com\/wp-content\/uploads\/2026\/01\/wheeltyre-almacen-de-almacenamiento-es.jpg\u00bb alt=\u00bbAlmac\u00e9n WheelTyre\u00bb title_text=\u00bbAlmac\u00e9n WheelTyre\u00bb _builder_version=\u00bb4.27.5&#8243; _module_preset=\u00bbdefault\u00bb border_radii=\u00bbon|20px|20px|20px|20px\u00bb global_colors_info=\u00bb{}\u00bb][\/et_pb_image][\/et_pb_column][et_pb_column type=\u00bb1_2&#8243; _builder_version=\u00bb4.27.4&#8243; _module_preset=\u00bbdefault\u00bb global_colors_info=\u00bb{}\u00bb][et_pb_text _builder_version=\u00bb4.27.5&#8243; _module_preset=\u00bbdefault\u00bb text_line_height=\u00bb2em\u00bb header_3_text_color=\u00bb#08447e\u00bb custom_css_free_form=\u00bb.et_pb_module table, ||.et_pb_module table td, ||.et_pb_module table th {||  border: none !important;||}||\u00bb global_colors_info=\u00bb{}\u00bb]<\/p>\n<h3>Almacenaje<\/h3>\n<p>WheelTyre ofrece a los fabricantes e importadores una soluci\u00f3n fiable para el almacenaje de neum\u00e1ticos, ruedas, juegos de ruedas completos y otros componentes. Todos los art\u00edculos se almacenan en nuestros almacenes propios de una forma estructurada y de acuerdo con las pautas de calidad definidas.<\/p>\n<p>Prestamos servicio en todo el proceso, desde el manejo de la recepci\u00f3n y los controles de calidad al almacenaje y la expedici\u00f3n. Los procesos claros y el apoyo inform\u00e1tico facilitan el almacenaje y la log\u00edstica y los hacen transparentes.<\/p>\n<p>[\/et_pb_text][\/et_pb_column][\/et_pb_row][\/et_pb_section][et_pb_section fb_built=\u00bb1&#8243; _builder_version=\u00bb4.27.4&#8243; _module_preset=\u00bbdefault\u00bb background_color=\u00bb#f7f7f7&#8243; custom_margin=\u00bb||||false|false\u00bb da_disable_devices=\u00bboff|off|off\u00bb global_colors_info=\u00bb{}\u00bb da_is_popup=\u00bboff\u00bb da_exit_intent=\u00bboff\u00bb da_has_close=\u00bbon\u00bb da_alt_close=\u00bboff\u00bb da_dark_close=\u00bboff\u00bb da_not_modal=\u00bbon\u00bb da_is_singular=\u00bboff\u00bb da_with_loader=\u00bboff\u00bb da_has_shadow=\u00bbon\u00bb][et_pb_row column_structure=\u00bb1_2,1_2&#8243; make_equal=\u00bbon\u00bb _builder_version=\u00bb4.27.4&#8243; _module_preset=\u00bbdefault\u00bb global_colors_info=\u00bb{}\u00bb][et_pb_column type=\u00bb1_2&#8243; _builder_version=\u00bb4.27.4&#8243; _module_preset=\u00bbdefault\u00bb global_colors_info=\u00bb{}\u00bb][et_pb_text _builder_version=\u00bb4.27.5&#8243; _module_preset=\u00bbdefault\u00bb text_line_height=\u00bb2em\u00bb header_3_text_color=\u00bb#08447e\u00bb custom_css_free_form=\u00bb.et_pb_module table, ||.et_pb_module table td, ||.et_pb_module table th {||  border: none !important;||}||\u00bb global_colors_info=\u00bb{}\u00bb]<\/p>\n<h3>Recompras<\/h3>\n<p>WheelTyre proporciona a sus socios una soluci\u00f3n pr\u00e1ctica para el inventario excesivo u obsoleto. Compramos esos inventarios directamente y los distribuimos a trav\u00e9s de nuestra red internacional. Esto ayuda a vender los productos m\u00e1s r\u00e1pidamente, reduce los costes de almacenaje y elimina inventario de los balances de nuestros socios.<\/p>\n<p>[\/et_pb_text][\/et_pb_column][et_pb_column type=\u00bb1_2&#8243; _builder_version=\u00bb4.27.4&#8243; _module_preset=\u00bbdefault\u00bb global_colors_info=\u00bb{}\u00bb][et_pb_image src=\u00bbhttps:\/\/wheeltyre.com\/wp-content\/uploads\/2026\/01\/wheeltyre-recompras-es.jpg\u00bb alt=\u00bbWheelTyre Recompras\u00bb title_text=\u00bbWheelTyre Recompras\u00bb _builder_version=\u00bb4.27.5&#8243; _module_preset=\u00bbdefault\u00bb hover_enabled=\u00bb0&#8243; border_radii=\u00bbon|20px|20px|20px|20px\u00bb global_colors_info=\u00bb{}\u00bb sticky_enabled=\u00bb0&#8243;][\/et_pb_image][\/et_pb_column][\/et_pb_row][\/et_pb_section][et_pb_section fb_built=\u00bb1&#8243; _builder_version=\u00bb4.27.4&#8243; _module_preset=\u00bbdefault\u00bb da_disable_devices=\u00bboff|off|off\u00bb global_colors_info=\u00bb{}\u00bb da_is_popup=\u00bboff\u00bb da_exit_intent=\u00bboff\u00bb da_has_close=\u00bbon\u00bb da_alt_close=\u00bboff\u00bb da_dark_close=\u00bboff\u00bb da_not_modal=\u00bbon\u00bb da_is_singular=\u00bboff\u00bb da_with_loader=\u00bboff\u00bb da_has_shadow=\u00bbon\u00bb][et_pb_row column_structure=\u00bb1_2,1_2&#8243; make_equal=\u00bbon\u00bb _builder_version=\u00bb4.27.4&#8243; _module_preset=\u00bbdefault\u00bb global_colors_info=\u00bb{}\u00bb][et_pb_column type=\u00bb1_2&#8243; _builder_version=\u00bb4.27.4&#8243; _module_preset=\u00bbdefault\u00bb global_colors_info=\u00bb{}\u00bb][et_pb_image src=\u00bbhttps:\/\/wheeltyre.com\/wp-content\/uploads\/2026\/01\/wheeltyre-servicios-es.jpg\u00bb alt=\u00bbServicios adicionales\u00bb title_text=\u00bbServicios adicionales\u00bb _builder_version=\u00bb4.27.5&#8243; _module_preset=\u00bbdefault\u00bb border_radii=\u00bbon|20px|20px|20px|20px\u00bb global_colors_info=\u00bb{}\u00bb][\/et_pb_image][\/et_pb_column][et_pb_column type=\u00bb1_2&#8243; _builder_version=\u00bb4.27.4&#8243; _module_preset=\u00bbdefault\u00bb global_colors_info=\u00bb{}\u00bb][et_pb_text _builder_version=\u00bb4.27.5&#8243; _module_preset=\u00bbdefault\u00bb text_line_height=\u00bb2em\u00bb header_3_text_color=\u00bb#08447e\u00bb global_colors_info=\u00bb{}\u00bb]<\/p>\n<h3>Servicios adicionales<\/h3>\n<p>Nuestros servicios van m\u00e1s all\u00e1 del montaje, distribuci\u00f3n y almacenaje. A trav\u00e9s de WEBDIS, nuestro propio sistema de pedidos en l\u00ednea, los concesionarios tienen visibilidad en tiempo real del inventario disponible y pueden realizar pedidos directamente. Tambi\u00e9n ofrecemos servicios adicionales que simplifican la operativa diaria, incluyendo servicios de sistemas de seguimiento de la presi\u00f3n de los neum\u00e1ticos (TPMS), etiquetado, embalaje personalizado y gesti\u00f3n de inventario.<\/p>\n<p>WheelTyre opera con procesos con certificaci\u00f3n ISO y proporciona acceso a todas las marcas de neum\u00e1ticos principales en Europa. Esto hace que la colaboraci\u00f3n sea clara, sencilla y fiable.<\/p>\n<p>[\/et_pb_text][\/et_pb_column][\/et_pb_row][\/et_pb_section]<\/p>\n","protected":false},"excerpt":{"rendered":"<p>Nuestra estrategia de servicio completo WheelTyre presta servicio a los fabricantes e importadores de veh\u00edculos con soluciones integrales de neum\u00e1ticos, llantas y combinaciones de llantas y neum\u00e1ticos completamente montadas. Desde neum\u00e1ticos premium y llantas de calidad hasta juegos completamente montados, suministramos productos que cumplen con altos est\u00e1ndares de seguridad, rendimiento y apariencia. Tambi\u00e9n proporcionamos servicios [&hellip;]<\/p>\n","protected":false},"author":1,"featured_media":0,"parent":0,"menu_order":0,"comment_status":"closed","ping_status":"closed","template":"","meta":{"_et_pb_use_builder":"on","_et_pb_old_content":"<!-- wp:divi\/placeholder \/-->","_et_gb_content_width":"1080","footnotes":""},"dipi_cpt_category":[],"class_list":["post-2130","page","type-page","status-publish","hentry"],"yoast_head":"<!-- This site is optimized with the Yoast SEO plugin v27.1.1 - https:\/\/yoast.com\/product\/yoast-seo-wordpress\/ -->\n<title>Servicio integral - WheelTyre<\/title>\n<meta name=\"description\" content=\"WheelTyre ofrece apoyo a fabricantes e importadores de autom\u00f3viles con soluciones completas para neum\u00e1ticos, llantas y combinaciones completas de ruedas y neum\u00e1ticos.\" \/>\n<meta name=\"robots\" content=\"index, follow, max-snippet:-1, max-image-preview:large, max-video-preview:-1\" \/>\n<link rel=\"canonical\" href=\"https:\/\/wheeltyre.com\/es\/servicio-integral\/\" \/>\n<meta property=\"og:locale\" content=\"es_ES\" \/>\n<meta property=\"og:type\" content=\"article\" \/>\n<meta property=\"og:title\" content=\"Servicio integral - WheelTyre\" \/>\n<meta property=\"og:description\" content=\"WheelTyre ofrece apoyo a fabricantes e importadores de autom\u00f3viles con soluciones completas para neum\u00e1ticos, llantas y combinaciones completas de ruedas y neum\u00e1ticos.\" \/>\n<meta property=\"og:url\" content=\"https:\/\/wheeltyre.com\/es\/servicio-integral\/\" \/>\n<meta property=\"og:site_name\" content=\"WheelTyre\" \/>\n<meta property=\"article:modified_time\" content=\"2026-01-30T12:35:55+00:00\" \/>\n<meta name=\"twitter:card\" content=\"summary_large_image\" \/>\n<meta name=\"twitter:label1\" content=\"Tiempo de lectura\" \/>\n\t<meta name=\"twitter:data1\" content=\"4 minutos\" \/>\n<script type=\"application\/ld+json\" class=\"yoast-schema-graph\">{\"@context\":\"https:\/\/schema.org\",\"@graph\":[{\"@type\":\"WebPage\",\"@id\":\"https:\/\/wheeltyre.com\/es\/servicio-integral\/\",\"url\":\"https:\/\/wheeltyre.com\/es\/servicio-integral\/\",\"name\":\"Servicio integral - WheelTyre\",\"isPartOf\":{\"@id\":\"https:\/\/wheeltyre.com\/es\/#website\"},\"datePublished\":\"2025-10-06T08:13:10+00:00\",\"dateModified\":\"2026-01-30T12:35:55+00:00\",\"description\":\"WheelTyre ofrece apoyo a fabricantes e importadores de autom\u00f3viles con soluciones completas para neum\u00e1ticos, llantas y combinaciones completas de ruedas y neum\u00e1ticos.\",\"breadcrumb\":{\"@id\":\"https:\/\/wheeltyre.com\/es\/servicio-integral\/#breadcrumb\"},\"inLanguage\":\"es\",\"potentialAction\":[{\"@type\":\"ReadAction\",\"target\":[\"https:\/\/wheeltyre.com\/es\/servicio-integral\/\"]}]},{\"@type\":\"BreadcrumbList\",\"@id\":\"https:\/\/wheeltyre.com\/es\/servicio-integral\/#breadcrumb\",\"itemListElement\":[{\"@type\":\"ListItem\",\"position\":1,\"name\":\"Home\",\"item\":\"https:\/\/wheeltyre.com\/es\/\"},{\"@type\":\"ListItem\",\"position\":2,\"name\":\"Servicio integral\"}]},{\"@type\":\"WebSite\",\"@id\":\"https:\/\/wheeltyre.com\/es\/#website\",\"url\":\"https:\/\/wheeltyre.com\/es\/\",\"name\":\"WheelTyre\",\"description\":\"One partner. Full service.\",\"potentialAction\":[{\"@type\":\"SearchAction\",\"target\":{\"@type\":\"EntryPoint\",\"urlTemplate\":\"https:\/\/wheeltyre.com\/es\/?s={search_term_string}\"},\"query-input\":{\"@type\":\"PropertyValueSpecification\",\"valueRequired\":true,\"valueName\":\"search_term_string\"}}],\"inLanguage\":\"es\"}]}<\/script>\n<!-- \/ Yoast SEO plugin. -->","yoast_head_json":{"title":"Servicio integral - WheelTyre","description":"WheelTyre ofrece apoyo a fabricantes e importadores de autom\u00f3viles con soluciones completas para neum\u00e1ticos, llantas y combinaciones completas de ruedas y neum\u00e1ticos.","robots":{"index":"index","follow":"follow","max-snippet":"max-snippet:-1","max-image-preview":"max-image-preview:large","max-video-preview":"max-video-preview:-1"},"canonical":"https:\/\/wheeltyre.com\/es\/servicio-integral\/","og_locale":"es_ES","og_type":"article","og_title":"Servicio integral - WheelTyre","og_description":"WheelTyre ofrece apoyo a fabricantes e importadores de autom\u00f3viles con soluciones completas para neum\u00e1ticos, llantas y combinaciones completas de ruedas y neum\u00e1ticos.","og_url":"https:\/\/wheeltyre.com\/es\/servicio-integral\/","og_site_name":"WheelTyre","article_modified_time":"2026-01-30T12:35:55+00:00","twitter_card":"summary_large_image","twitter_misc":{"Tiempo de lectura":"4 minutos"},"schema":{"@context":"https:\/\/schema.org","@graph":[{"@type":"WebPage","@id":"https:\/\/wheeltyre.com\/es\/servicio-integral\/","url":"https:\/\/wheeltyre.com\/es\/servicio-integral\/","name":"Servicio integral - WheelTyre","isPartOf":{"@id":"https:\/\/wheeltyre.com\/es\/#website"},"datePublished":"2025-10-06T08:13:10+00:00","dateModified":"2026-01-30T12:35:55+00:00","description":"WheelTyre ofrece apoyo a fabricantes e importadores de autom\u00f3viles con soluciones completas para neum\u00e1ticos, llantas y combinaciones completas de ruedas y neum\u00e1ticos.","breadcrumb":{"@id":"https:\/\/wheeltyre.com\/es\/servicio-integral\/#breadcrumb"},"inLanguage":"es","potentialAction":[{"@type":"ReadAction","target":["https:\/\/wheeltyre.com\/es\/servicio-integral\/"]}]},{"@type":"BreadcrumbList","@id":"https:\/\/wheeltyre.com\/es\/servicio-integral\/#breadcrumb","itemListElement":[{"@type":"ListItem","position":1,"name":"Home","item":"https:\/\/wheeltyre.com\/es\/"},{"@type":"ListItem","position":2,"name":"Servicio integral"}]},{"@type":"WebSite","@id":"https:\/\/wheeltyre.com\/es\/#website","url":"https:\/\/wheeltyre.com\/es\/","name":"WheelTyre","description":"One partner. Full service.","potentialAction":[{"@type":"SearchAction","target":{"@type":"EntryPoint","urlTemplate":"https:\/\/wheeltyre.com\/es\/?s={search_term_string}"},"query-input":{"@type":"PropertyValueSpecification","valueRequired":true,"valueName":"search_term_string"}}],"inLanguage":"es"}]}},"_links":{"self":[{"href":"https:\/\/wheeltyre.com\/es\/wp-json\/wp\/v2\/pages\/2130","targetHints":{"allow":["GET"]}}],"collection":[{"href":"https:\/\/wheeltyre.com\/es\/wp-json\/wp\/v2\/pages"}],"about":[{"href":"https:\/\/wheeltyre.com\/es\/wp-json\/wp\/v2\/types\/page"}],"author":[{"embeddable":true,"href":"https:\/\/wheeltyre.com\/es\/wp-json\/wp\/v2\/users\/1"}],"replies":[{"embeddable":true,"href":"https:\/\/wheeltyre.com\/es\/wp-json\/wp\/v2\/comments?post=2130"}],"version-history":[{"count":5,"href":"https:\/\/wheeltyre.com\/es\/wp-json\/wp\/v2\/pages\/2130\/revisions"}],"predecessor-version":[{"id":2289,"href":"https:\/\/wheeltyre.com\/es\/wp-json\/wp\/v2\/pages\/2130\/revisions\/2289"}],"wp:attachment":[{"href":"https:\/\/wheeltyre.com\/es\/wp-json\/wp\/v2\/media?parent=2130"}],"wp:term":[{"taxonomy":"dipi_cpt_category","embeddable":true,"href":"https:\/\/wheeltyre.com\/es\/wp-json\/wp\/v2\/dipi_cpt_category?post=2130"}],"curies":[{"name":"wp","href":"https:\/\/api.w.org\/{rel}","templated":true}]}}