{"id":1542,"date":"2025-10-06T08:11:37","date_gmt":"2025-10-06T08:11:37","guid":{"rendered":"https:\/\/wheeltyre.com\/over-wheeltyre\/"},"modified":"2026-01-30T12:50:55","modified_gmt":"2026-01-30T12:50:55","slug":"uber-wheeltyre","status":"publish","type":"page","link":"https:\/\/wheeltyre.com\/de\/uber-wheeltyre\/","title":{"rendered":"\u00dcber WheelTyre"},"content":{"rendered":"<p>[et_pb_section fb_built=&#8220;1&#8243; admin_label=&#8220;Section&#8220; _builder_version=&#8220;4.27.5&#8243; _module_preset=&#8220;default&#8220; background_image=&#8220;https:\/\/wheeltyre.com\/wp-content\/uploads\/2026\/01\/wheeltyre-uber-uns-de.jpg&#8220; background_position=&#8220;top_center&#8220; background_vertical_offset=&#8220;19%&#8220; da_disable_devices=&#8220;off|off|off&#8220; global_colors_info=&#8220;{}&#8220; da_is_popup=&#8220;off&#8220; da_exit_intent=&#8220;off&#8220; da_has_close=&#8220;on&#8220; da_alt_close=&#8220;off&#8220; da_dark_close=&#8220;off&#8220; da_not_modal=&#8220;on&#8220; da_is_singular=&#8220;off&#8220; da_with_loader=&#8220;off&#8220; da_has_shadow=&#8220;on&#8220;][et_pb_row _builder_version=&#8220;4.27.4&#8243; _module_preset=&#8220;default&#8220; global_colors_info=&#8220;{}&#8220;][et_pb_column type=&#8220;4_4&#8243; _builder_version=&#8220;4.27.4&#8243; _module_preset=&#8220;default&#8220; global_colors_info=&#8220;{}&#8220;][et_pb_divider show_divider=&#8220;off&#8220; _builder_version=&#8220;4.27.4&#8243; _module_preset=&#8220;default&#8220; height=&#8220;194px&#8220; height_tablet=&#8220;194px&#8220; height_phone=&#8220;50px&#8220; height_last_edited=&#8220;on|phone&#8220; global_colors_info=&#8220;{}&#8220;][\/et_pb_divider][\/et_pb_column][\/et_pb_row][\/et_pb_section][et_pb_section fb_built=&#8220;1&#8243; admin_label=&#8220;Section&#8220; _builder_version=&#8220;4.27.4&#8243; _module_preset=&#8220;default&#8220; da_disable_devices=&#8220;off|off|off&#8220; global_colors_info=&#8220;{}&#8220; da_is_popup=&#8220;off&#8220; da_exit_intent=&#8220;off&#8220; da_has_close=&#8220;on&#8220; da_alt_close=&#8220;off&#8220; da_dark_close=&#8220;off&#8220; da_not_modal=&#8220;on&#8220; da_is_singular=&#8220;off&#8220; da_with_loader=&#8220;off&#8220; da_has_shadow=&#8220;on&#8220;][et_pb_row _builder_version=&#8220;4.27.4&#8243; _module_preset=&#8220;default&#8220; global_colors_info=&#8220;{}&#8220;][et_pb_column type=&#8220;4_4&#8243; _builder_version=&#8220;4.27.4&#8243; _module_preset=&#8220;default&#8220; global_colors_info=&#8220;{}&#8220;][et_pb_text _builder_version=&#8220;4.27.5&#8243; _module_preset=&#8220;default&#8220; text_line_height=&#8220;2em&#8220; header_2_text_color=&#8220;#08447e&#8220; header_2_font_size=&#8220;19px&#8220; header_3_text_color=&#8220;#08447e&#8220; header_3_font_size=&#8220;30px&#8220; header_5_font_size=&#8220;20px&#8220; header_5_line_height=&#8220;2.5em&#8220; global_colors_info=&#8220;{}&#8220;]<\/p>\n<h3>Over WheelTyre<\/h3>\n<p>WheelTyre unterst\u00fctzt Automobilhersteller und -importeure in ganz Europa, indem es den kompletten Betriebsprozess f\u00fcr Reifen, Felgen und Komplettr\u00e4der von der Beschaffung bis zur Lieferung verwaltet. Dank integrierter IT und Berichterstattung arbeiten wir mit gemeinsamen Datens\u00e4tzen und versorgen unsere Partner zum richtigen Zeitpunkt mit den richtigen Informationen. Flexible Dienstleistungen und ein \u00fcbersichtlicher Rechnungsprozess vereinfachen die Zusammenarbeit.<\/p>\n<p>Dank unseres Full-Service-Ansatzes, unserer Fachkompetenz und unserer pers\u00f6nlichen Betreuung k\u00f6nnen sich unsere Partner auf einen einzigen zuverl\u00e4ssigen Anbieter f\u00fcr alle Reifen, Komplettr\u00e4der, Felgen und damit verbundenen Dienstleistungen verlassen. Auf diese Weise k\u00f6nnen sich Automobilhersteller, Importeure und H\u00e4ndler auf ihre Kernaktivit\u00e4ten konzentrieren, w\u00e4hrend wir uns um den Rest k\u00fcmmern.<\/p>\n<h5><b style=\"color: #08447e;\">ONE PARTNER. FULL SERVICE.<\/b><\/h5>\n<p>[\/et_pb_text][\/et_pb_column][\/et_pb_row][\/et_pb_section][et_pb_section fb_built=&#8220;1&#8243; admin_label=&#8220;Section&#8220; _builder_version=&#8220;4.27.4&#8243; _module_preset=&#8220;default&#8220; background_color=&#8220;#f7f7f7&#8243; custom_margin=&#8220;-30px||||false|false&#8220; da_disable_devices=&#8220;off|off|off&#8220; global_colors_info=&#8220;{}&#8220; da_is_popup=&#8220;off&#8220; da_exit_intent=&#8220;off&#8220; da_has_close=&#8220;on&#8220; da_alt_close=&#8220;off&#8220; da_dark_close=&#8220;off&#8220; da_not_modal=&#8220;on&#8220; da_is_singular=&#8220;off&#8220; da_with_loader=&#8220;off&#8220; da_has_shadow=&#8220;on&#8220;][et_pb_row _builder_version=&#8220;4.27.4&#8243; _module_preset=&#8220;default&#8220; global_colors_info=&#8220;{}&#8220;][et_pb_column type=&#8220;4_4&#8243; _builder_version=&#8220;4.27.4&#8243; _module_preset=&#8220;default&#8220; global_colors_info=&#8220;{}&#8220;][et_pb_text content_tablet=&#8220;<\/p>\n<h5>Benieuwd naar wat we doen?<\/h5>\n<p>&#8220; content_phone=&#8220;<\/p>\n<h5>Benieuwd naar<\/h5>\n<h5>wat we doen?<\/h5>\n<p>&#8220; content_last_edited=&#8220;on|phone&#8220; _builder_version=&#8220;4.27.5&#8243; _module_preset=&#8220;default&#8220; text_line_height=&#8220;2.2em&#8220; header_2_text_color=&#8220;#08447e&#8220; header_2_font_size=&#8220;19px&#8220; header_3_text_color=&#8220;#08447e&#8220; header_3_font_size=&#8220;30px&#8220; header_5_text_color=&#8220;#08447e&#8220; header_5_font_size=&#8220;30px&#8220; text_orientation=&#8220;center&#8220; custom_margin=&#8220;||15px||false|false&#8220; header_5_font_size_tablet=&#8220;30px&#8220; header_5_font_size_phone=&#8220;25px&#8220; header_5_font_size_last_edited=&#8220;on|phone&#8220; header_5_line_height_tablet=&#8220;&#8220; header_5_line_height_phone=&#8220;0.7em&#8220; header_5_line_height_last_edited=&#8220;on|phone&#8220; global_colors_info=&#8220;{}&#8220;]<\/p>\n<h5>Neugierig auf unsere Arbeitsweise?<\/h5>\n<p><em>Entdecken Sie unseren Full-Service-Ansatz.<\/em><\/p>\n<p><em> <\/em><\/p>\n<p><em><\/em><\/p>\n<p>[\/et_pb_text][et_pb_button button_url=&#8220;#video-WHT&#8220; button_text=&#8220;Sehen Sie sich unser Video an&#8220; button_alignment=&#8220;center&#8220; _builder_version=&#8220;4.27.5&#8243; _module_preset=&#8220;default&#8220; custom_button=&#8220;on&#8220; button_text_size=&#8220;17px&#8220; button_text_color=&#8220;#FFFFFF&#8220; button_bg_color=&#8220;#f9af15&#8243; button_border_width=&#8220;0px&#8220; button_border_radius=&#8220;7px&#8220; button_icon=&#8220;&#x49;||divi||400&#8243; button_icon_placement=&#8220;left&#8220; button_on_hover=&#8220;off&#8220; custom_padding=&#8220;|60px||60px|false|true&#8220; global_colors_info=&#8220;{}&#8220; button_bg_color__hover_enabled=&#8220;on|hover&#8220; button_bg_color__hover=&#8220;#f49f19&#8243; button_bg_enable_color__hover=&#8220;on&#8220;][\/et_pb_button][\/et_pb_column][\/et_pb_row][\/et_pb_section][et_pb_section fb_built=&#8220;1&#8243; admin_label=&#8220;Popup &#8211; #video-WHT&#8220; module_id=&#8220;video-WHT&#8220; module_class=&#8220;popup&#8220; _builder_version=&#8220;4.27.4&#8243; _module_preset=&#8220;default&#8220; background_color=&#8220;#08447e&#8220; use_background_color_gradient=&#8220;on&#8220; background_color_gradient_stops=&#8220;rgba(8,68,126,0.9) 0%|rgba(8,68,126,0.9) 100%&#8220; background_enable_image=&#8220;off&#8220; width=&#8220;69%&#8220; custom_margin=&#8220;||||false|false&#8220; custom_padding=&#8220;30px||10px||false|false&#8220; da_is_popup=&#8220;on&#8220; da_popup_slug=&#8220;video-WHT&#8220; da_disable_devices=&#8220;off|off|off&#8220; border_radii=&#8220;on|20px|20px|20px|20px&#8220; global_colors_info=&#8220;{}&#8220; da_exit_intent=&#8220;off&#8220; da_has_close=&#8220;on&#8220; da_alt_close=&#8220;off&#8220; da_dark_close=&#8220;off&#8220; da_not_modal=&#8220;on&#8220; da_is_singular=&#8220;off&#8220; da_with_loader=&#8220;off&#8220; da_has_shadow=&#8220;on&#8220;][et_pb_row _builder_version=&#8220;4.27.4&#8243; _module_preset=&#8220;default&#8220; global_colors_info=&#8220;{}&#8220;][et_pb_column type=&#8220;4_4&#8243; _builder_version=&#8220;4.27.4&#8243; _module_preset=&#8220;default&#8220; global_colors_info=&#8220;{}&#8220;][et_pb_video src=&#8220;https:\/\/www.youtube.com\/watch?v=D5vawPI9-Is&#8220; _builder_version=&#8220;4.27.4&#8243; _module_preset=&#8220;default&#8220; global_colors_info=&#8220;{}&#8220;][\/et_pb_video][et_pb_text _builder_version=&#8220;4.27.5&#8243; _module_preset=&#8220;default&#8220; text_font=&#8220;|600|||||||&#8220; text_text_color=&#8220;#FFFFFF&#8220; text_orientation=&#8220;center&#8220; custom_margin=&#8220;||||false|false&#8220; custom_padding=&#8220;||||false|false&#8220; global_colors_info=&#8220;{}&#8220;]<\/p>\n<p>WheelTyre | Unternehmensvideo<\/p>\n<p>[\/et_pb_text][\/et_pb_column][\/et_pb_row][\/et_pb_section][et_pb_section fb_built=&#8220;1&#8243; admin_label=&#8220;Section&#8220; _builder_version=&#8220;4.27.5&#8243; _module_preset=&#8220;default&#8220; background_image=&#8220;https:\/\/wheeltyre.com\/wp-content\/uploads\/2026\/01\/EU-Karte-de.png&#8220; background_size=&#8220;custom&#8220; background_image_height=&#8220;100%&#8220; background_position=&#8220;bottom_right&#8220; height=&#8220;725px&#8220; height_tablet=&#8220;725px&#8220; height_phone=&#8220;auto&#8220; height_last_edited=&#8220;on|phone&#8220; custom_margin=&#8220;0px||||false|false&#8220; custom_padding=&#8220;0px||||false|false&#8220; background_last_edited=&#8220;on|phone&#8220; background_enable_image_phone=&#8220;off&#8220; da_disable_devices=&#8220;off|off|off&#8220; global_colors_info=&#8220;{}&#8220; da_is_popup=&#8220;off&#8220; da_exit_intent=&#8220;off&#8220; da_has_close=&#8220;on&#8220; da_alt_close=&#8220;off&#8220; da_dark_close=&#8220;off&#8220; da_not_modal=&#8220;on&#8220; da_is_singular=&#8220;off&#8220; da_with_loader=&#8220;off&#8220; da_has_shadow=&#8220;on&#8220;][et_pb_row column_structure=&#8220;1_2,1_2&#8243; custom_padding_last_edited=&#8220;on|phone&#8220; _builder_version=&#8220;4.27.4&#8243; _module_preset=&#8220;default&#8220; min_height_tablet=&#8220;&#8220; min_height_phone=&#8220;&#8220; min_height_last_edited=&#8220;on|phone&#8220; custom_margin_tablet=&#8220;&#8220; custom_margin_phone=&#8220;||||false|false&#8220; custom_margin_last_edited=&#8220;on|desktop&#8220; custom_padding_tablet=&#8220;&#8220; custom_padding_phone=&#8220;||0px||false|false&#8220; global_colors_info=&#8220;{}&#8220;][et_pb_column type=&#8220;1_2&#8243; _builder_version=&#8220;4.27.4&#8243; _module_preset=&#8220;default&#8220; global_colors_info=&#8220;{}&#8220;][et_pb_text _builder_version=&#8220;4.27.5&#8243; _module_preset=&#8220;default&#8220; text_line_height=&#8220;2em&#8220; header_2_text_color=&#8220;#08447e&#8220; header_2_font_size=&#8220;19px&#8220; header_3_text_color=&#8220;#08447e&#8220; header_3_font_size=&#8220;30px&#8220; custom_margin=&#8220;60px||||false|false&#8220; hover_enabled=&#8220;0&#8243; header_3_font_size_tablet=&#8220;30px&#8220; header_3_font_size_phone=&#8220;25px&#8220; header_3_font_size_last_edited=&#8220;on|phone&#8220; custom_css_free_form=&#8220;.et_pb_module table, ||.et_pb_module table td, ||.et_pb_module table th {||  border: none !important;||}||.dot {||  display: inline-block;||  width: 18px;||  height: 18px;||  border-radius: 50%;||}||.dot.orange {||  background-color: orange;||}||.dot.green {||  background-color: LimeGreen;||}&#8220; global_colors_info=&#8220;{}&#8220; sticky_enabled=&#8220;0&#8243; content_last_edited=&#8220;on|phone&#8220; content_phone=&#8220;<\/p>\n<h3>Europ\u00e4isches Netzwerk<\/h3>\n<p>WheelTyre hat seinen Sitz in den Niederlanden und bedient Kunden in ganz Europa. Dank eines starken Logistiknetzwerks, lokaler Fachkompetenz und mehrsprachigem Support stellen wir sicher, dass jede Lieferung schnell und zuverl\u00e4ssig ihr Ziel erreicht.<\/p>\n<p>&nbsp;<\/p>\n<table style=%22border-collapse: collapse; width: 100%;%22>\n<tbody>\n<tr>\n<td style=%22width: 10%; border: none; vertical-align: top; padding: 5px;%22><i style=%22color: #f9af15;%22 class=%22fa-solid fa-check%22><\/i><\/td>\n<td style=%22width: 90%; border: none; padding: 5px;%22>Europ\u00e4isches Netzwerk von Lagern und Montagelinien<\/td>\n<\/tr>\n<tr>\n<td style=%22width: 10%; border: none; vertical-align: top; padding: 5px;%22><i style=%22color: #f9af15;%22 class=%22fa-solid fa-check%22><\/i><\/td>\n<td style=%22width: 90%; border: none; padding: 5px;%22>Ein Partner f\u00fcr Reifen, Felgen, Komplettr\u00e4der und zugeh\u00f6rige Dienstleistungen<\/td>\n<\/tr>\n<tr>\n<td style=%22width: 10%; border: none; vertical-align: top; padding: 5px;%22><i style=%22color: #f9af15;%22 class=%22fa-solid fa-check%22><\/i><\/td>\n<td style=%22width: 90%; border: none; padding: 5px;%22>Schnelle Lieferung innerhalb der EU<\/td>\n<\/tr>\n<tr>\n<td style=%22width: 10%; border: none; vertical-align: top; padding: 5px;%22><i style=%22color: #f9af15;%22 class=%22fa-solid fa-check%22><\/i><\/td>\n<td style=%22width: 90%; border: none; padding: 5px;%22>Mehrsprachiger Kundenservice und Vertriebssupport<\/td>\n<\/tr>\n<tr>\n<td style=%22width: 10%; border: none; vertical-align: top; padding: 5px;%22><i style=%22color: #f9af15;%22 class=%22fa-solid fa-check%22><\/i><\/td>\n<td style=%22width: 90%; border: none; padding: 5px;%22>Vertriebsnetz in 26 L\u00e4ndern, einschlie\u00dflich Exportm\u00e4rkten<\/td>\n<\/tr>\n<tr>\n<td style=%22width: 10%; border: none; vertical-align: top; padding: 5px;%22><\/td>\n<td style=%22width: 90%; border: none; padding: 5px;%22><\/td>\n<\/tr>\n<\/tbody>\n<\/table>\n<p>&#8220; content_tablet=&#8220;<\/p>\n<h3>Europ\u00e4isches Netzwerk<\/h3>\n<p>WheelTyre hat seinen Sitz in den Niederlanden und bedient Kunden in ganz Europa. Dank eines starken Logistiknetzwerks, lokaler Fachkompetenz und mehrsprachigem Support stellen wir sicher, dass jede Lieferung schnell und zuverl\u00e4ssig ihr Ziel erreicht.<\/p>\n<p>&nbsp;<\/p>\n<table style=%22border-collapse: collapse; width: 100%;%22>\n<tbody>\n<tr>\n<td style=%22width: 10%; border: none; vertical-align: top; padding: 5px;%22><i style=%22color: #f9af15;%22 class=%22fa-solid fa-check%22><\/i><\/td>\n<td style=%22width: 90%; border: none; padding: 5px;%22>Europ\u00e4isches Netzwerk von Lagern und Montagelinien<\/td>\n<\/tr>\n<tr>\n<td style=%22width: 10%; border: none; vertical-align: top; padding: 5px;%22><i style=%22color: #f9af15;%22 class=%22fa-solid fa-check%22><\/i><\/td>\n<td style=%22width: 90%; border: none; padding: 5px;%22>Ein Partner f\u00fcr Reifen, Felgen, Komplettr\u00e4der und zugeh\u00f6rige Dienstleistungen<\/td>\n<\/tr>\n<tr>\n<td style=%22width: 10%; border: none; vertical-align: top; padding: 5px;%22><i style=%22color: #f9af15;%22 class=%22fa-solid fa-check%22><\/i><\/td>\n<td style=%22width: 90%; border: none; padding: 5px;%22>Schnelle Lieferung innerhalb der EU<\/td>\n<\/tr>\n<tr>\n<td style=%22width: 10%; border: none; vertical-align: top; padding: 5px;%22><i style=%22color: #f9af15;%22 class=%22fa-solid fa-check%22><\/i><\/td>\n<td style=%22width: 90%; border: none; padding: 5px;%22>Mehrsprachiger Kundenservice und Vertriebssupport<\/td>\n<\/tr>\n<tr>\n<td style=%22width: 10%; border: none; vertical-align: top; padding: 5px;%22><i style=%22color: #f9af15;%22 class=%22fa-solid fa-check%22><\/i><\/td>\n<td style=%22width: 90%; border: none; padding: 5px;%22>Vertriebsnetz in 26 L\u00e4ndern, einschlie\u00dflich Exportm\u00e4rkten<\/td>\n<\/tr>\n<tr>\n<td style=%22width: 10%; border: none; vertical-align: top; padding: 5px;%22><\/td>\n<td style=%22width: 90%; border: none; padding: 5px;%22><\/td>\n<\/tr>\n<\/tbody>\n<\/table>\n<table style=%22border-collapse: collapse; width: 100%;%22>\n<tbody>\n<tr>\n<td style=%22width: 1%; border: none; padding: 5px; vertical-align: middle;%22><span class=%22dot orange%22><\/span><\/td>\n<td style=%22width: 20%; border: none; padding: 5px; vertical-align: middle; color: orange;%22>Lager<\/td>\n<td style=%22width: 1%; border: none; padding: 5px; vertical-align: middle;%22><span class=%22dot green%22><\/span><\/td>\n<td style=%22width: 25%; border: none; padding: 5px; vertical-align: middle; color: limegreen;%22>Montagelinie<\/td>\n<\/tr>\n<\/tbody>\n<\/table>\n<p>&#8222;]<\/p>\n<h3>Europ\u00e4isches Netzwerk<\/h3>\n<p>WheelTyre hat seinen Sitz in den Niederlanden und bedient Kunden in ganz Europa. Dank eines starken Logistiknetzwerks, lokaler Fachkompetenz und mehrsprachigem Support stellen wir sicher, dass jede Lieferung schnell und zuverl\u00e4ssig ihr Ziel erreicht.<\/p>\n<p>&nbsp;<\/p>\n<table style=\"border-collapse: collapse; width: 100%;\">\n<tbody>\n<tr>\n<td style=\"width: 10%; border: none; vertical-align: top; padding: 5px;\"><i style=\"color: #f9af15;\" class=\"fa-solid fa-check\"><\/i><\/td>\n<td style=\"width: 90%; border: none; padding: 5px;\">Europ\u00e4isches Netzwerk von Lagern und Montagelinien<\/td>\n<\/tr>\n<tr>\n<td style=\"width: 10%; border: none; vertical-align: top; padding: 5px;\"><i style=\"color: #f9af15;\" class=\"fa-solid fa-check\"><\/i><\/td>\n<td style=\"width: 90%; border: none; padding: 5px;\">Ein Partner f\u00fcr Reifen, Felgen, Komplettr\u00e4der und zugeh\u00f6rige Dienstleistungen<\/td>\n<\/tr>\n<tr>\n<td style=\"width: 10%; border: none; vertical-align: top; padding: 5px;\"><i style=\"color: #f9af15;\" class=\"fa-solid fa-check\"><\/i><\/td>\n<td style=\"width: 90%; border: none; padding: 5px;\">Schnelle Lieferung innerhalb der EU<\/td>\n<\/tr>\n<tr>\n<td style=\"width: 10%; border: none; vertical-align: top; padding: 5px;\"><i style=\"color: #f9af15;\" class=\"fa-solid fa-check\"><\/i><\/td>\n<td style=\"width: 90%; border: none; padding: 5px;\">Mehrsprachiger Kundenservice und Vertriebssupport<\/td>\n<\/tr>\n<tr>\n<td style=\"width: 10%; border: none; vertical-align: top; padding: 5px;\"><i style=\"color: #f9af15;\" class=\"fa-solid fa-check\"><\/i><\/td>\n<td style=\"width: 90%; border: none; padding: 5px;\">Vertriebsnetz in 26 L\u00e4ndern, einschlie\u00dflich Exportm\u00e4rkten<\/td>\n<\/tr>\n<tr>\n<td style=\"width: 10%; border: none; vertical-align: top; padding: 5px;\"><\/td>\n<td style=\"width: 90%; border: none; padding: 5px;\"><\/td>\n<\/tr>\n<\/tbody>\n<\/table>\n<table style=\"border-collapse: collapse; width: 100%;\">\n<tbody>\n<tr>\n<td style=\"width: 1%; border: none; padding: 5px; vertical-align: middle;\"><span class=\"dot orange\"><\/span><\/td>\n<td style=\"width: 20%; border: none; padding: 5px; vertical-align: middle; color: orange;\">Lager<\/td>\n<td style=\"width: 1%; border: none; padding: 5px; vertical-align: middle;\"><span class=\"dot green\"><\/span><\/td>\n<td style=\"width: 25%; border: none; padding: 5px; vertical-align: middle; color: limegreen;\">Montagelinie<\/td>\n<\/tr>\n<\/tbody>\n<\/table>\n<p>[\/et_pb_text][\/et_pb_column][et_pb_column type=&#8220;1_2&#8243; _builder_version=&#8220;4.27.4&#8243; _module_preset=&#8220;default&#8220; global_colors_info=&#8220;{}&#8220;][\/et_pb_column][\/et_pb_row][\/et_pb_section]<\/p>\n","protected":false},"excerpt":{"rendered":"<p>Over WheelTyre WheelTyre unterst\u00fctzt Automobilhersteller und -importeure in ganz Europa, indem es den kompletten Betriebsprozess f\u00fcr Reifen, Felgen und Komplettr\u00e4der von der Beschaffung bis zur Lieferung verwaltet. Dank integrierter IT und Berichterstattung arbeiten wir mit gemeinsamen Datens\u00e4tzen und versorgen unsere Partner zum richtigen Zeitpunkt mit den richtigen Informationen. Flexible Dienstleistungen und ein \u00fcbersichtlicher Rechnungsprozess vereinfachen [&hellip;]<\/p>\n","protected":false},"author":1,"featured_media":0,"parent":0,"menu_order":0,"comment_status":"closed","ping_status":"closed","template":"","meta":{"_et_pb_use_builder":"on","_et_pb_old_content":"","_et_gb_content_width":"","footnotes":""},"dipi_cpt_category":[],"class_list":["post-1542","page","type-page","status-publish","hentry"],"yoast_head":"<!-- This site is optimized with the Yoast SEO plugin v27.1.1 - https:\/\/yoast.com\/product\/yoast-seo-wordpress\/ -->\n<title>\u00dcber WheelTyre - WheelTyre<\/title>\n<meta name=\"description\" content=\"Wir machen den Unterschied f\u00fcr Automobilhersteller und Importeure, indem wir den gesamten Prozess rund um Reifen, R\u00e4der und Kompletts\u00e4tze vollst\u00e4ndig verwalten.\" \/>\n<meta name=\"robots\" content=\"index, follow, max-snippet:-1, max-image-preview:large, max-video-preview:-1\" \/>\n<link rel=\"canonical\" href=\"https:\/\/wheeltyre.com\/de\/uber-wheeltyre\/\" \/>\n<meta property=\"og:locale\" content=\"de_DE\" \/>\n<meta property=\"og:type\" content=\"article\" \/>\n<meta property=\"og:title\" content=\"\u00dcber WheelTyre - WheelTyre\" \/>\n<meta property=\"og:description\" content=\"Wir machen den Unterschied f\u00fcr Automobilhersteller und Importeure, indem wir den gesamten Prozess rund um Reifen, R\u00e4der und Kompletts\u00e4tze vollst\u00e4ndig verwalten.\" \/>\n<meta property=\"og:url\" content=\"https:\/\/wheeltyre.com\/de\/uber-wheeltyre\/\" \/>\n<meta property=\"og:site_name\" content=\"WheelTyre\" \/>\n<meta property=\"article:modified_time\" content=\"2026-01-30T12:50:55+00:00\" \/>\n<meta name=\"twitter:card\" content=\"summary_large_image\" \/>\n<meta name=\"twitter:label1\" content=\"Gesch\u00e4tzte Lesezeit\" \/>\n\t<meta name=\"twitter:data1\" content=\"2\u00a0Minuten\" \/>\n<script type=\"application\/ld+json\" class=\"yoast-schema-graph\">{\"@context\":\"https:\/\/schema.org\",\"@graph\":[{\"@type\":\"WebPage\",\"@id\":\"https:\/\/wheeltyre.com\/de\/uber-wheeltyre\/\",\"url\":\"https:\/\/wheeltyre.com\/de\/uber-wheeltyre\/\",\"name\":\"\u00dcber WheelTyre - WheelTyre\",\"isPartOf\":{\"@id\":\"https:\/\/wheeltyre.com\/de\/#website\"},\"datePublished\":\"2025-10-06T08:11:37+00:00\",\"dateModified\":\"2026-01-30T12:50:55+00:00\",\"description\":\"Wir machen den Unterschied f\u00fcr Automobilhersteller und Importeure, indem wir den gesamten Prozess rund um Reifen, R\u00e4der und Kompletts\u00e4tze vollst\u00e4ndig verwalten.\",\"breadcrumb\":{\"@id\":\"https:\/\/wheeltyre.com\/de\/uber-wheeltyre\/#breadcrumb\"},\"inLanguage\":\"de\",\"potentialAction\":[{\"@type\":\"ReadAction\",\"target\":[\"https:\/\/wheeltyre.com\/de\/uber-wheeltyre\/\"]}]},{\"@type\":\"BreadcrumbList\",\"@id\":\"https:\/\/wheeltyre.com\/de\/uber-wheeltyre\/#breadcrumb\",\"itemListElement\":[{\"@type\":\"ListItem\",\"position\":1,\"name\":\"Home\",\"item\":\"https:\/\/wheeltyre.com\/de\/\"},{\"@type\":\"ListItem\",\"position\":2,\"name\":\"\u00dcber WheelTyre\"}]},{\"@type\":\"WebSite\",\"@id\":\"https:\/\/wheeltyre.com\/de\/#website\",\"url\":\"https:\/\/wheeltyre.com\/de\/\",\"name\":\"WheelTyre\",\"description\":\"One partner. Full service.\",\"potentialAction\":[{\"@type\":\"SearchAction\",\"target\":{\"@type\":\"EntryPoint\",\"urlTemplate\":\"https:\/\/wheeltyre.com\/de\/?s={search_term_string}\"},\"query-input\":{\"@type\":\"PropertyValueSpecification\",\"valueRequired\":true,\"valueName\":\"search_term_string\"}}],\"inLanguage\":\"de\"}]}<\/script>\n<!-- \/ Yoast SEO plugin. -->","yoast_head_json":{"title":"\u00dcber WheelTyre - WheelTyre","description":"Wir machen den Unterschied f\u00fcr Automobilhersteller und Importeure, indem wir den gesamten Prozess rund um Reifen, R\u00e4der und Kompletts\u00e4tze vollst\u00e4ndig verwalten.","robots":{"index":"index","follow":"follow","max-snippet":"max-snippet:-1","max-image-preview":"max-image-preview:large","max-video-preview":"max-video-preview:-1"},"canonical":"https:\/\/wheeltyre.com\/de\/uber-wheeltyre\/","og_locale":"de_DE","og_type":"article","og_title":"\u00dcber WheelTyre - WheelTyre","og_description":"Wir machen den Unterschied f\u00fcr Automobilhersteller und Importeure, indem wir den gesamten Prozess rund um Reifen, R\u00e4der und Kompletts\u00e4tze vollst\u00e4ndig verwalten.","og_url":"https:\/\/wheeltyre.com\/de\/uber-wheeltyre\/","og_site_name":"WheelTyre","article_modified_time":"2026-01-30T12:50:55+00:00","twitter_card":"summary_large_image","twitter_misc":{"Gesch\u00e4tzte Lesezeit":"2\u00a0Minuten"},"schema":{"@context":"https:\/\/schema.org","@graph":[{"@type":"WebPage","@id":"https:\/\/wheeltyre.com\/de\/uber-wheeltyre\/","url":"https:\/\/wheeltyre.com\/de\/uber-wheeltyre\/","name":"\u00dcber WheelTyre - WheelTyre","isPartOf":{"@id":"https:\/\/wheeltyre.com\/de\/#website"},"datePublished":"2025-10-06T08:11:37+00:00","dateModified":"2026-01-30T12:50:55+00:00","description":"Wir machen den Unterschied f\u00fcr Automobilhersteller und Importeure, indem wir den gesamten Prozess rund um Reifen, R\u00e4der und Kompletts\u00e4tze vollst\u00e4ndig verwalten.","breadcrumb":{"@id":"https:\/\/wheeltyre.com\/de\/uber-wheeltyre\/#breadcrumb"},"inLanguage":"de","potentialAction":[{"@type":"ReadAction","target":["https:\/\/wheeltyre.com\/de\/uber-wheeltyre\/"]}]},{"@type":"BreadcrumbList","@id":"https:\/\/wheeltyre.com\/de\/uber-wheeltyre\/#breadcrumb","itemListElement":[{"@type":"ListItem","position":1,"name":"Home","item":"https:\/\/wheeltyre.com\/de\/"},{"@type":"ListItem","position":2,"name":"\u00dcber WheelTyre"}]},{"@type":"WebSite","@id":"https:\/\/wheeltyre.com\/de\/#website","url":"https:\/\/wheeltyre.com\/de\/","name":"WheelTyre","description":"One partner. Full service.","potentialAction":[{"@type":"SearchAction","target":{"@type":"EntryPoint","urlTemplate":"https:\/\/wheeltyre.com\/de\/?s={search_term_string}"},"query-input":{"@type":"PropertyValueSpecification","valueRequired":true,"valueName":"search_term_string"}}],"inLanguage":"de"}]}},"_links":{"self":[{"href":"https:\/\/wheeltyre.com\/de\/wp-json\/wp\/v2\/pages\/1542","targetHints":{"allow":["GET"]}}],"collection":[{"href":"https:\/\/wheeltyre.com\/de\/wp-json\/wp\/v2\/pages"}],"about":[{"href":"https:\/\/wheeltyre.com\/de\/wp-json\/wp\/v2\/types\/page"}],"author":[{"embeddable":true,"href":"https:\/\/wheeltyre.com\/de\/wp-json\/wp\/v2\/users\/1"}],"replies":[{"embeddable":true,"href":"https:\/\/wheeltyre.com\/de\/wp-json\/wp\/v2\/comments?post=1542"}],"version-history":[{"count":9,"href":"https:\/\/wheeltyre.com\/de\/wp-json\/wp\/v2\/pages\/1542\/revisions"}],"predecessor-version":[{"id":2298,"href":"https:\/\/wheeltyre.com\/de\/wp-json\/wp\/v2\/pages\/1542\/revisions\/2298"}],"wp:attachment":[{"href":"https:\/\/wheeltyre.com\/de\/wp-json\/wp\/v2\/media?parent=1542"}],"wp:term":[{"taxonomy":"dipi_cpt_category","embeddable":true,"href":"https:\/\/wheeltyre.com\/de\/wp-json\/wp\/v2\/dipi_cpt_category?post=1542"}],"curies":[{"name":"wp","href":"https:\/\/api.w.org\/{rel}","templated":true}]}}