{"id":1541,"date":"2025-10-06T08:13:10","date_gmt":"2025-10-06T08:13:10","guid":{"rendered":"https:\/\/wheeltyre.com\/full-service\/"},"modified":"2026-01-30T12:30:18","modified_gmt":"2026-01-30T12:30:18","slug":"full-service","status":"publish","type":"page","link":"https:\/\/wheeltyre.com\/de\/full-service\/","title":{"rendered":"Full-Service"},"content":{"rendered":"<p>[et_pb_section fb_built=&#8220;1&#8243; _builder_version=&#8220;4.27.5&#8243; _module_preset=&#8220;default&#8220; background_image=&#8220;https:\/\/wheeltyre.com\/wp-content\/uploads\/2026\/01\/wheeltyre-full-service-de.jpg&#8220; background_position=&#8220;bottom_center&#8220; da_disable_devices=&#8220;off|off|off&#8220; global_colors_info=&#8220;{}&#8220; da_is_popup=&#8220;off&#8220; da_exit_intent=&#8220;off&#8220; da_has_close=&#8220;on&#8220; da_alt_close=&#8220;off&#8220; da_dark_close=&#8220;off&#8220; da_not_modal=&#8220;on&#8220; da_is_singular=&#8220;off&#8220; da_with_loader=&#8220;off&#8220; da_has_shadow=&#8220;on&#8220;][et_pb_row _builder_version=&#8220;4.27.4&#8243; _module_preset=&#8220;default&#8220; global_colors_info=&#8220;{}&#8220;][et_pb_column type=&#8220;4_4&#8243; _builder_version=&#8220;4.27.4&#8243; _module_preset=&#8220;default&#8220; global_colors_info=&#8220;{}&#8220;][et_pb_divider show_divider=&#8220;off&#8220; _builder_version=&#8220;4.27.4&#8243; _module_preset=&#8220;default&#8220; height=&#8220;194px&#8220; height_tablet=&#8220;194px&#8220; height_phone=&#8220;50px&#8220; height_last_edited=&#8220;on|phone&#8220; global_colors_info=&#8220;{}&#8220;][\/et_pb_divider][\/et_pb_column][\/et_pb_row][\/et_pb_section][et_pb_section fb_built=&#8220;1&#8243; _builder_version=&#8220;4.27.4&#8243; _module_preset=&#8220;default&#8220; da_disable_devices=&#8220;off|off|off&#8220; global_colors_info=&#8220;{}&#8220; da_is_popup=&#8220;off&#8220; da_exit_intent=&#8220;off&#8220; da_has_close=&#8220;on&#8220; da_alt_close=&#8220;off&#8220; da_dark_close=&#8220;off&#8220; da_not_modal=&#8220;on&#8220; da_is_singular=&#8220;off&#8220; da_with_loader=&#8220;off&#8220; da_has_shadow=&#8220;on&#8220;][et_pb_row _builder_version=&#8220;4.27.4&#8243; _module_preset=&#8220;default&#8220; global_colors_info=&#8220;{}&#8220;][et_pb_column type=&#8220;4_4&#8243; _builder_version=&#8220;4.27.4&#8243; _module_preset=&#8220;default&#8220; global_colors_info=&#8220;{}&#8220;][et_pb_text _builder_version=&#8220;4.27.5&#8243; _module_preset=&#8220;default&#8220; text_line_height=&#8220;2em&#8220; header_2_text_color=&#8220;#08447e&#8220; header_2_font_size=&#8220;19px&#8220; header_3_text_color=&#8220;#08447e&#8220; header_3_font_size=&#8220;30px&#8220; global_colors_info=&#8220;{}&#8220;]<\/p>\n<h3>Unser Full-Service-Ansatz<\/h3>\n<p>WheelTyre unterst\u00fctzt Automobilhersteller und -importeure mit Komplettl\u00f6sungen f\u00fcr Reifen, Felgen und komplett montierte Rad-Reifen-Kombinationen. Von Premium-Reifen und hochwertigen Felgen bis hin zu Komplettr\u00e4dern liefern wir Produkte, die h\u00f6chsten Anspr\u00fcchen an Sicherheit, Leistung und Optik gen\u00fcgen.<\/p>\n<p>Wir bieten auch zus\u00e4tzliche Dienstleistungen wie Lagerhaltung und R\u00fcckkauf von \u00dcberbest\u00e4nden an. Auf diese Weise entlasten wir unsere Partner und gew\u00e4hrleisten Klarheit und Kontrolle w\u00e4hrend des gesamten Prozesses.<\/p>\n<p>[\/et_pb_text][\/et_pb_column][\/et_pb_row][et_pb_row column_structure=&#8220;1_2,1_2&#8243; make_equal=&#8220;on&#8220; _builder_version=&#8220;4.27.4&#8243; _module_preset=&#8220;default&#8220; global_colors_info=&#8220;{}&#8220;][et_pb_column type=&#8220;1_2&#8243; _builder_version=&#8220;4.27.4&#8243; _module_preset=&#8220;default&#8220; global_colors_info=&#8220;{}&#8220;][et_pb_image src=&#8220;https:\/\/wheeltyre.com\/wp-content\/uploads\/2026\/01\/wheeltyre-komplettrader-de.jpg&#8220; alt=&#8220;Montage Komplettr\u00e4der bei WheelTyre&#8220; title_text=&#8220;Montage Komplettr\u00e4der bei WheelTyre&#8220; _builder_version=&#8220;4.27.5&#8243; _module_preset=&#8220;default&#8220; border_radii=&#8220;on|20px|20px|20px|20px&#8220; global_colors_info=&#8220;{}&#8220;][\/et_pb_image][\/et_pb_column][et_pb_column type=&#8220;1_2&#8243; _builder_version=&#8220;4.27.4&#8243; _module_preset=&#8220;default&#8220; global_colors_info=&#8220;{}&#8220;][et_pb_text _builder_version=&#8220;4.27.5&#8243; _module_preset=&#8220;default&#8220; text_line_height=&#8220;2em&#8220; header_3_text_color=&#8220;#08447e&#8220; custom_css_free_form=&#8220;.et_pb_module table, ||.et_pb_module table td, ||.et_pb_module table th {||  border: none !important;||}||&#8220; global_colors_info=&#8220;{}&#8220;]<\/p>\n<h3>Montage von Komplettr\u00e4dern<\/h3>\n<p>WheelTyre fertigt komplette Rad-Reifen-Kombinationen, die direkt auf das Fahrzeug montiert werden k\u00f6nnen, darunter Winter-Komplettr\u00e4der, Sommer-Komplettr\u00e4der und Ganzjahres-Komplettr\u00e4der Mit unserer automatischen Montagelinie (AFL) bieten wir ausreichend Kapazit\u00e4t und arbeiten nach definierten Qualit\u00e4tsstandards.<\/p>\n<p>Die Montageanweisungen werden mit unseren Kunden abgestimmt und digital an die AFL \u00fcbertragen, um sicherzustellen, dass jedes Komplettrad genau nach den vereinbarten Spezifikationen zusammengebaut wird. Diese Linie bildet das Herzst\u00fcck unserer Dienstleistungen und erm\u00f6glicht eine Just-in-time-Lieferung f\u00fcr Automobilhersteller und -importeure in ganz Europa. Unser Logistiknetzwerk erstreckt sich \u00fcber mehr als 23 L\u00e4nder, einschlie\u00dflich Exportm\u00e4rkte, und wird von unserem internen Transportplanungsteam verwaltet.<\/p>\n<p>[\/et_pb_text][\/et_pb_column][\/et_pb_row][\/et_pb_section][et_pb_section fb_built=&#8220;1&#8243; _builder_version=&#8220;4.27.4&#8243; _module_preset=&#8220;default&#8220; background_color=&#8220;#f7f7f7&#8243; custom_margin=&#8220;||||false|false&#8220; da_disable_devices=&#8220;off|off|off&#8220; global_colors_info=&#8220;{}&#8220; da_is_popup=&#8220;off&#8220; da_exit_intent=&#8220;off&#8220; da_has_close=&#8220;on&#8220; da_alt_close=&#8220;off&#8220; da_dark_close=&#8220;off&#8220; da_not_modal=&#8220;on&#8220; da_is_singular=&#8220;off&#8220; da_with_loader=&#8220;off&#8220; da_has_shadow=&#8220;on&#8220;][et_pb_row column_structure=&#8220;1_2,1_2&#8243; make_equal=&#8220;on&#8220; _builder_version=&#8220;4.27.4&#8243; _module_preset=&#8220;default&#8220; global_colors_info=&#8220;{}&#8220;][et_pb_column type=&#8220;1_2&#8243; _builder_version=&#8220;4.27.4&#8243; _module_preset=&#8220;default&#8220; global_colors_info=&#8220;{}&#8220;][et_pb_text _builder_version=&#8220;4.27.5&#8243; _module_preset=&#8220;default&#8220; text_line_height=&#8220;2em&#8220; header_3_text_color=&#8220;#08447e&#8220; custom_css_free_form=&#8220;.et_pb_module table, ||.et_pb_module table td, ||.et_pb_module table th {||  border: none !important;||}||&#8220; global_colors_info=&#8220;{}&#8220;]<\/p>\n<h3>Vertrieb individueller Reifen<\/h3>\n<p>Wir k\u00fcmmern uns um die Beschaffung, Lagerung und den Vertrieb von Reifen f\u00fcr f\u00fchrende europ\u00e4ische Automobilhersteller. Von Sommer- und Winterreifen bis hin zu Ganzjahresreifen stellen wir sicher, dass immer der richtige Reifen zur richtigen Zeit am richtigen Ort verf\u00fcgbar ist.<\/p>\n<p>WheelTyre ist ein Mehrmarkenunternehmen und liefert alle Reifenmarken \u00fcber eine einzige Vertragsbeziehung und einen einzigen Rechnungsprozess. Unsere Dienstleistungen richten sich nach den Prozessen unserer Kunden und sind in deren Lieferkette integriert.<\/p>\n<p>[\/et_pb_text][\/et_pb_column][et_pb_column type=&#8220;1_2&#8243; _builder_version=&#8220;4.27.4&#8243; _module_preset=&#8220;default&#8220; global_colors_info=&#8220;{}&#8220;][et_pb_image src=&#8220;https:\/\/wheeltyre.com\/wp-content\/uploads\/2026\/01\/wheeltyre-reifen-vertrieb-de.jpg&#8220; alt=&#8220;Vertrieb&#8220; title_text=&#8220;Vertrieb&#8220; _builder_version=&#8220;4.27.5&#8243; _module_preset=&#8220;default&#8220; border_radii=&#8220;on|20px|20px|20px|20px&#8220; global_colors_info=&#8220;{}&#8220;][\/et_pb_image][\/et_pb_column][\/et_pb_row][\/et_pb_section][et_pb_section fb_built=&#8220;1&#8243; _builder_version=&#8220;4.27.4&#8243; _module_preset=&#8220;default&#8220; da_disable_devices=&#8220;off|off|off&#8220; global_colors_info=&#8220;{}&#8220; da_is_popup=&#8220;off&#8220; da_exit_intent=&#8220;off&#8220; da_has_close=&#8220;on&#8220; da_alt_close=&#8220;off&#8220; da_dark_close=&#8220;off&#8220; da_not_modal=&#8220;on&#8220; da_is_singular=&#8220;off&#8220; da_with_loader=&#8220;off&#8220; da_has_shadow=&#8220;on&#8220;][et_pb_row column_structure=&#8220;1_2,1_2&#8243; make_equal=&#8220;on&#8220; _builder_version=&#8220;4.27.4&#8243; _module_preset=&#8220;default&#8220; global_colors_info=&#8220;{}&#8220;][et_pb_column type=&#8220;1_2&#8243; _builder_version=&#8220;4.27.4&#8243; _module_preset=&#8220;default&#8220; global_colors_info=&#8220;{}&#8220;][et_pb_image src=&#8220;https:\/\/wheeltyre.com\/wp-content\/uploads\/2026\/01\/wheeltyre-lager-lagerhaus-de.jpg&#8220; alt=&#8220;Lager WheelTyre&#8220; title_text=&#8220;Lager WheelTyre&#8220; _builder_version=&#8220;4.27.5&#8243; _module_preset=&#8220;default&#8220; border_radii=&#8220;on|20px|20px|20px|20px&#8220; global_colors_info=&#8220;{}&#8220;][\/et_pb_image][\/et_pb_column][et_pb_column type=&#8220;1_2&#8243; _builder_version=&#8220;4.27.4&#8243; _module_preset=&#8220;default&#8220; global_colors_info=&#8220;{}&#8220;][et_pb_text _builder_version=&#8220;4.27.5&#8243; _module_preset=&#8220;default&#8220; text_line_height=&#8220;2em&#8220; header_3_text_color=&#8220;#08447e&#8220; custom_css_free_form=&#8220;.et_pb_module table, ||.et_pb_module table td, ||.et_pb_module table th {||  border: none !important;||}||&#8220; global_colors_info=&#8220;{}&#8220;]<\/p>\n<h3>Lagerhaltung<\/h3>\n<p>WheelTyre bietet Automobilherstellern und -importeuren eine zuverl\u00e4ssige L\u00f6sung f\u00fcr die Lagerung von Reifen, Felgen, Komplettr\u00e4dern und anderen Komponenten. Alle Artikel werden in unseren Lagern auf strukturierte Weise und gem\u00e4\u00df definierten Qualit\u00e4tsrichtlinien gelagert.<\/p>\n<p>Wir unterst\u00fctzen den gesamten Prozess, von der Wareneingangsabwicklung und Qualit\u00e4tskontrolle bis hin zur Lagerung und dem Warenausgang. Dank klarer Prozesse und IT-Unterst\u00fctzung sind Lagerhaltung und Logistik sowohl verwaltungsfreundlich als auch transparent.<\/p>\n<p>[\/et_pb_text][\/et_pb_column][\/et_pb_row][\/et_pb_section][et_pb_section fb_built=&#8220;1&#8243; _builder_version=&#8220;4.27.4&#8243; _module_preset=&#8220;default&#8220; background_color=&#8220;#f7f7f7&#8243; custom_margin=&#8220;||||false|false&#8220; da_disable_devices=&#8220;off|off|off&#8220; global_colors_info=&#8220;{}&#8220; da_is_popup=&#8220;off&#8220; da_exit_intent=&#8220;off&#8220; da_has_close=&#8220;on&#8220; da_alt_close=&#8220;off&#8220; da_dark_close=&#8220;off&#8220; da_not_modal=&#8220;on&#8220; da_is_singular=&#8220;off&#8220; da_with_loader=&#8220;off&#8220; da_has_shadow=&#8220;on&#8220;][et_pb_row column_structure=&#8220;1_2,1_2&#8243; make_equal=&#8220;on&#8220; _builder_version=&#8220;4.27.4&#8243; _module_preset=&#8220;default&#8220; global_colors_info=&#8220;{}&#8220;][et_pb_column type=&#8220;1_2&#8243; _builder_version=&#8220;4.27.4&#8243; _module_preset=&#8220;default&#8220; global_colors_info=&#8220;{}&#8220;][et_pb_text _builder_version=&#8220;4.27.5&#8243; _module_preset=&#8220;default&#8220; text_line_height=&#8220;2em&#8220; header_3_text_color=&#8220;#08447e&#8220; custom_css_free_form=&#8220;.et_pb_module table, ||.et_pb_module table td, ||.et_pb_module table th {||  border: none !important;||}||&#8220; global_colors_info=&#8220;{}&#8220;]<\/p>\n<h3>R\u00fcckk\u00e4ufe<\/h3>\n<p>WheelTyre bietet seinen Partnern eine praktische L\u00f6sung f\u00fcr \u00dcberbest\u00e4nde und unverk\u00e4ufliche Ware. Wir erwerben diese Best\u00e4nde direkt und vertreiben sie \u00fcber unser internationales Netzwerk. Dies tr\u00e4gt dazu bei, dass sich die Produkte schneller verkaufen, die Lagerkosten gesenkt werden und die Lagerbest\u00e4nde aus den Bilanzen unserer Partner entfernt werden.<\/p>\n<p>[\/et_pb_text][\/et_pb_column][et_pb_column type=&#8220;1_2&#8243; _builder_version=&#8220;4.27.4&#8243; _module_preset=&#8220;default&#8220; global_colors_info=&#8220;{}&#8220;][et_pb_image src=&#8220;https:\/\/wheeltyre.com\/wp-content\/uploads\/2026\/01\/wheeltyre-ruckkaufe-de.jpg&#8220; alt=&#8220;WheelTyre R\u00fcckk\u00e4ufe&#8220; title_text=&#8220;WheelTyre R\u00fcckk\u00e4ufe&#8220; _builder_version=&#8220;4.27.5&#8243; _module_preset=&#8220;default&#8220; hover_enabled=&#8220;0&#8243; border_radii=&#8220;on|20px|20px|20px|20px&#8220; global_colors_info=&#8220;{}&#8220; sticky_enabled=&#8220;0&#8243;][\/et_pb_image][\/et_pb_column][\/et_pb_row][\/et_pb_section][et_pb_section fb_built=&#8220;1&#8243; _builder_version=&#8220;4.27.4&#8243; _module_preset=&#8220;default&#8220; da_disable_devices=&#8220;off|off|off&#8220; global_colors_info=&#8220;{}&#8220; da_is_popup=&#8220;off&#8220; da_exit_intent=&#8220;off&#8220; da_has_close=&#8220;on&#8220; da_alt_close=&#8220;off&#8220; da_dark_close=&#8220;off&#8220; da_not_modal=&#8220;on&#8220; da_is_singular=&#8220;off&#8220; da_with_loader=&#8220;off&#8220; da_has_shadow=&#8220;on&#8220;][et_pb_row column_structure=&#8220;1_2,1_2&#8243; make_equal=&#8220;on&#8220; _builder_version=&#8220;4.27.4&#8243; _module_preset=&#8220;default&#8220; global_colors_info=&#8220;{}&#8220;][et_pb_column type=&#8220;1_2&#8243; _builder_version=&#8220;4.27.4&#8243; _module_preset=&#8220;default&#8220; global_colors_info=&#8220;{}&#8220;][et_pb_image src=&#8220;https:\/\/wheeltyre.com\/wp-content\/uploads\/2026\/01\/wheeltyre-dienstleistungen-de.jpg&#8220; alt=&#8220;Zus\u00e4tzliche Dienstleistungen&#8220; title_text=&#8220;Zus\u00e4tzliche Dienstleistungen&#8220; _builder_version=&#8220;4.27.5&#8243; _module_preset=&#8220;default&#8220; border_radii=&#8220;on|20px|20px|20px|20px&#8220; global_colors_info=&#8220;{}&#8220;][\/et_pb_image][\/et_pb_column][et_pb_column type=&#8220;1_2&#8243; _builder_version=&#8220;4.27.4&#8243; _module_preset=&#8220;default&#8220; global_colors_info=&#8220;{}&#8220;][et_pb_text _builder_version=&#8220;4.27.5&#8243; _module_preset=&#8220;default&#8220; text_line_height=&#8220;2em&#8220; header_3_text_color=&#8220;#08447e&#8220; global_colors_info=&#8220;{}&#8220;]<\/p>\n<h3>Zus\u00e4tzliche Dienstleistungen<\/h3>\n<p>Unsere Dienstleistungen gehen \u00fcber Montage, Vertrieb und Lagerung hinaus. \u00dcber WEBDIS, unser eigenes Online-Bestellsystem, haben H\u00e4ndler in Echtzeit Einblick in den verf\u00fcgbaren Lagerbestand und k\u00f6nnen Bestellungen direkt aufgeben. Dar\u00fcber hinaus bieten wir zus\u00e4tzliche Dienstleistungen an, die den t\u00e4glichen Betrieb vereinfachen, darunter Dienstleistungen im Bereich Reifendruckkontrollsysteme (RDKS), Etikettierung, kundenspezifische Verpackung und Bestandsverwaltung.<\/p>\n<p>WheelTyre arbeitet gem\u00e4\u00df ISO-zertifizierten Prozessen und bietet Zugang zu allen gro\u00dfen Reifenmarken in Europa. Dies gew\u00e4hrleistet eine klare, unkomplizierte und zuverl\u00e4ssige Zusammenarbeit.<\/p>\n<p>[\/et_pb_text][\/et_pb_column][\/et_pb_row][\/et_pb_section]<\/p>\n","protected":false},"excerpt":{"rendered":"<p>Unser Full-Service-Ansatz WheelTyre unterst\u00fctzt Automobilhersteller und -importeure mit Komplettl\u00f6sungen f\u00fcr Reifen, Felgen und komplett montierte Rad-Reifen-Kombinationen. Von Premium-Reifen und hochwertigen Felgen bis hin zu Komplettr\u00e4dern liefern wir Produkte, die h\u00f6chsten Anspr\u00fcchen an Sicherheit, Leistung und Optik gen\u00fcgen. Wir bieten auch zus\u00e4tzliche Dienstleistungen wie Lagerhaltung und R\u00fcckkauf von \u00dcberbest\u00e4nden an. Auf diese Weise entlasten wir unsere [&hellip;]<\/p>\n","protected":false},"author":1,"featured_media":0,"parent":0,"menu_order":0,"comment_status":"closed","ping_status":"closed","template":"","meta":{"_et_pb_use_builder":"on","_et_pb_old_content":"<!-- wp:divi\/placeholder \/-->","_et_gb_content_width":"1080","footnotes":""},"dipi_cpt_category":[],"class_list":["post-1541","page","type-page","status-publish","hentry"],"yoast_head":"<!-- This site is optimized with the Yoast SEO plugin v27.1.1 - https:\/\/yoast.com\/product\/yoast-seo-wordpress\/ -->\n<title>Full-Service - WheelTyre<\/title>\n<meta name=\"description\" content=\"WheelTyre unterst\u00fctzt Automobilhersteller und Importeure mit Komplettl\u00f6sungen f\u00fcr Reifen, Felgen und komplette Rad-Reifen-Kombinationen.\" \/>\n<meta name=\"robots\" content=\"index, follow, max-snippet:-1, max-image-preview:large, max-video-preview:-1\" \/>\n<link rel=\"canonical\" href=\"https:\/\/wheeltyre.com\/de\/full-service\/\" \/>\n<meta property=\"og:locale\" content=\"de_DE\" \/>\n<meta property=\"og:type\" content=\"article\" \/>\n<meta property=\"og:title\" content=\"Full-Service - WheelTyre\" \/>\n<meta property=\"og:description\" content=\"WheelTyre unterst\u00fctzt Automobilhersteller und Importeure mit Komplettl\u00f6sungen f\u00fcr Reifen, Felgen und komplette Rad-Reifen-Kombinationen.\" \/>\n<meta property=\"og:url\" content=\"https:\/\/wheeltyre.com\/de\/full-service\/\" \/>\n<meta property=\"og:site_name\" content=\"WheelTyre\" \/>\n<meta property=\"article:modified_time\" content=\"2026-01-30T12:30:18+00:00\" \/>\n<meta name=\"twitter:card\" content=\"summary_large_image\" \/>\n<meta name=\"twitter:label1\" content=\"Gesch\u00e4tzte Lesezeit\" \/>\n\t<meta name=\"twitter:data1\" content=\"4\u00a0Minuten\" \/>\n<script type=\"application\/ld+json\" class=\"yoast-schema-graph\">{\"@context\":\"https:\/\/schema.org\",\"@graph\":[{\"@type\":\"WebPage\",\"@id\":\"https:\/\/wheeltyre.com\/de\/full-service\/\",\"url\":\"https:\/\/wheeltyre.com\/de\/full-service\/\",\"name\":\"Full-Service - WheelTyre\",\"isPartOf\":{\"@id\":\"https:\/\/wheeltyre.com\/de\/#website\"},\"datePublished\":\"2025-10-06T08:13:10+00:00\",\"dateModified\":\"2026-01-30T12:30:18+00:00\",\"description\":\"WheelTyre unterst\u00fctzt Automobilhersteller und Importeure mit Komplettl\u00f6sungen f\u00fcr Reifen, Felgen und komplette Rad-Reifen-Kombinationen.\",\"breadcrumb\":{\"@id\":\"https:\/\/wheeltyre.com\/de\/full-service\/#breadcrumb\"},\"inLanguage\":\"de\",\"potentialAction\":[{\"@type\":\"ReadAction\",\"target\":[\"https:\/\/wheeltyre.com\/de\/full-service\/\"]}]},{\"@type\":\"BreadcrumbList\",\"@id\":\"https:\/\/wheeltyre.com\/de\/full-service\/#breadcrumb\",\"itemListElement\":[{\"@type\":\"ListItem\",\"position\":1,\"name\":\"Home\",\"item\":\"https:\/\/wheeltyre.com\/de\/\"},{\"@type\":\"ListItem\",\"position\":2,\"name\":\"Full-Service\"}]},{\"@type\":\"WebSite\",\"@id\":\"https:\/\/wheeltyre.com\/de\/#website\",\"url\":\"https:\/\/wheeltyre.com\/de\/\",\"name\":\"WheelTyre\",\"description\":\"One partner. Full service.\",\"potentialAction\":[{\"@type\":\"SearchAction\",\"target\":{\"@type\":\"EntryPoint\",\"urlTemplate\":\"https:\/\/wheeltyre.com\/de\/?s={search_term_string}\"},\"query-input\":{\"@type\":\"PropertyValueSpecification\",\"valueRequired\":true,\"valueName\":\"search_term_string\"}}],\"inLanguage\":\"de\"}]}<\/script>\n<!-- \/ Yoast SEO plugin. -->","yoast_head_json":{"title":"Full-Service - WheelTyre","description":"WheelTyre unterst\u00fctzt Automobilhersteller und Importeure mit Komplettl\u00f6sungen f\u00fcr Reifen, Felgen und komplette Rad-Reifen-Kombinationen.","robots":{"index":"index","follow":"follow","max-snippet":"max-snippet:-1","max-image-preview":"max-image-preview:large","max-video-preview":"max-video-preview:-1"},"canonical":"https:\/\/wheeltyre.com\/de\/full-service\/","og_locale":"de_DE","og_type":"article","og_title":"Full-Service - WheelTyre","og_description":"WheelTyre unterst\u00fctzt Automobilhersteller und Importeure mit Komplettl\u00f6sungen f\u00fcr Reifen, Felgen und komplette Rad-Reifen-Kombinationen.","og_url":"https:\/\/wheeltyre.com\/de\/full-service\/","og_site_name":"WheelTyre","article_modified_time":"2026-01-30T12:30:18+00:00","twitter_card":"summary_large_image","twitter_misc":{"Gesch\u00e4tzte Lesezeit":"4\u00a0Minuten"},"schema":{"@context":"https:\/\/schema.org","@graph":[{"@type":"WebPage","@id":"https:\/\/wheeltyre.com\/de\/full-service\/","url":"https:\/\/wheeltyre.com\/de\/full-service\/","name":"Full-Service - WheelTyre","isPartOf":{"@id":"https:\/\/wheeltyre.com\/de\/#website"},"datePublished":"2025-10-06T08:13:10+00:00","dateModified":"2026-01-30T12:30:18+00:00","description":"WheelTyre unterst\u00fctzt Automobilhersteller und Importeure mit Komplettl\u00f6sungen f\u00fcr Reifen, Felgen und komplette Rad-Reifen-Kombinationen.","breadcrumb":{"@id":"https:\/\/wheeltyre.com\/de\/full-service\/#breadcrumb"},"inLanguage":"de","potentialAction":[{"@type":"ReadAction","target":["https:\/\/wheeltyre.com\/de\/full-service\/"]}]},{"@type":"BreadcrumbList","@id":"https:\/\/wheeltyre.com\/de\/full-service\/#breadcrumb","itemListElement":[{"@type":"ListItem","position":1,"name":"Home","item":"https:\/\/wheeltyre.com\/de\/"},{"@type":"ListItem","position":2,"name":"Full-Service"}]},{"@type":"WebSite","@id":"https:\/\/wheeltyre.com\/de\/#website","url":"https:\/\/wheeltyre.com\/de\/","name":"WheelTyre","description":"One partner. Full service.","potentialAction":[{"@type":"SearchAction","target":{"@type":"EntryPoint","urlTemplate":"https:\/\/wheeltyre.com\/de\/?s={search_term_string}"},"query-input":{"@type":"PropertyValueSpecification","valueRequired":true,"valueName":"search_term_string"}}],"inLanguage":"de"}]}},"_links":{"self":[{"href":"https:\/\/wheeltyre.com\/de\/wp-json\/wp\/v2\/pages\/1541","targetHints":{"allow":["GET"]}}],"collection":[{"href":"https:\/\/wheeltyre.com\/de\/wp-json\/wp\/v2\/pages"}],"about":[{"href":"https:\/\/wheeltyre.com\/de\/wp-json\/wp\/v2\/types\/page"}],"author":[{"embeddable":true,"href":"https:\/\/wheeltyre.com\/de\/wp-json\/wp\/v2\/users\/1"}],"replies":[{"embeddable":true,"href":"https:\/\/wheeltyre.com\/de\/wp-json\/wp\/v2\/comments?post=1541"}],"version-history":[{"count":6,"href":"https:\/\/wheeltyre.com\/de\/wp-json\/wp\/v2\/pages\/1541\/revisions"}],"predecessor-version":[{"id":2281,"href":"https:\/\/wheeltyre.com\/de\/wp-json\/wp\/v2\/pages\/1541\/revisions\/2281"}],"wp:attachment":[{"href":"https:\/\/wheeltyre.com\/de\/wp-json\/wp\/v2\/media?parent=1541"}],"wp:term":[{"taxonomy":"dipi_cpt_category","embeddable":true,"href":"https:\/\/wheeltyre.com\/de\/wp-json\/wp\/v2\/dipi_cpt_category?post=1541"}],"curies":[{"name":"wp","href":"https:\/\/api.w.org\/{rel}","templated":true}]}}