{"id":1540,"date":"2025-10-08T09:36:51","date_gmt":"2025-10-08T09:36:51","guid":{"rendered":"https:\/\/wheeltyre.com\/disclaimer\/"},"modified":"2026-01-29T13:34:01","modified_gmt":"2026-01-29T13:34:01","slug":"haftungsausschluss","status":"publish","type":"page","link":"https:\/\/wheeltyre.com\/de\/haftungsausschluss\/","title":{"rendered":"Haftungsausschluss"},"content":{"rendered":"<p>[et_pb_section fb_built=&#8220;1&#8243; _builder_version=&#8220;4.27.4&#8243; _module_preset=&#8220;default&#8220; da_disable_devices=&#8220;off|off|off&#8220; global_colors_info=&#8220;{}&#8220; da_is_popup=&#8220;off&#8220; da_exit_intent=&#8220;off&#8220; da_has_close=&#8220;on&#8220; da_alt_close=&#8220;off&#8220; da_dark_close=&#8220;off&#8220; da_not_modal=&#8220;on&#8220; da_is_singular=&#8220;off&#8220; da_with_loader=&#8220;off&#8220; da_has_shadow=&#8220;on&#8220;][et_pb_row _builder_version=&#8220;4.27.4&#8243; _module_preset=&#8220;default&#8220; global_colors_info=&#8220;{}&#8220;][et_pb_column type=&#8220;4_4&#8243; _builder_version=&#8220;4.27.4&#8243; _module_preset=&#8220;default&#8220; global_colors_info=&#8220;{}&#8220;][et_pb_text _builder_version=&#8220;4.27.5&#8243; _module_preset=&#8220;default&#8220; header_5_text_color=&#8220;#08447e&#8220; header_5_font_size=&#8220;30px&#8220; header_6_text_color=&#8220;#08447e&#8220; header_6_font_size=&#8220;20px&#8220; hover_enabled=&#8220;0&#8243; custom_css_free_form=&#8220;a{color:#F9AF15;}&#8220; global_colors_info=&#8220;{}&#8220; sticky_enabled=&#8220;0&#8243;]<\/p>\n<h5>Haftungsausschluss<\/h5>\n<p>Obwohl diese Website mit gr\u00f6\u00dfter Sorgfalt erstellt wurde, k\u00f6nnen WheelTyre B.V. und ihre verbundenen Unternehmen keine Gew\u00e4hr f\u00fcr die Vollst\u00e4ndigkeit, Richtigkeit und Aktualit\u00e4t der bereitgestellten Informationen \u00fcbernehmen. Aus dem Inhalt dieser Website k\u00f6nnen keine Rechte abgeleitet werden.<\/p>\n<p>WheelTyre B.V. \u00fcbernimmt keine Haftung f\u00fcr direkte oder indirekte Sch\u00e4den, die durch die Nutzung der auf dieser Website bereitgestellten Informationen entstehen. Die Nutzung dieser Website und der darin enthaltenen Informationen erfolgt auf eigenes Risiko des Nutzers.<\/p>\n<p>Bilder, Logos, Produktnamen und Markennamen sind und bleiben Eigentum der Hersteller und\/oder Lieferanten. Ihre Verwendung dient ausschlie\u00dflich der Verdeutlichung der Produktbeschreibungen und der angemessenen Information potenzieller K\u00e4ufer.<\/p>\n<p>WheelTyre B.V. beh\u00e4lt sich das Recht vor, den Inhalt dieser Website jederzeit und ohne vorherige Ank\u00fcndigung zu \u00e4ndern. Fehler, Tipp- oder Formatierungsfehler sowie \u00c4nderungen der Spezifikationen bleiben vorbehalten.<\/p>\n<p>[\/et_pb_text][\/et_pb_column][\/et_pb_row][\/et_pb_section]<\/p>\n","protected":false},"excerpt":{"rendered":"<p>Haftungsausschluss Obwohl diese Website mit gr\u00f6\u00dfter Sorgfalt erstellt wurde, k\u00f6nnen WheelTyre B.V. und ihre verbundenen Unternehmen keine Gew\u00e4hr f\u00fcr die Vollst\u00e4ndigkeit, Richtigkeit und Aktualit\u00e4t der bereitgestellten Informationen \u00fcbernehmen. Aus dem Inhalt dieser Website k\u00f6nnen keine Rechte abgeleitet werden. WheelTyre B.V. \u00fcbernimmt keine Haftung f\u00fcr direkte oder indirekte Sch\u00e4den, die durch die Nutzung der auf dieser [&hellip;]<\/p>\n","protected":false},"author":1,"featured_media":0,"parent":0,"menu_order":0,"comment_status":"closed","ping_status":"closed","template":"","meta":{"_et_pb_use_builder":"on","_et_pb_old_content":"","_et_gb_content_width":"","footnotes":""},"dipi_cpt_category":[],"class_list":["post-1540","page","type-page","status-publish","hentry"],"yoast_head":"<!-- This site is optimized with the Yoast SEO plugin v27.1.1 - https:\/\/yoast.com\/product\/yoast-seo-wordpress\/ -->\n<title>Haftungsausschluss - WheelTyre<\/title>\n<meta name=\"robots\" content=\"noindex, follow\" \/>\n<meta property=\"og:locale\" content=\"de_DE\" \/>\n<meta property=\"og:type\" content=\"article\" \/>\n<meta property=\"og:title\" content=\"Haftungsausschluss - WheelTyre\" \/>\n<meta property=\"og:description\" content=\"Haftungsausschluss Obwohl diese Website mit gr\u00f6\u00dfter Sorgfalt erstellt wurde, k\u00f6nnen WheelTyre B.V. und ihre verbundenen Unternehmen keine Gew\u00e4hr f\u00fcr die Vollst\u00e4ndigkeit, Richtigkeit und Aktualit\u00e4t der bereitgestellten Informationen \u00fcbernehmen. Aus dem Inhalt dieser Website k\u00f6nnen keine Rechte abgeleitet werden. WheelTyre B.V. \u00fcbernimmt keine Haftung f\u00fcr direkte oder indirekte Sch\u00e4den, die durch die Nutzung der auf dieser [&hellip;]\" \/>\n<meta property=\"og:url\" content=\"https:\/\/wheeltyre.com\/de\/haftungsausschluss\/\" \/>\n<meta property=\"og:site_name\" content=\"WheelTyre\" \/>\n<meta property=\"article:modified_time\" content=\"2026-01-29T13:34:01+00:00\" \/>\n<meta name=\"twitter:card\" content=\"summary_large_image\" \/>\n<meta name=\"twitter:label1\" content=\"Gesch\u00e4tzte Lesezeit\" \/>\n\t<meta name=\"twitter:data1\" content=\"1\u00a0Minute\" \/>\n<script type=\"application\/ld+json\" class=\"yoast-schema-graph\">{\"@context\":\"https:\/\/schema.org\",\"@graph\":[{\"@type\":\"WebPage\",\"@id\":\"https:\/\/wheeltyre.com\/de\/haftungsausschluss\/\",\"url\":\"https:\/\/wheeltyre.com\/de\/haftungsausschluss\/\",\"name\":\"Haftungsausschluss - WheelTyre\",\"isPartOf\":{\"@id\":\"https:\/\/wheeltyre.com\/de\/#website\"},\"datePublished\":\"2025-10-08T09:36:51+00:00\",\"dateModified\":\"2026-01-29T13:34:01+00:00\",\"breadcrumb\":{\"@id\":\"https:\/\/wheeltyre.com\/de\/haftungsausschluss\/#breadcrumb\"},\"inLanguage\":\"de\",\"potentialAction\":[{\"@type\":\"ReadAction\",\"target\":[\"https:\/\/wheeltyre.com\/de\/haftungsausschluss\/\"]}]},{\"@type\":\"BreadcrumbList\",\"@id\":\"https:\/\/wheeltyre.com\/de\/haftungsausschluss\/#breadcrumb\",\"itemListElement\":[{\"@type\":\"ListItem\",\"position\":1,\"name\":\"Home\",\"item\":\"https:\/\/wheeltyre.com\/de\/\"},{\"@type\":\"ListItem\",\"position\":2,\"name\":\"Haftungsausschluss\"}]},{\"@type\":\"WebSite\",\"@id\":\"https:\/\/wheeltyre.com\/de\/#website\",\"url\":\"https:\/\/wheeltyre.com\/de\/\",\"name\":\"WheelTyre\",\"description\":\"One partner. Full service.\",\"potentialAction\":[{\"@type\":\"SearchAction\",\"target\":{\"@type\":\"EntryPoint\",\"urlTemplate\":\"https:\/\/wheeltyre.com\/de\/?s={search_term_string}\"},\"query-input\":{\"@type\":\"PropertyValueSpecification\",\"valueRequired\":true,\"valueName\":\"search_term_string\"}}],\"inLanguage\":\"de\"}]}<\/script>\n<!-- \/ Yoast SEO plugin. -->","yoast_head_json":{"title":"Haftungsausschluss - WheelTyre","robots":{"index":"noindex","follow":"follow"},"og_locale":"de_DE","og_type":"article","og_title":"Haftungsausschluss - WheelTyre","og_description":"Haftungsausschluss Obwohl diese Website mit gr\u00f6\u00dfter Sorgfalt erstellt wurde, k\u00f6nnen WheelTyre B.V. und ihre verbundenen Unternehmen keine Gew\u00e4hr f\u00fcr die Vollst\u00e4ndigkeit, Richtigkeit und Aktualit\u00e4t der bereitgestellten Informationen \u00fcbernehmen. Aus dem Inhalt dieser Website k\u00f6nnen keine Rechte abgeleitet werden. WheelTyre B.V. \u00fcbernimmt keine Haftung f\u00fcr direkte oder indirekte Sch\u00e4den, die durch die Nutzung der auf dieser [&hellip;]","og_url":"https:\/\/wheeltyre.com\/de\/haftungsausschluss\/","og_site_name":"WheelTyre","article_modified_time":"2026-01-29T13:34:01+00:00","twitter_card":"summary_large_image","twitter_misc":{"Gesch\u00e4tzte Lesezeit":"1\u00a0Minute"},"schema":{"@context":"https:\/\/schema.org","@graph":[{"@type":"WebPage","@id":"https:\/\/wheeltyre.com\/de\/haftungsausschluss\/","url":"https:\/\/wheeltyre.com\/de\/haftungsausschluss\/","name":"Haftungsausschluss - WheelTyre","isPartOf":{"@id":"https:\/\/wheeltyre.com\/de\/#website"},"datePublished":"2025-10-08T09:36:51+00:00","dateModified":"2026-01-29T13:34:01+00:00","breadcrumb":{"@id":"https:\/\/wheeltyre.com\/de\/haftungsausschluss\/#breadcrumb"},"inLanguage":"de","potentialAction":[{"@type":"ReadAction","target":["https:\/\/wheeltyre.com\/de\/haftungsausschluss\/"]}]},{"@type":"BreadcrumbList","@id":"https:\/\/wheeltyre.com\/de\/haftungsausschluss\/#breadcrumb","itemListElement":[{"@type":"ListItem","position":1,"name":"Home","item":"https:\/\/wheeltyre.com\/de\/"},{"@type":"ListItem","position":2,"name":"Haftungsausschluss"}]},{"@type":"WebSite","@id":"https:\/\/wheeltyre.com\/de\/#website","url":"https:\/\/wheeltyre.com\/de\/","name":"WheelTyre","description":"One partner. Full service.","potentialAction":[{"@type":"SearchAction","target":{"@type":"EntryPoint","urlTemplate":"https:\/\/wheeltyre.com\/de\/?s={search_term_string}"},"query-input":{"@type":"PropertyValueSpecification","valueRequired":true,"valueName":"search_term_string"}}],"inLanguage":"de"}]}},"_links":{"self":[{"href":"https:\/\/wheeltyre.com\/de\/wp-json\/wp\/v2\/pages\/1540","targetHints":{"allow":["GET"]}}],"collection":[{"href":"https:\/\/wheeltyre.com\/de\/wp-json\/wp\/v2\/pages"}],"about":[{"href":"https:\/\/wheeltyre.com\/de\/wp-json\/wp\/v2\/types\/page"}],"author":[{"embeddable":true,"href":"https:\/\/wheeltyre.com\/de\/wp-json\/wp\/v2\/users\/1"}],"replies":[{"embeddable":true,"href":"https:\/\/wheeltyre.com\/de\/wp-json\/wp\/v2\/comments?post=1540"}],"version-history":[{"count":4,"href":"https:\/\/wheeltyre.com\/de\/wp-json\/wp\/v2\/pages\/1540\/revisions"}],"predecessor-version":[{"id":1635,"href":"https:\/\/wheeltyre.com\/de\/wp-json\/wp\/v2\/pages\/1540\/revisions\/1635"}],"wp:attachment":[{"href":"https:\/\/wheeltyre.com\/de\/wp-json\/wp\/v2\/media?parent=1540"}],"wp:term":[{"taxonomy":"dipi_cpt_category","embeddable":true,"href":"https:\/\/wheeltyre.com\/de\/wp-json\/wp\/v2\/dipi_cpt_category?post=1540"}],"curies":[{"name":"wp","href":"https:\/\/api.w.org\/{rel}","templated":true}]}}